{"id":85804,"date":"2019-10-22T11:27:53","date_gmt":"2019-10-22T11:27:53","guid":{"rendered":"http:\/\/kunstboer.com\/?post_type=product&#038;p=85804"},"modified":"2025-01-08T14:02:09","modified_gmt":"2025-01-08T14:02:09","slug":"sac-banane-chat-avec-oreilles-unique-et-dejante","status":"publish","type":"product","link":"https:\/\/kunstboer.com\/fr\/produit\/sac-banane-chat-avec-oreilles-unique-et-dejante\/","title":{"rendered":"Sac banane chat avec oreilles, unique et d\u00e9jant\u00e9"},"content":{"rendered":"<div class=\"QcsUad BDJ8fb BLojaf sMVRZe hCXDsb wneUed\">\n<h5 class=\"oBOnKe\"><span style=\"font-size: 16px;\">Conception originale de Kunstboer.<\/span><\/h5>\n<div class=\"usGWQd\">\n<div class=\"KkbLmb\">\n<div class=\"lRu31\" dir=\"ltr\"><span class=\"HwtZe\" lang=\"fr\"><span class=\"jCAhz ChMk0b\"><span class=\"ryNqvb\">Sac banane super mignon avec un imprim\u00e9 net sur le devant et sur le dessus et bien s\u00fbr de jolies oreilles <\/span><\/span><\/span><\/div>\n<div class=\"lRu31\" dir=\"ltr\"><span class=\"HwtZe\" lang=\"fr\"><span class=\"jCAhz ChMk0b\"><span class=\"ryNqvb\">Ceinture extra longue avec fermeture \u00e0 clic. <\/span><\/span><\/span><\/div>\n<div class=\"lRu31\" dir=\"ltr\"><span class=\"HwtZe\" lang=\"fr\"><span class=\"jCAhz ChMk0b\"><span class=\"ryNqvb\">Marron\/beige &#8211; Coton &#8211; 24 x 17 (y compris oreilles) x 6 cm &#8211; fermeture \u00e9clair <\/span><\/span><\/span><\/div>\n<div dir=\"ltr\"><\/div>\n<div class=\"lRu31\" dir=\"ltr\"><span class=\"HwtZe\" lang=\"fr\"><span class=\"jCAhz ChMk0b\"><span class=\"ryNqvb\">Volez la vedette lors de chaque festival ou f\u00eate et simplement en d\u00e9placement<\/span><\/span><\/span><\/div>\n<\/div>\n<\/div>\n<\/div>\n<p>&nbsp;<\/p>\n<p>&nbsp;<\/p>\n<script language='javascript' type='text\/javascript'>function getWR360PopupSkin(){return 'light_clean';}<\/script>","protected":false},"excerpt":{"rendered":"<p>Conception originale de Kunstboer. Sac banane super mignon avec un imprim\u00e9 net sur le devant et sur le dessus et bien s\u00fbr de jolies oreilles Ceinture extra longue avec fermeture \u00e0 clic. Marron\/beige &#8211; Coton &#8211; 24 x 17 (y compris oreilles) x 6 cm &#8211; fermeture \u00e9clair Volez la vedette lors de chaque festival [&hellip;]<\/p>\n","protected":false},"featured_media":85594,"comment_status":"open","ping_status":"closed","template":"","meta":{"_acf_changed":false},"product_brand":[],"product_cat":[695,730],"product_tag":[],"class_list":{"0":"post-85804","1":"product","2":"type-product","3":"status-publish","4":"has-post-thumbnail","6":"product_cat-toilettassen-fr","7":"product_cat-tassen-fr","9":"first","10":"instock","11":"taxable","12":"shipping-taxable","13":"purchasable","14":"product-type-simple"},"composite_virtual":false,"composite_layout":"","composite_add_to_cart_form_location":"","composite_editable_in_cart":false,"composite_sold_individually_context":"","composite_shop_price_calc":"","composite_components":[],"composite_scenarios":[],"bundled_by":[],"bundle_stock_status":"instock","bundle_stock_quantity":89,"bundle_virtual":false,"bundle_layout":"","bundle_add_to_cart_form_location":"","bundle_editable_in_cart":false,"bundle_sold_individually_context":"","bundle_item_grouping":"","bundle_min_size":"","bundle_max_size":"","bundle_price":[],"bundled_items":[],"bundle_sell_ids":[],"acf":[],"yoast_head":"<!-- This site is optimized with the Yoast SEO plugin v26.8 - https:\/\/yoast.com\/product\/yoast-seo-wordpress\/ -->\n<title>Sac banane chat avec oreilles, unique et d\u00e9jant\u00e9<\/title>\n<meta name=\"description\" content=\"Sac banane chat avec oreilles, unique et d\u00e9jant\u00e9\" \/>\n<meta name=\"robots\" content=\"index, follow, max-snippet:-1, max-image-preview:large, max-video-preview:-1\" \/>\n<link rel=\"canonical\" href=\"https:\/\/kunstboer.com\/en\/produit\/waist-bag-cat-with-ears-cute-and-quirky\/\" \/>\n<meta property=\"og:locale\" content=\"fr_FR\" \/>\n<meta property=\"og:type\" content=\"article\" \/>\n<meta property=\"og:title\" content=\"Sac banane chat avec oreilles, unique et d\u00e9jant\u00e9\" \/>\n<meta property=\"og:description\" content=\"Sac banane chat avec oreilles, unique et d\u00e9jant\u00e9\" \/>\n<meta property=\"og:url\" content=\"https:\/\/kunstboer.com\/en\/produit\/waist-bag-cat-with-ears-cute-and-quirky\/\" \/>\n<meta property=\"og:site_name\" content=\"Kunstboer\" \/>\n<meta property=\"article:modified_time\" content=\"2025-01-08T14:02:09+00:00\" \/>\n<meta property=\"og:image\" content=\"http:\/\/kunstboer.com\/wp-content\/uploads\/2019\/10\/cb003g.jpg\" \/>\n\t<meta property=\"og:image:width\" content=\"1000\" \/>\n\t<meta property=\"og:image:height\" content=\"1000\" \/>\n\t<meta property=\"og:image:type\" content=\"image\/jpeg\" \/>\n<meta name=\"twitter:card\" content=\"summary_large_image\" \/>\n<meta name=\"twitter:label1\" content=\"Dur\u00e9e de lecture estim\u00e9e\" \/>\n\t<meta name=\"twitter:data1\" content=\"1 minute\" \/>\n<script type=\"application\/ld+json\" class=\"yoast-schema-graph\">{\"@context\":\"https:\/\/schema.org\",\"@graph\":[{\"@type\":\"WebPage\",\"@id\":\"https:\/\/kunstboer.com\/en\/produit\/waist-bag-cat-with-ears-cute-and-quirky\/\",\"url\":\"https:\/\/kunstboer.com\/en\/produit\/waist-bag-cat-with-ears-cute-and-quirky\/\",\"name\":\"Sac banane chat avec oreilles, unique et d\u00e9jant\u00e9\",\"isPartOf\":{\"@id\":\"https:\/\/kunstboer.com\/#website\"},\"primaryImageOfPage\":{\"@id\":\"https:\/\/kunstboer.com\/en\/produit\/waist-bag-cat-with-ears-cute-and-quirky\/#primaryimage\"},\"image\":{\"@id\":\"https:\/\/kunstboer.com\/en\/produit\/waist-bag-cat-with-ears-cute-and-quirky\/#primaryimage\"},\"thumbnailUrl\":\"https:\/\/kunstboer.com\/wp-content\/uploads\/2019\/10\/cb003g.jpg\",\"datePublished\":\"2019-10-22T11:27:53+00:00\",\"dateModified\":\"2025-01-08T14:02:09+00:00\",\"description\":\"Sac banane chat avec oreilles, unique et d\u00e9jant\u00e9\",\"breadcrumb\":{\"@id\":\"https:\/\/kunstboer.com\/en\/produit\/waist-bag-cat-with-ears-cute-and-quirky\/#breadcrumb\"},\"inLanguage\":\"fr-FR\",\"potentialAction\":[{\"@type\":\"ReadAction\",\"target\":[\"https:\/\/kunstboer.com\/en\/produit\/waist-bag-cat-with-ears-cute-and-quirky\/\"]}]},{\"@type\":\"ImageObject\",\"inLanguage\":\"fr-FR\",\"@id\":\"https:\/\/kunstboer.com\/en\/produit\/waist-bag-cat-with-ears-cute-and-quirky\/#primaryimage\",\"url\":\"https:\/\/kunstboer.com\/wp-content\/uploads\/2019\/10\/cb003g.jpg\",\"contentUrl\":\"https:\/\/kunstboer.com\/wp-content\/uploads\/2019\/10\/cb003g.jpg\",\"width\":1000,\"height\":1000},{\"@type\":\"BreadcrumbList\",\"@id\":\"https:\/\/kunstboer.com\/en\/produit\/waist-bag-cat-with-ears-cute-and-quirky\/#breadcrumb\",\"itemListElement\":[{\"@type\":\"ListItem\",\"position\":1,\"name\":\"Home\",\"item\":\"https:\/\/kunstboer.com\/fr\/\"},{\"@type\":\"ListItem\",\"position\":2,\"name\":\"E-Boutique\",\"item\":\"https:\/\/kunstboer.com\/shop\/\"},{\"@type\":\"ListItem\",\"position\":3,\"name\":\"Sac banane chat avec oreilles, unique et d\u00e9jant\u00e9\"}]},{\"@type\":\"WebSite\",\"@id\":\"https:\/\/kunstboer.com\/#website\",\"url\":\"https:\/\/kunstboer.com\/\",\"name\":\"Kunstboer\",\"description\":\"Kleurrijk en verrassend merk\",\"potentialAction\":[{\"@type\":\"SearchAction\",\"target\":{\"@type\":\"EntryPoint\",\"urlTemplate\":\"https:\/\/kunstboer.com\/?s={search_term_string}\"},\"query-input\":{\"@type\":\"PropertyValueSpecification\",\"valueRequired\":true,\"valueName\":\"search_term_string\"}}],\"inLanguage\":\"fr-FR\"}]}<\/script>\n<!-- \/ Yoast SEO plugin. -->","yoast_head_json":{"title":"Sac banane chat avec oreilles, unique et d\u00e9jant\u00e9","description":"Sac banane chat avec oreilles, unique et d\u00e9jant\u00e9","robots":{"index":"index","follow":"follow","max-snippet":"max-snippet:-1","max-image-preview":"max-image-preview:large","max-video-preview":"max-video-preview:-1"},"canonical":"https:\/\/kunstboer.com\/en\/produit\/waist-bag-cat-with-ears-cute-and-quirky\/","og_locale":"fr_FR","og_type":"article","og_title":"Sac banane chat avec oreilles, unique et d\u00e9jant\u00e9","og_description":"Sac banane chat avec oreilles, unique et d\u00e9jant\u00e9","og_url":"https:\/\/kunstboer.com\/en\/produit\/waist-bag-cat-with-ears-cute-and-quirky\/","og_site_name":"Kunstboer","article_modified_time":"2025-01-08T14:02:09+00:00","og_image":[{"width":1000,"height":1000,"url":"http:\/\/kunstboer.com\/wp-content\/uploads\/2019\/10\/cb003g.jpg","type":"image\/jpeg"}],"twitter_card":"summary_large_image","twitter_misc":{"Dur\u00e9e de lecture estim\u00e9e":"1 minute"},"schema":{"@context":"https:\/\/schema.org","@graph":[{"@type":"WebPage","@id":"https:\/\/kunstboer.com\/en\/produit\/waist-bag-cat-with-ears-cute-and-quirky\/","url":"https:\/\/kunstboer.com\/en\/produit\/waist-bag-cat-with-ears-cute-and-quirky\/","name":"Sac banane chat avec oreilles, unique et d\u00e9jant\u00e9","isPartOf":{"@id":"https:\/\/kunstboer.com\/#website"},"primaryImageOfPage":{"@id":"https:\/\/kunstboer.com\/en\/produit\/waist-bag-cat-with-ears-cute-and-quirky\/#primaryimage"},"image":{"@id":"https:\/\/kunstboer.com\/en\/produit\/waist-bag-cat-with-ears-cute-and-quirky\/#primaryimage"},"thumbnailUrl":"https:\/\/kunstboer.com\/wp-content\/uploads\/2019\/10\/cb003g.jpg","datePublished":"2019-10-22T11:27:53+00:00","dateModified":"2025-01-08T14:02:09+00:00","description":"Sac banane chat avec oreilles, unique et d\u00e9jant\u00e9","breadcrumb":{"@id":"https:\/\/kunstboer.com\/en\/produit\/waist-bag-cat-with-ears-cute-and-quirky\/#breadcrumb"},"inLanguage":"fr-FR","potentialAction":[{"@type":"ReadAction","target":["https:\/\/kunstboer.com\/en\/produit\/waist-bag-cat-with-ears-cute-and-quirky\/"]}]},{"@type":"ImageObject","inLanguage":"fr-FR","@id":"https:\/\/kunstboer.com\/en\/produit\/waist-bag-cat-with-ears-cute-and-quirky\/#primaryimage","url":"https:\/\/kunstboer.com\/wp-content\/uploads\/2019\/10\/cb003g.jpg","contentUrl":"https:\/\/kunstboer.com\/wp-content\/uploads\/2019\/10\/cb003g.jpg","width":1000,"height":1000},{"@type":"BreadcrumbList","@id":"https:\/\/kunstboer.com\/en\/produit\/waist-bag-cat-with-ears-cute-and-quirky\/#breadcrumb","itemListElement":[{"@type":"ListItem","position":1,"name":"Home","item":"https:\/\/kunstboer.com\/fr\/"},{"@type":"ListItem","position":2,"name":"E-Boutique","item":"https:\/\/kunstboer.com\/shop\/"},{"@type":"ListItem","position":3,"name":"Sac banane chat avec oreilles, unique et d\u00e9jant\u00e9"}]},{"@type":"WebSite","@id":"https:\/\/kunstboer.com\/#website","url":"https:\/\/kunstboer.com\/","name":"Kunstboer","description":"Kleurrijk en verrassend merk","potentialAction":[{"@type":"SearchAction","target":{"@type":"EntryPoint","urlTemplate":"https:\/\/kunstboer.com\/?s={search_term_string}"},"query-input":{"@type":"PropertyValueSpecification","valueRequired":true,"valueName":"search_term_string"}}],"inLanguage":"fr-FR"}]}},"_links":{"self":[{"href":"https:\/\/kunstboer.com\/fr\/wp-json\/wp\/v2\/product\/85804","targetHints":{"allow":["GET"]}}],"collection":[{"href":"https:\/\/kunstboer.com\/fr\/wp-json\/wp\/v2\/product"}],"about":[{"href":"https:\/\/kunstboer.com\/fr\/wp-json\/wp\/v2\/types\/product"}],"replies":[{"embeddable":true,"href":"https:\/\/kunstboer.com\/fr\/wp-json\/wp\/v2\/comments?post=85804"}],"wp:featuredmedia":[{"embeddable":true,"href":"https:\/\/kunstboer.com\/fr\/wp-json\/wp\/v2\/media\/85594"}],"wp:attachment":[{"href":"https:\/\/kunstboer.com\/fr\/wp-json\/wp\/v2\/media?parent=85804"}],"wp:term":[{"taxonomy":"product_brand","embeddable":true,"href":"https:\/\/kunstboer.com\/fr\/wp-json\/wp\/v2\/product_brand?post=85804"},{"taxonomy":"product_cat","embeddable":true,"href":"https:\/\/kunstboer.com\/fr\/wp-json\/wp\/v2\/product_cat?post=85804"},{"taxonomy":"product_tag","embeddable":true,"href":"https:\/\/kunstboer.com\/fr\/wp-json\/wp\/v2\/product_tag?post=85804"}],"curies":[{"name":"wp","href":"https:\/\/api.w.org\/{rel}","templated":true}]}}