{"id":83907,"date":"2018-12-14T12:55:01","date_gmt":"2018-12-14T12:55:01","guid":{"rendered":"http:\/\/kunstboer.com\/product\/sweatdress-pugs\/"},"modified":"2024-09-16T21:30:39","modified_gmt":"2024-09-16T21:30:39","slug":"sweatdress-pugs","status":"publish","type":"product","link":"https:\/\/kunstboer.com\/fr\/produit\/sweatdress-pugs\/","title":{"rendered":"Sweatdress Pugs"},"content":{"rendered":"<p>Les robes de Kunstboer sont toujours gaies, exub\u00e9rantes et color\u00e9es. Con\u00e7u avec amour pour faire briller les filles. Pourquoi voudriez-vous avoir l&#8217;air ennuyeux s&#8217;il peut aussi \u00eatre exub\u00e9rant!<\/p>\n<p>95% lourd 220 gr. Coton \u00a0\u00a0\u00a0\u00a05% d&#8217;\u00e9lasthanne pour un meilleur ajustement et une meilleure r\u00e9tention de la couleur<\/p>\n<script language='javascript' type='text\/javascript'>function getWR360PopupSkin(){return 'light_clean';}<\/script>","protected":false},"excerpt":{"rendered":"<p>Les robes de Kunstboer sont toujours gaies, exub\u00e9rantes et color\u00e9es. Con\u00e7u avec amour pour faire briller les filles. Pourquoi voudriez-vous avoir l&#8217;air ennuyeux s&#8217;il peut aussi \u00eatre exub\u00e9rant! 95% lourd 220 gr. Coton \u00a0\u00a0\u00a0\u00a05% d&#8217;\u00e9lasthanne pour un meilleur ajustement et une meilleure r\u00e9tention de la couleur<\/p>\n","protected":false},"featured_media":84947,"comment_status":"open","ping_status":"closed","template":"","meta":{"_acf_changed":false},"product_brand":[],"product_cat":[713,1307],"product_tag":[],"class_list":{"0":"post-83907","1":"product","2":"type-product","3":"status-publish","4":"has-post-thumbnail","6":"product_cat-kleding-fr","7":"product_cat-sale-fr","8":"pa_size-110-116-4-6-ans","9":"pa_size-122-128-6-8-ans","10":"pa_size-134-140-8-10-ans","11":"pa_size-146-152-10-12-ans","12":"pa_size-86-92-1-2-ans","13":"pa_size-98-104-2-4-ans","15":"first","16":"instock","17":"sale","18":"taxable","19":"shipping-taxable","20":"purchasable","21":"product-type-variable"},"composite_virtual":false,"composite_layout":"","composite_add_to_cart_form_location":"","composite_editable_in_cart":false,"composite_sold_individually_context":"","composite_shop_price_calc":"","composite_components":[],"composite_scenarios":[],"bundled_by":[],"bundle_stock_status":"instock","bundle_stock_quantity":null,"bundle_virtual":false,"bundle_layout":"","bundle_add_to_cart_form_location":"","bundle_editable_in_cart":false,"bundle_sold_individually_context":"","bundle_item_grouping":"","bundle_min_size":"","bundle_max_size":"","bundle_price":[],"bundled_items":[],"bundle_sell_ids":[],"acf":[],"yoast_head":"<!-- This site is optimized with the Yoast SEO plugin v26.8 - https:\/\/yoast.com\/product\/yoast-seo-wordpress\/ -->\n<title>Sweatdress Pugs | Kunstboer<\/title>\n<meta name=\"robots\" content=\"index, follow, max-snippet:-1, max-image-preview:large, max-video-preview:-1\" \/>\n<link rel=\"canonical\" href=\"https:\/\/kunstboer.com\/fr\/produit\/sweatdress-pugs\/\" \/>\n<meta property=\"og:locale\" content=\"fr_FR\" \/>\n<meta property=\"og:type\" content=\"article\" \/>\n<meta property=\"og:title\" content=\"Sweatdress Pugs | Kunstboer\" \/>\n<meta property=\"og:description\" content=\"Les robes de Kunstboer sont toujours gaies, exub\u00e9rantes et color\u00e9es. Con\u00e7u avec amour pour faire briller les filles. Pourquoi voudriez-vous avoir l&#8217;air ennuyeux s&#8217;il peut aussi \u00eatre exub\u00e9rant! 95% lourd 220 gr. Coton \u00a0\u00a0\u00a0\u00a05% d&#8217;\u00e9lasthanne pour un meilleur ajustement et une meilleure r\u00e9tention de la couleur\" \/>\n<meta property=\"og:url\" content=\"https:\/\/kunstboer.com\/fr\/produit\/sweatdress-pugs\/\" \/>\n<meta property=\"og:site_name\" content=\"Kunstboer\" \/>\n<meta property=\"article:modified_time\" content=\"2024-09-16T21:30:39+00:00\" \/>\n<meta property=\"og:image\" content=\"http:\/\/kunstboer.com\/wp-content\/uploads\/2018\/12\/LX006c.jpg\" \/>\n\t<meta property=\"og:image:width\" content=\"1000\" \/>\n\t<meta property=\"og:image:height\" content=\"1000\" \/>\n\t<meta property=\"og:image:type\" content=\"image\/jpeg\" \/>\n<meta name=\"twitter:card\" content=\"summary_large_image\" \/>\n<script type=\"application\/ld+json\" class=\"yoast-schema-graph\">{\"@context\":\"https:\/\/schema.org\",\"@graph\":[{\"@type\":\"WebPage\",\"@id\":\"https:\/\/kunstboer.com\/fr\/produit\/sweatdress-pugs\/\",\"url\":\"https:\/\/kunstboer.com\/fr\/produit\/sweatdress-pugs\/\",\"name\":\"Sweatdress Pugs | Kunstboer\",\"isPartOf\":{\"@id\":\"https:\/\/kunstboer.com\/#website\"},\"primaryImageOfPage\":{\"@id\":\"https:\/\/kunstboer.com\/fr\/produit\/sweatdress-pugs\/#primaryimage\"},\"image\":{\"@id\":\"https:\/\/kunstboer.com\/fr\/produit\/sweatdress-pugs\/#primaryimage\"},\"thumbnailUrl\":\"https:\/\/kunstboer.com\/wp-content\/uploads\/2018\/12\/LX006c.jpg\",\"datePublished\":\"2018-12-14T12:55:01+00:00\",\"dateModified\":\"2024-09-16T21:30:39+00:00\",\"breadcrumb\":{\"@id\":\"https:\/\/kunstboer.com\/fr\/produit\/sweatdress-pugs\/#breadcrumb\"},\"inLanguage\":\"fr-FR\",\"potentialAction\":[{\"@type\":\"ReadAction\",\"target\":[\"https:\/\/kunstboer.com\/fr\/produit\/sweatdress-pugs\/\"]}]},{\"@type\":\"ImageObject\",\"inLanguage\":\"fr-FR\",\"@id\":\"https:\/\/kunstboer.com\/fr\/produit\/sweatdress-pugs\/#primaryimage\",\"url\":\"https:\/\/kunstboer.com\/wp-content\/uploads\/2018\/12\/LX006c.jpg\",\"contentUrl\":\"https:\/\/kunstboer.com\/wp-content\/uploads\/2018\/12\/LX006c.jpg\",\"width\":1000,\"height\":1000},{\"@type\":\"BreadcrumbList\",\"@id\":\"https:\/\/kunstboer.com\/fr\/produit\/sweatdress-pugs\/#breadcrumb\",\"itemListElement\":[{\"@type\":\"ListItem\",\"position\":1,\"name\":\"Home\",\"item\":\"https:\/\/kunstboer.com\/fr\/\"},{\"@type\":\"ListItem\",\"position\":2,\"name\":\"E-Boutique\",\"item\":\"https:\/\/kunstboer.com\/shop\/\"},{\"@type\":\"ListItem\",\"position\":3,\"name\":\"Sweatdress Pugs\"}]},{\"@type\":\"WebSite\",\"@id\":\"https:\/\/kunstboer.com\/#website\",\"url\":\"https:\/\/kunstboer.com\/\",\"name\":\"Kunstboer\",\"description\":\"Kleurrijk en verrassend merk\",\"potentialAction\":[{\"@type\":\"SearchAction\",\"target\":{\"@type\":\"EntryPoint\",\"urlTemplate\":\"https:\/\/kunstboer.com\/?s={search_term_string}\"},\"query-input\":{\"@type\":\"PropertyValueSpecification\",\"valueRequired\":true,\"valueName\":\"search_term_string\"}}],\"inLanguage\":\"fr-FR\"}]}<\/script>\n<!-- \/ Yoast SEO plugin. -->","yoast_head_json":{"title":"Sweatdress Pugs | Kunstboer","robots":{"index":"index","follow":"follow","max-snippet":"max-snippet:-1","max-image-preview":"max-image-preview:large","max-video-preview":"max-video-preview:-1"},"canonical":"https:\/\/kunstboer.com\/fr\/produit\/sweatdress-pugs\/","og_locale":"fr_FR","og_type":"article","og_title":"Sweatdress Pugs | Kunstboer","og_description":"Les robes de Kunstboer sont toujours gaies, exub\u00e9rantes et color\u00e9es. Con\u00e7u avec amour pour faire briller les filles. Pourquoi voudriez-vous avoir l&#8217;air ennuyeux s&#8217;il peut aussi \u00eatre exub\u00e9rant! 95% lourd 220 gr. Coton \u00a0\u00a0\u00a0\u00a05% d&#8217;\u00e9lasthanne pour un meilleur ajustement et une meilleure r\u00e9tention de la couleur","og_url":"https:\/\/kunstboer.com\/fr\/produit\/sweatdress-pugs\/","og_site_name":"Kunstboer","article_modified_time":"2024-09-16T21:30:39+00:00","og_image":[{"width":1000,"height":1000,"url":"http:\/\/kunstboer.com\/wp-content\/uploads\/2018\/12\/LX006c.jpg","type":"image\/jpeg"}],"twitter_card":"summary_large_image","schema":{"@context":"https:\/\/schema.org","@graph":[{"@type":"WebPage","@id":"https:\/\/kunstboer.com\/fr\/produit\/sweatdress-pugs\/","url":"https:\/\/kunstboer.com\/fr\/produit\/sweatdress-pugs\/","name":"Sweatdress Pugs | Kunstboer","isPartOf":{"@id":"https:\/\/kunstboer.com\/#website"},"primaryImageOfPage":{"@id":"https:\/\/kunstboer.com\/fr\/produit\/sweatdress-pugs\/#primaryimage"},"image":{"@id":"https:\/\/kunstboer.com\/fr\/produit\/sweatdress-pugs\/#primaryimage"},"thumbnailUrl":"https:\/\/kunstboer.com\/wp-content\/uploads\/2018\/12\/LX006c.jpg","datePublished":"2018-12-14T12:55:01+00:00","dateModified":"2024-09-16T21:30:39+00:00","breadcrumb":{"@id":"https:\/\/kunstboer.com\/fr\/produit\/sweatdress-pugs\/#breadcrumb"},"inLanguage":"fr-FR","potentialAction":[{"@type":"ReadAction","target":["https:\/\/kunstboer.com\/fr\/produit\/sweatdress-pugs\/"]}]},{"@type":"ImageObject","inLanguage":"fr-FR","@id":"https:\/\/kunstboer.com\/fr\/produit\/sweatdress-pugs\/#primaryimage","url":"https:\/\/kunstboer.com\/wp-content\/uploads\/2018\/12\/LX006c.jpg","contentUrl":"https:\/\/kunstboer.com\/wp-content\/uploads\/2018\/12\/LX006c.jpg","width":1000,"height":1000},{"@type":"BreadcrumbList","@id":"https:\/\/kunstboer.com\/fr\/produit\/sweatdress-pugs\/#breadcrumb","itemListElement":[{"@type":"ListItem","position":1,"name":"Home","item":"https:\/\/kunstboer.com\/fr\/"},{"@type":"ListItem","position":2,"name":"E-Boutique","item":"https:\/\/kunstboer.com\/shop\/"},{"@type":"ListItem","position":3,"name":"Sweatdress Pugs"}]},{"@type":"WebSite","@id":"https:\/\/kunstboer.com\/#website","url":"https:\/\/kunstboer.com\/","name":"Kunstboer","description":"Kleurrijk en verrassend merk","potentialAction":[{"@type":"SearchAction","target":{"@type":"EntryPoint","urlTemplate":"https:\/\/kunstboer.com\/?s={search_term_string}"},"query-input":{"@type":"PropertyValueSpecification","valueRequired":true,"valueName":"search_term_string"}}],"inLanguage":"fr-FR"}]}},"_links":{"self":[{"href":"https:\/\/kunstboer.com\/fr\/wp-json\/wp\/v2\/product\/83907","targetHints":{"allow":["GET"]}}],"collection":[{"href":"https:\/\/kunstboer.com\/fr\/wp-json\/wp\/v2\/product"}],"about":[{"href":"https:\/\/kunstboer.com\/fr\/wp-json\/wp\/v2\/types\/product"}],"replies":[{"embeddable":true,"href":"https:\/\/kunstboer.com\/fr\/wp-json\/wp\/v2\/comments?post=83907"}],"wp:featuredmedia":[{"embeddable":true,"href":"https:\/\/kunstboer.com\/fr\/wp-json\/wp\/v2\/media\/84947"}],"wp:attachment":[{"href":"https:\/\/kunstboer.com\/fr\/wp-json\/wp\/v2\/media?parent=83907"}],"wp:term":[{"taxonomy":"product_brand","embeddable":true,"href":"https:\/\/kunstboer.com\/fr\/wp-json\/wp\/v2\/product_brand?post=83907"},{"taxonomy":"product_cat","embeddable":true,"href":"https:\/\/kunstboer.com\/fr\/wp-json\/wp\/v2\/product_cat?post=83907"},{"taxonomy":"product_tag","embeddable":true,"href":"https:\/\/kunstboer.com\/fr\/wp-json\/wp\/v2\/product_tag?post=83907"}],"curies":[{"name":"wp","href":"https:\/\/api.w.org\/{rel}","templated":true}]}}