{"id":76227,"date":"2017-01-26T16:37:40","date_gmt":"2017-01-26T16:37:40","guid":{"rendered":"http:\/\/kunstboer.com\/?post_type=product&#038;p=76227"},"modified":"2024-07-15T15:51:10","modified_gmt":"2024-07-15T15:51:10","slug":"sac-depaule-licornes","status":"publish","type":"product","link":"https:\/\/kunstboer.com\/fr\/produit\/sac-depaule-licornes\/","title":{"rendered":"Sac d&#8217;Epaule Licornes"},"content":{"rendered":"<p><span id=\"result_box\" class=\"\" lang=\"fr\">Commandez en ligne Sac \u00e0 bandouli\u00e8re Unicorns<br \/>\nLe sac \u00e0 bandouli\u00e8re Unicorns est compl\u00e8tement chaud. Voulez-vous rester avec ce sac, commandez aujourd&#8217;hui cette copie en ligne. Avec un imprim\u00e9 color\u00e9 net sur le devant et un mat\u00e9riau solide, ce sac est tr\u00e8s joli pour l\u2019\u00e9cole ou le travail. Convient aux objets de format A4 et peut accueillir un ordinateur portable de taille moyenne. Une tablette s&#8217;inscrit parfaitement dans la poche avant. Le contenu est bien prot\u00e9g\u00e9 gr\u00e2ce \u00e0 une couche de mousse suppl\u00e9mentaire. Bien s\u00fbr aussi un sac super amusant pour sortir pendant une journ\u00e9e. <span class=\"\">Les bretelles sont renforc\u00e9es de nylon, ce qui vous permet d&#8217;apporter beaucoup de choses.<\/span> <span class=\"\">Les avantages suppl\u00e9mentaires du sac sont la plaque de fond renforc\u00e9e et l&#8217;int\u00e9rieur.<\/span> <span class=\"\">Ce dernier est fini avec du nylon lavable de la m\u00eame couleur.<\/span> <span class=\"\">La fermeture \u00e0 glissi\u00e8re a \u00e9galement la m\u00eame couleur que le sac et poss\u00e8de une grande tirette pour une meilleure adh\u00e9rence.<\/span> <span class=\"\">Sur tous les fronts, un sac \u00e0 bandouli\u00e8re tr\u00e8s convivial \u00e0 ne pas manquer dans votre collection tendance.<\/span><\/span><\/p>\n<script language='javascript' type='text\/javascript'>function getWR360PopupSkin(){return 'light_clean';}<\/script>","protected":false},"excerpt":{"rendered":"<p>Commandez en ligne Sac \u00e0 bandouli\u00e8re Unicorns Le sac \u00e0 bandouli\u00e8re Unicorns est compl\u00e8tement chaud. Voulez-vous rester avec ce sac, commandez aujourd&#8217;hui cette copie en ligne. Avec un imprim\u00e9 color\u00e9 net sur le devant et un mat\u00e9riau solide, ce sac est tr\u00e8s joli pour l\u2019\u00e9cole ou le travail. Convient aux objets de format A4 et [&hellip;]<\/p>\n","protected":false},"featured_media":72488,"comment_status":"open","ping_status":"closed","template":"","meta":{"_acf_changed":false},"product_brand":[],"product_cat":[283],"product_tag":[],"class_list":{"0":"post-76227","1":"product","2":"type-product","3":"status-publish","4":"has-post-thumbnail","6":"product_cat-backpacks","8":"first","9":"instock","10":"taxable","11":"shipping-taxable","12":"purchasable","13":"product-type-simple"},"composite_virtual":false,"composite_layout":"","composite_add_to_cart_form_location":"","composite_editable_in_cart":false,"composite_sold_individually_context":"","composite_shop_price_calc":"","composite_components":[],"composite_scenarios":[],"bundled_by":[],"bundle_stock_status":"instock","bundle_stock_quantity":30,"bundle_virtual":false,"bundle_layout":"","bundle_add_to_cart_form_location":"","bundle_editable_in_cart":false,"bundle_sold_individually_context":"","bundle_item_grouping":"","bundle_min_size":"","bundle_max_size":"","bundle_price":[],"bundled_items":[],"bundle_sell_ids":[],"acf":[],"yoast_head":"<!-- This site is optimized with the Yoast SEO plugin v26.8 - https:\/\/yoast.com\/product\/yoast-seo-wordpress\/ -->\n<title>Sac d&#039;Epaule Licornes | Kunstboer<\/title>\n<meta name=\"robots\" content=\"index, follow, max-snippet:-1, max-image-preview:large, max-video-preview:-1\" \/>\n<link rel=\"canonical\" href=\"https:\/\/kunstboer.com\/en\/produit\/shoulderbag-unicorns\/\" \/>\n<meta property=\"og:locale\" content=\"fr_FR\" \/>\n<meta property=\"og:type\" content=\"article\" \/>\n<meta property=\"og:title\" content=\"Sac d&#039;Epaule Licornes | Kunstboer\" \/>\n<meta property=\"og:description\" content=\"Commandez en ligne Sac \u00e0 bandouli\u00e8re Unicorns Le sac \u00e0 bandouli\u00e8re Unicorns est compl\u00e8tement chaud. Voulez-vous rester avec ce sac, commandez aujourd&#8217;hui cette copie en ligne. Avec un imprim\u00e9 color\u00e9 net sur le devant et un mat\u00e9riau solide, ce sac est tr\u00e8s joli pour l\u2019\u00e9cole ou le travail. Convient aux objets de format A4 et [&hellip;]\" \/>\n<meta property=\"og:url\" content=\"https:\/\/kunstboer.com\/en\/produit\/shoulderbag-unicorns\/\" \/>\n<meta property=\"og:site_name\" content=\"Kunstboer\" \/>\n<meta property=\"article:modified_time\" content=\"2024-07-15T15:51:10+00:00\" \/>\n<meta property=\"og:image\" content=\"http:\/\/kunstboer.com\/wp-content\/uploads\/2015\/08\/gb008v.jpg\" \/>\n\t<meta property=\"og:image:width\" content=\"1000\" \/>\n\t<meta property=\"og:image:height\" content=\"1000\" \/>\n\t<meta property=\"og:image:type\" content=\"image\/jpeg\" \/>\n<meta name=\"twitter:card\" content=\"summary_large_image\" \/>\n<meta name=\"twitter:label1\" content=\"Dur\u00e9e de lecture estim\u00e9e\" \/>\n\t<meta name=\"twitter:data1\" content=\"1 minute\" \/>\n<script type=\"application\/ld+json\" class=\"yoast-schema-graph\">{\"@context\":\"https:\/\/schema.org\",\"@graph\":[{\"@type\":\"WebPage\",\"@id\":\"https:\/\/kunstboer.com\/en\/produit\/shoulderbag-unicorns\/\",\"url\":\"https:\/\/kunstboer.com\/en\/produit\/shoulderbag-unicorns\/\",\"name\":\"Sac d'Epaule Licornes | Kunstboer\",\"isPartOf\":{\"@id\":\"https:\/\/kunstboer.com\/#website\"},\"primaryImageOfPage\":{\"@id\":\"https:\/\/kunstboer.com\/en\/produit\/shoulderbag-unicorns\/#primaryimage\"},\"image\":{\"@id\":\"https:\/\/kunstboer.com\/en\/produit\/shoulderbag-unicorns\/#primaryimage\"},\"thumbnailUrl\":\"https:\/\/kunstboer.com\/wp-content\/uploads\/2015\/08\/gb008v.jpg\",\"datePublished\":\"2017-01-26T16:37:40+00:00\",\"dateModified\":\"2024-07-15T15:51:10+00:00\",\"breadcrumb\":{\"@id\":\"https:\/\/kunstboer.com\/en\/produit\/shoulderbag-unicorns\/#breadcrumb\"},\"inLanguage\":\"fr-FR\",\"potentialAction\":[{\"@type\":\"ReadAction\",\"target\":[\"https:\/\/kunstboer.com\/en\/produit\/shoulderbag-unicorns\/\"]}]},{\"@type\":\"ImageObject\",\"inLanguage\":\"fr-FR\",\"@id\":\"https:\/\/kunstboer.com\/en\/produit\/shoulderbag-unicorns\/#primaryimage\",\"url\":\"https:\/\/kunstboer.com\/wp-content\/uploads\/2015\/08\/gb008v.jpg\",\"contentUrl\":\"https:\/\/kunstboer.com\/wp-content\/uploads\/2015\/08\/gb008v.jpg\",\"width\":1000,\"height\":1000},{\"@type\":\"BreadcrumbList\",\"@id\":\"https:\/\/kunstboer.com\/en\/produit\/shoulderbag-unicorns\/#breadcrumb\",\"itemListElement\":[{\"@type\":\"ListItem\",\"position\":1,\"name\":\"Home\",\"item\":\"https:\/\/kunstboer.com\/fr\/\"},{\"@type\":\"ListItem\",\"position\":2,\"name\":\"E-Boutique\",\"item\":\"https:\/\/kunstboer.com\/shop\/\"},{\"@type\":\"ListItem\",\"position\":3,\"name\":\"Sac d&#8217;Epaule Licornes\"}]},{\"@type\":\"WebSite\",\"@id\":\"https:\/\/kunstboer.com\/#website\",\"url\":\"https:\/\/kunstboer.com\/\",\"name\":\"Kunstboer\",\"description\":\"Kleurrijk en verrassend merk\",\"potentialAction\":[{\"@type\":\"SearchAction\",\"target\":{\"@type\":\"EntryPoint\",\"urlTemplate\":\"https:\/\/kunstboer.com\/?s={search_term_string}\"},\"query-input\":{\"@type\":\"PropertyValueSpecification\",\"valueRequired\":true,\"valueName\":\"search_term_string\"}}],\"inLanguage\":\"fr-FR\"}]}<\/script>\n<!-- \/ Yoast SEO plugin. -->","yoast_head_json":{"title":"Sac d'Epaule Licornes | Kunstboer","robots":{"index":"index","follow":"follow","max-snippet":"max-snippet:-1","max-image-preview":"max-image-preview:large","max-video-preview":"max-video-preview:-1"},"canonical":"https:\/\/kunstboer.com\/en\/produit\/shoulderbag-unicorns\/","og_locale":"fr_FR","og_type":"article","og_title":"Sac d'Epaule Licornes | Kunstboer","og_description":"Commandez en ligne Sac \u00e0 bandouli\u00e8re Unicorns Le sac \u00e0 bandouli\u00e8re Unicorns est compl\u00e8tement chaud. Voulez-vous rester avec ce sac, commandez aujourd&#8217;hui cette copie en ligne. Avec un imprim\u00e9 color\u00e9 net sur le devant et un mat\u00e9riau solide, ce sac est tr\u00e8s joli pour l\u2019\u00e9cole ou le travail. Convient aux objets de format A4 et [&hellip;]","og_url":"https:\/\/kunstboer.com\/en\/produit\/shoulderbag-unicorns\/","og_site_name":"Kunstboer","article_modified_time":"2024-07-15T15:51:10+00:00","og_image":[{"width":1000,"height":1000,"url":"http:\/\/kunstboer.com\/wp-content\/uploads\/2015\/08\/gb008v.jpg","type":"image\/jpeg"}],"twitter_card":"summary_large_image","twitter_misc":{"Dur\u00e9e de lecture estim\u00e9e":"1 minute"},"schema":{"@context":"https:\/\/schema.org","@graph":[{"@type":"WebPage","@id":"https:\/\/kunstboer.com\/en\/produit\/shoulderbag-unicorns\/","url":"https:\/\/kunstboer.com\/en\/produit\/shoulderbag-unicorns\/","name":"Sac d'Epaule Licornes | Kunstboer","isPartOf":{"@id":"https:\/\/kunstboer.com\/#website"},"primaryImageOfPage":{"@id":"https:\/\/kunstboer.com\/en\/produit\/shoulderbag-unicorns\/#primaryimage"},"image":{"@id":"https:\/\/kunstboer.com\/en\/produit\/shoulderbag-unicorns\/#primaryimage"},"thumbnailUrl":"https:\/\/kunstboer.com\/wp-content\/uploads\/2015\/08\/gb008v.jpg","datePublished":"2017-01-26T16:37:40+00:00","dateModified":"2024-07-15T15:51:10+00:00","breadcrumb":{"@id":"https:\/\/kunstboer.com\/en\/produit\/shoulderbag-unicorns\/#breadcrumb"},"inLanguage":"fr-FR","potentialAction":[{"@type":"ReadAction","target":["https:\/\/kunstboer.com\/en\/produit\/shoulderbag-unicorns\/"]}]},{"@type":"ImageObject","inLanguage":"fr-FR","@id":"https:\/\/kunstboer.com\/en\/produit\/shoulderbag-unicorns\/#primaryimage","url":"https:\/\/kunstboer.com\/wp-content\/uploads\/2015\/08\/gb008v.jpg","contentUrl":"https:\/\/kunstboer.com\/wp-content\/uploads\/2015\/08\/gb008v.jpg","width":1000,"height":1000},{"@type":"BreadcrumbList","@id":"https:\/\/kunstboer.com\/en\/produit\/shoulderbag-unicorns\/#breadcrumb","itemListElement":[{"@type":"ListItem","position":1,"name":"Home","item":"https:\/\/kunstboer.com\/fr\/"},{"@type":"ListItem","position":2,"name":"E-Boutique","item":"https:\/\/kunstboer.com\/shop\/"},{"@type":"ListItem","position":3,"name":"Sac d&#8217;Epaule Licornes"}]},{"@type":"WebSite","@id":"https:\/\/kunstboer.com\/#website","url":"https:\/\/kunstboer.com\/","name":"Kunstboer","description":"Kleurrijk en verrassend merk","potentialAction":[{"@type":"SearchAction","target":{"@type":"EntryPoint","urlTemplate":"https:\/\/kunstboer.com\/?s={search_term_string}"},"query-input":{"@type":"PropertyValueSpecification","valueRequired":true,"valueName":"search_term_string"}}],"inLanguage":"fr-FR"}]}},"_links":{"self":[{"href":"https:\/\/kunstboer.com\/fr\/wp-json\/wp\/v2\/product\/76227","targetHints":{"allow":["GET"]}}],"collection":[{"href":"https:\/\/kunstboer.com\/fr\/wp-json\/wp\/v2\/product"}],"about":[{"href":"https:\/\/kunstboer.com\/fr\/wp-json\/wp\/v2\/types\/product"}],"replies":[{"embeddable":true,"href":"https:\/\/kunstboer.com\/fr\/wp-json\/wp\/v2\/comments?post=76227"}],"wp:featuredmedia":[{"embeddable":true,"href":"https:\/\/kunstboer.com\/fr\/wp-json\/wp\/v2\/media\/72488"}],"wp:attachment":[{"href":"https:\/\/kunstboer.com\/fr\/wp-json\/wp\/v2\/media?parent=76227"}],"wp:term":[{"taxonomy":"product_brand","embeddable":true,"href":"https:\/\/kunstboer.com\/fr\/wp-json\/wp\/v2\/product_brand?post=76227"},{"taxonomy":"product_cat","embeddable":true,"href":"https:\/\/kunstboer.com\/fr\/wp-json\/wp\/v2\/product_cat?post=76227"},{"taxonomy":"product_tag","embeddable":true,"href":"https:\/\/kunstboer.com\/fr\/wp-json\/wp\/v2\/product_tag?post=76227"}],"curies":[{"name":"wp","href":"https:\/\/api.w.org\/{rel}","templated":true}]}}