{"id":74732,"date":"2015-11-18T14:42:34","date_gmt":"2015-11-18T14:42:34","guid":{"rendered":"http:\/\/kunstboer.com\/product\/sac-carre-unicorn\/"},"modified":"2023-11-09T17:13:22","modified_gmt":"2023-11-09T17:13:22","slug":"sac-carre-unicorn","status":"publish","type":"product","link":"https:\/\/kunstboer.com\/fr\/produit\/sac-carre-unicorn\/","title":{"rendered":"Sac Carr\u00e9 Licorne"},"content":{"rendered":"<p>Dernier coup<br \/>\nIl est presque impossible d&#8217;entrer. Ce nouveau hit de la propre collection de Kunstboer. Depuis un an ou deux s&#8217;ajoutent \u00e0 la gamme et \u00e0 quoi cela correspond-il? Un sac \u00e0 bandouli\u00e8re tr\u00e8s \u00e9l\u00e9gant en vert menthe, avec une belle impression animale. La couleur vert menthe fra\u00eeche est refl\u00e9t\u00e9e sur le dos et les c\u00f4t\u00e9s du sac. Cela rend les paillettes roses tout autour tr\u00e8s belles. Pour les filles qui aiment les chevaux, c&#8217;est le sac \u00e0 bandouli\u00e8re par excellence. Les petits d\u00e9tails, tels que la fleur sur la t\u00eate de cheval et les papillons tournoyants, sont particuli\u00e8rement agr\u00e9ables.<\/p>\n<p>Acheter un sac \u00e0 bandouli\u00e8re<br \/>\nMais non seulement l\u2019apparence est belle, mais la qualit\u00e9 est \u00e9galement travaill\u00e9e. Le sac \u00e0 bandouli\u00e8re est fait de cuir synth\u00e9tique robuste et poss\u00e8de une bandouli\u00e8re dot\u00e9e d&#8217;une fixation suppl\u00e9mentaire ferme sur les c\u00f4t\u00e9s. Les boucles sont en chrome et l&#8217;int\u00e9rieur de ce sac est doubl\u00e9 de nylon. Un extracteur \u00e0 fermeture \u00e9clair robuste, avec un soulagement et une grande adh\u00e9rence, garantit l&#8217;ouverture et la fermeture du sac. Nice est que la couleur de la fermeture \u00e0 glissi\u00e8re est \u00e9galement vert menthe. Le Squarebag Unicorn est un v\u00e9ritable battage m\u00e9diatique chez les jeunes filles branch\u00e9es. Commandez ce sac \u00e0 bandouli\u00e8re en ligne dans cette boutique en ligne, pr\u00e9parez-vous \u00e0 beaucoup de regards jaloux.<br \/>\nDonn\u00e9es de produit et informations g\u00e9n\u00e9rales<\/p>\n<p>Le sac a une fa\u00e7ade multicolore, les autres c\u00f4t\u00e9s sont gris clair. Le mat\u00e9riau est du cuir synth\u00e9tique avec du nylon et le sac a une largeur de 25 centim\u00e8tres et une hauteur de 25 centim\u00e8tres. La profondeur est de 10 centim\u00e8tres. La fermeture \u00e0 glissi\u00e8re est de la m\u00eame couleur que le sac et un petit plus est la petite poche int\u00e9rieure avec fermeture \u00e0 glissi\u00e8re.<\/p>\n<script language='javascript' type='text\/javascript'>function getWR360PopupSkin(){return 'light_clean';}<\/script>","protected":false},"excerpt":{"rendered":"<p>Dernier coup Il est presque impossible d&#8217;entrer. Ce nouveau hit de la propre collection de Kunstboer. Depuis un an ou deux s&#8217;ajoutent \u00e0 la gamme et \u00e0 quoi cela correspond-il? Un sac \u00e0 bandouli\u00e8re tr\u00e8s \u00e9l\u00e9gant en vert menthe, avec une belle impression animale. La couleur vert menthe fra\u00eeche est refl\u00e9t\u00e9e sur le dos et [&hellip;]<\/p>\n","protected":false},"featured_media":72865,"comment_status":"open","ping_status":"closed","template":"","meta":{"_acf_changed":false},"product_brand":[],"product_cat":[283],"product_tag":[],"class_list":{"0":"post-74732","1":"product","2":"type-product","3":"status-publish","4":"has-post-thumbnail","6":"product_cat-backpacks","8":"first","9":"instock","10":"taxable","11":"shipping-taxable","12":"purchasable","13":"product-type-simple"},"composite_virtual":false,"composite_layout":"","composite_add_to_cart_form_location":"","composite_editable_in_cart":false,"composite_sold_individually_context":"","composite_shop_price_calc":"","composite_components":[],"composite_scenarios":[],"bundled_by":[],"bundle_stock_status":"instock","bundle_stock_quantity":30,"bundle_virtual":false,"bundle_layout":"","bundle_add_to_cart_form_location":"","bundle_editable_in_cart":false,"bundle_sold_individually_context":"","bundle_item_grouping":"","bundle_min_size":"","bundle_max_size":"","bundle_price":[],"bundled_items":[],"bundle_sell_ids":[125787],"acf":[],"yoast_head":"<!-- This site is optimized with the Yoast SEO plugin v26.8 - https:\/\/yoast.com\/product\/yoast-seo-wordpress\/ -->\n<title>SQUAREBAG UNICORN | Sac carr\u00e9 avec licorne | Le sac de licorne d&#039;art fermier | Le sac de licorne d&#039;art fermier | sac de licorne |<\/title>\n<meta name=\"description\" content=\"SQUAREBAG UNICORN | Sac carr\u00e9 avec licorne | Le sac de licorne d&#039;art fermier | Le sac de licorne d&#039;art fermier | sac de licorne |\" \/>\n<meta name=\"robots\" content=\"index, follow, max-snippet:-1, max-image-preview:large, max-video-preview:-1\" \/>\n<link rel=\"canonical\" href=\"https:\/\/kunstboer.com\/en\/produit\/squarebag-unicorn\/\" \/>\n<meta property=\"og:locale\" content=\"fr_FR\" \/>\n<meta property=\"og:type\" content=\"article\" \/>\n<meta property=\"og:title\" content=\"SQUAREBAG UNICORN | Sac carr\u00e9 avec licorne | Le sac de licorne d&#039;art fermier | Le sac de licorne d&#039;art fermier | sac de licorne |\" \/>\n<meta property=\"og:description\" content=\"SQUAREBAG UNICORN | Sac carr\u00e9 avec licorne | Le sac de licorne d&#039;art fermier | Le sac de licorne d&#039;art fermier | sac de licorne |\" \/>\n<meta property=\"og:url\" content=\"https:\/\/kunstboer.com\/en\/produit\/squarebag-unicorn\/\" \/>\n<meta property=\"og:site_name\" content=\"Kunstboer\" \/>\n<meta property=\"article:modified_time\" content=\"2023-11-09T17:13:22+00:00\" \/>\n<meta property=\"og:image\" content=\"http:\/\/kunstboer.com\/wp-content\/uploads\/2015\/11\/sb017v.jpg\" \/>\n\t<meta property=\"og:image:width\" content=\"1000\" \/>\n\t<meta property=\"og:image:height\" content=\"1000\" \/>\n\t<meta property=\"og:image:type\" content=\"image\/jpeg\" \/>\n<meta name=\"twitter:card\" content=\"summary_large_image\" \/>\n<meta name=\"twitter:label1\" content=\"Dur\u00e9e de lecture estim\u00e9e\" \/>\n\t<meta name=\"twitter:data1\" content=\"2 minutes\" \/>\n<script type=\"application\/ld+json\" class=\"yoast-schema-graph\">{\"@context\":\"https:\/\/schema.org\",\"@graph\":[{\"@type\":\"WebPage\",\"@id\":\"https:\/\/kunstboer.com\/en\/produit\/squarebag-unicorn\/\",\"url\":\"https:\/\/kunstboer.com\/en\/produit\/squarebag-unicorn\/\",\"name\":\"SQUAREBAG UNICORN | Sac carr\u00e9 avec licorne | Le sac de licorne d'art fermier | Le sac de licorne d'art fermier | sac de licorne |\",\"isPartOf\":{\"@id\":\"https:\/\/kunstboer.com\/#website\"},\"primaryImageOfPage\":{\"@id\":\"https:\/\/kunstboer.com\/en\/produit\/squarebag-unicorn\/#primaryimage\"},\"image\":{\"@id\":\"https:\/\/kunstboer.com\/en\/produit\/squarebag-unicorn\/#primaryimage\"},\"thumbnailUrl\":\"https:\/\/kunstboer.com\/wp-content\/uploads\/2015\/11\/sb017v.jpg\",\"datePublished\":\"2015-11-18T14:42:34+00:00\",\"dateModified\":\"2023-11-09T17:13:22+00:00\",\"description\":\"SQUAREBAG UNICORN | Sac carr\u00e9 avec licorne | Le sac de licorne d'art fermier | Le sac de licorne d'art fermier | sac de licorne |\",\"breadcrumb\":{\"@id\":\"https:\/\/kunstboer.com\/en\/produit\/squarebag-unicorn\/#breadcrumb\"},\"inLanguage\":\"fr-FR\",\"potentialAction\":[{\"@type\":\"ReadAction\",\"target\":[\"https:\/\/kunstboer.com\/en\/produit\/squarebag-unicorn\/\"]}]},{\"@type\":\"ImageObject\",\"inLanguage\":\"fr-FR\",\"@id\":\"https:\/\/kunstboer.com\/en\/produit\/squarebag-unicorn\/#primaryimage\",\"url\":\"https:\/\/kunstboer.com\/wp-content\/uploads\/2015\/11\/sb017v.jpg\",\"contentUrl\":\"https:\/\/kunstboer.com\/wp-content\/uploads\/2015\/11\/sb017v.jpg\",\"width\":1000,\"height\":1000},{\"@type\":\"BreadcrumbList\",\"@id\":\"https:\/\/kunstboer.com\/en\/produit\/squarebag-unicorn\/#breadcrumb\",\"itemListElement\":[{\"@type\":\"ListItem\",\"position\":1,\"name\":\"Home\",\"item\":\"https:\/\/kunstboer.com\/fr\/\"},{\"@type\":\"ListItem\",\"position\":2,\"name\":\"E-Boutique\",\"item\":\"https:\/\/kunstboer.com\/shop\/\"},{\"@type\":\"ListItem\",\"position\":3,\"name\":\"Sac Carr\u00e9 Licorne\"}]},{\"@type\":\"WebSite\",\"@id\":\"https:\/\/kunstboer.com\/#website\",\"url\":\"https:\/\/kunstboer.com\/\",\"name\":\"Kunstboer\",\"description\":\"Kleurrijk en verrassend merk\",\"potentialAction\":[{\"@type\":\"SearchAction\",\"target\":{\"@type\":\"EntryPoint\",\"urlTemplate\":\"https:\/\/kunstboer.com\/?s={search_term_string}\"},\"query-input\":{\"@type\":\"PropertyValueSpecification\",\"valueRequired\":true,\"valueName\":\"search_term_string\"}}],\"inLanguage\":\"fr-FR\"}]}<\/script>\n<!-- \/ Yoast SEO plugin. -->","yoast_head_json":{"title":"SQUAREBAG UNICORN | Sac carr\u00e9 avec licorne | Le sac de licorne d'art fermier | Le sac de licorne d'art fermier | sac de licorne |","description":"SQUAREBAG UNICORN | Sac carr\u00e9 avec licorne | Le sac de licorne d'art fermier | Le sac de licorne d'art fermier | sac de licorne |","robots":{"index":"index","follow":"follow","max-snippet":"max-snippet:-1","max-image-preview":"max-image-preview:large","max-video-preview":"max-video-preview:-1"},"canonical":"https:\/\/kunstboer.com\/en\/produit\/squarebag-unicorn\/","og_locale":"fr_FR","og_type":"article","og_title":"SQUAREBAG UNICORN | Sac carr\u00e9 avec licorne | Le sac de licorne d'art fermier | Le sac de licorne d'art fermier | sac de licorne |","og_description":"SQUAREBAG UNICORN | Sac carr\u00e9 avec licorne | Le sac de licorne d'art fermier | Le sac de licorne d'art fermier | sac de licorne |","og_url":"https:\/\/kunstboer.com\/en\/produit\/squarebag-unicorn\/","og_site_name":"Kunstboer","article_modified_time":"2023-11-09T17:13:22+00:00","og_image":[{"width":1000,"height":1000,"url":"http:\/\/kunstboer.com\/wp-content\/uploads\/2015\/11\/sb017v.jpg","type":"image\/jpeg"}],"twitter_card":"summary_large_image","twitter_misc":{"Dur\u00e9e de lecture estim\u00e9e":"2 minutes"},"schema":{"@context":"https:\/\/schema.org","@graph":[{"@type":"WebPage","@id":"https:\/\/kunstboer.com\/en\/produit\/squarebag-unicorn\/","url":"https:\/\/kunstboer.com\/en\/produit\/squarebag-unicorn\/","name":"SQUAREBAG UNICORN | Sac carr\u00e9 avec licorne | Le sac de licorne d'art fermier | Le sac de licorne d'art fermier | sac de licorne |","isPartOf":{"@id":"https:\/\/kunstboer.com\/#website"},"primaryImageOfPage":{"@id":"https:\/\/kunstboer.com\/en\/produit\/squarebag-unicorn\/#primaryimage"},"image":{"@id":"https:\/\/kunstboer.com\/en\/produit\/squarebag-unicorn\/#primaryimage"},"thumbnailUrl":"https:\/\/kunstboer.com\/wp-content\/uploads\/2015\/11\/sb017v.jpg","datePublished":"2015-11-18T14:42:34+00:00","dateModified":"2023-11-09T17:13:22+00:00","description":"SQUAREBAG UNICORN | Sac carr\u00e9 avec licorne | Le sac de licorne d'art fermier | Le sac de licorne d'art fermier | sac de licorne |","breadcrumb":{"@id":"https:\/\/kunstboer.com\/en\/produit\/squarebag-unicorn\/#breadcrumb"},"inLanguage":"fr-FR","potentialAction":[{"@type":"ReadAction","target":["https:\/\/kunstboer.com\/en\/produit\/squarebag-unicorn\/"]}]},{"@type":"ImageObject","inLanguage":"fr-FR","@id":"https:\/\/kunstboer.com\/en\/produit\/squarebag-unicorn\/#primaryimage","url":"https:\/\/kunstboer.com\/wp-content\/uploads\/2015\/11\/sb017v.jpg","contentUrl":"https:\/\/kunstboer.com\/wp-content\/uploads\/2015\/11\/sb017v.jpg","width":1000,"height":1000},{"@type":"BreadcrumbList","@id":"https:\/\/kunstboer.com\/en\/produit\/squarebag-unicorn\/#breadcrumb","itemListElement":[{"@type":"ListItem","position":1,"name":"Home","item":"https:\/\/kunstboer.com\/fr\/"},{"@type":"ListItem","position":2,"name":"E-Boutique","item":"https:\/\/kunstboer.com\/shop\/"},{"@type":"ListItem","position":3,"name":"Sac Carr\u00e9 Licorne"}]},{"@type":"WebSite","@id":"https:\/\/kunstboer.com\/#website","url":"https:\/\/kunstboer.com\/","name":"Kunstboer","description":"Kleurrijk en verrassend merk","potentialAction":[{"@type":"SearchAction","target":{"@type":"EntryPoint","urlTemplate":"https:\/\/kunstboer.com\/?s={search_term_string}"},"query-input":{"@type":"PropertyValueSpecification","valueRequired":true,"valueName":"search_term_string"}}],"inLanguage":"fr-FR"}]}},"_links":{"self":[{"href":"https:\/\/kunstboer.com\/fr\/wp-json\/wp\/v2\/product\/74732","targetHints":{"allow":["GET"]}}],"collection":[{"href":"https:\/\/kunstboer.com\/fr\/wp-json\/wp\/v2\/product"}],"about":[{"href":"https:\/\/kunstboer.com\/fr\/wp-json\/wp\/v2\/types\/product"}],"replies":[{"embeddable":true,"href":"https:\/\/kunstboer.com\/fr\/wp-json\/wp\/v2\/comments?post=74732"}],"wp:featuredmedia":[{"embeddable":true,"href":"https:\/\/kunstboer.com\/fr\/wp-json\/wp\/v2\/media\/72865"}],"wp:attachment":[{"href":"https:\/\/kunstboer.com\/fr\/wp-json\/wp\/v2\/media?parent=74732"}],"wp:term":[{"taxonomy":"product_brand","embeddable":true,"href":"https:\/\/kunstboer.com\/fr\/wp-json\/wp\/v2\/product_brand?post=74732"},{"taxonomy":"product_cat","embeddable":true,"href":"https:\/\/kunstboer.com\/fr\/wp-json\/wp\/v2\/product_cat?post=74732"},{"taxonomy":"product_tag","embeddable":true,"href":"https:\/\/kunstboer.com\/fr\/wp-json\/wp\/v2\/product_tag?post=74732"}],"curies":[{"name":"wp","href":"https:\/\/api.w.org\/{rel}","templated":true}]}}