{"id":71840,"date":"2017-02-16T14:06:22","date_gmt":"2017-02-16T14:06:22","guid":{"rendered":"http:\/\/kunstboer.com\/product\/carte-postale-jesus\/"},"modified":"2022-08-09T15:27:06","modified_gmt":"2022-08-09T15:27:06","slug":"carte-postale-jesus","status":"publish","type":"product","link":"https:\/\/kunstboer.com\/fr\/produit\/carte-postale-jesus\/","title":{"rendered":"Carte Postale J\u00e9sus 10 pc."},"content":{"rendered":"<p>Les cartes Kunstboer sont bien s\u00fbr des conceptions propres avec presque tous les animaux dans le r\u00f4le principal. Et regardez aussi l\u2019arri\u00e8re, un coin de timbre avec un grand clin d\u2019\u0153il, des lignes d\u2019adresse et suffisamment d\u2019espace pour transmettre une salutation heureuse.<\/p>\n<script language='javascript' type='text\/javascript'>function getWR360PopupSkin(){return 'light_clean';}<\/script>","protected":false},"excerpt":{"rendered":"<p>Les cartes Kunstboer sont bien s\u00fbr des conceptions propres avec presque tous les animaux dans le r\u00f4le principal. Et regardez aussi l\u2019arri\u00e8re, un coin de timbre avec un grand clin d\u2019\u0153il, des lignes d\u2019adresse et suffisamment d\u2019espace pour transmettre une salutation heureuse.<\/p>\n","protected":false},"featured_media":71841,"comment_status":"open","ping_status":"closed","template":"","meta":{"_acf_changed":false},"product_brand":[],"product_cat":[1299,1307],"product_tag":[],"class_list":{"0":"post-71840","1":"product","2":"type-product","3":"status-publish","4":"has-post-thumbnail","6":"product_cat-cartes-postales","7":"product_cat-sale-fr","9":"first","10":"instock","11":"taxable","12":"shipping-taxable","13":"purchasable","14":"product-type-simple"},"composite_virtual":false,"composite_layout":"","composite_add_to_cart_form_location":"","composite_editable_in_cart":false,"composite_sold_individually_context":"","composite_shop_price_calc":"","composite_components":[],"composite_scenarios":[],"bundled_by":[],"bundle_stock_status":"instock","bundle_stock_quantity":2,"bundle_virtual":false,"bundle_layout":"","bundle_add_to_cart_form_location":"","bundle_editable_in_cart":false,"bundle_sold_individually_context":"","bundle_item_grouping":"","bundle_min_size":"","bundle_max_size":"","bundle_price":[],"bundled_items":[],"bundle_sell_ids":[],"acf":[],"yoast_head":"<!-- This site is optimized with the Yoast SEO plugin v26.8 - https:\/\/yoast.com\/product\/yoast-seo-wordpress\/ -->\n<title>Carte j\u00e9sus Carte de j\u00e9sus Kunstboer | Billets Kunstboer | Kunstboer Cartes Postales | Imprimer Kunstboer | Kunstboer Carte |<\/title>\n<meta name=\"description\" content=\"Carte j\u00e9sus Carte de j\u00e9sus Kunstboer | Billets Kunstboer | Kunstboer Cartes Postales | Imprimer Kunstboer\" \/>\n<meta name=\"robots\" content=\"index, follow, max-snippet:-1, max-image-preview:large, max-video-preview:-1\" \/>\n<link rel=\"canonical\" href=\"https:\/\/kunstboer.com\/fr\/produit\/carte-postale-jesus\/\" \/>\n<meta property=\"og:locale\" content=\"fr_FR\" \/>\n<meta property=\"og:type\" content=\"article\" \/>\n<meta property=\"og:title\" content=\"Carte j\u00e9sus Carte de j\u00e9sus Kunstboer | Billets Kunstboer | Kunstboer Cartes Postales | Imprimer Kunstboer | Kunstboer Carte |\" \/>\n<meta property=\"og:description\" content=\"Carte j\u00e9sus Carte de j\u00e9sus Kunstboer | Billets Kunstboer | Kunstboer Cartes Postales | Imprimer Kunstboer\" \/>\n<meta property=\"og:url\" content=\"https:\/\/kunstboer.com\/fr\/produit\/carte-postale-jesus\/\" \/>\n<meta property=\"og:site_name\" content=\"Kunstboer\" \/>\n<meta property=\"article:modified_time\" content=\"2022-08-09T15:27:06+00:00\" \/>\n<meta property=\"og:image\" content=\"http:\/\/kunstboer.com\/wp-content\/uploads\/images\/products\/p-5606-Kaart-Jezus-pc.047.jpg\" \/>\n\t<meta property=\"og:image:width\" content=\"1240\" \/>\n\t<meta property=\"og:image:height\" content=\"1748\" \/>\n\t<meta property=\"og:image:type\" content=\"image\/jpeg\" \/>\n<meta name=\"twitter:card\" content=\"summary_large_image\" \/>\n<meta name=\"twitter:label1\" content=\"Dur\u00e9e de lecture estim\u00e9e\" \/>\n\t<meta name=\"twitter:data1\" content=\"1 minute\" \/>\n<script type=\"application\/ld+json\" class=\"yoast-schema-graph\">{\"@context\":\"https:\/\/schema.org\",\"@graph\":[{\"@type\":\"WebPage\",\"@id\":\"https:\/\/kunstboer.com\/fr\/produit\/carte-postale-jesus\/\",\"url\":\"https:\/\/kunstboer.com\/fr\/produit\/carte-postale-jesus\/\",\"name\":\"Carte j\u00e9sus Carte de j\u00e9sus Kunstboer | Billets Kunstboer | Kunstboer Cartes Postales | Imprimer Kunstboer | Kunstboer Carte |\",\"isPartOf\":{\"@id\":\"https:\/\/kunstboer.com\/#website\"},\"primaryImageOfPage\":{\"@id\":\"https:\/\/kunstboer.com\/fr\/produit\/carte-postale-jesus\/#primaryimage\"},\"image\":{\"@id\":\"https:\/\/kunstboer.com\/fr\/produit\/carte-postale-jesus\/#primaryimage\"},\"thumbnailUrl\":\"https:\/\/kunstboer.com\/wp-content\/uploads\/images\/products\/p-5606-Kaart-Jezus-pc.047.jpg\",\"datePublished\":\"2017-02-16T14:06:22+00:00\",\"dateModified\":\"2022-08-09T15:27:06+00:00\",\"description\":\"Carte j\u00e9sus Carte de j\u00e9sus Kunstboer | Billets Kunstboer | Kunstboer Cartes Postales | Imprimer Kunstboer\",\"breadcrumb\":{\"@id\":\"https:\/\/kunstboer.com\/fr\/produit\/carte-postale-jesus\/#breadcrumb\"},\"inLanguage\":\"fr-FR\",\"potentialAction\":[{\"@type\":\"ReadAction\",\"target\":[\"https:\/\/kunstboer.com\/fr\/produit\/carte-postale-jesus\/\"]}]},{\"@type\":\"ImageObject\",\"inLanguage\":\"fr-FR\",\"@id\":\"https:\/\/kunstboer.com\/fr\/produit\/carte-postale-jesus\/#primaryimage\",\"url\":\"https:\/\/kunstboer.com\/wp-content\/uploads\/images\/products\/p-5606-Kaart-Jezus-pc.047.jpg\",\"contentUrl\":\"https:\/\/kunstboer.com\/wp-content\/uploads\/images\/products\/p-5606-Kaart-Jezus-pc.047.jpg\",\"width\":1240,\"height\":1748,\"caption\":\"carte postale j\u00e9sus\"},{\"@type\":\"BreadcrumbList\",\"@id\":\"https:\/\/kunstboer.com\/fr\/produit\/carte-postale-jesus\/#breadcrumb\",\"itemListElement\":[{\"@type\":\"ListItem\",\"position\":1,\"name\":\"Home\",\"item\":\"https:\/\/kunstboer.com\/fr\/\"},{\"@type\":\"ListItem\",\"position\":2,\"name\":\"E-Boutique\",\"item\":\"https:\/\/kunstboer.com\/shop\/\"},{\"@type\":\"ListItem\",\"position\":3,\"name\":\"Carte Postale J\u00e9sus 10 pc.\"}]},{\"@type\":\"WebSite\",\"@id\":\"https:\/\/kunstboer.com\/#website\",\"url\":\"https:\/\/kunstboer.com\/\",\"name\":\"Kunstboer\",\"description\":\"Kleurrijk en verrassend merk\",\"potentialAction\":[{\"@type\":\"SearchAction\",\"target\":{\"@type\":\"EntryPoint\",\"urlTemplate\":\"https:\/\/kunstboer.com\/?s={search_term_string}\"},\"query-input\":{\"@type\":\"PropertyValueSpecification\",\"valueRequired\":true,\"valueName\":\"search_term_string\"}}],\"inLanguage\":\"fr-FR\"}]}<\/script>\n<!-- \/ Yoast SEO plugin. -->","yoast_head_json":{"title":"Carte j\u00e9sus Carte de j\u00e9sus Kunstboer | Billets Kunstboer | Kunstboer Cartes Postales | Imprimer Kunstboer | Kunstboer Carte |","description":"Carte j\u00e9sus Carte de j\u00e9sus Kunstboer | Billets Kunstboer | Kunstboer Cartes Postales | Imprimer Kunstboer","robots":{"index":"index","follow":"follow","max-snippet":"max-snippet:-1","max-image-preview":"max-image-preview:large","max-video-preview":"max-video-preview:-1"},"canonical":"https:\/\/kunstboer.com\/fr\/produit\/carte-postale-jesus\/","og_locale":"fr_FR","og_type":"article","og_title":"Carte j\u00e9sus Carte de j\u00e9sus Kunstboer | Billets Kunstboer | Kunstboer Cartes Postales | Imprimer Kunstboer | Kunstboer Carte |","og_description":"Carte j\u00e9sus Carte de j\u00e9sus Kunstboer | Billets Kunstboer | Kunstboer Cartes Postales | Imprimer Kunstboer","og_url":"https:\/\/kunstboer.com\/fr\/produit\/carte-postale-jesus\/","og_site_name":"Kunstboer","article_modified_time":"2022-08-09T15:27:06+00:00","og_image":[{"width":1240,"height":1748,"url":"http:\/\/kunstboer.com\/wp-content\/uploads\/images\/products\/p-5606-Kaart-Jezus-pc.047.jpg","type":"image\/jpeg"}],"twitter_card":"summary_large_image","twitter_misc":{"Dur\u00e9e de lecture estim\u00e9e":"1 minute"},"schema":{"@context":"https:\/\/schema.org","@graph":[{"@type":"WebPage","@id":"https:\/\/kunstboer.com\/fr\/produit\/carte-postale-jesus\/","url":"https:\/\/kunstboer.com\/fr\/produit\/carte-postale-jesus\/","name":"Carte j\u00e9sus Carte de j\u00e9sus Kunstboer | Billets Kunstboer | Kunstboer Cartes Postales | Imprimer Kunstboer | Kunstboer Carte |","isPartOf":{"@id":"https:\/\/kunstboer.com\/#website"},"primaryImageOfPage":{"@id":"https:\/\/kunstboer.com\/fr\/produit\/carte-postale-jesus\/#primaryimage"},"image":{"@id":"https:\/\/kunstboer.com\/fr\/produit\/carte-postale-jesus\/#primaryimage"},"thumbnailUrl":"https:\/\/kunstboer.com\/wp-content\/uploads\/images\/products\/p-5606-Kaart-Jezus-pc.047.jpg","datePublished":"2017-02-16T14:06:22+00:00","dateModified":"2022-08-09T15:27:06+00:00","description":"Carte j\u00e9sus Carte de j\u00e9sus Kunstboer | Billets Kunstboer | Kunstboer Cartes Postales | Imprimer Kunstboer","breadcrumb":{"@id":"https:\/\/kunstboer.com\/fr\/produit\/carte-postale-jesus\/#breadcrumb"},"inLanguage":"fr-FR","potentialAction":[{"@type":"ReadAction","target":["https:\/\/kunstboer.com\/fr\/produit\/carte-postale-jesus\/"]}]},{"@type":"ImageObject","inLanguage":"fr-FR","@id":"https:\/\/kunstboer.com\/fr\/produit\/carte-postale-jesus\/#primaryimage","url":"https:\/\/kunstboer.com\/wp-content\/uploads\/images\/products\/p-5606-Kaart-Jezus-pc.047.jpg","contentUrl":"https:\/\/kunstboer.com\/wp-content\/uploads\/images\/products\/p-5606-Kaart-Jezus-pc.047.jpg","width":1240,"height":1748,"caption":"carte postale j\u00e9sus"},{"@type":"BreadcrumbList","@id":"https:\/\/kunstboer.com\/fr\/produit\/carte-postale-jesus\/#breadcrumb","itemListElement":[{"@type":"ListItem","position":1,"name":"Home","item":"https:\/\/kunstboer.com\/fr\/"},{"@type":"ListItem","position":2,"name":"E-Boutique","item":"https:\/\/kunstboer.com\/shop\/"},{"@type":"ListItem","position":3,"name":"Carte Postale J\u00e9sus 10 pc."}]},{"@type":"WebSite","@id":"https:\/\/kunstboer.com\/#website","url":"https:\/\/kunstboer.com\/","name":"Kunstboer","description":"Kleurrijk en verrassend merk","potentialAction":[{"@type":"SearchAction","target":{"@type":"EntryPoint","urlTemplate":"https:\/\/kunstboer.com\/?s={search_term_string}"},"query-input":{"@type":"PropertyValueSpecification","valueRequired":true,"valueName":"search_term_string"}}],"inLanguage":"fr-FR"}]}},"_links":{"self":[{"href":"https:\/\/kunstboer.com\/fr\/wp-json\/wp\/v2\/product\/71840","targetHints":{"allow":["GET"]}}],"collection":[{"href":"https:\/\/kunstboer.com\/fr\/wp-json\/wp\/v2\/product"}],"about":[{"href":"https:\/\/kunstboer.com\/fr\/wp-json\/wp\/v2\/types\/product"}],"replies":[{"embeddable":true,"href":"https:\/\/kunstboer.com\/fr\/wp-json\/wp\/v2\/comments?post=71840"}],"wp:featuredmedia":[{"embeddable":true,"href":"https:\/\/kunstboer.com\/fr\/wp-json\/wp\/v2\/media\/71841"}],"wp:attachment":[{"href":"https:\/\/kunstboer.com\/fr\/wp-json\/wp\/v2\/media?parent=71840"}],"wp:term":[{"taxonomy":"product_brand","embeddable":true,"href":"https:\/\/kunstboer.com\/fr\/wp-json\/wp\/v2\/product_brand?post=71840"},{"taxonomy":"product_cat","embeddable":true,"href":"https:\/\/kunstboer.com\/fr\/wp-json\/wp\/v2\/product_cat?post=71840"},{"taxonomy":"product_tag","embeddable":true,"href":"https:\/\/kunstboer.com\/fr\/wp-json\/wp\/v2\/product_tag?post=71840"}],"curies":[{"name":"wp","href":"https:\/\/api.w.org\/{rel}","templated":true}]}}