{"id":71307,"date":"2017-10-17T15:17:20","date_gmt":"2017-10-17T15:17:20","guid":{"rendered":"http:\/\/kunstboer.com\/product\/medium-etui-wilhelmina\/"},"modified":"2022-04-13T00:05:05","modified_gmt":"2022-04-13T00:05:05","slug":"medium-etui-wilhelmina","status":"publish","type":"product","link":"https:\/\/kunstboer.com\/fr\/produit\/medium-etui-wilhelmina\/","title":{"rendered":"Petit Pochette Wilhelmina"},"content":{"rendered":"<p>Avec la nouvelle marque Marzs, Kunstboer propose une collection incroyablement cool. Disponible en deux tailles diff\u00e9rentes et toutes avec une impression nette sur le devant. Le cas peut \u00eatre utilis\u00e9 \u00e0 plusieurs fins. Par exemple, comme une trousse de maquillage, une trousse de toilette, un dossier de document ou juste pour les petits grondements. Aimez-vous l&#8217;original? Les bo\u00eetiers Marz, avec des designs uniques, sont indispensables. Le prix attractif rend \u00e9galement attrayant l&#8217;achat d&#8217;un nombre d&#8217;exemplaires en stock. Donc, vous avez toujours un beau cadeau pour des moments inattendus. Qualitativement tr\u00e8s forte gr\u00e2ce au mat\u00e9riau de la toile et au devant qui a \u00e9t\u00e9 ajout\u00e9 pour une protection suppl\u00e9mentaire. L&#8217;int\u00e9rieur est en nylon et donc facile \u00e0 nettoyer. Surprenez vous-m\u00eame ou quelqu&#8217;un d\u2019autre et commandez en ligne un \u00e9tui branch\u00e9 Marzs en ligne.<\/p>\n<script language='javascript' type='text\/javascript'>function getWR360PopupSkin(){return 'light_clean';}<\/script>","protected":false},"excerpt":{"rendered":"<p>Avec la nouvelle marque Marzs, Kunstboer propose une collection incroyablement cool. Disponible en deux tailles diff\u00e9rentes et toutes avec une impression nette sur le devant. Le cas peut \u00eatre utilis\u00e9 \u00e0 plusieurs fins. Par exemple, comme une trousse de maquillage, une trousse de toilette, un dossier de document ou juste pour les petits grondements. Aimez-vous [&hellip;]<\/p>\n","protected":false},"featured_media":75641,"comment_status":"open","ping_status":"closed","template":"","meta":{"_acf_changed":false},"product_brand":[],"product_cat":[692,1307],"product_tag":[],"class_list":{"0":"post-71307","1":"product","2":"type-product","3":"status-publish","4":"has-post-thumbnail","6":"product_cat-portemonnees-fr","7":"product_cat-sale-fr","9":"first","10":"instock","11":"sale","12":"taxable","13":"shipping-taxable","14":"purchasable","15":"product-type-simple"},"composite_virtual":false,"composite_layout":"","composite_add_to_cart_form_location":"","composite_editable_in_cart":false,"composite_sold_individually_context":"","composite_shop_price_calc":"","composite_components":[],"composite_scenarios":[],"bundled_by":[],"bundle_stock_status":"instock","bundle_stock_quantity":9,"bundle_virtual":false,"bundle_layout":"","bundle_add_to_cart_form_location":"","bundle_editable_in_cart":false,"bundle_sold_individually_context":"","bundle_item_grouping":"","bundle_min_size":"","bundle_max_size":"","bundle_price":[],"bundled_items":[],"bundle_sell_ids":[],"acf":[],"yoast_head":"<!-- This site is optimized with the Yoast SEO plugin v26.8 - https:\/\/yoast.com\/product\/yoast-seo-wordpress\/ -->\n<title>Medium Etui Wilhelmina<\/title>\n<meta name=\"description\" content=\"Medium Etui Wilhelmina\" \/>\n<meta name=\"robots\" content=\"index, follow, max-snippet:-1, max-image-preview:large, max-video-preview:-1\" \/>\n<link rel=\"canonical\" href=\"https:\/\/kunstboer.com\/product\/medium-etui-wilhelmina\/\" \/>\n<meta property=\"og:locale\" content=\"fr_FR\" \/>\n<meta property=\"og:type\" content=\"article\" \/>\n<meta property=\"og:title\" content=\"Medium Etui Wilhelmina\" \/>\n<meta property=\"og:description\" content=\"Medium Etui Wilhelmina\" \/>\n<meta property=\"og:url\" content=\"https:\/\/kunstboer.com\/product\/medium-etui-wilhelmina\/\" \/>\n<meta property=\"og:site_name\" content=\"Kunstboer\" \/>\n<meta property=\"article:modified_time\" content=\"2022-04-13T00:05:05+00:00\" \/>\n<meta property=\"og:image\" content=\"http:\/\/kunstboer.com\/wp-content\/uploads\/2017\/10\/MB010.jpg\" \/>\n\t<meta property=\"og:image:width\" content=\"600\" \/>\n\t<meta property=\"og:image:height\" content=\"800\" \/>\n\t<meta property=\"og:image:type\" content=\"image\/jpeg\" \/>\n<meta name=\"twitter:card\" content=\"summary_large_image\" \/>\n<meta name=\"twitter:label1\" content=\"Dur\u00e9e de lecture estim\u00e9e\" \/>\n\t<meta name=\"twitter:data1\" content=\"1 minute\" \/>\n<script type=\"application\/ld+json\" class=\"yoast-schema-graph\">{\"@context\":\"https:\/\/schema.org\",\"@graph\":[{\"@type\":\"WebPage\",\"@id\":\"https:\/\/kunstboer.com\/product\/medium-etui-wilhelmina\/\",\"url\":\"https:\/\/kunstboer.com\/product\/medium-etui-wilhelmina\/\",\"name\":\"Medium Etui Wilhelmina\",\"isPartOf\":{\"@id\":\"https:\/\/kunstboer.com\/#website\"},\"primaryImageOfPage\":{\"@id\":\"https:\/\/kunstboer.com\/product\/medium-etui-wilhelmina\/#primaryimage\"},\"image\":{\"@id\":\"https:\/\/kunstboer.com\/product\/medium-etui-wilhelmina\/#primaryimage\"},\"thumbnailUrl\":\"https:\/\/kunstboer.com\/wp-content\/uploads\/2017\/10\/MB010.jpg\",\"datePublished\":\"2017-10-17T15:17:20+00:00\",\"dateModified\":\"2022-04-13T00:05:05+00:00\",\"description\":\"Medium Etui Wilhelmina\",\"breadcrumb\":{\"@id\":\"https:\/\/kunstboer.com\/product\/medium-etui-wilhelmina\/#breadcrumb\"},\"inLanguage\":\"fr-FR\",\"potentialAction\":[{\"@type\":\"ReadAction\",\"target\":[\"https:\/\/kunstboer.com\/product\/medium-etui-wilhelmina\/\"]}]},{\"@type\":\"ImageObject\",\"inLanguage\":\"fr-FR\",\"@id\":\"https:\/\/kunstboer.com\/product\/medium-etui-wilhelmina\/#primaryimage\",\"url\":\"https:\/\/kunstboer.com\/wp-content\/uploads\/2017\/10\/MB010.jpg\",\"contentUrl\":\"https:\/\/kunstboer.com\/wp-content\/uploads\/2017\/10\/MB010.jpg\",\"width\":600,\"height\":800},{\"@type\":\"BreadcrumbList\",\"@id\":\"https:\/\/kunstboer.com\/product\/medium-etui-wilhelmina\/#breadcrumb\",\"itemListElement\":[{\"@type\":\"ListItem\",\"position\":1,\"name\":\"Home\",\"item\":\"https:\/\/kunstboer.com\/fr\/\"},{\"@type\":\"ListItem\",\"position\":2,\"name\":\"E-Boutique\",\"item\":\"https:\/\/kunstboer.com\/shop\/\"},{\"@type\":\"ListItem\",\"position\":3,\"name\":\"Petit Pochette Wilhelmina\"}]},{\"@type\":\"WebSite\",\"@id\":\"https:\/\/kunstboer.com\/#website\",\"url\":\"https:\/\/kunstboer.com\/\",\"name\":\"Kunstboer\",\"description\":\"Kleurrijk en verrassend merk\",\"potentialAction\":[{\"@type\":\"SearchAction\",\"target\":{\"@type\":\"EntryPoint\",\"urlTemplate\":\"https:\/\/kunstboer.com\/?s={search_term_string}\"},\"query-input\":{\"@type\":\"PropertyValueSpecification\",\"valueRequired\":true,\"valueName\":\"search_term_string\"}}],\"inLanguage\":\"fr-FR\"}]}<\/script>\n<!-- \/ Yoast SEO plugin. -->","yoast_head_json":{"title":"Medium Etui Wilhelmina","description":"Medium Etui Wilhelmina","robots":{"index":"index","follow":"follow","max-snippet":"max-snippet:-1","max-image-preview":"max-image-preview:large","max-video-preview":"max-video-preview:-1"},"canonical":"https:\/\/kunstboer.com\/product\/medium-etui-wilhelmina\/","og_locale":"fr_FR","og_type":"article","og_title":"Medium Etui Wilhelmina","og_description":"Medium Etui Wilhelmina","og_url":"https:\/\/kunstboer.com\/product\/medium-etui-wilhelmina\/","og_site_name":"Kunstboer","article_modified_time":"2022-04-13T00:05:05+00:00","og_image":[{"width":600,"height":800,"url":"http:\/\/kunstboer.com\/wp-content\/uploads\/2017\/10\/MB010.jpg","type":"image\/jpeg"}],"twitter_card":"summary_large_image","twitter_misc":{"Dur\u00e9e de lecture estim\u00e9e":"1 minute"},"schema":{"@context":"https:\/\/schema.org","@graph":[{"@type":"WebPage","@id":"https:\/\/kunstboer.com\/product\/medium-etui-wilhelmina\/","url":"https:\/\/kunstboer.com\/product\/medium-etui-wilhelmina\/","name":"Medium Etui Wilhelmina","isPartOf":{"@id":"https:\/\/kunstboer.com\/#website"},"primaryImageOfPage":{"@id":"https:\/\/kunstboer.com\/product\/medium-etui-wilhelmina\/#primaryimage"},"image":{"@id":"https:\/\/kunstboer.com\/product\/medium-etui-wilhelmina\/#primaryimage"},"thumbnailUrl":"https:\/\/kunstboer.com\/wp-content\/uploads\/2017\/10\/MB010.jpg","datePublished":"2017-10-17T15:17:20+00:00","dateModified":"2022-04-13T00:05:05+00:00","description":"Medium Etui Wilhelmina","breadcrumb":{"@id":"https:\/\/kunstboer.com\/product\/medium-etui-wilhelmina\/#breadcrumb"},"inLanguage":"fr-FR","potentialAction":[{"@type":"ReadAction","target":["https:\/\/kunstboer.com\/product\/medium-etui-wilhelmina\/"]}]},{"@type":"ImageObject","inLanguage":"fr-FR","@id":"https:\/\/kunstboer.com\/product\/medium-etui-wilhelmina\/#primaryimage","url":"https:\/\/kunstboer.com\/wp-content\/uploads\/2017\/10\/MB010.jpg","contentUrl":"https:\/\/kunstboer.com\/wp-content\/uploads\/2017\/10\/MB010.jpg","width":600,"height":800},{"@type":"BreadcrumbList","@id":"https:\/\/kunstboer.com\/product\/medium-etui-wilhelmina\/#breadcrumb","itemListElement":[{"@type":"ListItem","position":1,"name":"Home","item":"https:\/\/kunstboer.com\/fr\/"},{"@type":"ListItem","position":2,"name":"E-Boutique","item":"https:\/\/kunstboer.com\/shop\/"},{"@type":"ListItem","position":3,"name":"Petit Pochette Wilhelmina"}]},{"@type":"WebSite","@id":"https:\/\/kunstboer.com\/#website","url":"https:\/\/kunstboer.com\/","name":"Kunstboer","description":"Kleurrijk en verrassend merk","potentialAction":[{"@type":"SearchAction","target":{"@type":"EntryPoint","urlTemplate":"https:\/\/kunstboer.com\/?s={search_term_string}"},"query-input":{"@type":"PropertyValueSpecification","valueRequired":true,"valueName":"search_term_string"}}],"inLanguage":"fr-FR"}]}},"_links":{"self":[{"href":"https:\/\/kunstboer.com\/fr\/wp-json\/wp\/v2\/product\/71307","targetHints":{"allow":["GET"]}}],"collection":[{"href":"https:\/\/kunstboer.com\/fr\/wp-json\/wp\/v2\/product"}],"about":[{"href":"https:\/\/kunstboer.com\/fr\/wp-json\/wp\/v2\/types\/product"}],"replies":[{"embeddable":true,"href":"https:\/\/kunstboer.com\/fr\/wp-json\/wp\/v2\/comments?post=71307"}],"wp:featuredmedia":[{"embeddable":true,"href":"https:\/\/kunstboer.com\/fr\/wp-json\/wp\/v2\/media\/75641"}],"wp:attachment":[{"href":"https:\/\/kunstboer.com\/fr\/wp-json\/wp\/v2\/media?parent=71307"}],"wp:term":[{"taxonomy":"product_brand","embeddable":true,"href":"https:\/\/kunstboer.com\/fr\/wp-json\/wp\/v2\/product_brand?post=71307"},{"taxonomy":"product_cat","embeddable":true,"href":"https:\/\/kunstboer.com\/fr\/wp-json\/wp\/v2\/product_cat?post=71307"},{"taxonomy":"product_tag","embeddable":true,"href":"https:\/\/kunstboer.com\/fr\/wp-json\/wp\/v2\/product_tag?post=71307"}],"curies":[{"name":"wp","href":"https:\/\/api.w.org\/{rel}","templated":true}]}}