{"id":51636,"date":"2018-07-17T12:55:27","date_gmt":"2018-07-17T12:55:27","guid":{"rendered":"http:\/\/kunstboer.com\/product\/robe-baleine\/"},"modified":"2022-04-13T00:06:31","modified_gmt":"2022-04-13T00:06:31","slug":"robe-baleine","status":"publish","type":"product","link":"https:\/\/kunstboer.com\/fr\/produit\/robe-baleine\/","title":{"rendered":"Robe Baleine"},"content":{"rendered":"<p>Les robes de Kunstboer sont toujours gaies, exub\u00e9rantes et color\u00e9es. Con\u00e7u avec amour pour laisser les filles briller. Pourquoi auriez-vous l&#8217;air ennuyeux si cela peut aussi \u00eatre exub\u00e9rant!<\/p>\n<p>Nous travaillons depuis des ann\u00e9es avec la m\u00eame usine et pouvons donc garantir une qualit\u00e9 parfaite.<\/p>\n<p>95% lourd 220 gr. Coton<br \/>\n5% d&#8217;\u00e9lasthanne pour un meilleur ajustement et une meilleure r\u00e9tention de la couleur<br \/>\nimpression nette<br \/>\nlaver des dizaines de fois n&#8217;est pas un probl\u00e8me, l&#8217;impression reste plus qu&#8217;excellente<br \/>\nbien s\u00fbr laver \u00e0 40 gr et chaque impression reste plus belle si vous ne la faites pas s\u00e9cher dans la s\u00e9cheuse<\/p>\n<script language='javascript' type='text\/javascript'>function getWR360PopupSkin(){return 'light_clean';}<\/script>","protected":false},"excerpt":{"rendered":"<p>Les robes de Kunstboer sont toujours gaies, exub\u00e9rantes et color\u00e9es. Con\u00e7u avec amour pour laisser les filles briller. Pourquoi auriez-vous l&#8217;air ennuyeux si cela peut aussi \u00eatre exub\u00e9rant! Nous travaillons depuis des ann\u00e9es avec la m\u00eame usine et pouvons donc garantir une qualit\u00e9 parfaite. 95% lourd 220 gr. Coton 5% d&#8217;\u00e9lasthanne pour un meilleur ajustement [&hellip;]<\/p>\n","protected":false},"featured_media":51637,"comment_status":"open","ping_status":"closed","template":"","meta":{"_acf_changed":false},"product_brand":[],"product_cat":[713,1307],"product_tag":[],"class_list":{"0":"post-51636","1":"product","2":"type-product","3":"status-publish","4":"has-post-thumbnail","6":"product_cat-kleding-fr","7":"product_cat-sale-fr","8":"pa_size-110-116-4-6-ans","9":"pa_size-122-128-6-8-ans","10":"pa_size-134-140-8-10-ans","11":"pa_size-146-152-10-12-ans","12":"pa_size-86-92-1-2-ans","13":"pa_size-98-104-2-4-ans","15":"first","16":"instock","17":"sale","18":"taxable","19":"shipping-taxable","20":"purchasable","21":"product-type-variable"},"composite_virtual":false,"composite_layout":"","composite_add_to_cart_form_location":"","composite_editable_in_cart":false,"composite_sold_individually_context":"","composite_shop_price_calc":"","composite_components":[],"composite_scenarios":[],"bundled_by":[],"bundle_stock_status":"instock","bundle_stock_quantity":null,"bundle_virtual":false,"bundle_layout":"","bundle_add_to_cart_form_location":"","bundle_editable_in_cart":false,"bundle_sold_individually_context":"","bundle_item_grouping":"","bundle_min_size":"","bundle_max_size":"","bundle_price":[],"bundled_items":[],"bundle_sell_ids":[],"acf":[],"yoast_head":"<!-- This site is optimized with the Yoast SEO plugin v26.8 - https:\/\/yoast.com\/product\/yoast-seo-wordpress\/ -->\n<title>Habille la baleine | robe de baleine, baleines habill\u00e9es kunstboer, baleine habill\u00e9e de fermier artificiel<\/title>\n<meta name=\"description\" content=\"Habille la baleine | robe de baleine, baleines habill\u00e9es kunstboer, baleine habill\u00e9e de fermier artificiel\" \/>\n<meta name=\"robots\" content=\"index, follow, max-snippet:-1, max-image-preview:large, max-video-preview:-1\" \/>\n<link rel=\"canonical\" href=\"https:\/\/kunstboer.com\/fr\/produit\/robe-baleine\/\" \/>\n<meta property=\"og:locale\" content=\"fr_FR\" \/>\n<meta property=\"og:type\" content=\"article\" \/>\n<meta property=\"og:title\" content=\"Habille la baleine | robe de baleine, baleines habill\u00e9es kunstboer, baleine habill\u00e9e de fermier artificiel\" \/>\n<meta property=\"og:description\" content=\"Habille la baleine | robe de baleine, baleines habill\u00e9es kunstboer, baleine habill\u00e9e de fermier artificiel\" \/>\n<meta property=\"og:url\" content=\"https:\/\/kunstboer.com\/fr\/produit\/robe-baleine\/\" \/>\n<meta property=\"og:site_name\" content=\"Kunstboer\" \/>\n<meta property=\"article:modified_time\" content=\"2022-04-13T00:06:31+00:00\" \/>\n<meta property=\"og:image\" content=\"http:\/\/kunstboer.com\/wp-content\/uploads\/2018\/07\/Dress-Wales-DD005-776x1024.jpg\" \/>\n\t<meta property=\"og:image:width\" content=\"776\" \/>\n\t<meta property=\"og:image:height\" content=\"1024\" \/>\n\t<meta property=\"og:image:type\" content=\"image\/jpeg\" \/>\n<meta name=\"twitter:card\" content=\"summary_large_image\" \/>\n<meta name=\"twitter:label1\" content=\"Dur\u00e9e de lecture estim\u00e9e\" \/>\n\t<meta name=\"twitter:data1\" content=\"1 minute\" \/>\n<script type=\"application\/ld+json\" class=\"yoast-schema-graph\">{\"@context\":\"https:\/\/schema.org\",\"@graph\":[{\"@type\":\"WebPage\",\"@id\":\"https:\/\/kunstboer.com\/fr\/produit\/robe-baleine\/\",\"url\":\"https:\/\/kunstboer.com\/fr\/produit\/robe-baleine\/\",\"name\":\"Habille la baleine | robe de baleine, baleines habill\u00e9es kunstboer, baleine habill\u00e9e de fermier artificiel\",\"isPartOf\":{\"@id\":\"https:\/\/kunstboer.com\/#website\"},\"primaryImageOfPage\":{\"@id\":\"https:\/\/kunstboer.com\/fr\/produit\/robe-baleine\/#primaryimage\"},\"image\":{\"@id\":\"https:\/\/kunstboer.com\/fr\/produit\/robe-baleine\/#primaryimage\"},\"thumbnailUrl\":\"https:\/\/kunstboer.com\/wp-content\/uploads\/2018\/07\/Dress-Wales-DD005.jpg\",\"datePublished\":\"2018-07-17T12:55:27+00:00\",\"dateModified\":\"2022-04-13T00:06:31+00:00\",\"description\":\"Habille la baleine | robe de baleine, baleines habill\u00e9es kunstboer, baleine habill\u00e9e de fermier artificiel\",\"breadcrumb\":{\"@id\":\"https:\/\/kunstboer.com\/fr\/produit\/robe-baleine\/#breadcrumb\"},\"inLanguage\":\"fr-FR\",\"potentialAction\":[{\"@type\":\"ReadAction\",\"target\":[\"https:\/\/kunstboer.com\/fr\/produit\/robe-baleine\/\"]}]},{\"@type\":\"ImageObject\",\"inLanguage\":\"fr-FR\",\"@id\":\"https:\/\/kunstboer.com\/fr\/produit\/robe-baleine\/#primaryimage\",\"url\":\"https:\/\/kunstboer.com\/wp-content\/uploads\/2018\/07\/Dress-Wales-DD005.jpg\",\"contentUrl\":\"https:\/\/kunstboer.com\/wp-content\/uploads\/2018\/07\/Dress-Wales-DD005.jpg\",\"width\":2431,\"height\":3206},{\"@type\":\"BreadcrumbList\",\"@id\":\"https:\/\/kunstboer.com\/fr\/produit\/robe-baleine\/#breadcrumb\",\"itemListElement\":[{\"@type\":\"ListItem\",\"position\":1,\"name\":\"Home\",\"item\":\"https:\/\/kunstboer.com\/fr\/\"},{\"@type\":\"ListItem\",\"position\":2,\"name\":\"E-Boutique\",\"item\":\"https:\/\/kunstboer.com\/shop\/\"},{\"@type\":\"ListItem\",\"position\":3,\"name\":\"Robe Baleine\"}]},{\"@type\":\"WebSite\",\"@id\":\"https:\/\/kunstboer.com\/#website\",\"url\":\"https:\/\/kunstboer.com\/\",\"name\":\"Kunstboer\",\"description\":\"Kleurrijk en verrassend merk\",\"potentialAction\":[{\"@type\":\"SearchAction\",\"target\":{\"@type\":\"EntryPoint\",\"urlTemplate\":\"https:\/\/kunstboer.com\/?s={search_term_string}\"},\"query-input\":{\"@type\":\"PropertyValueSpecification\",\"valueRequired\":true,\"valueName\":\"search_term_string\"}}],\"inLanguage\":\"fr-FR\"}]}<\/script>\n<!-- \/ Yoast SEO plugin. -->","yoast_head_json":{"title":"Habille la baleine | robe de baleine, baleines habill\u00e9es kunstboer, baleine habill\u00e9e de fermier artificiel","description":"Habille la baleine | robe de baleine, baleines habill\u00e9es kunstboer, baleine habill\u00e9e de fermier artificiel","robots":{"index":"index","follow":"follow","max-snippet":"max-snippet:-1","max-image-preview":"max-image-preview:large","max-video-preview":"max-video-preview:-1"},"canonical":"https:\/\/kunstboer.com\/fr\/produit\/robe-baleine\/","og_locale":"fr_FR","og_type":"article","og_title":"Habille la baleine | robe de baleine, baleines habill\u00e9es kunstboer, baleine habill\u00e9e de fermier artificiel","og_description":"Habille la baleine | robe de baleine, baleines habill\u00e9es kunstboer, baleine habill\u00e9e de fermier artificiel","og_url":"https:\/\/kunstboer.com\/fr\/produit\/robe-baleine\/","og_site_name":"Kunstboer","article_modified_time":"2022-04-13T00:06:31+00:00","og_image":[{"width":776,"height":1024,"url":"http:\/\/kunstboer.com\/wp-content\/uploads\/2018\/07\/Dress-Wales-DD005-776x1024.jpg","type":"image\/jpeg"}],"twitter_card":"summary_large_image","twitter_misc":{"Dur\u00e9e de lecture estim\u00e9e":"1 minute"},"schema":{"@context":"https:\/\/schema.org","@graph":[{"@type":"WebPage","@id":"https:\/\/kunstboer.com\/fr\/produit\/robe-baleine\/","url":"https:\/\/kunstboer.com\/fr\/produit\/robe-baleine\/","name":"Habille la baleine | robe de baleine, baleines habill\u00e9es kunstboer, baleine habill\u00e9e de fermier artificiel","isPartOf":{"@id":"https:\/\/kunstboer.com\/#website"},"primaryImageOfPage":{"@id":"https:\/\/kunstboer.com\/fr\/produit\/robe-baleine\/#primaryimage"},"image":{"@id":"https:\/\/kunstboer.com\/fr\/produit\/robe-baleine\/#primaryimage"},"thumbnailUrl":"https:\/\/kunstboer.com\/wp-content\/uploads\/2018\/07\/Dress-Wales-DD005.jpg","datePublished":"2018-07-17T12:55:27+00:00","dateModified":"2022-04-13T00:06:31+00:00","description":"Habille la baleine | robe de baleine, baleines habill\u00e9es kunstboer, baleine habill\u00e9e de fermier artificiel","breadcrumb":{"@id":"https:\/\/kunstboer.com\/fr\/produit\/robe-baleine\/#breadcrumb"},"inLanguage":"fr-FR","potentialAction":[{"@type":"ReadAction","target":["https:\/\/kunstboer.com\/fr\/produit\/robe-baleine\/"]}]},{"@type":"ImageObject","inLanguage":"fr-FR","@id":"https:\/\/kunstboer.com\/fr\/produit\/robe-baleine\/#primaryimage","url":"https:\/\/kunstboer.com\/wp-content\/uploads\/2018\/07\/Dress-Wales-DD005.jpg","contentUrl":"https:\/\/kunstboer.com\/wp-content\/uploads\/2018\/07\/Dress-Wales-DD005.jpg","width":2431,"height":3206},{"@type":"BreadcrumbList","@id":"https:\/\/kunstboer.com\/fr\/produit\/robe-baleine\/#breadcrumb","itemListElement":[{"@type":"ListItem","position":1,"name":"Home","item":"https:\/\/kunstboer.com\/fr\/"},{"@type":"ListItem","position":2,"name":"E-Boutique","item":"https:\/\/kunstboer.com\/shop\/"},{"@type":"ListItem","position":3,"name":"Robe Baleine"}]},{"@type":"WebSite","@id":"https:\/\/kunstboer.com\/#website","url":"https:\/\/kunstboer.com\/","name":"Kunstboer","description":"Kleurrijk en verrassend merk","potentialAction":[{"@type":"SearchAction","target":{"@type":"EntryPoint","urlTemplate":"https:\/\/kunstboer.com\/?s={search_term_string}"},"query-input":{"@type":"PropertyValueSpecification","valueRequired":true,"valueName":"search_term_string"}}],"inLanguage":"fr-FR"}]}},"_links":{"self":[{"href":"https:\/\/kunstboer.com\/fr\/wp-json\/wp\/v2\/product\/51636","targetHints":{"allow":["GET"]}}],"collection":[{"href":"https:\/\/kunstboer.com\/fr\/wp-json\/wp\/v2\/product"}],"about":[{"href":"https:\/\/kunstboer.com\/fr\/wp-json\/wp\/v2\/types\/product"}],"replies":[{"embeddable":true,"href":"https:\/\/kunstboer.com\/fr\/wp-json\/wp\/v2\/comments?post=51636"}],"wp:featuredmedia":[{"embeddable":true,"href":"https:\/\/kunstboer.com\/fr\/wp-json\/wp\/v2\/media\/51637"}],"wp:attachment":[{"href":"https:\/\/kunstboer.com\/fr\/wp-json\/wp\/v2\/media?parent=51636"}],"wp:term":[{"taxonomy":"product_brand","embeddable":true,"href":"https:\/\/kunstboer.com\/fr\/wp-json\/wp\/v2\/product_brand?post=51636"},{"taxonomy":"product_cat","embeddable":true,"href":"https:\/\/kunstboer.com\/fr\/wp-json\/wp\/v2\/product_cat?post=51636"},{"taxonomy":"product_tag","embeddable":true,"href":"https:\/\/kunstboer.com\/fr\/wp-json\/wp\/v2\/product_tag?post=51636"}],"curies":[{"name":"wp","href":"https:\/\/api.w.org\/{rel}","templated":true}]}}