{"id":51454,"date":"2018-07-17T14:01:00","date_gmt":"2018-07-17T14:01:00","guid":{"rendered":"http:\/\/kunstboer.com\/product\/sacare-sac-licornes\/"},"modified":"2022-08-08T13:15:42","modified_gmt":"2022-08-08T13:15:42","slug":"sacare-sac-licornes","status":"publish","type":"product","link":"https:\/\/kunstboer.com\/fr\/produit\/sacare-sac-licornes\/","title":{"rendered":"Sac Carr\u00e9 Licornes"},"content":{"rendered":"<p>Derni\u00e8re tendance: sac pour enfants Hip<\/p>\n<p>Design Kunstboer: sac pour enfants \u00e0 la mode pour les filles branch\u00e9es<\/p>\n<p>Vous ne pouvez pas manquer cette nouvelle tendance; les Licornes Squarebag pour les filles branch\u00e9es. Voulez-vous bient\u00f4t briller avec ce nouveau sac \u00e0 bandouli\u00e8re dans la cour d&#8217;\u00e9cole? Vous pariez que tout le monde veut savoir o\u00f9 vous avez marqu\u00e9 ce gros sac. Avec son imprim\u00e9 saisissant et ses couleurs gaies, ce sac ne s&#8217;ennuie pas vite. Outre une belle apparence aussi de tr\u00e8s bonne qualit\u00e9. Le sac \u00e0 bandouli\u00e8re est en cuir synth\u00e9tique robuste et la sangle avec laquelle vous portez le sac sur votre \u00e9paule est renforc\u00e9e de nylon. Parce que les sacs pour enfants doivent parfois supporter un peu, la bandouli\u00e8re est solidement fix\u00e9e sur le c\u00f4t\u00e9 du sac. Les d\u00e9tails remarquables sont les boucles chrom\u00e9es et la doublure en nylon assortie \u00e0 l&#8217;int\u00e9rieur. Le sac est de notre propre collection et Kunstboer ne va pas pour le travail \u00e0 moiti\u00e9. Tout rentre vraiment dans ce sac. Le design, mais aussi la facilit\u00e9 d&#8217;utilisation. Rien de plus aga\u00e7ant qu&#8217;une fermeture \u00e0 glissi\u00e8re qui ne va pas bien ou qui est remarquablement rapide. Les Licornes Squarebag ont un joli gros pull \u00e0 glissi\u00e8re. Il est fait de m\u00e9tal, avec du relief et beaucoup d&#8217;adh\u00e9rence. Le sac offre suffisamment d&#8217;espace pour deux bo\u00eetes \u00e0 lunch et une tasse \u00e0 boire. Si elles sont de taille normale, il reste m\u00eame de la place pour les petits objets.<\/p>\n<p>Donn\u00e9es de produit et informations g\u00e9n\u00e9rales<\/p>\n<p>Le sac a une fa\u00e7ade multicolore, les autres c\u00f4t\u00e9s sont gris clair. Le mat\u00e9riau est du cuir synth\u00e9tique avec du nylon et le sac a une largeur de 25 centim\u00e8tres et une hauteur de 25 centim\u00e8tres. La profondeur est de 10 centim\u00e8tres. La fermeture \u00e0 glissi\u00e8re est de la m\u00eame couleur que le sac et un petit extra est la petite poche int\u00e9rieure avec fermeture \u00e0 glissi\u00e8re.<\/p>\n<script language='javascript' type='text\/javascript'>function getWR360PopupSkin(){return 'light_clean';}<\/script>","protected":false},"excerpt":{"rendered":"<p>Derni\u00e8re tendance: sac pour enfants Hip Design Kunstboer: sac pour enfants \u00e0 la mode pour les filles branch\u00e9es Vous ne pouvez pas manquer cette nouvelle tendance; les Licornes Squarebag pour les filles branch\u00e9es. Voulez-vous bient\u00f4t briller avec ce nouveau sac \u00e0 bandouli\u00e8re dans la cour d&#8217;\u00e9cole? Vous pariez que tout le monde veut savoir o\u00f9 [&hellip;]<\/p>\n","protected":false},"featured_media":72923,"comment_status":"open","ping_status":"closed","template":"","meta":{"_acf_changed":false},"product_brand":[],"product_cat":[283],"product_tag":[],"class_list":{"0":"post-51454","1":"product","2":"type-product","3":"status-publish","4":"has-post-thumbnail","6":"product_cat-backpacks","8":"first","9":"instock","10":"taxable","11":"shipping-taxable","12":"purchasable","13":"product-type-simple"},"composite_virtual":false,"composite_layout":"","composite_add_to_cart_form_location":"","composite_editable_in_cart":false,"composite_sold_individually_context":"","composite_shop_price_calc":"","composite_components":[],"composite_scenarios":[],"bundled_by":[],"bundle_stock_status":"instock","bundle_stock_quantity":76,"bundle_virtual":false,"bundle_layout":"","bundle_add_to_cart_form_location":"","bundle_editable_in_cart":false,"bundle_sold_individually_context":"","bundle_item_grouping":"","bundle_min_size":"","bundle_max_size":"","bundle_price":[],"bundled_items":[],"bundle_sell_ids":[],"acf":[],"yoast_head":"<!-- This site is optimized with the Yoast SEO plugin v26.8 - https:\/\/yoast.com\/product\/yoast-seo-wordpress\/ -->\n<title>Sac Carr\u00e9 Licornes | Kunstboer<\/title>\n<meta name=\"robots\" content=\"index, follow, max-snippet:-1, max-image-preview:large, max-video-preview:-1\" \/>\n<link rel=\"canonical\" href=\"https:\/\/kunstboer.com\/en\/produit\/squarebag-unicorn-kopie\/\" \/>\n<meta property=\"og:locale\" content=\"fr_FR\" \/>\n<meta property=\"og:type\" content=\"article\" \/>\n<meta property=\"og:title\" content=\"Sac Carr\u00e9 Licornes | Kunstboer\" \/>\n<meta property=\"og:description\" content=\"Derni\u00e8re tendance: sac pour enfants Hip Design Kunstboer: sac pour enfants \u00e0 la mode pour les filles branch\u00e9es Vous ne pouvez pas manquer cette nouvelle tendance; les Licornes Squarebag pour les filles branch\u00e9es. Voulez-vous bient\u00f4t briller avec ce nouveau sac \u00e0 bandouli\u00e8re dans la cour d&#8217;\u00e9cole? Vous pariez que tout le monde veut savoir o\u00f9 [&hellip;]\" \/>\n<meta property=\"og:url\" content=\"https:\/\/kunstboer.com\/en\/produit\/squarebag-unicorn-kopie\/\" \/>\n<meta property=\"og:site_name\" content=\"Kunstboer\" \/>\n<meta property=\"article:modified_time\" content=\"2022-08-08T13:15:42+00:00\" \/>\n<meta property=\"og:image\" content=\"http:\/\/kunstboer.com\/wp-content\/uploads\/2017\/02\/sb025v.jpg\" \/>\n\t<meta property=\"og:image:width\" content=\"1000\" \/>\n\t<meta property=\"og:image:height\" content=\"1000\" \/>\n\t<meta property=\"og:image:type\" content=\"image\/jpeg\" \/>\n<meta name=\"twitter:card\" content=\"summary_large_image\" \/>\n<meta name=\"twitter:label1\" content=\"Dur\u00e9e de lecture estim\u00e9e\" \/>\n\t<meta name=\"twitter:data1\" content=\"2 minutes\" \/>\n<script type=\"application\/ld+json\" class=\"yoast-schema-graph\">{\"@context\":\"https:\/\/schema.org\",\"@graph\":[{\"@type\":\"WebPage\",\"@id\":\"https:\/\/kunstboer.com\/en\/produit\/squarebag-unicorn-kopie\/\",\"url\":\"https:\/\/kunstboer.com\/en\/produit\/squarebag-unicorn-kopie\/\",\"name\":\"Sac Carr\u00e9 Licornes | Kunstboer\",\"isPartOf\":{\"@id\":\"https:\/\/kunstboer.com\/#website\"},\"primaryImageOfPage\":{\"@id\":\"https:\/\/kunstboer.com\/en\/produit\/squarebag-unicorn-kopie\/#primaryimage\"},\"image\":{\"@id\":\"https:\/\/kunstboer.com\/en\/produit\/squarebag-unicorn-kopie\/#primaryimage\"},\"thumbnailUrl\":\"https:\/\/kunstboer.com\/wp-content\/uploads\/2017\/02\/sb025v.jpg\",\"datePublished\":\"2018-07-17T14:01:00+00:00\",\"dateModified\":\"2022-08-08T13:15:42+00:00\",\"breadcrumb\":{\"@id\":\"https:\/\/kunstboer.com\/en\/produit\/squarebag-unicorn-kopie\/#breadcrumb\"},\"inLanguage\":\"fr-FR\",\"potentialAction\":[{\"@type\":\"ReadAction\",\"target\":[\"https:\/\/kunstboer.com\/en\/produit\/squarebag-unicorn-kopie\/\"]}]},{\"@type\":\"ImageObject\",\"inLanguage\":\"fr-FR\",\"@id\":\"https:\/\/kunstboer.com\/en\/produit\/squarebag-unicorn-kopie\/#primaryimage\",\"url\":\"https:\/\/kunstboer.com\/wp-content\/uploads\/2017\/02\/sb025v.jpg\",\"contentUrl\":\"https:\/\/kunstboer.com\/wp-content\/uploads\/2017\/02\/sb025v.jpg\",\"width\":1000,\"height\":1000},{\"@type\":\"BreadcrumbList\",\"@id\":\"https:\/\/kunstboer.com\/en\/produit\/squarebag-unicorn-kopie\/#breadcrumb\",\"itemListElement\":[{\"@type\":\"ListItem\",\"position\":1,\"name\":\"Home\",\"item\":\"https:\/\/kunstboer.com\/fr\/\"},{\"@type\":\"ListItem\",\"position\":2,\"name\":\"E-Boutique\",\"item\":\"https:\/\/kunstboer.com\/shop\/\"},{\"@type\":\"ListItem\",\"position\":3,\"name\":\"Sac Carr\u00e9 Licornes\"}]},{\"@type\":\"WebSite\",\"@id\":\"https:\/\/kunstboer.com\/#website\",\"url\":\"https:\/\/kunstboer.com\/\",\"name\":\"Kunstboer\",\"description\":\"Kleurrijk en verrassend merk\",\"potentialAction\":[{\"@type\":\"SearchAction\",\"target\":{\"@type\":\"EntryPoint\",\"urlTemplate\":\"https:\/\/kunstboer.com\/?s={search_term_string}\"},\"query-input\":{\"@type\":\"PropertyValueSpecification\",\"valueRequired\":true,\"valueName\":\"search_term_string\"}}],\"inLanguage\":\"fr-FR\"}]}<\/script>\n<!-- \/ Yoast SEO plugin. -->","yoast_head_json":{"title":"Sac Carr\u00e9 Licornes | Kunstboer","robots":{"index":"index","follow":"follow","max-snippet":"max-snippet:-1","max-image-preview":"max-image-preview:large","max-video-preview":"max-video-preview:-1"},"canonical":"https:\/\/kunstboer.com\/en\/produit\/squarebag-unicorn-kopie\/","og_locale":"fr_FR","og_type":"article","og_title":"Sac Carr\u00e9 Licornes | Kunstboer","og_description":"Derni\u00e8re tendance: sac pour enfants Hip Design Kunstboer: sac pour enfants \u00e0 la mode pour les filles branch\u00e9es Vous ne pouvez pas manquer cette nouvelle tendance; les Licornes Squarebag pour les filles branch\u00e9es. Voulez-vous bient\u00f4t briller avec ce nouveau sac \u00e0 bandouli\u00e8re dans la cour d&#8217;\u00e9cole? Vous pariez que tout le monde veut savoir o\u00f9 [&hellip;]","og_url":"https:\/\/kunstboer.com\/en\/produit\/squarebag-unicorn-kopie\/","og_site_name":"Kunstboer","article_modified_time":"2022-08-08T13:15:42+00:00","og_image":[{"width":1000,"height":1000,"url":"http:\/\/kunstboer.com\/wp-content\/uploads\/2017\/02\/sb025v.jpg","type":"image\/jpeg"}],"twitter_card":"summary_large_image","twitter_misc":{"Dur\u00e9e de lecture estim\u00e9e":"2 minutes"},"schema":{"@context":"https:\/\/schema.org","@graph":[{"@type":"WebPage","@id":"https:\/\/kunstboer.com\/en\/produit\/squarebag-unicorn-kopie\/","url":"https:\/\/kunstboer.com\/en\/produit\/squarebag-unicorn-kopie\/","name":"Sac Carr\u00e9 Licornes | Kunstboer","isPartOf":{"@id":"https:\/\/kunstboer.com\/#website"},"primaryImageOfPage":{"@id":"https:\/\/kunstboer.com\/en\/produit\/squarebag-unicorn-kopie\/#primaryimage"},"image":{"@id":"https:\/\/kunstboer.com\/en\/produit\/squarebag-unicorn-kopie\/#primaryimage"},"thumbnailUrl":"https:\/\/kunstboer.com\/wp-content\/uploads\/2017\/02\/sb025v.jpg","datePublished":"2018-07-17T14:01:00+00:00","dateModified":"2022-08-08T13:15:42+00:00","breadcrumb":{"@id":"https:\/\/kunstboer.com\/en\/produit\/squarebag-unicorn-kopie\/#breadcrumb"},"inLanguage":"fr-FR","potentialAction":[{"@type":"ReadAction","target":["https:\/\/kunstboer.com\/en\/produit\/squarebag-unicorn-kopie\/"]}]},{"@type":"ImageObject","inLanguage":"fr-FR","@id":"https:\/\/kunstboer.com\/en\/produit\/squarebag-unicorn-kopie\/#primaryimage","url":"https:\/\/kunstboer.com\/wp-content\/uploads\/2017\/02\/sb025v.jpg","contentUrl":"https:\/\/kunstboer.com\/wp-content\/uploads\/2017\/02\/sb025v.jpg","width":1000,"height":1000},{"@type":"BreadcrumbList","@id":"https:\/\/kunstboer.com\/en\/produit\/squarebag-unicorn-kopie\/#breadcrumb","itemListElement":[{"@type":"ListItem","position":1,"name":"Home","item":"https:\/\/kunstboer.com\/fr\/"},{"@type":"ListItem","position":2,"name":"E-Boutique","item":"https:\/\/kunstboer.com\/shop\/"},{"@type":"ListItem","position":3,"name":"Sac Carr\u00e9 Licornes"}]},{"@type":"WebSite","@id":"https:\/\/kunstboer.com\/#website","url":"https:\/\/kunstboer.com\/","name":"Kunstboer","description":"Kleurrijk en verrassend merk","potentialAction":[{"@type":"SearchAction","target":{"@type":"EntryPoint","urlTemplate":"https:\/\/kunstboer.com\/?s={search_term_string}"},"query-input":{"@type":"PropertyValueSpecification","valueRequired":true,"valueName":"search_term_string"}}],"inLanguage":"fr-FR"}]}},"_links":{"self":[{"href":"https:\/\/kunstboer.com\/fr\/wp-json\/wp\/v2\/product\/51454","targetHints":{"allow":["GET"]}}],"collection":[{"href":"https:\/\/kunstboer.com\/fr\/wp-json\/wp\/v2\/product"}],"about":[{"href":"https:\/\/kunstboer.com\/fr\/wp-json\/wp\/v2\/types\/product"}],"replies":[{"embeddable":true,"href":"https:\/\/kunstboer.com\/fr\/wp-json\/wp\/v2\/comments?post=51454"}],"wp:featuredmedia":[{"embeddable":true,"href":"https:\/\/kunstboer.com\/fr\/wp-json\/wp\/v2\/media\/72923"}],"wp:attachment":[{"href":"https:\/\/kunstboer.com\/fr\/wp-json\/wp\/v2\/media?parent=51454"}],"wp:term":[{"taxonomy":"product_brand","embeddable":true,"href":"https:\/\/kunstboer.com\/fr\/wp-json\/wp\/v2\/product_brand?post=51454"},{"taxonomy":"product_cat","embeddable":true,"href":"https:\/\/kunstboer.com\/fr\/wp-json\/wp\/v2\/product_cat?post=51454"},{"taxonomy":"product_tag","embeddable":true,"href":"https:\/\/kunstboer.com\/fr\/wp-json\/wp\/v2\/product_tag?post=51454"}],"curies":[{"name":"wp","href":"https:\/\/api.w.org\/{rel}","templated":true}]}}