{"id":141244,"date":"2025-08-20T18:54:12","date_gmt":"2025-08-20T18:54:12","guid":{"rendered":"https:\/\/kunstboer.com\/?post_type=product&#038;p=141244"},"modified":"2025-08-20T19:28:30","modified_gmt":"2025-08-20T19:28:30","slug":"trousse-de-toilette-retro-cassette","status":"publish","type":"product","link":"https:\/\/kunstboer.com\/fr\/produit\/trousse-de-toilette-retro-cassette\/","title":{"rendered":"Trousse de Toilette Retro cassette"},"content":{"rendered":"<p>Trousse de toilette pratique en canvas avec un joyeux imprim\u00e9 de Kunstboer. Facile \u00e0 nettoyer et finition en nylon \u00e0 l&#8217;int\u00e9rieur.<\/p>\n<ul>\n<li>23x16x9 cm<\/li>\n<li>Des pare-chocs tout autour<\/li>\n<li>Grande boucle de suspension sur le c\u00f4t\u00e9<\/li>\n<li>Fermeture \u00e9clair de la couleur de la trousse de toilette<\/li>\n<li>Tirette de fermeture \u00e9clair avec profil pour une meilleure adh\u00e9rence<\/li>\n<li>150 grammes<\/li>\n<li>Facile \u00e0 nettoyer, tant \u00e0 l&#8217;ext\u00e9rieur qu&#8217;\u00e0 l&#8217;int\u00e9rieur<\/li>\n<li>Exp\u00e9di\u00e9 rapidement et en toute s\u00e9curit\u00e9 par Kunstboer<\/li>\n<li>Garantie constructeur 1 an<\/li>\n<\/ul>\n<p>Kunstboer propose une vaste collection de sacs, sacs \u00e0 dos, articles de toilette et bien plus encore pour les filles, les gar\u00e7ons et les jeunes adultes branch\u00e9s.<\/p>\n<script language='javascript' type='text\/javascript'>function getWR360PopupSkin(){return 'light_clean';}<\/script>","protected":false},"excerpt":{"rendered":"<p>Trousse de toilette pratique en canvas avec un joyeux imprim\u00e9 de Kunstboer. Facile \u00e0 nettoyer et finition en nylon \u00e0 l&#8217;int\u00e9rieur. 23x16x9 cm Des pare-chocs tout autour Grande boucle de suspension sur le c\u00f4t\u00e9 Fermeture \u00e9clair de la couleur de la trousse de toilette Tirette de fermeture \u00e9clair avec profil pour une meilleure adh\u00e9rence 150 [&hellip;]<\/p>\n","protected":false},"featured_media":141203,"comment_status":"open","ping_status":"closed","template":"","meta":{"_acf_changed":false},"product_brand":[],"product_cat":[695],"product_tag":[],"class_list":{"0":"post-141244","1":"product","2":"type-product","3":"status-publish","4":"has-post-thumbnail","6":"product_cat-toilettassen-fr","8":"first","9":"instock","10":"taxable","11":"shipping-taxable","12":"purchasable","13":"product-type-simple"},"composite_virtual":false,"composite_layout":"","composite_add_to_cart_form_location":"","composite_editable_in_cart":false,"composite_sold_individually_context":"","composite_shop_price_calc":"","composite_components":[],"composite_scenarios":[],"bundled_by":[],"bundle_stock_status":"instock","bundle_stock_quantity":10,"bundle_virtual":false,"bundle_layout":"","bundle_add_to_cart_form_location":"","bundle_editable_in_cart":false,"bundle_sold_individually_context":"","bundle_item_grouping":"","bundle_min_size":"","bundle_max_size":"","bundle_price":[],"bundled_items":[],"bundle_sell_ids":[140961],"acf":[],"yoast_head":"<!-- This site is optimized with the Yoast SEO plugin v26.8 - https:\/\/yoast.com\/product\/yoast-seo-wordpress\/ -->\n<title>Trousse de Toilette Chats se r\u00e9galant<\/title>\n<meta name=\"description\" content=\"Trousse de Toilette Chats se r\u00e9galant\" \/>\n<meta name=\"robots\" content=\"index, follow, max-snippet:-1, max-image-preview:large, max-video-preview:-1\" \/>\n<link rel=\"canonical\" href=\"https:\/\/kunstboer.com\/fr\/produit\/trousse-de-toilette-retro-cassette\/\" \/>\n<meta property=\"og:locale\" content=\"fr_FR\" \/>\n<meta property=\"og:type\" content=\"article\" \/>\n<meta property=\"og:title\" content=\"Trousse de Toilette Chats se r\u00e9galant\" \/>\n<meta property=\"og:description\" content=\"Trousse de Toilette Chats se r\u00e9galant\" \/>\n<meta property=\"og:url\" content=\"https:\/\/kunstboer.com\/fr\/produit\/trousse-de-toilette-retro-cassette\/\" \/>\n<meta property=\"og:site_name\" content=\"Kunstboer\" \/>\n<meta property=\"article:modified_time\" content=\"2025-08-20T19:28:30+00:00\" \/>\n<meta property=\"og:image\" content=\"http:\/\/kunstboer.com\/wp-content\/uploads\/2025\/08\/toilet-cassette-2-scaled.jpg\" \/>\n\t<meta property=\"og:image:width\" content=\"2560\" \/>\n\t<meta property=\"og:image:height\" content=\"2560\" \/>\n\t<meta property=\"og:image:type\" content=\"image\/jpeg\" \/>\n<meta name=\"twitter:card\" content=\"summary_large_image\" \/>\n<meta name=\"twitter:label1\" content=\"Dur\u00e9e de lecture estim\u00e9e\" \/>\n\t<meta name=\"twitter:data1\" content=\"1 minute\" \/>\n<script type=\"application\/ld+json\" class=\"yoast-schema-graph\">{\"@context\":\"https:\/\/schema.org\",\"@graph\":[{\"@type\":\"WebPage\",\"@id\":\"https:\/\/kunstboer.com\/fr\/produit\/trousse-de-toilette-retro-cassette\/\",\"url\":\"https:\/\/kunstboer.com\/fr\/produit\/trousse-de-toilette-retro-cassette\/\",\"name\":\"Trousse de Toilette Chats se r\u00e9galant\",\"isPartOf\":{\"@id\":\"https:\/\/kunstboer.com\/#website\"},\"primaryImageOfPage\":{\"@id\":\"https:\/\/kunstboer.com\/fr\/produit\/trousse-de-toilette-retro-cassette\/#primaryimage\"},\"image\":{\"@id\":\"https:\/\/kunstboer.com\/fr\/produit\/trousse-de-toilette-retro-cassette\/#primaryimage\"},\"thumbnailUrl\":\"https:\/\/kunstboer.com\/wp-content\/uploads\/2025\/08\/toilet-cassette-2-scaled.jpg\",\"datePublished\":\"2025-08-20T18:54:12+00:00\",\"dateModified\":\"2025-08-20T19:28:30+00:00\",\"description\":\"Trousse de Toilette Chats se r\u00e9galant\",\"breadcrumb\":{\"@id\":\"https:\/\/kunstboer.com\/fr\/produit\/trousse-de-toilette-retro-cassette\/#breadcrumb\"},\"inLanguage\":\"fr-FR\",\"potentialAction\":[{\"@type\":\"ReadAction\",\"target\":[\"https:\/\/kunstboer.com\/fr\/produit\/trousse-de-toilette-retro-cassette\/\"]}]},{\"@type\":\"ImageObject\",\"inLanguage\":\"fr-FR\",\"@id\":\"https:\/\/kunstboer.com\/fr\/produit\/trousse-de-toilette-retro-cassette\/#primaryimage\",\"url\":\"https:\/\/kunstboer.com\/wp-content\/uploads\/2025\/08\/toilet-cassette-2-scaled.jpg\",\"contentUrl\":\"https:\/\/kunstboer.com\/wp-content\/uploads\/2025\/08\/toilet-cassette-2-scaled.jpg\",\"width\":2560,\"height\":2560},{\"@type\":\"BreadcrumbList\",\"@id\":\"https:\/\/kunstboer.com\/fr\/produit\/trousse-de-toilette-retro-cassette\/#breadcrumb\",\"itemListElement\":[{\"@type\":\"ListItem\",\"position\":1,\"name\":\"Home\",\"item\":\"https:\/\/kunstboer.com\/fr\/\"},{\"@type\":\"ListItem\",\"position\":2,\"name\":\"E-Boutique\",\"item\":\"https:\/\/kunstboer.com\/shop\/\"},{\"@type\":\"ListItem\",\"position\":3,\"name\":\"Trousse de Toilette Retro cassette\"}]},{\"@type\":\"WebSite\",\"@id\":\"https:\/\/kunstboer.com\/#website\",\"url\":\"https:\/\/kunstboer.com\/\",\"name\":\"Kunstboer\",\"description\":\"Kleurrijk en verrassend merk\",\"potentialAction\":[{\"@type\":\"SearchAction\",\"target\":{\"@type\":\"EntryPoint\",\"urlTemplate\":\"https:\/\/kunstboer.com\/?s={search_term_string}\"},\"query-input\":{\"@type\":\"PropertyValueSpecification\",\"valueRequired\":true,\"valueName\":\"search_term_string\"}}],\"inLanguage\":\"fr-FR\"}]}<\/script>\n<!-- \/ Yoast SEO plugin. -->","yoast_head_json":{"title":"Trousse de Toilette Chats se r\u00e9galant","description":"Trousse de Toilette Chats se r\u00e9galant","robots":{"index":"index","follow":"follow","max-snippet":"max-snippet:-1","max-image-preview":"max-image-preview:large","max-video-preview":"max-video-preview:-1"},"canonical":"https:\/\/kunstboer.com\/fr\/produit\/trousse-de-toilette-retro-cassette\/","og_locale":"fr_FR","og_type":"article","og_title":"Trousse de Toilette Chats se r\u00e9galant","og_description":"Trousse de Toilette Chats se r\u00e9galant","og_url":"https:\/\/kunstboer.com\/fr\/produit\/trousse-de-toilette-retro-cassette\/","og_site_name":"Kunstboer","article_modified_time":"2025-08-20T19:28:30+00:00","og_image":[{"width":2560,"height":2560,"url":"http:\/\/kunstboer.com\/wp-content\/uploads\/2025\/08\/toilet-cassette-2-scaled.jpg","type":"image\/jpeg"}],"twitter_card":"summary_large_image","twitter_misc":{"Dur\u00e9e de lecture estim\u00e9e":"1 minute"},"schema":{"@context":"https:\/\/schema.org","@graph":[{"@type":"WebPage","@id":"https:\/\/kunstboer.com\/fr\/produit\/trousse-de-toilette-retro-cassette\/","url":"https:\/\/kunstboer.com\/fr\/produit\/trousse-de-toilette-retro-cassette\/","name":"Trousse de Toilette Chats se r\u00e9galant","isPartOf":{"@id":"https:\/\/kunstboer.com\/#website"},"primaryImageOfPage":{"@id":"https:\/\/kunstboer.com\/fr\/produit\/trousse-de-toilette-retro-cassette\/#primaryimage"},"image":{"@id":"https:\/\/kunstboer.com\/fr\/produit\/trousse-de-toilette-retro-cassette\/#primaryimage"},"thumbnailUrl":"https:\/\/kunstboer.com\/wp-content\/uploads\/2025\/08\/toilet-cassette-2-scaled.jpg","datePublished":"2025-08-20T18:54:12+00:00","dateModified":"2025-08-20T19:28:30+00:00","description":"Trousse de Toilette Chats se r\u00e9galant","breadcrumb":{"@id":"https:\/\/kunstboer.com\/fr\/produit\/trousse-de-toilette-retro-cassette\/#breadcrumb"},"inLanguage":"fr-FR","potentialAction":[{"@type":"ReadAction","target":["https:\/\/kunstboer.com\/fr\/produit\/trousse-de-toilette-retro-cassette\/"]}]},{"@type":"ImageObject","inLanguage":"fr-FR","@id":"https:\/\/kunstboer.com\/fr\/produit\/trousse-de-toilette-retro-cassette\/#primaryimage","url":"https:\/\/kunstboer.com\/wp-content\/uploads\/2025\/08\/toilet-cassette-2-scaled.jpg","contentUrl":"https:\/\/kunstboer.com\/wp-content\/uploads\/2025\/08\/toilet-cassette-2-scaled.jpg","width":2560,"height":2560},{"@type":"BreadcrumbList","@id":"https:\/\/kunstboer.com\/fr\/produit\/trousse-de-toilette-retro-cassette\/#breadcrumb","itemListElement":[{"@type":"ListItem","position":1,"name":"Home","item":"https:\/\/kunstboer.com\/fr\/"},{"@type":"ListItem","position":2,"name":"E-Boutique","item":"https:\/\/kunstboer.com\/shop\/"},{"@type":"ListItem","position":3,"name":"Trousse de Toilette Retro cassette"}]},{"@type":"WebSite","@id":"https:\/\/kunstboer.com\/#website","url":"https:\/\/kunstboer.com\/","name":"Kunstboer","description":"Kleurrijk en verrassend merk","potentialAction":[{"@type":"SearchAction","target":{"@type":"EntryPoint","urlTemplate":"https:\/\/kunstboer.com\/?s={search_term_string}"},"query-input":{"@type":"PropertyValueSpecification","valueRequired":true,"valueName":"search_term_string"}}],"inLanguage":"fr-FR"}]}},"_links":{"self":[{"href":"https:\/\/kunstboer.com\/fr\/wp-json\/wp\/v2\/product\/141244","targetHints":{"allow":["GET"]}}],"collection":[{"href":"https:\/\/kunstboer.com\/fr\/wp-json\/wp\/v2\/product"}],"about":[{"href":"https:\/\/kunstboer.com\/fr\/wp-json\/wp\/v2\/types\/product"}],"replies":[{"embeddable":true,"href":"https:\/\/kunstboer.com\/fr\/wp-json\/wp\/v2\/comments?post=141244"}],"wp:featuredmedia":[{"embeddable":true,"href":"https:\/\/kunstboer.com\/fr\/wp-json\/wp\/v2\/media\/141203"}],"wp:attachment":[{"href":"https:\/\/kunstboer.com\/fr\/wp-json\/wp\/v2\/media?parent=141244"}],"wp:term":[{"taxonomy":"product_brand","embeddable":true,"href":"https:\/\/kunstboer.com\/fr\/wp-json\/wp\/v2\/product_brand?post=141244"},{"taxonomy":"product_cat","embeddable":true,"href":"https:\/\/kunstboer.com\/fr\/wp-json\/wp\/v2\/product_cat?post=141244"},{"taxonomy":"product_tag","embeddable":true,"href":"https:\/\/kunstboer.com\/fr\/wp-json\/wp\/v2\/product_tag?post=141244"}],"curies":[{"name":"wp","href":"https:\/\/api.w.org\/{rel}","templated":true}]}}