{"id":141029,"date":"2025-07-12T20:32:14","date_gmt":"2025-07-12T20:32:14","guid":{"rendered":"https:\/\/kunstboer.com\/?post_type=product&#038;p=141029"},"modified":"2025-07-16T21:04:50","modified_gmt":"2025-07-16T21:04:50","slug":"sac-a-dos-space-panda-kopie-2","status":"publish","type":"product","link":"https:\/\/kunstboer.com\/fr\/produit\/sac-a-dos-space-panda-kopie-2\/","title":{"rendered":"Sac \u00e0 dos Other worlds"},"content":{"rendered":"<p>Sac \u00e0 dos de taille moyenne tr\u00e8s pratique pour l&#8217;\u00e9cole, le sport, les week-ends et les nuit\u00e9es. Bretelles extra longues avec renforts aux points d&#8217;attache. Ce sac est extr\u00eamement solide.<\/p>\n<p>-33x25x10cm<br \/>\n-Bretelles ergonomiques l\u00e9g\u00e8rement rembourr\u00e9es, renforc\u00e9es de nylon<br \/>\n-Points de fixation renforc\u00e9s de nylon<br \/>\n-Poids 250 grammes<br \/>\n-Boucle d&#8217;accrochage au dos<br \/>\n-Zipper de la couleur du sac en haut<br \/>\n-Facile \u00e0 nettoyer<br \/>\n-Plaque de base en plastique renforc\u00e9<br \/>\n-Poche portefeuille avec fermeture \u00e9clair \u00e0 l&#8217;int\u00e9rieur<br \/>\n-Pare-chocs r\u00e9fl\u00e9chissant (passepoil) tout autour<br \/>\n-Int\u00e9rieur fini en nylon, facile \u00e0 nettoyer<br \/>\n-Exp\u00e9di\u00e9 en toute s\u00e9curit\u00e9 et rapidement par Kunstboer<\/p>\n<p>Kunstboer propose une vaste collection de sacs, sacs \u00e0 dos, articles de toilette et bien plus encore pour les filles, les gar\u00e7ons et les adultes branch\u00e9s.<\/p>\n<script language='javascript' type='text\/javascript'>function getWR360PopupSkin(){return 'light_clean';}<\/script>","protected":false},"excerpt":{"rendered":"<p>Sac \u00e0 dos de taille moyenne tr\u00e8s pratique pour l&#8217;\u00e9cole, le sport, les week-ends et les nuit\u00e9es. Bretelles extra longues avec renforts aux points d&#8217;attache. Ce sac est extr\u00eamement solide. -33x25x10cm -Bretelles ergonomiques l\u00e9g\u00e8rement rembourr\u00e9es, renforc\u00e9es de nylon -Points de fixation renforc\u00e9s de nylon -Poids 250 grammes -Boucle d&#8217;accrochage au dos -Zipper de la couleur [&hellip;]<\/p>\n","protected":false},"featured_media":134852,"comment_status":"open","ping_status":"closed","template":"","meta":{"_acf_changed":false},"product_brand":[],"product_cat":[730],"product_tag":[],"class_list":{"0":"post-141029","1":"product","2":"type-product","3":"status-publish","4":"has-post-thumbnail","6":"product_cat-tassen-fr","8":"first","9":"outofstock","10":"taxable","11":"shipping-taxable","12":"purchasable","13":"product-type-simple"},"composite_virtual":false,"composite_layout":"","composite_add_to_cart_form_location":"","composite_editable_in_cart":false,"composite_sold_individually_context":"","composite_shop_price_calc":"","composite_components":[],"composite_scenarios":[],"bundled_by":[],"bundle_stock_status":"outofstock","bundle_stock_quantity":0,"bundle_virtual":false,"bundle_layout":"","bundle_add_to_cart_form_location":"","bundle_editable_in_cart":false,"bundle_sold_individually_context":"","bundle_item_grouping":"","bundle_min_size":"","bundle_max_size":"","bundle_price":[],"bundled_items":[],"bundle_sell_ids":[],"acf":[],"yoast_head":"<!-- This site is optimized with the Yoast SEO plugin v26.8 - https:\/\/yoast.com\/product\/yoast-seo-wordpress\/ -->\n<title>Sac \u00e0 dos Other worlds | Kunstboer<\/title>\n<meta name=\"robots\" content=\"index, follow, max-snippet:-1, max-image-preview:large, max-video-preview:-1\" \/>\n<link rel=\"canonical\" href=\"https:\/\/kunstboer.com\/fr\/produit\/sac-a-dos-space-panda-kopie-2\/\" \/>\n<meta property=\"og:locale\" content=\"fr_FR\" \/>\n<meta property=\"og:type\" content=\"article\" \/>\n<meta property=\"og:title\" content=\"Sac \u00e0 dos Other worlds | Kunstboer\" \/>\n<meta property=\"og:description\" content=\"Sac \u00e0 dos de taille moyenne tr\u00e8s pratique pour l&#8217;\u00e9cole, le sport, les week-ends et les nuit\u00e9es. Bretelles extra longues avec renforts aux points d&#8217;attache. Ce sac est extr\u00eamement solide. -33x25x10cm -Bretelles ergonomiques l\u00e9g\u00e8rement rembourr\u00e9es, renforc\u00e9es de nylon -Points de fixation renforc\u00e9s de nylon -Poids 250 grammes -Boucle d&#8217;accrochage au dos -Zipper de la couleur [&hellip;]\" \/>\n<meta property=\"og:url\" content=\"https:\/\/kunstboer.com\/fr\/produit\/sac-a-dos-space-panda-kopie-2\/\" \/>\n<meta property=\"og:site_name\" content=\"Kunstboer\" \/>\n<meta property=\"article:modified_time\" content=\"2025-07-16T21:04:50+00:00\" \/>\n<meta property=\"og:image\" content=\"http:\/\/kunstboer.com\/wp-content\/uploads\/2022\/09\/vb026z.jpg\" \/>\n\t<meta property=\"og:image:width\" content=\"1000\" \/>\n\t<meta property=\"og:image:height\" content=\"1000\" \/>\n\t<meta property=\"og:image:type\" content=\"image\/jpeg\" \/>\n<meta name=\"twitter:card\" content=\"summary_large_image\" \/>\n<meta name=\"twitter:label1\" content=\"Dur\u00e9e de lecture estim\u00e9e\" \/>\n\t<meta name=\"twitter:data1\" content=\"1 minute\" \/>\n<script type=\"application\/ld+json\" class=\"yoast-schema-graph\">{\"@context\":\"https:\/\/schema.org\",\"@graph\":[{\"@type\":\"WebPage\",\"@id\":\"https:\/\/kunstboer.com\/fr\/produit\/sac-a-dos-space-panda-kopie-2\/\",\"url\":\"https:\/\/kunstboer.com\/fr\/produit\/sac-a-dos-space-panda-kopie-2\/\",\"name\":\"Sac \u00e0 dos Other worlds | Kunstboer\",\"isPartOf\":{\"@id\":\"https:\/\/kunstboer.com\/#website\"},\"primaryImageOfPage\":{\"@id\":\"https:\/\/kunstboer.com\/fr\/produit\/sac-a-dos-space-panda-kopie-2\/#primaryimage\"},\"image\":{\"@id\":\"https:\/\/kunstboer.com\/fr\/produit\/sac-a-dos-space-panda-kopie-2\/#primaryimage\"},\"thumbnailUrl\":\"https:\/\/kunstboer.com\/wp-content\/uploads\/2022\/09\/vb026z.jpg\",\"datePublished\":\"2025-07-12T20:32:14+00:00\",\"dateModified\":\"2025-07-16T21:04:50+00:00\",\"breadcrumb\":{\"@id\":\"https:\/\/kunstboer.com\/fr\/produit\/sac-a-dos-space-panda-kopie-2\/#breadcrumb\"},\"inLanguage\":\"fr-FR\",\"potentialAction\":[{\"@type\":\"ReadAction\",\"target\":[\"https:\/\/kunstboer.com\/fr\/produit\/sac-a-dos-space-panda-kopie-2\/\"]}]},{\"@type\":\"ImageObject\",\"inLanguage\":\"fr-FR\",\"@id\":\"https:\/\/kunstboer.com\/fr\/produit\/sac-a-dos-space-panda-kopie-2\/#primaryimage\",\"url\":\"https:\/\/kunstboer.com\/wp-content\/uploads\/2022\/09\/vb026z.jpg\",\"contentUrl\":\"https:\/\/kunstboer.com\/wp-content\/uploads\/2022\/09\/vb026z.jpg\",\"width\":1000,\"height\":1000},{\"@type\":\"BreadcrumbList\",\"@id\":\"https:\/\/kunstboer.com\/fr\/produit\/sac-a-dos-space-panda-kopie-2\/#breadcrumb\",\"itemListElement\":[{\"@type\":\"ListItem\",\"position\":1,\"name\":\"Home\",\"item\":\"https:\/\/kunstboer.com\/fr\/\"},{\"@type\":\"ListItem\",\"position\":2,\"name\":\"E-Boutique\",\"item\":\"https:\/\/kunstboer.com\/shop\/\"},{\"@type\":\"ListItem\",\"position\":3,\"name\":\"Sac \u00e0 dos Other worlds\"}]},{\"@type\":\"WebSite\",\"@id\":\"https:\/\/kunstboer.com\/#website\",\"url\":\"https:\/\/kunstboer.com\/\",\"name\":\"Kunstboer\",\"description\":\"Kleurrijk en verrassend merk\",\"potentialAction\":[{\"@type\":\"SearchAction\",\"target\":{\"@type\":\"EntryPoint\",\"urlTemplate\":\"https:\/\/kunstboer.com\/?s={search_term_string}\"},\"query-input\":{\"@type\":\"PropertyValueSpecification\",\"valueRequired\":true,\"valueName\":\"search_term_string\"}}],\"inLanguage\":\"fr-FR\"}]}<\/script>\n<!-- \/ Yoast SEO plugin. -->","yoast_head_json":{"title":"Sac \u00e0 dos Other worlds | Kunstboer","robots":{"index":"index","follow":"follow","max-snippet":"max-snippet:-1","max-image-preview":"max-image-preview:large","max-video-preview":"max-video-preview:-1"},"canonical":"https:\/\/kunstboer.com\/fr\/produit\/sac-a-dos-space-panda-kopie-2\/","og_locale":"fr_FR","og_type":"article","og_title":"Sac \u00e0 dos Other worlds | Kunstboer","og_description":"Sac \u00e0 dos de taille moyenne tr\u00e8s pratique pour l&#8217;\u00e9cole, le sport, les week-ends et les nuit\u00e9es. Bretelles extra longues avec renforts aux points d&#8217;attache. Ce sac est extr\u00eamement solide. -33x25x10cm -Bretelles ergonomiques l\u00e9g\u00e8rement rembourr\u00e9es, renforc\u00e9es de nylon -Points de fixation renforc\u00e9s de nylon -Poids 250 grammes -Boucle d&#8217;accrochage au dos -Zipper de la couleur [&hellip;]","og_url":"https:\/\/kunstboer.com\/fr\/produit\/sac-a-dos-space-panda-kopie-2\/","og_site_name":"Kunstboer","article_modified_time":"2025-07-16T21:04:50+00:00","og_image":[{"width":1000,"height":1000,"url":"http:\/\/kunstboer.com\/wp-content\/uploads\/2022\/09\/vb026z.jpg","type":"image\/jpeg"}],"twitter_card":"summary_large_image","twitter_misc":{"Dur\u00e9e de lecture estim\u00e9e":"1 minute"},"schema":{"@context":"https:\/\/schema.org","@graph":[{"@type":"WebPage","@id":"https:\/\/kunstboer.com\/fr\/produit\/sac-a-dos-space-panda-kopie-2\/","url":"https:\/\/kunstboer.com\/fr\/produit\/sac-a-dos-space-panda-kopie-2\/","name":"Sac \u00e0 dos Other worlds | Kunstboer","isPartOf":{"@id":"https:\/\/kunstboer.com\/#website"},"primaryImageOfPage":{"@id":"https:\/\/kunstboer.com\/fr\/produit\/sac-a-dos-space-panda-kopie-2\/#primaryimage"},"image":{"@id":"https:\/\/kunstboer.com\/fr\/produit\/sac-a-dos-space-panda-kopie-2\/#primaryimage"},"thumbnailUrl":"https:\/\/kunstboer.com\/wp-content\/uploads\/2022\/09\/vb026z.jpg","datePublished":"2025-07-12T20:32:14+00:00","dateModified":"2025-07-16T21:04:50+00:00","breadcrumb":{"@id":"https:\/\/kunstboer.com\/fr\/produit\/sac-a-dos-space-panda-kopie-2\/#breadcrumb"},"inLanguage":"fr-FR","potentialAction":[{"@type":"ReadAction","target":["https:\/\/kunstboer.com\/fr\/produit\/sac-a-dos-space-panda-kopie-2\/"]}]},{"@type":"ImageObject","inLanguage":"fr-FR","@id":"https:\/\/kunstboer.com\/fr\/produit\/sac-a-dos-space-panda-kopie-2\/#primaryimage","url":"https:\/\/kunstboer.com\/wp-content\/uploads\/2022\/09\/vb026z.jpg","contentUrl":"https:\/\/kunstboer.com\/wp-content\/uploads\/2022\/09\/vb026z.jpg","width":1000,"height":1000},{"@type":"BreadcrumbList","@id":"https:\/\/kunstboer.com\/fr\/produit\/sac-a-dos-space-panda-kopie-2\/#breadcrumb","itemListElement":[{"@type":"ListItem","position":1,"name":"Home","item":"https:\/\/kunstboer.com\/fr\/"},{"@type":"ListItem","position":2,"name":"E-Boutique","item":"https:\/\/kunstboer.com\/shop\/"},{"@type":"ListItem","position":3,"name":"Sac \u00e0 dos Other worlds"}]},{"@type":"WebSite","@id":"https:\/\/kunstboer.com\/#website","url":"https:\/\/kunstboer.com\/","name":"Kunstboer","description":"Kleurrijk en verrassend merk","potentialAction":[{"@type":"SearchAction","target":{"@type":"EntryPoint","urlTemplate":"https:\/\/kunstboer.com\/?s={search_term_string}"},"query-input":{"@type":"PropertyValueSpecification","valueRequired":true,"valueName":"search_term_string"}}],"inLanguage":"fr-FR"}]}},"_links":{"self":[{"href":"https:\/\/kunstboer.com\/fr\/wp-json\/wp\/v2\/product\/141029","targetHints":{"allow":["GET"]}}],"collection":[{"href":"https:\/\/kunstboer.com\/fr\/wp-json\/wp\/v2\/product"}],"about":[{"href":"https:\/\/kunstboer.com\/fr\/wp-json\/wp\/v2\/types\/product"}],"replies":[{"embeddable":true,"href":"https:\/\/kunstboer.com\/fr\/wp-json\/wp\/v2\/comments?post=141029"}],"wp:featuredmedia":[{"embeddable":true,"href":"https:\/\/kunstboer.com\/fr\/wp-json\/wp\/v2\/media\/134852"}],"wp:attachment":[{"href":"https:\/\/kunstboer.com\/fr\/wp-json\/wp\/v2\/media?parent=141029"}],"wp:term":[{"taxonomy":"product_brand","embeddable":true,"href":"https:\/\/kunstboer.com\/fr\/wp-json\/wp\/v2\/product_brand?post=141029"},{"taxonomy":"product_cat","embeddable":true,"href":"https:\/\/kunstboer.com\/fr\/wp-json\/wp\/v2\/product_cat?post=141029"},{"taxonomy":"product_tag","embeddable":true,"href":"https:\/\/kunstboer.com\/fr\/wp-json\/wp\/v2\/product_tag?post=141029"}],"curies":[{"name":"wp","href":"https:\/\/api.w.org\/{rel}","templated":true}]}}