{"id":140961,"date":"2025-07-11T07:24:11","date_gmt":"2025-07-11T07:24:11","guid":{"rendered":"https:\/\/kunstboer.com\/?post_type=product&#038;p=140961"},"modified":"2025-07-16T21:33:11","modified_gmt":"2025-07-16T21:33:11","slug":"sac-moyen-retro-cassette","status":"publish","type":"product","link":"https:\/\/kunstboer.com\/fr\/produit\/sac-moyen-retro-cassette\/","title":{"rendered":"Sac moyen Retro cassette"},"content":{"rendered":"<p>Sac bandouli\u00e8re de taille moyenne tr\u00e8s pratique. Bandouli\u00e8re extra longue avec renforts aux points d&#8217;attache.<\/p>\n<p>-30x22x8cm<br \/>\n-Bandouli\u00e8re extra longue renforc\u00e9e en nylon<br \/>\n-Poche int\u00e9rieure avec fermeture \u00e9clair<br \/>\n-Poids 300 grammes<br \/>\n-Zipper de la couleur du sac en haut<br \/>\n-Facile \u00e0 nettoyer<br \/>\n-Int\u00e9rieur fini en nylon, facile \u00e0 nettoyer<br \/>\n-Bumper (tuyauterie) tout autour<\/p>\n<p>Kunstboer propose une vaste collection de sacs, sacs \u00e0 dos, articles de toilette et bien plus encore pour les filles, les gar\u00e7ons et les jeunes adultes branch\u00e9s.<\/p>\n<script language='javascript' type='text\/javascript'>function getWR360PopupSkin(){return 'light_clean';}<\/script>","protected":false},"excerpt":{"rendered":"<p>Sac bandouli\u00e8re de taille moyenne tr\u00e8s pratique. Bandouli\u00e8re extra longue avec renforts aux points d&#8217;attache. -30x22x8cm -Bandouli\u00e8re extra longue renforc\u00e9e en nylon -Poche int\u00e9rieure avec fermeture \u00e9clair -Poids 300 grammes -Zipper de la couleur du sac en haut -Facile \u00e0 nettoyer -Int\u00e9rieur fini en nylon, facile \u00e0 nettoyer -Bumper (tuyauterie) tout autour Kunstboer propose une [&hellip;]<\/p>\n","protected":false},"featured_media":141391,"comment_status":"open","ping_status":"closed","template":"","meta":{"_acf_changed":false},"product_brand":[],"product_cat":[283],"product_tag":[],"class_list":{"0":"post-140961","1":"product","2":"type-product","3":"status-publish","4":"has-post-thumbnail","6":"product_cat-backpacks","8":"first","9":"instock","10":"taxable","11":"shipping-taxable","12":"purchasable","13":"product-type-simple"},"composite_virtual":false,"composite_layout":"","composite_add_to_cart_form_location":"","composite_editable_in_cart":false,"composite_sold_individually_context":"","composite_shop_price_calc":"","composite_components":[],"composite_scenarios":[],"bundled_by":[],"bundle_stock_status":"instock","bundle_stock_quantity":7,"bundle_virtual":false,"bundle_layout":"","bundle_add_to_cart_form_location":"","bundle_editable_in_cart":false,"bundle_sold_individually_context":"","bundle_item_grouping":"","bundle_min_size":"","bundle_max_size":"","bundle_price":[],"bundled_items":[],"bundle_sell_ids":[134333],"acf":[],"yoast_head":"<!-- This site is optimized with the Yoast SEO plugin v26.8 - https:\/\/yoast.com\/product\/yoast-seo-wordpress\/ -->\n<title>Sac moyen Retro fleurs roses<\/title>\n<meta name=\"description\" content=\"Sac moyen Retro fleurs roses\" \/>\n<meta name=\"robots\" content=\"index, follow, max-snippet:-1, max-image-preview:large, max-video-preview:-1\" \/>\n<link rel=\"canonical\" href=\"https:\/\/kunstboer.com\/en\/produit\/shoulderbag-medium-retro-cassette-tape\/\" \/>\n<meta property=\"og:locale\" content=\"fr_FR\" \/>\n<meta property=\"og:type\" content=\"article\" \/>\n<meta property=\"og:title\" content=\"Sac moyen Retro fleurs roses\" \/>\n<meta property=\"og:description\" content=\"Sac moyen Retro fleurs roses\" \/>\n<meta property=\"og:url\" content=\"https:\/\/kunstboer.com\/en\/produit\/shoulderbag-medium-retro-cassette-tape\/\" \/>\n<meta property=\"og:site_name\" content=\"Kunstboer\" \/>\n<meta property=\"article:modified_time\" content=\"2025-07-16T21:33:11+00:00\" \/>\n<meta property=\"og:image\" content=\"http:\/\/kunstboer.com\/wp-content\/uploads\/2025\/07\/schouder-cassette-3-scaled.jpg\" \/>\n\t<meta property=\"og:image:width\" content=\"2560\" \/>\n\t<meta property=\"og:image:height\" content=\"2560\" \/>\n\t<meta property=\"og:image:type\" content=\"image\/jpeg\" \/>\n<meta name=\"twitter:card\" content=\"summary_large_image\" \/>\n<meta name=\"twitter:label1\" content=\"Dur\u00e9e de lecture estim\u00e9e\" \/>\n\t<meta name=\"twitter:data1\" content=\"1 minute\" \/>\n<script type=\"application\/ld+json\" class=\"yoast-schema-graph\">{\"@context\":\"https:\/\/schema.org\",\"@graph\":[{\"@type\":\"WebPage\",\"@id\":\"https:\/\/kunstboer.com\/en\/produit\/shoulderbag-medium-retro-cassette-tape\/\",\"url\":\"https:\/\/kunstboer.com\/en\/produit\/shoulderbag-medium-retro-cassette-tape\/\",\"name\":\"Sac moyen Retro fleurs roses\",\"isPartOf\":{\"@id\":\"https:\/\/kunstboer.com\/#website\"},\"primaryImageOfPage\":{\"@id\":\"https:\/\/kunstboer.com\/en\/produit\/shoulderbag-medium-retro-cassette-tape\/#primaryimage\"},\"image\":{\"@id\":\"https:\/\/kunstboer.com\/en\/produit\/shoulderbag-medium-retro-cassette-tape\/#primaryimage\"},\"thumbnailUrl\":\"https:\/\/kunstboer.com\/wp-content\/uploads\/2025\/07\/schouder-cassette-3-scaled.jpg\",\"datePublished\":\"2025-07-11T07:24:11+00:00\",\"dateModified\":\"2025-07-16T21:33:11+00:00\",\"description\":\"Sac moyen Retro fleurs roses\",\"breadcrumb\":{\"@id\":\"https:\/\/kunstboer.com\/en\/produit\/shoulderbag-medium-retro-cassette-tape\/#breadcrumb\"},\"inLanguage\":\"fr-FR\",\"potentialAction\":[{\"@type\":\"ReadAction\",\"target\":[\"https:\/\/kunstboer.com\/en\/produit\/shoulderbag-medium-retro-cassette-tape\/\"]}]},{\"@type\":\"ImageObject\",\"inLanguage\":\"fr-FR\",\"@id\":\"https:\/\/kunstboer.com\/en\/produit\/shoulderbag-medium-retro-cassette-tape\/#primaryimage\",\"url\":\"https:\/\/kunstboer.com\/wp-content\/uploads\/2025\/07\/schouder-cassette-3-scaled.jpg\",\"contentUrl\":\"https:\/\/kunstboer.com\/wp-content\/uploads\/2025\/07\/schouder-cassette-3-scaled.jpg\",\"width\":2560,\"height\":2560},{\"@type\":\"BreadcrumbList\",\"@id\":\"https:\/\/kunstboer.com\/en\/produit\/shoulderbag-medium-retro-cassette-tape\/#breadcrumb\",\"itemListElement\":[{\"@type\":\"ListItem\",\"position\":1,\"name\":\"Home\",\"item\":\"https:\/\/kunstboer.com\/fr\/\"},{\"@type\":\"ListItem\",\"position\":2,\"name\":\"E-Boutique\",\"item\":\"https:\/\/kunstboer.com\/shop\/\"},{\"@type\":\"ListItem\",\"position\":3,\"name\":\"Sac moyen Retro cassette\"}]},{\"@type\":\"WebSite\",\"@id\":\"https:\/\/kunstboer.com\/#website\",\"url\":\"https:\/\/kunstboer.com\/\",\"name\":\"Kunstboer\",\"description\":\"Kleurrijk en verrassend merk\",\"potentialAction\":[{\"@type\":\"SearchAction\",\"target\":{\"@type\":\"EntryPoint\",\"urlTemplate\":\"https:\/\/kunstboer.com\/?s={search_term_string}\"},\"query-input\":{\"@type\":\"PropertyValueSpecification\",\"valueRequired\":true,\"valueName\":\"search_term_string\"}}],\"inLanguage\":\"fr-FR\"}]}<\/script>\n<!-- \/ Yoast SEO plugin. -->","yoast_head_json":{"title":"Sac moyen Retro fleurs roses","description":"Sac moyen Retro fleurs roses","robots":{"index":"index","follow":"follow","max-snippet":"max-snippet:-1","max-image-preview":"max-image-preview:large","max-video-preview":"max-video-preview:-1"},"canonical":"https:\/\/kunstboer.com\/en\/produit\/shoulderbag-medium-retro-cassette-tape\/","og_locale":"fr_FR","og_type":"article","og_title":"Sac moyen Retro fleurs roses","og_description":"Sac moyen Retro fleurs roses","og_url":"https:\/\/kunstboer.com\/en\/produit\/shoulderbag-medium-retro-cassette-tape\/","og_site_name":"Kunstboer","article_modified_time":"2025-07-16T21:33:11+00:00","og_image":[{"width":2560,"height":2560,"url":"http:\/\/kunstboer.com\/wp-content\/uploads\/2025\/07\/schouder-cassette-3-scaled.jpg","type":"image\/jpeg"}],"twitter_card":"summary_large_image","twitter_misc":{"Dur\u00e9e de lecture estim\u00e9e":"1 minute"},"schema":{"@context":"https:\/\/schema.org","@graph":[{"@type":"WebPage","@id":"https:\/\/kunstboer.com\/en\/produit\/shoulderbag-medium-retro-cassette-tape\/","url":"https:\/\/kunstboer.com\/en\/produit\/shoulderbag-medium-retro-cassette-tape\/","name":"Sac moyen Retro fleurs roses","isPartOf":{"@id":"https:\/\/kunstboer.com\/#website"},"primaryImageOfPage":{"@id":"https:\/\/kunstboer.com\/en\/produit\/shoulderbag-medium-retro-cassette-tape\/#primaryimage"},"image":{"@id":"https:\/\/kunstboer.com\/en\/produit\/shoulderbag-medium-retro-cassette-tape\/#primaryimage"},"thumbnailUrl":"https:\/\/kunstboer.com\/wp-content\/uploads\/2025\/07\/schouder-cassette-3-scaled.jpg","datePublished":"2025-07-11T07:24:11+00:00","dateModified":"2025-07-16T21:33:11+00:00","description":"Sac moyen Retro fleurs roses","breadcrumb":{"@id":"https:\/\/kunstboer.com\/en\/produit\/shoulderbag-medium-retro-cassette-tape\/#breadcrumb"},"inLanguage":"fr-FR","potentialAction":[{"@type":"ReadAction","target":["https:\/\/kunstboer.com\/en\/produit\/shoulderbag-medium-retro-cassette-tape\/"]}]},{"@type":"ImageObject","inLanguage":"fr-FR","@id":"https:\/\/kunstboer.com\/en\/produit\/shoulderbag-medium-retro-cassette-tape\/#primaryimage","url":"https:\/\/kunstboer.com\/wp-content\/uploads\/2025\/07\/schouder-cassette-3-scaled.jpg","contentUrl":"https:\/\/kunstboer.com\/wp-content\/uploads\/2025\/07\/schouder-cassette-3-scaled.jpg","width":2560,"height":2560},{"@type":"BreadcrumbList","@id":"https:\/\/kunstboer.com\/en\/produit\/shoulderbag-medium-retro-cassette-tape\/#breadcrumb","itemListElement":[{"@type":"ListItem","position":1,"name":"Home","item":"https:\/\/kunstboer.com\/fr\/"},{"@type":"ListItem","position":2,"name":"E-Boutique","item":"https:\/\/kunstboer.com\/shop\/"},{"@type":"ListItem","position":3,"name":"Sac moyen Retro cassette"}]},{"@type":"WebSite","@id":"https:\/\/kunstboer.com\/#website","url":"https:\/\/kunstboer.com\/","name":"Kunstboer","description":"Kleurrijk en verrassend merk","potentialAction":[{"@type":"SearchAction","target":{"@type":"EntryPoint","urlTemplate":"https:\/\/kunstboer.com\/?s={search_term_string}"},"query-input":{"@type":"PropertyValueSpecification","valueRequired":true,"valueName":"search_term_string"}}],"inLanguage":"fr-FR"}]}},"_links":{"self":[{"href":"https:\/\/kunstboer.com\/fr\/wp-json\/wp\/v2\/product\/140961","targetHints":{"allow":["GET"]}}],"collection":[{"href":"https:\/\/kunstboer.com\/fr\/wp-json\/wp\/v2\/product"}],"about":[{"href":"https:\/\/kunstboer.com\/fr\/wp-json\/wp\/v2\/types\/product"}],"replies":[{"embeddable":true,"href":"https:\/\/kunstboer.com\/fr\/wp-json\/wp\/v2\/comments?post=140961"}],"wp:featuredmedia":[{"embeddable":true,"href":"https:\/\/kunstboer.com\/fr\/wp-json\/wp\/v2\/media\/141391"}],"wp:attachment":[{"href":"https:\/\/kunstboer.com\/fr\/wp-json\/wp\/v2\/media?parent=140961"}],"wp:term":[{"taxonomy":"product_brand","embeddable":true,"href":"https:\/\/kunstboer.com\/fr\/wp-json\/wp\/v2\/product_brand?post=140961"},{"taxonomy":"product_cat","embeddable":true,"href":"https:\/\/kunstboer.com\/fr\/wp-json\/wp\/v2\/product_cat?post=140961"},{"taxonomy":"product_tag","embeddable":true,"href":"https:\/\/kunstboer.com\/fr\/wp-json\/wp\/v2\/product_tag?post=140961"}],"curies":[{"name":"wp","href":"https:\/\/api.w.org\/{rel}","templated":true}]}}