{"id":140600,"date":"2025-04-09T17:21:12","date_gmt":"2025-04-09T17:21:12","guid":{"rendered":"https:\/\/kunstboer.com\/?post_type=product&#038;p=140600"},"modified":"2025-08-31T20:01:53","modified_gmt":"2025-08-31T20:01:53","slug":"shopper-chat","status":"publish","type":"product","link":"https:\/\/kunstboer.com\/fr\/produit\/shopper-chat\/","title":{"rendered":"Shopper Chat"},"content":{"rendered":"<p>Sac shopper tr\u00e8s pratique pour un usage quotidien ! S&#8217;ouvre bien et largement et poss\u00e8de des bretelles robustes, juste assez longues pour \u00eatre port\u00e9es sur l&#8217;\u00e9paule mais aussi l\u00e2ches dans la main.<\/p>\n<p>40 x 42 x 9 cm<\/p>\n<p>Poign\u00e9es renforc\u00e9es en nylon<\/p>\n<p>Poche int\u00e9rieure avec fermeture \u00e9clair<\/p>\n<p>Longue fermeture \u00e9clair de la couleur du sac en haut<\/p>\n<p>Int\u00e9rieur fini en nylon, facile \u00e0 nettoyer<\/p>\n<p>Kunstboer propose une vaste collection de sacs, sacs \u00e0 dos, trousses de toilette et bien plus encore pour les filles, les gar\u00e7ons et les jeunes adultes branch\u00e9s.<\/p>\n<script language='javascript' type='text\/javascript'>function getWR360PopupSkin(){return 'light_clean';}<\/script>","protected":false},"excerpt":{"rendered":"<p>Sac shopper tr\u00e8s pratique pour un usage quotidien ! S&#8217;ouvre bien et largement et poss\u00e8de des bretelles robustes, juste assez longues pour \u00eatre port\u00e9es sur l&#8217;\u00e9paule mais aussi l\u00e2ches dans la main. 40 x 42 x 9 cm Poign\u00e9es renforc\u00e9es en nylon Poche int\u00e9rieure avec fermeture \u00e9clair Longue fermeture \u00e9clair de la couleur du sac [&hellip;]<\/p>\n","protected":false},"featured_media":140607,"comment_status":"open","ping_status":"closed","template":"","meta":{"_acf_changed":false},"product_brand":[],"product_cat":[730],"product_tag":[],"class_list":{"0":"post-140600","1":"product","2":"type-product","3":"status-publish","4":"has-post-thumbnail","6":"product_cat-tassen-fr","8":"first","9":"instock","10":"taxable","11":"shipping-taxable","12":"purchasable","13":"product-type-simple"},"composite_virtual":false,"composite_layout":"","composite_add_to_cart_form_location":"","composite_editable_in_cart":false,"composite_sold_individually_context":"","composite_shop_price_calc":"","composite_components":[],"composite_scenarios":[],"bundled_by":[],"bundle_stock_status":"instock","bundle_stock_quantity":1,"bundle_virtual":false,"bundle_layout":"","bundle_add_to_cart_form_location":"","bundle_editable_in_cart":false,"bundle_sold_individually_context":"","bundle_item_grouping":"","bundle_min_size":"","bundle_max_size":"","bundle_price":[],"bundled_items":[],"bundle_sell_ids":[],"acf":[],"yoast_head":"<!-- This site is optimized with the Yoast SEO plugin v26.8 - https:\/\/yoast.com\/product\/yoast-seo-wordpress\/ -->\n<title>Shopper Chat | Kunstboer<\/title>\n<meta name=\"description\" content=\"Sac Carr\u00e9 fleur retro\" \/>\n<meta name=\"robots\" content=\"index, follow, max-snippet:-1, max-image-preview:large, max-video-preview:-1\" \/>\n<link rel=\"canonical\" href=\"https:\/\/kunstboer.com\/fr\/produit\/shopper-chat\/\" \/>\n<meta property=\"og:locale\" content=\"fr_FR\" \/>\n<meta property=\"og:type\" content=\"article\" \/>\n<meta property=\"og:title\" content=\"Shopper Chat | Kunstboer\" \/>\n<meta property=\"og:description\" content=\"Sac Carr\u00e9 fleur retro\" \/>\n<meta property=\"og:url\" content=\"https:\/\/kunstboer.com\/fr\/produit\/shopper-chat\/\" \/>\n<meta property=\"og:site_name\" content=\"Kunstboer\" \/>\n<meta property=\"article:modified_time\" content=\"2025-08-31T20:01:53+00:00\" \/>\n<meta property=\"og:image\" content=\"http:\/\/kunstboer.com\/wp-content\/uploads\/2025\/04\/IMG_2719-scaled.jpeg\" \/>\n\t<meta property=\"og:image:width\" content=\"1920\" \/>\n\t<meta property=\"og:image:height\" content=\"2560\" \/>\n\t<meta property=\"og:image:type\" content=\"image\/jpeg\" \/>\n<meta name=\"twitter:card\" content=\"summary_large_image\" \/>\n<meta name=\"twitter:label1\" content=\"Dur\u00e9e de lecture estim\u00e9e\" \/>\n\t<meta name=\"twitter:data1\" content=\"1 minute\" \/>\n<script type=\"application\/ld+json\" class=\"yoast-schema-graph\">{\"@context\":\"https:\/\/schema.org\",\"@graph\":[{\"@type\":\"WebPage\",\"@id\":\"https:\/\/kunstboer.com\/fr\/produit\/shopper-chat\/\",\"url\":\"https:\/\/kunstboer.com\/fr\/produit\/shopper-chat\/\",\"name\":\"Shopper Chat | Kunstboer\",\"isPartOf\":{\"@id\":\"https:\/\/kunstboer.com\/#website\"},\"primaryImageOfPage\":{\"@id\":\"https:\/\/kunstboer.com\/fr\/produit\/shopper-chat\/#primaryimage\"},\"image\":{\"@id\":\"https:\/\/kunstboer.com\/fr\/produit\/shopper-chat\/#primaryimage\"},\"thumbnailUrl\":\"https:\/\/kunstboer.com\/wp-content\/uploads\/2025\/04\/IMG_2719-scaled.jpeg\",\"datePublished\":\"2025-04-09T17:21:12+00:00\",\"dateModified\":\"2025-08-31T20:01:53+00:00\",\"description\":\"Sac Carr\u00e9 fleur retro\",\"breadcrumb\":{\"@id\":\"https:\/\/kunstboer.com\/fr\/produit\/shopper-chat\/#breadcrumb\"},\"inLanguage\":\"fr-FR\",\"potentialAction\":[{\"@type\":\"ReadAction\",\"target\":[\"https:\/\/kunstboer.com\/fr\/produit\/shopper-chat\/\"]}]},{\"@type\":\"ImageObject\",\"inLanguage\":\"fr-FR\",\"@id\":\"https:\/\/kunstboer.com\/fr\/produit\/shopper-chat\/#primaryimage\",\"url\":\"https:\/\/kunstboer.com\/wp-content\/uploads\/2025\/04\/IMG_2719-scaled.jpeg\",\"contentUrl\":\"https:\/\/kunstboer.com\/wp-content\/uploads\/2025\/04\/IMG_2719-scaled.jpeg\",\"width\":1920,\"height\":2560},{\"@type\":\"BreadcrumbList\",\"@id\":\"https:\/\/kunstboer.com\/fr\/produit\/shopper-chat\/#breadcrumb\",\"itemListElement\":[{\"@type\":\"ListItem\",\"position\":1,\"name\":\"Home\",\"item\":\"https:\/\/kunstboer.com\/fr\/\"},{\"@type\":\"ListItem\",\"position\":2,\"name\":\"E-Boutique\",\"item\":\"https:\/\/kunstboer.com\/shop\/\"},{\"@type\":\"ListItem\",\"position\":3,\"name\":\"Shopper Chat\"}]},{\"@type\":\"WebSite\",\"@id\":\"https:\/\/kunstboer.com\/#website\",\"url\":\"https:\/\/kunstboer.com\/\",\"name\":\"Kunstboer\",\"description\":\"Kleurrijk en verrassend merk\",\"potentialAction\":[{\"@type\":\"SearchAction\",\"target\":{\"@type\":\"EntryPoint\",\"urlTemplate\":\"https:\/\/kunstboer.com\/?s={search_term_string}\"},\"query-input\":{\"@type\":\"PropertyValueSpecification\",\"valueRequired\":true,\"valueName\":\"search_term_string\"}}],\"inLanguage\":\"fr-FR\"}]}<\/script>\n<!-- \/ Yoast SEO plugin. -->","yoast_head_json":{"title":"Shopper Chat | Kunstboer","description":"Sac Carr\u00e9 fleur retro","robots":{"index":"index","follow":"follow","max-snippet":"max-snippet:-1","max-image-preview":"max-image-preview:large","max-video-preview":"max-video-preview:-1"},"canonical":"https:\/\/kunstboer.com\/fr\/produit\/shopper-chat\/","og_locale":"fr_FR","og_type":"article","og_title":"Shopper Chat | Kunstboer","og_description":"Sac Carr\u00e9 fleur retro","og_url":"https:\/\/kunstboer.com\/fr\/produit\/shopper-chat\/","og_site_name":"Kunstboer","article_modified_time":"2025-08-31T20:01:53+00:00","og_image":[{"width":1920,"height":2560,"url":"http:\/\/kunstboer.com\/wp-content\/uploads\/2025\/04\/IMG_2719-scaled.jpeg","type":"image\/jpeg"}],"twitter_card":"summary_large_image","twitter_misc":{"Dur\u00e9e de lecture estim\u00e9e":"1 minute"},"schema":{"@context":"https:\/\/schema.org","@graph":[{"@type":"WebPage","@id":"https:\/\/kunstboer.com\/fr\/produit\/shopper-chat\/","url":"https:\/\/kunstboer.com\/fr\/produit\/shopper-chat\/","name":"Shopper Chat | Kunstboer","isPartOf":{"@id":"https:\/\/kunstboer.com\/#website"},"primaryImageOfPage":{"@id":"https:\/\/kunstboer.com\/fr\/produit\/shopper-chat\/#primaryimage"},"image":{"@id":"https:\/\/kunstboer.com\/fr\/produit\/shopper-chat\/#primaryimage"},"thumbnailUrl":"https:\/\/kunstboer.com\/wp-content\/uploads\/2025\/04\/IMG_2719-scaled.jpeg","datePublished":"2025-04-09T17:21:12+00:00","dateModified":"2025-08-31T20:01:53+00:00","description":"Sac Carr\u00e9 fleur retro","breadcrumb":{"@id":"https:\/\/kunstboer.com\/fr\/produit\/shopper-chat\/#breadcrumb"},"inLanguage":"fr-FR","potentialAction":[{"@type":"ReadAction","target":["https:\/\/kunstboer.com\/fr\/produit\/shopper-chat\/"]}]},{"@type":"ImageObject","inLanguage":"fr-FR","@id":"https:\/\/kunstboer.com\/fr\/produit\/shopper-chat\/#primaryimage","url":"https:\/\/kunstboer.com\/wp-content\/uploads\/2025\/04\/IMG_2719-scaled.jpeg","contentUrl":"https:\/\/kunstboer.com\/wp-content\/uploads\/2025\/04\/IMG_2719-scaled.jpeg","width":1920,"height":2560},{"@type":"BreadcrumbList","@id":"https:\/\/kunstboer.com\/fr\/produit\/shopper-chat\/#breadcrumb","itemListElement":[{"@type":"ListItem","position":1,"name":"Home","item":"https:\/\/kunstboer.com\/fr\/"},{"@type":"ListItem","position":2,"name":"E-Boutique","item":"https:\/\/kunstboer.com\/shop\/"},{"@type":"ListItem","position":3,"name":"Shopper Chat"}]},{"@type":"WebSite","@id":"https:\/\/kunstboer.com\/#website","url":"https:\/\/kunstboer.com\/","name":"Kunstboer","description":"Kleurrijk en verrassend merk","potentialAction":[{"@type":"SearchAction","target":{"@type":"EntryPoint","urlTemplate":"https:\/\/kunstboer.com\/?s={search_term_string}"},"query-input":{"@type":"PropertyValueSpecification","valueRequired":true,"valueName":"search_term_string"}}],"inLanguage":"fr-FR"}]}},"_links":{"self":[{"href":"https:\/\/kunstboer.com\/fr\/wp-json\/wp\/v2\/product\/140600","targetHints":{"allow":["GET"]}}],"collection":[{"href":"https:\/\/kunstboer.com\/fr\/wp-json\/wp\/v2\/product"}],"about":[{"href":"https:\/\/kunstboer.com\/fr\/wp-json\/wp\/v2\/types\/product"}],"replies":[{"embeddable":true,"href":"https:\/\/kunstboer.com\/fr\/wp-json\/wp\/v2\/comments?post=140600"}],"wp:featuredmedia":[{"embeddable":true,"href":"https:\/\/kunstboer.com\/fr\/wp-json\/wp\/v2\/media\/140607"}],"wp:attachment":[{"href":"https:\/\/kunstboer.com\/fr\/wp-json\/wp\/v2\/media?parent=140600"}],"wp:term":[{"taxonomy":"product_brand","embeddable":true,"href":"https:\/\/kunstboer.com\/fr\/wp-json\/wp\/v2\/product_brand?post=140600"},{"taxonomy":"product_cat","embeddable":true,"href":"https:\/\/kunstboer.com\/fr\/wp-json\/wp\/v2\/product_cat?post=140600"},{"taxonomy":"product_tag","embeddable":true,"href":"https:\/\/kunstboer.com\/fr\/wp-json\/wp\/v2\/product_tag?post=140600"}],"curies":[{"name":"wp","href":"https:\/\/api.w.org\/{rel}","templated":true}]}}