{"id":140068,"date":"2025-02-01T20:15:08","date_gmt":"2025-02-01T20:15:13","guid":{"rendered":"https:\/\/kunstboer.com\/?post_type=product&#038;p=140068"},"modified":"2025-02-08T21:41:11","modified_gmt":"2025-02-08T21:41:11","slug":"sac-a-dos-pink-poodle","status":"publish","type":"product","link":"https:\/\/kunstboer.com\/fr\/produit\/sac-a-dos-pink-poodle\/","title":{"rendered":"Sac \u00e0 dos Pink poodle"},"content":{"rendered":"<p><span style=\"font-family: Consolas, Monaco, monospace;\">Sac \u00e0 dos tr\u00e8s pratique pour l&#8217;\u00e9cole, le sport, les week-ends et les nuit\u00e9es. Bretelles extra longues avec renforts aux points d&#8217;attache. Ce sac est extr\u00eamement solide.<\/span><\/p>\n<ul>\n<li id=\"tw-target-text\" class=\"tw-data-text tw-text-large tw-ta\" dir=\"ltr\" data-placeholder=\"Vertaling\" aria-label=\"Vertaalde tekst\" data-ved=\"2ahUKEwjJjo3P48eIAxVwzQIHHfqtEcIQ3ewLegQIBxAU\"><span class=\"Y2IQFc\" lang=\"fr\"><span class=\"Y2IQFc\" lang=\"de\">45 x 35 x 17 cm<\/span> <\/span><\/li>\n<li class=\"tw-data-text tw-text-large tw-ta\" dir=\"ltr\" data-placeholder=\"Vertaling\" aria-label=\"Vertaalde tekst\" data-ved=\"2ahUKEwjJjo3P48eIAxVwzQIHHfqtEcIQ3ewLegQIBxAU\"><span class=\"Y2IQFc\" lang=\"fr\">Fabriqu\u00e9 \u00e0 partir de mat\u00e9riaux recycl\u00e9s issus de l&#8217;industrie du v\u00eatement ; voir rapport avec les photos du produit <\/span><\/li>\n<li class=\"tw-data-text tw-text-large tw-ta\" dir=\"ltr\" data-placeholder=\"Vertaling\" aria-label=\"Vertaalde tekst\" data-ved=\"2ahUKEwjJjo3P48eIAxVwzQIHHfqtEcIQ3ewLegQIBxAU\"><span class=\"Y2IQFc\" lang=\"fr\">Durable Bretelles ergonomiques l\u00e9g\u00e8rement rembourr\u00e9es, renforc\u00e9es de nylon <\/span><\/li>\n<li class=\"tw-data-text tw-text-large tw-ta\" dir=\"ltr\" data-placeholder=\"Vertaling\" aria-label=\"Vertaalde tekst\" data-ved=\"2ahUKEwjJjo3P48eIAxVwzQIHHfqtEcIQ3ewLegQIBxAU\"><span class=\"Y2IQFc\" lang=\"fr\">Points de fixation renforc\u00e9s de nylon <\/span><\/li>\n<li class=\"tw-data-text tw-text-large tw-ta\" dir=\"ltr\" data-placeholder=\"Vertaling\" aria-label=\"Vertaalde tekst\" data-ved=\"2ahUKEwjJjo3P48eIAxVwzQIHHfqtEcIQ3ewLegQIBxAU\"><span class=\"Y2IQFc\" lang=\"fr\">Poids 300 grammes <\/span><\/li>\n<li class=\"tw-data-text tw-text-large tw-ta\" dir=\"ltr\" data-placeholder=\"Vertaling\" aria-label=\"Vertaalde tekst\" data-ved=\"2ahUKEwjJjo3P48eIAxVwzQIHHfqtEcIQ3ewLegQIBxAU\"><span class=\"Y2IQFc\" lang=\"fr\">Boucle de suspension au dos Fermeture \u00e9clair de la couleur du sac en haut <\/span><\/li>\n<li class=\"tw-data-text tw-text-large tw-ta\" dir=\"ltr\" data-placeholder=\"Vertaling\" aria-label=\"Vertaalde tekst\" data-ved=\"2ahUKEwjJjo3P48eIAxVwzQIHHfqtEcIQ3ewLegQIBxAU\"><span class=\"Y2IQFc\" lang=\"fr\">Facile \u00e0 nettoyer <\/span><\/li>\n<li class=\"tw-data-text tw-text-large tw-ta\" dir=\"ltr\" data-placeholder=\"Vertaling\" aria-label=\"Vertaalde tekst\" data-ved=\"2ahUKEwjJjo3P48eIAxVwzQIHHfqtEcIQ3ewLegQIBxAU\"><span class=\"Y2IQFc\" lang=\"fr\">Plaque de base en plastique renforc\u00e9 <\/span><\/li>\n<li class=\"tw-data-text tw-text-large tw-ta\" dir=\"ltr\" data-placeholder=\"Vertaling\" aria-label=\"Vertaalde tekst\" data-ved=\"2ahUKEwjJjo3P48eIAxVwzQIHHfqtEcIQ3ewLegQIBxAU\"><span class=\"Y2IQFc\" lang=\"fr\">Grande poche avant avec fermeture \u00e9clair 25 x 20 x 85 cm <\/span><\/li>\n<li class=\"tw-data-text tw-text-large tw-ta\" dir=\"ltr\" data-placeholder=\"Vertaling\" aria-label=\"Vertaalde tekst\" data-ved=\"2ahUKEwjJjo3P48eIAxVwzQIHHfqtEcIQ3ewLegQIBxAU\"><span class=\"Y2IQFc\" lang=\"fr\">Poche portefeuille avec fermeture \u00e9clair \u00e0 l&#8217;int\u00e9rieur <\/span><\/li>\n<li class=\"tw-data-text tw-text-large tw-ta\" dir=\"ltr\" data-placeholder=\"Vertaling\" aria-label=\"Vertaalde tekst\" data-ved=\"2ahUKEwjJjo3P48eIAxVwzQIHHfqtEcIQ3ewLegQIBxAU\"><span class=\"Y2IQFc\" lang=\"fr\">Porte-gobelet avec \u00e9lastique \u00e0 l&#8217;int\u00e9rieur <\/span><\/li>\n<li class=\"tw-data-text tw-text-large tw-ta\" dir=\"ltr\" data-placeholder=\"Vertaling\" aria-label=\"Vertaalde tekst\" data-ved=\"2ahUKEwjJjo3P48eIAxVwzQIHHfqtEcIQ3ewLegQIBxAU\"><span class=\"Y2IQFc\" lang=\"fr\">Pare-chocs (passepoil) tout autour Int\u00e9rieur fini en nylon, facile \u00e0 nettoyer <\/span><\/li>\n<li class=\"tw-data-text tw-text-large tw-ta\" dir=\"ltr\" data-placeholder=\"Vertaling\" aria-label=\"Vertaalde tekst\" data-ved=\"2ahUKEwjJjo3P48eIAxVwzQIHHfqtEcIQ3ewLegQIBxAU\"><span class=\"Y2IQFc\" lang=\"fr\">Exp\u00e9di\u00e9 rapidement et en toute s\u00e9curit\u00e9 par Kunstboer <\/span><\/li>\n<li class=\"tw-data-text tw-text-large tw-ta\" dir=\"ltr\" data-placeholder=\"Vertaling\" aria-label=\"Vertaalde tekst\" data-ved=\"2ahUKEwjJjo3P48eIAxVwzQIHHfqtEcIQ3ewLegQIBxAU\"><span class=\"Y2IQFc\" lang=\"fr\">1 an de garantie constructeur <\/span><\/li>\n<\/ul>\n<p><span class=\"Y2IQFc\" lang=\"fr\">Kunstboer propose une vaste collection de sacs, sacs \u00e0 dos, articles de toilette et bien plus encore pour les filles, les gar\u00e7ons et les adultes branch\u00e9s.<\/span><\/p>\n<script language='javascript' type='text\/javascript'>function getWR360PopupSkin(){return 'light_clean';}<\/script>","protected":false},"excerpt":{"rendered":"<p>Sac \u00e0 dos tr\u00e8s pratique pour l&#8217;\u00e9cole, le sport, les week-ends et les nuit\u00e9es. Bretelles extra longues avec renforts aux points d&#8217;attache. Ce sac est extr\u00eamement solide. 45 x 35 x 17 cm Fabriqu\u00e9 \u00e0 partir de mat\u00e9riaux recycl\u00e9s issus de l&#8217;industrie du v\u00eatement ; voir rapport avec les photos du produit Durable Bretelles ergonomiques [&hellip;]<\/p>\n","protected":false},"featured_media":140071,"comment_status":"open","ping_status":"closed","template":"","meta":{"_acf_changed":false},"product_brand":[],"product_cat":[730],"product_tag":[],"class_list":{"0":"post-140068","1":"product","2":"type-product","3":"status-publish","4":"has-post-thumbnail","6":"product_cat-tassen-fr","8":"first","9":"outofstock","10":"taxable","11":"shipping-taxable","12":"purchasable","13":"product-type-simple"},"composite_virtual":false,"composite_layout":"","composite_add_to_cart_form_location":"","composite_editable_in_cart":false,"composite_sold_individually_context":"","composite_shop_price_calc":"","composite_components":[],"composite_scenarios":[],"bundled_by":[],"bundle_stock_status":"outofstock","bundle_stock_quantity":0,"bundle_virtual":false,"bundle_layout":"","bundle_add_to_cart_form_location":"","bundle_editable_in_cart":false,"bundle_sold_individually_context":"","bundle_item_grouping":"","bundle_min_size":"","bundle_max_size":"","bundle_price":[],"bundled_items":[],"bundle_sell_ids":[],"acf":[],"yoast_head":"<!-- This site is optimized with the Yoast SEO plugin v26.8 - https:\/\/yoast.com\/product\/yoast-seo-wordpress\/ -->\n<title>Sac \u00e0 dos Pink poodle | Kunstboer<\/title>\n<meta name=\"robots\" content=\"index, follow, max-snippet:-1, max-image-preview:large, max-video-preview:-1\" \/>\n<link rel=\"canonical\" href=\"https:\/\/kunstboer.com\/produit\/rugzak-pink-poodle\/\" \/>\n<meta property=\"og:locale\" content=\"fr_FR\" \/>\n<meta property=\"og:type\" content=\"article\" \/>\n<meta property=\"og:title\" content=\"Sac \u00e0 dos Pink poodle | Kunstboer\" \/>\n<meta property=\"og:description\" content=\"Sac \u00e0 dos tr\u00e8s pratique pour l&#8217;\u00e9cole, le sport, les week-ends et les nuit\u00e9es. Bretelles extra longues avec renforts aux points d&#8217;attache. Ce sac est extr\u00eamement solide. 45 x 35 x 17 cm Fabriqu\u00e9 \u00e0 partir de mat\u00e9riaux recycl\u00e9s issus de l&#8217;industrie du v\u00eatement ; voir rapport avec les photos du produit Durable Bretelles ergonomiques [&hellip;]\" \/>\n<meta property=\"og:url\" content=\"https:\/\/kunstboer.com\/produit\/rugzak-pink-poodle\/\" \/>\n<meta property=\"og:site_name\" content=\"Kunstboer\" \/>\n<meta property=\"article:modified_time\" content=\"2025-02-08T21:41:11+00:00\" \/>\n<meta property=\"og:image\" content=\"http:\/\/kunstboer.com\/wp-content\/uploads\/2025\/02\/Capture-One-Catalog0430-scaled.jpeg\" \/>\n\t<meta property=\"og:image:width\" content=\"2560\" \/>\n\t<meta property=\"og:image:height\" content=\"1706\" \/>\n\t<meta property=\"og:image:type\" content=\"image\/jpeg\" \/>\n<meta name=\"twitter:card\" content=\"summary_large_image\" \/>\n<meta name=\"twitter:label1\" content=\"Dur\u00e9e de lecture estim\u00e9e\" \/>\n\t<meta name=\"twitter:data1\" content=\"2 minutes\" \/>\n<script type=\"application\/ld+json\" class=\"yoast-schema-graph\">{\"@context\":\"https:\/\/schema.org\",\"@graph\":[{\"@type\":\"WebPage\",\"@id\":\"https:\/\/kunstboer.com\/produit\/rugzak-pink-poodle\/\",\"url\":\"https:\/\/kunstboer.com\/produit\/rugzak-pink-poodle\/\",\"name\":\"Sac \u00e0 dos Pink poodle | Kunstboer\",\"isPartOf\":{\"@id\":\"https:\/\/kunstboer.com\/#website\"},\"primaryImageOfPage\":{\"@id\":\"https:\/\/kunstboer.com\/produit\/rugzak-pink-poodle\/#primaryimage\"},\"image\":{\"@id\":\"https:\/\/kunstboer.com\/produit\/rugzak-pink-poodle\/#primaryimage\"},\"thumbnailUrl\":\"https:\/\/kunstboer.com\/wp-content\/uploads\/2025\/02\/Capture-One-Catalog0430-scaled.jpeg\",\"datePublished\":\"2025-02-01T20:15:13+00:00\",\"dateModified\":\"2025-02-08T21:41:11+00:00\",\"breadcrumb\":{\"@id\":\"https:\/\/kunstboer.com\/produit\/rugzak-pink-poodle\/#breadcrumb\"},\"inLanguage\":\"fr-FR\",\"potentialAction\":[{\"@type\":\"ReadAction\",\"target\":[\"https:\/\/kunstboer.com\/produit\/rugzak-pink-poodle\/\"]}]},{\"@type\":\"ImageObject\",\"inLanguage\":\"fr-FR\",\"@id\":\"https:\/\/kunstboer.com\/produit\/rugzak-pink-poodle\/#primaryimage\",\"url\":\"https:\/\/kunstboer.com\/wp-content\/uploads\/2025\/02\/Capture-One-Catalog0430-scaled.jpeg\",\"contentUrl\":\"https:\/\/kunstboer.com\/wp-content\/uploads\/2025\/02\/Capture-One-Catalog0430-scaled.jpeg\",\"width\":2560,\"height\":1706},{\"@type\":\"BreadcrumbList\",\"@id\":\"https:\/\/kunstboer.com\/produit\/rugzak-pink-poodle\/#breadcrumb\",\"itemListElement\":[{\"@type\":\"ListItem\",\"position\":1,\"name\":\"Home\",\"item\":\"https:\/\/kunstboer.com\/fr\/\"},{\"@type\":\"ListItem\",\"position\":2,\"name\":\"E-Boutique\",\"item\":\"https:\/\/kunstboer.com\/shop\/\"},{\"@type\":\"ListItem\",\"position\":3,\"name\":\"Sac \u00e0 dos Pink poodle\"}]},{\"@type\":\"WebSite\",\"@id\":\"https:\/\/kunstboer.com\/#website\",\"url\":\"https:\/\/kunstboer.com\/\",\"name\":\"Kunstboer\",\"description\":\"Kleurrijk en verrassend merk\",\"potentialAction\":[{\"@type\":\"SearchAction\",\"target\":{\"@type\":\"EntryPoint\",\"urlTemplate\":\"https:\/\/kunstboer.com\/?s={search_term_string}\"},\"query-input\":{\"@type\":\"PropertyValueSpecification\",\"valueRequired\":true,\"valueName\":\"search_term_string\"}}],\"inLanguage\":\"fr-FR\"}]}<\/script>\n<!-- \/ Yoast SEO plugin. -->","yoast_head_json":{"title":"Sac \u00e0 dos Pink poodle | Kunstboer","robots":{"index":"index","follow":"follow","max-snippet":"max-snippet:-1","max-image-preview":"max-image-preview:large","max-video-preview":"max-video-preview:-1"},"canonical":"https:\/\/kunstboer.com\/produit\/rugzak-pink-poodle\/","og_locale":"fr_FR","og_type":"article","og_title":"Sac \u00e0 dos Pink poodle | Kunstboer","og_description":"Sac \u00e0 dos tr\u00e8s pratique pour l&#8217;\u00e9cole, le sport, les week-ends et les nuit\u00e9es. Bretelles extra longues avec renforts aux points d&#8217;attache. Ce sac est extr\u00eamement solide. 45 x 35 x 17 cm Fabriqu\u00e9 \u00e0 partir de mat\u00e9riaux recycl\u00e9s issus de l&#8217;industrie du v\u00eatement ; voir rapport avec les photos du produit Durable Bretelles ergonomiques [&hellip;]","og_url":"https:\/\/kunstboer.com\/produit\/rugzak-pink-poodle\/","og_site_name":"Kunstboer","article_modified_time":"2025-02-08T21:41:11+00:00","og_image":[{"width":2560,"height":1706,"url":"http:\/\/kunstboer.com\/wp-content\/uploads\/2025\/02\/Capture-One-Catalog0430-scaled.jpeg","type":"image\/jpeg"}],"twitter_card":"summary_large_image","twitter_misc":{"Dur\u00e9e de lecture estim\u00e9e":"2 minutes"},"schema":{"@context":"https:\/\/schema.org","@graph":[{"@type":"WebPage","@id":"https:\/\/kunstboer.com\/produit\/rugzak-pink-poodle\/","url":"https:\/\/kunstboer.com\/produit\/rugzak-pink-poodle\/","name":"Sac \u00e0 dos Pink poodle | Kunstboer","isPartOf":{"@id":"https:\/\/kunstboer.com\/#website"},"primaryImageOfPage":{"@id":"https:\/\/kunstboer.com\/produit\/rugzak-pink-poodle\/#primaryimage"},"image":{"@id":"https:\/\/kunstboer.com\/produit\/rugzak-pink-poodle\/#primaryimage"},"thumbnailUrl":"https:\/\/kunstboer.com\/wp-content\/uploads\/2025\/02\/Capture-One-Catalog0430-scaled.jpeg","datePublished":"2025-02-01T20:15:13+00:00","dateModified":"2025-02-08T21:41:11+00:00","breadcrumb":{"@id":"https:\/\/kunstboer.com\/produit\/rugzak-pink-poodle\/#breadcrumb"},"inLanguage":"fr-FR","potentialAction":[{"@type":"ReadAction","target":["https:\/\/kunstboer.com\/produit\/rugzak-pink-poodle\/"]}]},{"@type":"ImageObject","inLanguage":"fr-FR","@id":"https:\/\/kunstboer.com\/produit\/rugzak-pink-poodle\/#primaryimage","url":"https:\/\/kunstboer.com\/wp-content\/uploads\/2025\/02\/Capture-One-Catalog0430-scaled.jpeg","contentUrl":"https:\/\/kunstboer.com\/wp-content\/uploads\/2025\/02\/Capture-One-Catalog0430-scaled.jpeg","width":2560,"height":1706},{"@type":"BreadcrumbList","@id":"https:\/\/kunstboer.com\/produit\/rugzak-pink-poodle\/#breadcrumb","itemListElement":[{"@type":"ListItem","position":1,"name":"Home","item":"https:\/\/kunstboer.com\/fr\/"},{"@type":"ListItem","position":2,"name":"E-Boutique","item":"https:\/\/kunstboer.com\/shop\/"},{"@type":"ListItem","position":3,"name":"Sac \u00e0 dos Pink poodle"}]},{"@type":"WebSite","@id":"https:\/\/kunstboer.com\/#website","url":"https:\/\/kunstboer.com\/","name":"Kunstboer","description":"Kleurrijk en verrassend merk","potentialAction":[{"@type":"SearchAction","target":{"@type":"EntryPoint","urlTemplate":"https:\/\/kunstboer.com\/?s={search_term_string}"},"query-input":{"@type":"PropertyValueSpecification","valueRequired":true,"valueName":"search_term_string"}}],"inLanguage":"fr-FR"}]}},"_links":{"self":[{"href":"https:\/\/kunstboer.com\/fr\/wp-json\/wp\/v2\/product\/140068","targetHints":{"allow":["GET"]}}],"collection":[{"href":"https:\/\/kunstboer.com\/fr\/wp-json\/wp\/v2\/product"}],"about":[{"href":"https:\/\/kunstboer.com\/fr\/wp-json\/wp\/v2\/types\/product"}],"replies":[{"embeddable":true,"href":"https:\/\/kunstboer.com\/fr\/wp-json\/wp\/v2\/comments?post=140068"}],"wp:featuredmedia":[{"embeddable":true,"href":"https:\/\/kunstboer.com\/fr\/wp-json\/wp\/v2\/media\/140071"}],"wp:attachment":[{"href":"https:\/\/kunstboer.com\/fr\/wp-json\/wp\/v2\/media?parent=140068"}],"wp:term":[{"taxonomy":"product_brand","embeddable":true,"href":"https:\/\/kunstboer.com\/fr\/wp-json\/wp\/v2\/product_brand?post=140068"},{"taxonomy":"product_cat","embeddable":true,"href":"https:\/\/kunstboer.com\/fr\/wp-json\/wp\/v2\/product_cat?post=140068"},{"taxonomy":"product_tag","embeddable":true,"href":"https:\/\/kunstboer.com\/fr\/wp-json\/wp\/v2\/product_tag?post=140068"}],"curies":[{"name":"wp","href":"https:\/\/api.w.org\/{rel}","templated":true}]}}