{"id":139961,"date":"2024-11-08T16:22:39","date_gmt":"2024-11-08T16:22:43","guid":{"rendered":"https:\/\/kunstboer.com\/?post_type=product&#038;p=139961"},"modified":"2024-11-08T16:33:02","modified_gmt":"2024-11-08T16:33:02","slug":"trousse-chouette-et-renard-dans-la-foret","status":"publish","type":"product","link":"https:\/\/kunstboer.com\/fr\/produit\/trousse-chouette-et-renard-dans-la-foret\/","title":{"rendered":"Trousse  &#8211;  Chouette et renard dans la for\u00eat"},"content":{"rendered":"<p>Trousse tr\u00e8s pratique et flexible de taille moyenne avec un imprim\u00e9 Kunstboer d\u00e9cal\u00e9 d&#8217;une chouette et renard dans la for\u00eat<\/p>\n<p>24 x 17 x 5cm<\/p>\n<p>Pratique pour les stylos, les petites voitures, les petits objets, les travaux de couture, les serviettes hygi\u00e9niques.<\/p>\n<p>Pliable \u00e0 mettre dans votre sac lorsque l&#8217;\u00e9tui n&#8217;est pas utilis\u00e9.<\/p>\n<p>Doubl\u00e9 de nylon<\/p>\n<script language='javascript' type='text\/javascript'>function getWR360PopupSkin(){return 'light_clean';}<\/script>","protected":false},"excerpt":{"rendered":"<p>Trousse tr\u00e8s pratique et flexible de taille moyenne avec un imprim\u00e9 Kunstboer d\u00e9cal\u00e9 d&#8217;une chouette et renard dans la for\u00eat 24 x 17 x 5cm Pratique pour les stylos, les petites voitures, les petits objets, les travaux de couture, les serviettes hygi\u00e9niques. Pliable \u00e0 mettre dans votre sac lorsque l&#8217;\u00e9tui n&#8217;est pas utilis\u00e9. Doubl\u00e9 de [&hellip;]<\/p>\n","protected":false},"featured_media":139914,"comment_status":"open","ping_status":"closed","template":"","meta":{"_acf_changed":false},"product_brand":[],"product_cat":[692,695],"product_tag":[],"class_list":{"0":"post-139961","1":"product","2":"type-product","3":"status-publish","4":"has-post-thumbnail","6":"product_cat-portemonnees-fr","7":"product_cat-toilettassen-fr","9":"first","10":"instock","11":"taxable","12":"shipping-taxable","13":"purchasable","14":"product-type-simple"},"composite_virtual":false,"composite_layout":"","composite_add_to_cart_form_location":"","composite_editable_in_cart":false,"composite_sold_individually_context":"","composite_shop_price_calc":"","composite_components":[],"composite_scenarios":[],"bundled_by":[],"bundle_stock_status":"instock","bundle_stock_quantity":11,"bundle_virtual":false,"bundle_layout":"","bundle_add_to_cart_form_location":"","bundle_editable_in_cart":false,"bundle_sold_individually_context":"","bundle_item_grouping":"","bundle_min_size":"","bundle_max_size":"","bundle_price":[],"bundled_items":[],"bundle_sell_ids":[],"acf":[],"yoast_head":"<!-- This site is optimized with the Yoast SEO plugin v26.8 - https:\/\/yoast.com\/product\/yoast-seo-wordpress\/ -->\n<title>Trousse - Chouette et renard dans la for\u00eat | Kunstboer<\/title>\n<meta name=\"description\" content=\"sac \u00e0 dos chat avec lunettes, Vous cherchez un joli sac \u00e0 dos pour enfant ? Avec le sac \u00e0 dos chat. achetez un sac \u00e0 dos pour chat, avec ce sac \u00e0 dos de Kunstboer, vous volez la vedette ! Ce sac \u00e0 dos solide, design chat.\" \/>\n<meta name=\"robots\" content=\"index, follow, max-snippet:-1, max-image-preview:large, max-video-preview:-1\" \/>\n<link rel=\"canonical\" href=\"https:\/\/kunstboer.com\/fr\/produit\/trousse-chouette-et-renard-dans-la-foret\/\" \/>\n<meta property=\"og:locale\" content=\"fr_FR\" \/>\n<meta property=\"og:type\" content=\"article\" \/>\n<meta property=\"og:title\" content=\"Trousse - Chouette et renard dans la for\u00eat | Kunstboer\" \/>\n<meta property=\"og:description\" content=\"sac \u00e0 dos chat avec lunettes, Vous cherchez un joli sac \u00e0 dos pour enfant ? Avec le sac \u00e0 dos chat. achetez un sac \u00e0 dos pour chat, avec ce sac \u00e0 dos de Kunstboer, vous volez la vedette ! Ce sac \u00e0 dos solide, design chat.\" \/>\n<meta property=\"og:url\" content=\"https:\/\/kunstboer.com\/fr\/produit\/trousse-chouette-et-renard-dans-la-foret\/\" \/>\n<meta property=\"og:site_name\" content=\"Kunstboer\" \/>\n<meta property=\"article:modified_time\" content=\"2024-11-08T16:33:02+00:00\" \/>\n<meta property=\"og:image\" content=\"http:\/\/kunstboer.com\/wp-content\/uploads\/2024\/11\/IMG_9164.jpeg\" \/>\n\t<meta property=\"og:image:width\" content=\"725\" \/>\n\t<meta property=\"og:image:height\" content=\"898\" \/>\n\t<meta property=\"og:image:type\" content=\"image\/jpeg\" \/>\n<meta name=\"twitter:card\" content=\"summary_large_image\" \/>\n<meta name=\"twitter:label1\" content=\"Dur\u00e9e de lecture estim\u00e9e\" \/>\n\t<meta name=\"twitter:data1\" content=\"1 minute\" \/>\n<script type=\"application\/ld+json\" class=\"yoast-schema-graph\">{\"@context\":\"https:\/\/schema.org\",\"@graph\":[{\"@type\":\"WebPage\",\"@id\":\"https:\/\/kunstboer.com\/fr\/produit\/trousse-chouette-et-renard-dans-la-foret\/\",\"url\":\"https:\/\/kunstboer.com\/fr\/produit\/trousse-chouette-et-renard-dans-la-foret\/\",\"name\":\"Trousse - Chouette et renard dans la for\u00eat | Kunstboer\",\"isPartOf\":{\"@id\":\"https:\/\/kunstboer.com\/#website\"},\"primaryImageOfPage\":{\"@id\":\"https:\/\/kunstboer.com\/fr\/produit\/trousse-chouette-et-renard-dans-la-foret\/#primaryimage\"},\"image\":{\"@id\":\"https:\/\/kunstboer.com\/fr\/produit\/trousse-chouette-et-renard-dans-la-foret\/#primaryimage\"},\"thumbnailUrl\":\"https:\/\/kunstboer.com\/wp-content\/uploads\/2024\/11\/IMG_9164.jpeg\",\"datePublished\":\"2024-11-08T16:22:43+00:00\",\"dateModified\":\"2024-11-08T16:33:02+00:00\",\"description\":\"sac \u00e0 dos chat avec lunettes, Vous cherchez un joli sac \u00e0 dos pour enfant ? Avec le sac \u00e0 dos chat. achetez un sac \u00e0 dos pour chat, avec ce sac \u00e0 dos de Kunstboer, vous volez la vedette ! Ce sac \u00e0 dos solide, design chat.\",\"breadcrumb\":{\"@id\":\"https:\/\/kunstboer.com\/fr\/produit\/trousse-chouette-et-renard-dans-la-foret\/#breadcrumb\"},\"inLanguage\":\"fr-FR\",\"potentialAction\":[{\"@type\":\"ReadAction\",\"target\":[\"https:\/\/kunstboer.com\/fr\/produit\/trousse-chouette-et-renard-dans-la-foret\/\"]}]},{\"@type\":\"ImageObject\",\"inLanguage\":\"fr-FR\",\"@id\":\"https:\/\/kunstboer.com\/fr\/produit\/trousse-chouette-et-renard-dans-la-foret\/#primaryimage\",\"url\":\"https:\/\/kunstboer.com\/wp-content\/uploads\/2024\/11\/IMG_9164.jpeg\",\"contentUrl\":\"https:\/\/kunstboer.com\/wp-content\/uploads\/2024\/11\/IMG_9164.jpeg\",\"width\":725,\"height\":898},{\"@type\":\"BreadcrumbList\",\"@id\":\"https:\/\/kunstboer.com\/fr\/produit\/trousse-chouette-et-renard-dans-la-foret\/#breadcrumb\",\"itemListElement\":[{\"@type\":\"ListItem\",\"position\":1,\"name\":\"Home\",\"item\":\"https:\/\/kunstboer.com\/fr\/\"},{\"@type\":\"ListItem\",\"position\":2,\"name\":\"E-Boutique\",\"item\":\"https:\/\/kunstboer.com\/shop\/\"},{\"@type\":\"ListItem\",\"position\":3,\"name\":\"Trousse &#8211; Chouette et renard dans la for\u00eat\"}]},{\"@type\":\"WebSite\",\"@id\":\"https:\/\/kunstboer.com\/#website\",\"url\":\"https:\/\/kunstboer.com\/\",\"name\":\"Kunstboer\",\"description\":\"Kleurrijk en verrassend merk\",\"potentialAction\":[{\"@type\":\"SearchAction\",\"target\":{\"@type\":\"EntryPoint\",\"urlTemplate\":\"https:\/\/kunstboer.com\/?s={search_term_string}\"},\"query-input\":{\"@type\":\"PropertyValueSpecification\",\"valueRequired\":true,\"valueName\":\"search_term_string\"}}],\"inLanguage\":\"fr-FR\"}]}<\/script>\n<!-- \/ Yoast SEO plugin. -->","yoast_head_json":{"title":"Trousse - Chouette et renard dans la for\u00eat | Kunstboer","description":"sac \u00e0 dos chat avec lunettes, Vous cherchez un joli sac \u00e0 dos pour enfant ? Avec le sac \u00e0 dos chat. achetez un sac \u00e0 dos pour chat, avec ce sac \u00e0 dos de Kunstboer, vous volez la vedette ! Ce sac \u00e0 dos solide, design chat.","robots":{"index":"index","follow":"follow","max-snippet":"max-snippet:-1","max-image-preview":"max-image-preview:large","max-video-preview":"max-video-preview:-1"},"canonical":"https:\/\/kunstboer.com\/fr\/produit\/trousse-chouette-et-renard-dans-la-foret\/","og_locale":"fr_FR","og_type":"article","og_title":"Trousse - Chouette et renard dans la for\u00eat | Kunstboer","og_description":"sac \u00e0 dos chat avec lunettes, Vous cherchez un joli sac \u00e0 dos pour enfant ? Avec le sac \u00e0 dos chat. achetez un sac \u00e0 dos pour chat, avec ce sac \u00e0 dos de Kunstboer, vous volez la vedette ! Ce sac \u00e0 dos solide, design chat.","og_url":"https:\/\/kunstboer.com\/fr\/produit\/trousse-chouette-et-renard-dans-la-foret\/","og_site_name":"Kunstboer","article_modified_time":"2024-11-08T16:33:02+00:00","og_image":[{"width":725,"height":898,"url":"http:\/\/kunstboer.com\/wp-content\/uploads\/2024\/11\/IMG_9164.jpeg","type":"image\/jpeg"}],"twitter_card":"summary_large_image","twitter_misc":{"Dur\u00e9e de lecture estim\u00e9e":"1 minute"},"schema":{"@context":"https:\/\/schema.org","@graph":[{"@type":"WebPage","@id":"https:\/\/kunstboer.com\/fr\/produit\/trousse-chouette-et-renard-dans-la-foret\/","url":"https:\/\/kunstboer.com\/fr\/produit\/trousse-chouette-et-renard-dans-la-foret\/","name":"Trousse - Chouette et renard dans la for\u00eat | Kunstboer","isPartOf":{"@id":"https:\/\/kunstboer.com\/#website"},"primaryImageOfPage":{"@id":"https:\/\/kunstboer.com\/fr\/produit\/trousse-chouette-et-renard-dans-la-foret\/#primaryimage"},"image":{"@id":"https:\/\/kunstboer.com\/fr\/produit\/trousse-chouette-et-renard-dans-la-foret\/#primaryimage"},"thumbnailUrl":"https:\/\/kunstboer.com\/wp-content\/uploads\/2024\/11\/IMG_9164.jpeg","datePublished":"2024-11-08T16:22:43+00:00","dateModified":"2024-11-08T16:33:02+00:00","description":"sac \u00e0 dos chat avec lunettes, Vous cherchez un joli sac \u00e0 dos pour enfant ? Avec le sac \u00e0 dos chat. achetez un sac \u00e0 dos pour chat, avec ce sac \u00e0 dos de Kunstboer, vous volez la vedette ! Ce sac \u00e0 dos solide, design chat.","breadcrumb":{"@id":"https:\/\/kunstboer.com\/fr\/produit\/trousse-chouette-et-renard-dans-la-foret\/#breadcrumb"},"inLanguage":"fr-FR","potentialAction":[{"@type":"ReadAction","target":["https:\/\/kunstboer.com\/fr\/produit\/trousse-chouette-et-renard-dans-la-foret\/"]}]},{"@type":"ImageObject","inLanguage":"fr-FR","@id":"https:\/\/kunstboer.com\/fr\/produit\/trousse-chouette-et-renard-dans-la-foret\/#primaryimage","url":"https:\/\/kunstboer.com\/wp-content\/uploads\/2024\/11\/IMG_9164.jpeg","contentUrl":"https:\/\/kunstboer.com\/wp-content\/uploads\/2024\/11\/IMG_9164.jpeg","width":725,"height":898},{"@type":"BreadcrumbList","@id":"https:\/\/kunstboer.com\/fr\/produit\/trousse-chouette-et-renard-dans-la-foret\/#breadcrumb","itemListElement":[{"@type":"ListItem","position":1,"name":"Home","item":"https:\/\/kunstboer.com\/fr\/"},{"@type":"ListItem","position":2,"name":"E-Boutique","item":"https:\/\/kunstboer.com\/shop\/"},{"@type":"ListItem","position":3,"name":"Trousse &#8211; Chouette et renard dans la for\u00eat"}]},{"@type":"WebSite","@id":"https:\/\/kunstboer.com\/#website","url":"https:\/\/kunstboer.com\/","name":"Kunstboer","description":"Kleurrijk en verrassend merk","potentialAction":[{"@type":"SearchAction","target":{"@type":"EntryPoint","urlTemplate":"https:\/\/kunstboer.com\/?s={search_term_string}"},"query-input":{"@type":"PropertyValueSpecification","valueRequired":true,"valueName":"search_term_string"}}],"inLanguage":"fr-FR"}]}},"_links":{"self":[{"href":"https:\/\/kunstboer.com\/fr\/wp-json\/wp\/v2\/product\/139961","targetHints":{"allow":["GET"]}}],"collection":[{"href":"https:\/\/kunstboer.com\/fr\/wp-json\/wp\/v2\/product"}],"about":[{"href":"https:\/\/kunstboer.com\/fr\/wp-json\/wp\/v2\/types\/product"}],"replies":[{"embeddable":true,"href":"https:\/\/kunstboer.com\/fr\/wp-json\/wp\/v2\/comments?post=139961"}],"wp:featuredmedia":[{"embeddable":true,"href":"https:\/\/kunstboer.com\/fr\/wp-json\/wp\/v2\/media\/139914"}],"wp:attachment":[{"href":"https:\/\/kunstboer.com\/fr\/wp-json\/wp\/v2\/media?parent=139961"}],"wp:term":[{"taxonomy":"product_brand","embeddable":true,"href":"https:\/\/kunstboer.com\/fr\/wp-json\/wp\/v2\/product_brand?post=139961"},{"taxonomy":"product_cat","embeddable":true,"href":"https:\/\/kunstboer.com\/fr\/wp-json\/wp\/v2\/product_cat?post=139961"},{"taxonomy":"product_tag","embeddable":true,"href":"https:\/\/kunstboer.com\/fr\/wp-json\/wp\/v2\/product_tag?post=139961"}],"curies":[{"name":"wp","href":"https:\/\/api.w.org\/{rel}","templated":true}]}}