{"id":139811,"date":"2024-10-09T19:28:09","date_gmt":"2024-10-09T19:28:12","guid":{"rendered":"https:\/\/kunstboer.com\/?post_type=product&#038;p=139811"},"modified":"2024-10-09T19:49:25","modified_gmt":"2024-10-09T19:49:25","slug":"trousse-de-toilette-lapins-kopie","status":"publish","type":"product","link":"https:\/\/kunstboer.com\/fr\/produit\/trousse-de-toilette-lapins-kopie\/","title":{"rendered":"trousse de toilette Cheval"},"content":{"rendered":"<p>Trousse de toilette pratique avec un joyeux imprim\u00e9 fantaisie de Kunstboer. Facile \u00e0 nettoyer et finition en nylon \u00e0 l&#8217;int\u00e9rieur.<\/p>\n<ul>\n<li>23x16x9 cm<\/li>\n<li>Des pare-chocs tout autour<\/li>\n<li>Grande boucle de suspension sur le c\u00f4t\u00e9<\/li>\n<li>Fermeture \u00e9clair de la couleur de la trousse de toilette<\/li>\n<li>Tirette de fermeture \u00e9clair avec profil pour une meilleure adh\u00e9rence<\/li>\n<li>150 grammes<\/li>\n<li>Facile \u00e0 nettoyer, tant \u00e0 l&#8217;ext\u00e9rieur qu&#8217;\u00e0 l&#8217;int\u00e9rieur<\/li>\n<li>Exp\u00e9di\u00e9 rapidement et en toute s\u00e9curit\u00e9 par Kunstboer<\/li>\n<li>Garantie constructeur 1 an<\/li>\n<\/ul>\n<p>Kunstboer propose une vaste collection de sacs, sacs \u00e0 dos, articles de toilette et bien plus encore pour les filles, les gar\u00e7ons et les jeunes adultes branch\u00e9s.<\/p>\n<script language='javascript' type='text\/javascript'>function getWR360PopupSkin(){return 'light_clean';}<\/script>","protected":false},"excerpt":{"rendered":"<p>Trousse de toilette pratique avec un joyeux imprim\u00e9 fantaisie de Kunstboer. Facile \u00e0 nettoyer et finition en nylon \u00e0 l&#8217;int\u00e9rieur. 23x16x9 cm Des pare-chocs tout autour Grande boucle de suspension sur le c\u00f4t\u00e9 Fermeture \u00e9clair de la couleur de la trousse de toilette Tirette de fermeture \u00e9clair avec profil pour une meilleure adh\u00e9rence 150 grammes [&hellip;]<\/p>\n","protected":false},"featured_media":139897,"comment_status":"open","ping_status":"closed","template":"","meta":{"_acf_changed":false},"product_brand":[],"product_cat":[695],"product_tag":[],"class_list":{"0":"post-139811","1":"product","2":"type-product","3":"status-publish","4":"has-post-thumbnail","6":"product_cat-toilettassen-fr","8":"first","9":"instock","10":"taxable","11":"shipping-taxable","12":"purchasable","13":"product-type-simple"},"composite_virtual":false,"composite_layout":"","composite_add_to_cart_form_location":"","composite_editable_in_cart":false,"composite_sold_individually_context":"","composite_shop_price_calc":"","composite_components":[],"composite_scenarios":[],"bundled_by":[],"bundle_stock_status":"instock","bundle_stock_quantity":11,"bundle_virtual":false,"bundle_layout":"","bundle_add_to_cart_form_location":"","bundle_editable_in_cart":false,"bundle_sold_individually_context":"","bundle_item_grouping":"","bundle_min_size":"","bundle_max_size":"","bundle_price":[],"bundled_items":[],"bundle_sell_ids":[134333],"acf":[],"yoast_head":"<!-- This site is optimized with the Yoast SEO plugin v26.8 - https:\/\/yoast.com\/product\/yoast-seo-wordpress\/ -->\n<title>trousse de toilette cheval<\/title>\n<meta name=\"description\" content=\"trousse de toilette cheval\" \/>\n<meta name=\"robots\" content=\"index, follow, max-snippet:-1, max-image-preview:large, max-video-preview:-1\" \/>\n<link rel=\"canonical\" href=\"https:\/\/kunstboer.com\/fr\/produit\/trousse-de-toilette-lapins-kopie\/\" \/>\n<meta property=\"og:locale\" content=\"fr_FR\" \/>\n<meta property=\"og:type\" content=\"article\" \/>\n<meta property=\"og:title\" content=\"trousse de toilette cheval\" \/>\n<meta property=\"og:description\" content=\"trousse de toilette cheval\" \/>\n<meta property=\"og:url\" content=\"https:\/\/kunstboer.com\/fr\/produit\/trousse-de-toilette-lapins-kopie\/\" \/>\n<meta property=\"og:site_name\" content=\"Kunstboer\" \/>\n<meta property=\"article:modified_time\" content=\"2024-10-09T19:49:25+00:00\" \/>\n<meta name=\"twitter:card\" content=\"summary_large_image\" \/>\n<meta name=\"twitter:label1\" content=\"Dur\u00e9e de lecture estim\u00e9e\" \/>\n\t<meta name=\"twitter:data1\" content=\"1 minute\" \/>\n<script type=\"application\/ld+json\" class=\"yoast-schema-graph\">{\"@context\":\"https:\/\/schema.org\",\"@graph\":[{\"@type\":\"WebPage\",\"@id\":\"https:\/\/kunstboer.com\/fr\/produit\/trousse-de-toilette-lapins-kopie\/\",\"url\":\"https:\/\/kunstboer.com\/fr\/produit\/trousse-de-toilette-lapins-kopie\/\",\"name\":\"trousse de toilette cheval\",\"isPartOf\":{\"@id\":\"https:\/\/kunstboer.com\/#website\"},\"primaryImageOfPage\":{\"@id\":\"https:\/\/kunstboer.com\/fr\/produit\/trousse-de-toilette-lapins-kopie\/#primaryimage\"},\"image\":{\"@id\":\"https:\/\/kunstboer.com\/fr\/produit\/trousse-de-toilette-lapins-kopie\/#primaryimage\"},\"thumbnailUrl\":\"https:\/\/kunstboer.com\/wp-content\/uploads\/2024\/10\/IMG_9162.jpeg\",\"datePublished\":\"2024-10-09T19:28:12+00:00\",\"dateModified\":\"2024-10-09T19:49:25+00:00\",\"description\":\"trousse de toilette cheval\",\"breadcrumb\":{\"@id\":\"https:\/\/kunstboer.com\/fr\/produit\/trousse-de-toilette-lapins-kopie\/#breadcrumb\"},\"inLanguage\":\"fr-FR\",\"potentialAction\":[{\"@type\":\"ReadAction\",\"target\":[\"https:\/\/kunstboer.com\/fr\/produit\/trousse-de-toilette-lapins-kopie\/\"]}]},{\"@type\":\"ImageObject\",\"inLanguage\":\"fr-FR\",\"@id\":\"https:\/\/kunstboer.com\/fr\/produit\/trousse-de-toilette-lapins-kopie\/#primaryimage\",\"url\":\"https:\/\/kunstboer.com\/wp-content\/uploads\/2024\/10\/IMG_9162.jpeg\",\"contentUrl\":\"https:\/\/kunstboer.com\/wp-content\/uploads\/2024\/10\/IMG_9162.jpeg\",\"width\":750,\"height\":999},{\"@type\":\"BreadcrumbList\",\"@id\":\"https:\/\/kunstboer.com\/fr\/produit\/trousse-de-toilette-lapins-kopie\/#breadcrumb\",\"itemListElement\":[{\"@type\":\"ListItem\",\"position\":1,\"name\":\"Home\",\"item\":\"https:\/\/kunstboer.com\/fr\/\"},{\"@type\":\"ListItem\",\"position\":2,\"name\":\"E-Boutique\",\"item\":\"https:\/\/kunstboer.com\/shop\/\"},{\"@type\":\"ListItem\",\"position\":3,\"name\":\"trousse de toilette Cheval\"}]},{\"@type\":\"WebSite\",\"@id\":\"https:\/\/kunstboer.com\/#website\",\"url\":\"https:\/\/kunstboer.com\/\",\"name\":\"Kunstboer\",\"description\":\"Kleurrijk en verrassend merk\",\"potentialAction\":[{\"@type\":\"SearchAction\",\"target\":{\"@type\":\"EntryPoint\",\"urlTemplate\":\"https:\/\/kunstboer.com\/?s={search_term_string}\"},\"query-input\":{\"@type\":\"PropertyValueSpecification\",\"valueRequired\":true,\"valueName\":\"search_term_string\"}}],\"inLanguage\":\"fr-FR\"}]}<\/script>\n<!-- \/ Yoast SEO plugin. -->","yoast_head_json":{"title":"trousse de toilette cheval","description":"trousse de toilette cheval","robots":{"index":"index","follow":"follow","max-snippet":"max-snippet:-1","max-image-preview":"max-image-preview:large","max-video-preview":"max-video-preview:-1"},"canonical":"https:\/\/kunstboer.com\/fr\/produit\/trousse-de-toilette-lapins-kopie\/","og_locale":"fr_FR","og_type":"article","og_title":"trousse de toilette cheval","og_description":"trousse de toilette cheval","og_url":"https:\/\/kunstboer.com\/fr\/produit\/trousse-de-toilette-lapins-kopie\/","og_site_name":"Kunstboer","article_modified_time":"2024-10-09T19:49:25+00:00","twitter_card":"summary_large_image","twitter_misc":{"Dur\u00e9e de lecture estim\u00e9e":"1 minute"},"schema":{"@context":"https:\/\/schema.org","@graph":[{"@type":"WebPage","@id":"https:\/\/kunstboer.com\/fr\/produit\/trousse-de-toilette-lapins-kopie\/","url":"https:\/\/kunstboer.com\/fr\/produit\/trousse-de-toilette-lapins-kopie\/","name":"trousse de toilette cheval","isPartOf":{"@id":"https:\/\/kunstboer.com\/#website"},"primaryImageOfPage":{"@id":"https:\/\/kunstboer.com\/fr\/produit\/trousse-de-toilette-lapins-kopie\/#primaryimage"},"image":{"@id":"https:\/\/kunstboer.com\/fr\/produit\/trousse-de-toilette-lapins-kopie\/#primaryimage"},"thumbnailUrl":"https:\/\/kunstboer.com\/wp-content\/uploads\/2024\/10\/IMG_9162.jpeg","datePublished":"2024-10-09T19:28:12+00:00","dateModified":"2024-10-09T19:49:25+00:00","description":"trousse de toilette cheval","breadcrumb":{"@id":"https:\/\/kunstboer.com\/fr\/produit\/trousse-de-toilette-lapins-kopie\/#breadcrumb"},"inLanguage":"fr-FR","potentialAction":[{"@type":"ReadAction","target":["https:\/\/kunstboer.com\/fr\/produit\/trousse-de-toilette-lapins-kopie\/"]}]},{"@type":"ImageObject","inLanguage":"fr-FR","@id":"https:\/\/kunstboer.com\/fr\/produit\/trousse-de-toilette-lapins-kopie\/#primaryimage","url":"https:\/\/kunstboer.com\/wp-content\/uploads\/2024\/10\/IMG_9162.jpeg","contentUrl":"https:\/\/kunstboer.com\/wp-content\/uploads\/2024\/10\/IMG_9162.jpeg","width":750,"height":999},{"@type":"BreadcrumbList","@id":"https:\/\/kunstboer.com\/fr\/produit\/trousse-de-toilette-lapins-kopie\/#breadcrumb","itemListElement":[{"@type":"ListItem","position":1,"name":"Home","item":"https:\/\/kunstboer.com\/fr\/"},{"@type":"ListItem","position":2,"name":"E-Boutique","item":"https:\/\/kunstboer.com\/shop\/"},{"@type":"ListItem","position":3,"name":"trousse de toilette Cheval"}]},{"@type":"WebSite","@id":"https:\/\/kunstboer.com\/#website","url":"https:\/\/kunstboer.com\/","name":"Kunstboer","description":"Kleurrijk en verrassend merk","potentialAction":[{"@type":"SearchAction","target":{"@type":"EntryPoint","urlTemplate":"https:\/\/kunstboer.com\/?s={search_term_string}"},"query-input":{"@type":"PropertyValueSpecification","valueRequired":true,"valueName":"search_term_string"}}],"inLanguage":"fr-FR"}]}},"_links":{"self":[{"href":"https:\/\/kunstboer.com\/fr\/wp-json\/wp\/v2\/product\/139811","targetHints":{"allow":["GET"]}}],"collection":[{"href":"https:\/\/kunstboer.com\/fr\/wp-json\/wp\/v2\/product"}],"about":[{"href":"https:\/\/kunstboer.com\/fr\/wp-json\/wp\/v2\/types\/product"}],"replies":[{"embeddable":true,"href":"https:\/\/kunstboer.com\/fr\/wp-json\/wp\/v2\/comments?post=139811"}],"wp:featuredmedia":[{"embeddable":true,"href":"https:\/\/kunstboer.com\/fr\/wp-json\/wp\/v2\/media\/139897"}],"wp:attachment":[{"href":"https:\/\/kunstboer.com\/fr\/wp-json\/wp\/v2\/media?parent=139811"}],"wp:term":[{"taxonomy":"product_brand","embeddable":true,"href":"https:\/\/kunstboer.com\/fr\/wp-json\/wp\/v2\/product_brand?post=139811"},{"taxonomy":"product_cat","embeddable":true,"href":"https:\/\/kunstboer.com\/fr\/wp-json\/wp\/v2\/product_cat?post=139811"},{"taxonomy":"product_tag","embeddable":true,"href":"https:\/\/kunstboer.com\/fr\/wp-json\/wp\/v2\/product_tag?post=139811"}],"curies":[{"name":"wp","href":"https:\/\/api.w.org\/{rel}","templated":true}]}}