{"id":139496,"date":"2024-08-26T18:35:03","date_gmt":"2024-08-26T18:35:11","guid":{"rendered":"https:\/\/kunstboer.com\/?post_type=product&#038;p=139496"},"modified":"2024-09-16T16:42:28","modified_gmt":"2024-09-16T16:42:28","slug":"sac-a-bandouliere-chevaux-kopie","status":"publish","type":"product","link":"https:\/\/kunstboer.com\/fr\/produit\/sac-a-bandouliere-chevaux-kopie\/","title":{"rendered":"Sac \u00e0 bandouli\u00e8re  astronaute de l&#8217;espace"},"content":{"rendered":"<p>Grand sac bandouli\u00e8re tr\u00e8s pratique pour l&#8217;\u00e9cole, le sport, un s\u00e9jour ou un week-end. Une bandouli\u00e8re r\u00e9glable extra longue, renforc\u00e9e de toile. Ce sac est extr\u00eamement solide.<\/p>\n<p>&nbsp;<\/p>\n<ul>\n<li>Bandouli\u00e8re extra longue renforc\u00e9e en nylon<\/li>\n<li>Convient \u00e9galement aux adultes<\/li>\n<li>2 grands compartiments<\/li>\n<li>Points d&#8217;attache renforc\u00e9s<\/li>\n<li>Poids 350 gr.<\/li>\n<li>Pare-chocs (passepoil) tout autour<\/li>\n<li>Compartiment principal avec fermeture \u00e9clair de la couleur du sac<\/li>\n<li>Poche portefeuille avec fermeture \u00e9clair dans le compartiment principal<\/li>\n<li>Convient au format A4<\/li>\n<\/ul>\n<p>Kunstboer propose une vaste collection de sacs, sacs \u00e0 dos, articles de toilette et bien plus encore pour les filles, les gar\u00e7ons et les jeunes adultes branch\u00e9s.<\/p>\n<script language='javascript' type='text\/javascript'>function getWR360PopupSkin(){return 'light_clean';}<\/script>","protected":false},"excerpt":{"rendered":"<p>Grand sac bandouli\u00e8re tr\u00e8s pratique pour l&#8217;\u00e9cole, le sport, un s\u00e9jour ou un week-end. Une bandouli\u00e8re r\u00e9glable extra longue, renforc\u00e9e de toile. Ce sac est extr\u00eamement solide. &nbsp; Bandouli\u00e8re extra longue renforc\u00e9e en nylon Convient \u00e9galement aux adultes 2 grands compartiments Points d&#8217;attache renforc\u00e9s Poids 350 gr. Pare-chocs (passepoil) tout autour Compartiment principal avec fermeture [&hellip;]<\/p>\n","protected":false},"featured_media":139426,"comment_status":"open","ping_status":"closed","template":"","meta":{"_acf_changed":false},"product_brand":[],"product_cat":[730],"product_tag":[],"class_list":{"0":"post-139496","1":"product","2":"type-product","3":"status-publish","4":"has-post-thumbnail","6":"product_cat-tassen-fr","8":"first","9":"outofstock","10":"taxable","11":"shipping-taxable","12":"purchasable","13":"product-type-simple"},"composite_virtual":false,"composite_layout":"","composite_add_to_cart_form_location":"","composite_editable_in_cart":false,"composite_sold_individually_context":"","composite_shop_price_calc":"","composite_components":[],"composite_scenarios":[],"bundled_by":[],"bundle_stock_status":"outofstock","bundle_stock_quantity":0,"bundle_virtual":false,"bundle_layout":"","bundle_add_to_cart_form_location":"","bundle_editable_in_cart":false,"bundle_sold_individually_context":"","bundle_item_grouping":"","bundle_min_size":"","bundle_max_size":"","bundle_price":[],"bundled_items":[],"bundle_sell_ids":[],"acf":[],"yoast_head":"<!-- This site is optimized with the Yoast SEO plugin v26.8 - https:\/\/yoast.com\/product\/yoast-seo-wordpress\/ -->\n<title>Sac \u00e0 bandouli\u00e8re astronaute de l&#039;espace<\/title>\n<meta name=\"description\" content=\"Sac \u00e0 bandouli\u00e8re astronaute de l&#039;espace\" \/>\n<meta name=\"robots\" content=\"index, follow, max-snippet:-1, max-image-preview:large, max-video-preview:-1\" \/>\n<link rel=\"canonical\" href=\"https:\/\/kunstboer.com\/fr\/produit\/sac-a-bandouliere-chevaux-kopie\/\" \/>\n<meta property=\"og:locale\" content=\"fr_FR\" \/>\n<meta property=\"og:type\" content=\"article\" \/>\n<meta property=\"og:title\" content=\"Sac \u00e0 bandouli\u00e8re astronaute de l&#039;espace\" \/>\n<meta property=\"og:description\" content=\"Sac \u00e0 bandouli\u00e8re astronaute de l&#039;espace\" \/>\n<meta property=\"og:url\" content=\"https:\/\/kunstboer.com\/fr\/produit\/sac-a-bandouliere-chevaux-kopie\/\" \/>\n<meta property=\"og:site_name\" content=\"Kunstboer\" \/>\n<meta property=\"article:modified_time\" content=\"2024-09-16T16:42:28+00:00\" \/>\n<meta property=\"og:image\" content=\"http:\/\/kunstboer.com\/wp-content\/uploads\/2024\/08\/image00014.jpeg\" \/>\n\t<meta property=\"og:image:width\" content=\"700\" \/>\n\t<meta property=\"og:image:height\" content=\"700\" \/>\n\t<meta property=\"og:image:type\" content=\"image\/jpeg\" \/>\n<meta name=\"twitter:card\" content=\"summary_large_image\" \/>\n<meta name=\"twitter:label1\" content=\"Dur\u00e9e de lecture estim\u00e9e\" \/>\n\t<meta name=\"twitter:data1\" content=\"1 minute\" \/>\n<script type=\"application\/ld+json\" class=\"yoast-schema-graph\">{\"@context\":\"https:\/\/schema.org\",\"@graph\":[{\"@type\":\"WebPage\",\"@id\":\"https:\/\/kunstboer.com\/fr\/produit\/sac-a-bandouliere-chevaux-kopie\/\",\"url\":\"https:\/\/kunstboer.com\/fr\/produit\/sac-a-bandouliere-chevaux-kopie\/\",\"name\":\"Sac \u00e0 bandouli\u00e8re astronaute de l'espace\",\"isPartOf\":{\"@id\":\"https:\/\/kunstboer.com\/#website\"},\"primaryImageOfPage\":{\"@id\":\"https:\/\/kunstboer.com\/fr\/produit\/sac-a-bandouliere-chevaux-kopie\/#primaryimage\"},\"image\":{\"@id\":\"https:\/\/kunstboer.com\/fr\/produit\/sac-a-bandouliere-chevaux-kopie\/#primaryimage\"},\"thumbnailUrl\":\"https:\/\/kunstboer.com\/wp-content\/uploads\/2024\/08\/image00014.jpeg\",\"datePublished\":\"2024-08-26T18:35:11+00:00\",\"dateModified\":\"2024-09-16T16:42:28+00:00\",\"description\":\"Sac \u00e0 bandouli\u00e8re astronaute de l'espace\",\"breadcrumb\":{\"@id\":\"https:\/\/kunstboer.com\/fr\/produit\/sac-a-bandouliere-chevaux-kopie\/#breadcrumb\"},\"inLanguage\":\"fr-FR\",\"potentialAction\":[{\"@type\":\"ReadAction\",\"target\":[\"https:\/\/kunstboer.com\/fr\/produit\/sac-a-bandouliere-chevaux-kopie\/\"]}]},{\"@type\":\"ImageObject\",\"inLanguage\":\"fr-FR\",\"@id\":\"https:\/\/kunstboer.com\/fr\/produit\/sac-a-bandouliere-chevaux-kopie\/#primaryimage\",\"url\":\"https:\/\/kunstboer.com\/wp-content\/uploads\/2024\/08\/image00014.jpeg\",\"contentUrl\":\"https:\/\/kunstboer.com\/wp-content\/uploads\/2024\/08\/image00014.jpeg\",\"width\":700,\"height\":700},{\"@type\":\"BreadcrumbList\",\"@id\":\"https:\/\/kunstboer.com\/fr\/produit\/sac-a-bandouliere-chevaux-kopie\/#breadcrumb\",\"itemListElement\":[{\"@type\":\"ListItem\",\"position\":1,\"name\":\"Home\",\"item\":\"https:\/\/kunstboer.com\/fr\/\"},{\"@type\":\"ListItem\",\"position\":2,\"name\":\"E-Boutique\",\"item\":\"https:\/\/kunstboer.com\/shop\/\"},{\"@type\":\"ListItem\",\"position\":3,\"name\":\"Sac \u00e0 bandouli\u00e8re astronaute de l&#8217;espace\"}]},{\"@type\":\"WebSite\",\"@id\":\"https:\/\/kunstboer.com\/#website\",\"url\":\"https:\/\/kunstboer.com\/\",\"name\":\"Kunstboer\",\"description\":\"Kleurrijk en verrassend merk\",\"potentialAction\":[{\"@type\":\"SearchAction\",\"target\":{\"@type\":\"EntryPoint\",\"urlTemplate\":\"https:\/\/kunstboer.com\/?s={search_term_string}\"},\"query-input\":{\"@type\":\"PropertyValueSpecification\",\"valueRequired\":true,\"valueName\":\"search_term_string\"}}],\"inLanguage\":\"fr-FR\"}]}<\/script>\n<!-- \/ Yoast SEO plugin. -->","yoast_head_json":{"title":"Sac \u00e0 bandouli\u00e8re astronaute de l'espace","description":"Sac \u00e0 bandouli\u00e8re astronaute de l'espace","robots":{"index":"index","follow":"follow","max-snippet":"max-snippet:-1","max-image-preview":"max-image-preview:large","max-video-preview":"max-video-preview:-1"},"canonical":"https:\/\/kunstboer.com\/fr\/produit\/sac-a-bandouliere-chevaux-kopie\/","og_locale":"fr_FR","og_type":"article","og_title":"Sac \u00e0 bandouli\u00e8re astronaute de l'espace","og_description":"Sac \u00e0 bandouli\u00e8re astronaute de l'espace","og_url":"https:\/\/kunstboer.com\/fr\/produit\/sac-a-bandouliere-chevaux-kopie\/","og_site_name":"Kunstboer","article_modified_time":"2024-09-16T16:42:28+00:00","og_image":[{"width":700,"height":700,"url":"http:\/\/kunstboer.com\/wp-content\/uploads\/2024\/08\/image00014.jpeg","type":"image\/jpeg"}],"twitter_card":"summary_large_image","twitter_misc":{"Dur\u00e9e de lecture estim\u00e9e":"1 minute"},"schema":{"@context":"https:\/\/schema.org","@graph":[{"@type":"WebPage","@id":"https:\/\/kunstboer.com\/fr\/produit\/sac-a-bandouliere-chevaux-kopie\/","url":"https:\/\/kunstboer.com\/fr\/produit\/sac-a-bandouliere-chevaux-kopie\/","name":"Sac \u00e0 bandouli\u00e8re astronaute de l'espace","isPartOf":{"@id":"https:\/\/kunstboer.com\/#website"},"primaryImageOfPage":{"@id":"https:\/\/kunstboer.com\/fr\/produit\/sac-a-bandouliere-chevaux-kopie\/#primaryimage"},"image":{"@id":"https:\/\/kunstboer.com\/fr\/produit\/sac-a-bandouliere-chevaux-kopie\/#primaryimage"},"thumbnailUrl":"https:\/\/kunstboer.com\/wp-content\/uploads\/2024\/08\/image00014.jpeg","datePublished":"2024-08-26T18:35:11+00:00","dateModified":"2024-09-16T16:42:28+00:00","description":"Sac \u00e0 bandouli\u00e8re astronaute de l'espace","breadcrumb":{"@id":"https:\/\/kunstboer.com\/fr\/produit\/sac-a-bandouliere-chevaux-kopie\/#breadcrumb"},"inLanguage":"fr-FR","potentialAction":[{"@type":"ReadAction","target":["https:\/\/kunstboer.com\/fr\/produit\/sac-a-bandouliere-chevaux-kopie\/"]}]},{"@type":"ImageObject","inLanguage":"fr-FR","@id":"https:\/\/kunstboer.com\/fr\/produit\/sac-a-bandouliere-chevaux-kopie\/#primaryimage","url":"https:\/\/kunstboer.com\/wp-content\/uploads\/2024\/08\/image00014.jpeg","contentUrl":"https:\/\/kunstboer.com\/wp-content\/uploads\/2024\/08\/image00014.jpeg","width":700,"height":700},{"@type":"BreadcrumbList","@id":"https:\/\/kunstboer.com\/fr\/produit\/sac-a-bandouliere-chevaux-kopie\/#breadcrumb","itemListElement":[{"@type":"ListItem","position":1,"name":"Home","item":"https:\/\/kunstboer.com\/fr\/"},{"@type":"ListItem","position":2,"name":"E-Boutique","item":"https:\/\/kunstboer.com\/shop\/"},{"@type":"ListItem","position":3,"name":"Sac \u00e0 bandouli\u00e8re astronaute de l&#8217;espace"}]},{"@type":"WebSite","@id":"https:\/\/kunstboer.com\/#website","url":"https:\/\/kunstboer.com\/","name":"Kunstboer","description":"Kleurrijk en verrassend merk","potentialAction":[{"@type":"SearchAction","target":{"@type":"EntryPoint","urlTemplate":"https:\/\/kunstboer.com\/?s={search_term_string}"},"query-input":{"@type":"PropertyValueSpecification","valueRequired":true,"valueName":"search_term_string"}}],"inLanguage":"fr-FR"}]}},"_links":{"self":[{"href":"https:\/\/kunstboer.com\/fr\/wp-json\/wp\/v2\/product\/139496","targetHints":{"allow":["GET"]}}],"collection":[{"href":"https:\/\/kunstboer.com\/fr\/wp-json\/wp\/v2\/product"}],"about":[{"href":"https:\/\/kunstboer.com\/fr\/wp-json\/wp\/v2\/types\/product"}],"replies":[{"embeddable":true,"href":"https:\/\/kunstboer.com\/fr\/wp-json\/wp\/v2\/comments?post=139496"}],"wp:featuredmedia":[{"embeddable":true,"href":"https:\/\/kunstboer.com\/fr\/wp-json\/wp\/v2\/media\/139426"}],"wp:attachment":[{"href":"https:\/\/kunstboer.com\/fr\/wp-json\/wp\/v2\/media?parent=139496"}],"wp:term":[{"taxonomy":"product_brand","embeddable":true,"href":"https:\/\/kunstboer.com\/fr\/wp-json\/wp\/v2\/product_brand?post=139496"},{"taxonomy":"product_cat","embeddable":true,"href":"https:\/\/kunstboer.com\/fr\/wp-json\/wp\/v2\/product_cat?post=139496"},{"taxonomy":"product_tag","embeddable":true,"href":"https:\/\/kunstboer.com\/fr\/wp-json\/wp\/v2\/product_tag?post=139496"}],"curies":[{"name":"wp","href":"https:\/\/api.w.org\/{rel}","templated":true}]}}