{"id":137596,"date":"2023-08-24T11:11:42","date_gmt":"2023-08-24T11:11:45","guid":{"rendered":"https:\/\/kunstboer.com\/?post_type=product&#038;p=137596"},"modified":"2024-09-16T17:21:27","modified_gmt":"2024-09-16T17:21:27","slug":"sac-a-dos-pegasus-kopie","status":"publish","type":"product","link":"https:\/\/kunstboer.com\/fr\/produit\/sac-a-dos-pegasus-kopie\/","title":{"rendered":"Sac a dos Lapin"},"content":{"rendered":"<p>Sac \u00e0 dos de taille moyenne tr\u00e8s pratique pour l&#8217;\u00e9cole, le sport, les week-ends et les nuit\u00e9es. Bretelles extra longues avec renforts aux points d&#8217;attache. Ce sac est extr\u00eamement solide.<\/p>\n<ul>\n<li>24x28x12 cm<\/li>\n<li>Bretelles extra longues l\u00e9g\u00e8rement rembourr\u00e9es, renforc\u00e9es de nylon<\/li>\n<li>Points de fixation renforc\u00e9s avec du nylon et des clous<\/li>\n<li>Poids 300 grammes<\/li>\n<li>Boucle de suspension au dos<\/li>\n<li>Fermeture \u00e9clair de la couleur du sac en haut<\/li>\n<li>Facile \u00e0 nettoyer<\/li>\n<li>Plaque de base en plastique renforc\u00e9<\/li>\n<li>Poche portefeuille avec fermeture \u00e9clair \u00e0 l&#8217;int\u00e9rieur<\/li>\n<li>Porte-gobelet avec \u00e9lastique \u00e0 l&#8217;int\u00e9rieur<\/li>\n<li>Pare-chocs tout autour<\/li>\n<li>Bo\u00eete nominative transparente au dos<\/li>\n<li>Int\u00e9rieur fini en nylon, facile \u00e0 nettoyer<\/li>\n<li>Exp\u00e9di\u00e9 rapidement et en toute s\u00e9curit\u00e9 par Kunstboer<\/li>\n<li>Garantie constructeur 1 an<\/li>\n<\/ul>\n<p>Kunstboer propose une vaste collection de sacs, sacs \u00e0 dos, articles de toilette et bien plus encore pour les filles, les gar\u00e7ons et les adultes branch\u00e9s.<\/p>\n<script language='javascript' type='text\/javascript'>function getWR360PopupSkin(){return 'light_clean';}<\/script>","protected":false},"excerpt":{"rendered":"<p>Sac \u00e0 dos de taille moyenne tr\u00e8s pratique pour l&#8217;\u00e9cole, le sport, les week-ends et les nuit\u00e9es. Bretelles extra longues avec renforts aux points d&#8217;attache. Ce sac est extr\u00eamement solide. 24x28x12 cm Bretelles extra longues l\u00e9g\u00e8rement rembourr\u00e9es, renforc\u00e9es de nylon Points de fixation renforc\u00e9s avec du nylon et des clous Poids 300 grammes Boucle de [&hellip;]<\/p>\n","protected":false},"featured_media":138444,"comment_status":"open","ping_status":"closed","template":"","meta":{"_acf_changed":false},"product_brand":[],"product_cat":[730],"product_tag":[],"class_list":{"0":"post-137596","1":"product","2":"type-product","3":"status-publish","4":"has-post-thumbnail","6":"product_cat-tassen-fr","8":"first","9":"instock","10":"taxable","11":"shipping-taxable","12":"purchasable","13":"product-type-simple"},"composite_virtual":false,"composite_layout":"","composite_add_to_cart_form_location":"","composite_editable_in_cart":false,"composite_sold_individually_context":"","composite_shop_price_calc":"","composite_components":[],"composite_scenarios":[],"bundled_by":[],"bundle_stock_status":"instock","bundle_stock_quantity":25,"bundle_virtual":false,"bundle_layout":"","bundle_add_to_cart_form_location":"","bundle_editable_in_cart":false,"bundle_sold_individually_context":"","bundle_item_grouping":"","bundle_min_size":"","bundle_max_size":"","bundle_price":[],"bundled_items":[],"bundle_sell_ids":[],"acf":[],"yoast_head":"<!-- This site is optimized with the Yoast SEO plugin v26.8 - https:\/\/yoast.com\/product\/yoast-seo-wordpress\/ -->\n<title>Sac a dos Lapin<\/title>\n<meta name=\"description\" content=\"Sac a dos Lapin\" \/>\n<meta name=\"robots\" content=\"index, follow, max-snippet:-1, max-image-preview:large, max-video-preview:-1\" \/>\n<link rel=\"canonical\" href=\"https:\/\/kunstboer.com\/fr\/produit\/sac-a-dos-pegasus-kopie\/\" \/>\n<meta property=\"og:locale\" content=\"fr_FR\" \/>\n<meta property=\"og:type\" content=\"article\" \/>\n<meta property=\"og:title\" content=\"Sac a dos Lapin\" \/>\n<meta property=\"og:description\" content=\"Sac a dos Lapin\" \/>\n<meta property=\"og:url\" content=\"https:\/\/kunstboer.com\/fr\/produit\/sac-a-dos-pegasus-kopie\/\" \/>\n<meta property=\"og:site_name\" content=\"Kunstboer\" \/>\n<meta property=\"article:modified_time\" content=\"2024-09-16T17:21:27+00:00\" \/>\n<meta property=\"og:image\" content=\"http:\/\/kunstboer.com\/wp-content\/uploads\/2023\/08\/lb015v.jpg\" \/>\n\t<meta property=\"og:image:width\" content=\"1000\" \/>\n\t<meta property=\"og:image:height\" content=\"1000\" \/>\n\t<meta property=\"og:image:type\" content=\"image\/jpeg\" \/>\n<meta name=\"twitter:card\" content=\"summary_large_image\" \/>\n<meta name=\"twitter:label1\" content=\"Dur\u00e9e de lecture estim\u00e9e\" \/>\n\t<meta name=\"twitter:data1\" content=\"2 minutes\" \/>\n<script type=\"application\/ld+json\" class=\"yoast-schema-graph\">{\"@context\":\"https:\/\/schema.org\",\"@graph\":[{\"@type\":\"WebPage\",\"@id\":\"https:\/\/kunstboer.com\/fr\/produit\/sac-a-dos-pegasus-kopie\/\",\"url\":\"https:\/\/kunstboer.com\/fr\/produit\/sac-a-dos-pegasus-kopie\/\",\"name\":\"Sac a dos Lapin\",\"isPartOf\":{\"@id\":\"https:\/\/kunstboer.com\/#website\"},\"primaryImageOfPage\":{\"@id\":\"https:\/\/kunstboer.com\/fr\/produit\/sac-a-dos-pegasus-kopie\/#primaryimage\"},\"image\":{\"@id\":\"https:\/\/kunstboer.com\/fr\/produit\/sac-a-dos-pegasus-kopie\/#primaryimage\"},\"thumbnailUrl\":\"https:\/\/kunstboer.com\/wp-content\/uploads\/2023\/08\/lb015v.jpg\",\"datePublished\":\"2023-08-24T11:11:45+00:00\",\"dateModified\":\"2024-09-16T17:21:27+00:00\",\"description\":\"Sac a dos Lapin\",\"breadcrumb\":{\"@id\":\"https:\/\/kunstboer.com\/fr\/produit\/sac-a-dos-pegasus-kopie\/#breadcrumb\"},\"inLanguage\":\"fr-FR\",\"potentialAction\":[{\"@type\":\"ReadAction\",\"target\":[\"https:\/\/kunstboer.com\/fr\/produit\/sac-a-dos-pegasus-kopie\/\"]}]},{\"@type\":\"ImageObject\",\"inLanguage\":\"fr-FR\",\"@id\":\"https:\/\/kunstboer.com\/fr\/produit\/sac-a-dos-pegasus-kopie\/#primaryimage\",\"url\":\"https:\/\/kunstboer.com\/wp-content\/uploads\/2023\/08\/lb015v.jpg\",\"contentUrl\":\"https:\/\/kunstboer.com\/wp-content\/uploads\/2023\/08\/lb015v.jpg\",\"width\":1000,\"height\":1000},{\"@type\":\"BreadcrumbList\",\"@id\":\"https:\/\/kunstboer.com\/fr\/produit\/sac-a-dos-pegasus-kopie\/#breadcrumb\",\"itemListElement\":[{\"@type\":\"ListItem\",\"position\":1,\"name\":\"Home\",\"item\":\"https:\/\/kunstboer.com\/fr\/\"},{\"@type\":\"ListItem\",\"position\":2,\"name\":\"E-Boutique\",\"item\":\"https:\/\/kunstboer.com\/shop\/\"},{\"@type\":\"ListItem\",\"position\":3,\"name\":\"Sac a dos Lapin\"}]},{\"@type\":\"WebSite\",\"@id\":\"https:\/\/kunstboer.com\/#website\",\"url\":\"https:\/\/kunstboer.com\/\",\"name\":\"Kunstboer\",\"description\":\"Kleurrijk en verrassend merk\",\"potentialAction\":[{\"@type\":\"SearchAction\",\"target\":{\"@type\":\"EntryPoint\",\"urlTemplate\":\"https:\/\/kunstboer.com\/?s={search_term_string}\"},\"query-input\":{\"@type\":\"PropertyValueSpecification\",\"valueRequired\":true,\"valueName\":\"search_term_string\"}}],\"inLanguage\":\"fr-FR\"}]}<\/script>\n<!-- \/ Yoast SEO plugin. -->","yoast_head_json":{"title":"Sac a dos Lapin","description":"Sac a dos Lapin","robots":{"index":"index","follow":"follow","max-snippet":"max-snippet:-1","max-image-preview":"max-image-preview:large","max-video-preview":"max-video-preview:-1"},"canonical":"https:\/\/kunstboer.com\/fr\/produit\/sac-a-dos-pegasus-kopie\/","og_locale":"fr_FR","og_type":"article","og_title":"Sac a dos Lapin","og_description":"Sac a dos Lapin","og_url":"https:\/\/kunstboer.com\/fr\/produit\/sac-a-dos-pegasus-kopie\/","og_site_name":"Kunstboer","article_modified_time":"2024-09-16T17:21:27+00:00","og_image":[{"width":1000,"height":1000,"url":"http:\/\/kunstboer.com\/wp-content\/uploads\/2023\/08\/lb015v.jpg","type":"image\/jpeg"}],"twitter_card":"summary_large_image","twitter_misc":{"Dur\u00e9e de lecture estim\u00e9e":"2 minutes"},"schema":{"@context":"https:\/\/schema.org","@graph":[{"@type":"WebPage","@id":"https:\/\/kunstboer.com\/fr\/produit\/sac-a-dos-pegasus-kopie\/","url":"https:\/\/kunstboer.com\/fr\/produit\/sac-a-dos-pegasus-kopie\/","name":"Sac a dos Lapin","isPartOf":{"@id":"https:\/\/kunstboer.com\/#website"},"primaryImageOfPage":{"@id":"https:\/\/kunstboer.com\/fr\/produit\/sac-a-dos-pegasus-kopie\/#primaryimage"},"image":{"@id":"https:\/\/kunstboer.com\/fr\/produit\/sac-a-dos-pegasus-kopie\/#primaryimage"},"thumbnailUrl":"https:\/\/kunstboer.com\/wp-content\/uploads\/2023\/08\/lb015v.jpg","datePublished":"2023-08-24T11:11:45+00:00","dateModified":"2024-09-16T17:21:27+00:00","description":"Sac a dos Lapin","breadcrumb":{"@id":"https:\/\/kunstboer.com\/fr\/produit\/sac-a-dos-pegasus-kopie\/#breadcrumb"},"inLanguage":"fr-FR","potentialAction":[{"@type":"ReadAction","target":["https:\/\/kunstboer.com\/fr\/produit\/sac-a-dos-pegasus-kopie\/"]}]},{"@type":"ImageObject","inLanguage":"fr-FR","@id":"https:\/\/kunstboer.com\/fr\/produit\/sac-a-dos-pegasus-kopie\/#primaryimage","url":"https:\/\/kunstboer.com\/wp-content\/uploads\/2023\/08\/lb015v.jpg","contentUrl":"https:\/\/kunstboer.com\/wp-content\/uploads\/2023\/08\/lb015v.jpg","width":1000,"height":1000},{"@type":"BreadcrumbList","@id":"https:\/\/kunstboer.com\/fr\/produit\/sac-a-dos-pegasus-kopie\/#breadcrumb","itemListElement":[{"@type":"ListItem","position":1,"name":"Home","item":"https:\/\/kunstboer.com\/fr\/"},{"@type":"ListItem","position":2,"name":"E-Boutique","item":"https:\/\/kunstboer.com\/shop\/"},{"@type":"ListItem","position":3,"name":"Sac a dos Lapin"}]},{"@type":"WebSite","@id":"https:\/\/kunstboer.com\/#website","url":"https:\/\/kunstboer.com\/","name":"Kunstboer","description":"Kleurrijk en verrassend merk","potentialAction":[{"@type":"SearchAction","target":{"@type":"EntryPoint","urlTemplate":"https:\/\/kunstboer.com\/?s={search_term_string}"},"query-input":{"@type":"PropertyValueSpecification","valueRequired":true,"valueName":"search_term_string"}}],"inLanguage":"fr-FR"}]}},"_links":{"self":[{"href":"https:\/\/kunstboer.com\/fr\/wp-json\/wp\/v2\/product\/137596","targetHints":{"allow":["GET"]}}],"collection":[{"href":"https:\/\/kunstboer.com\/fr\/wp-json\/wp\/v2\/product"}],"about":[{"href":"https:\/\/kunstboer.com\/fr\/wp-json\/wp\/v2\/types\/product"}],"replies":[{"embeddable":true,"href":"https:\/\/kunstboer.com\/fr\/wp-json\/wp\/v2\/comments?post=137596"}],"wp:featuredmedia":[{"embeddable":true,"href":"https:\/\/kunstboer.com\/fr\/wp-json\/wp\/v2\/media\/138444"}],"wp:attachment":[{"href":"https:\/\/kunstboer.com\/fr\/wp-json\/wp\/v2\/media?parent=137596"}],"wp:term":[{"taxonomy":"product_brand","embeddable":true,"href":"https:\/\/kunstboer.com\/fr\/wp-json\/wp\/v2\/product_brand?post=137596"},{"taxonomy":"product_cat","embeddable":true,"href":"https:\/\/kunstboer.com\/fr\/wp-json\/wp\/v2\/product_cat?post=137596"},{"taxonomy":"product_tag","embeddable":true,"href":"https:\/\/kunstboer.com\/fr\/wp-json\/wp\/v2\/product_tag?post=137596"}],"curies":[{"name":"wp","href":"https:\/\/api.w.org\/{rel}","templated":true}]}}