{"id":137584,"date":"2023-08-24T10:53:21","date_gmt":"2023-08-24T10:53:21","guid":{"rendered":"https:\/\/kunstboer.com\/?post_type=product&#038;p=137584"},"modified":"2024-09-16T18:16:19","modified_gmt":"2024-09-16T18:16:19","slug":"petit-sac-chat-retro-kopie","status":"publish","type":"product","link":"https:\/\/kunstboer.com\/fr\/produit\/petit-sac-chat-retro-kopie\/","title":{"rendered":"Petit sac Chat faire les magasins"},"content":{"rendered":"<div class=\"J0lOec\">\n<p>Petit sac bandouli\u00e8re tr\u00e8s pratique pour l&#8217;\u00e9cole, le sport et les nuit\u00e9es. Bandouli\u00e8re extra longue avec renforts aux points d&#8217;attache.<\/p>\n<ul>\n<li>23x16x9 cm<\/li>\n<li>Bandouli\u00e8re extra longue renforc\u00e9e en nylon<\/li>\n<li>Poche int\u00e9rieure avec fermeture \u00e9clair<\/li>\n<li>Poids 300 grammes<\/li>\n<li>Fermeture \u00e9clair de la couleur du sac en haut<\/li>\n<li>Facile \u00e0 nettoyer<\/li>\n<li>Int\u00e9rieur fini en nylon, facile \u00e0 nettoyer<\/li>\n<li>Pare-chocs (passepoil) tout autour<\/li>\n<li>Exp\u00e9di\u00e9 rapidement et en toute s\u00e9curit\u00e9 par Kunstboer<\/li>\n<li>Garantie constructeur 1 an<\/li>\n<\/ul>\n<p>Kunstboer propose une vaste collection de sacs, sacs \u00e0 dos, articles de toilette et bien plus encore pour les filles, les gar\u00e7ons et les jeunes adultes branch\u00e9s.<\/p>\n<\/div>\n<script language='javascript' type='text\/javascript'>function getWR360PopupSkin(){return 'light_clean';}<\/script>","protected":false},"excerpt":{"rendered":"<p>Petit sac bandouli\u00e8re tr\u00e8s pratique pour l&#8217;\u00e9cole, le sport et les nuit\u00e9es. Bandouli\u00e8re extra longue avec renforts aux points d&#8217;attache. 23x16x9 cm Bandouli\u00e8re extra longue renforc\u00e9e en nylon Poche int\u00e9rieure avec fermeture \u00e9clair Poids 300 grammes Fermeture \u00e9clair de la couleur du sac en haut Facile \u00e0 nettoyer Int\u00e9rieur fini en nylon, facile \u00e0 nettoyer [&hellip;]<\/p>\n","protected":false},"featured_media":138340,"comment_status":"open","ping_status":"closed","template":"","meta":{"_acf_changed":false},"product_brand":[],"product_cat":[283],"product_tag":[],"class_list":{"0":"post-137584","1":"product","2":"type-product","3":"status-publish","4":"has-post-thumbnail","6":"product_cat-backpacks","8":"first","9":"instock","10":"taxable","11":"shipping-taxable","12":"purchasable","13":"product-type-simple"},"composite_virtual":false,"composite_layout":"","composite_add_to_cart_form_location":"","composite_editable_in_cart":false,"composite_sold_individually_context":"","composite_shop_price_calc":"","composite_components":[],"composite_scenarios":[],"bundled_by":[],"bundle_stock_status":"instock","bundle_stock_quantity":24,"bundle_virtual":false,"bundle_layout":"","bundle_add_to_cart_form_location":"","bundle_editable_in_cart":false,"bundle_sold_individually_context":"","bundle_item_grouping":"","bundle_min_size":"","bundle_max_size":"","bundle_price":[],"bundled_items":[],"bundle_sell_ids":[134485],"acf":[],"yoast_head":"<!-- This site is optimized with the Yoast SEO plugin v26.8 - https:\/\/yoast.com\/product\/yoast-seo-wordpress\/ -->\n<title>Petit sac Chat faire les magasins<\/title>\n<meta name=\"description\" content=\"Petit sac Chat faire les magasins\" \/>\n<meta name=\"robots\" content=\"index, follow, max-snippet:-1, max-image-preview:large, max-video-preview:-1\" \/>\n<link rel=\"canonical\" href=\"https:\/\/kunstboer.com\/en\/produit\/smallbag-cat\/\" \/>\n<meta property=\"og:locale\" content=\"fr_FR\" \/>\n<meta property=\"og:type\" content=\"article\" \/>\n<meta property=\"og:title\" content=\"Petit sac Chat faire les magasins\" \/>\n<meta property=\"og:description\" content=\"Petit sac Chat faire les magasins\" \/>\n<meta property=\"og:url\" content=\"https:\/\/kunstboer.com\/en\/produit\/smallbag-cat\/\" \/>\n<meta property=\"og:site_name\" content=\"Kunstboer\" \/>\n<meta property=\"article:modified_time\" content=\"2024-09-16T18:16:19+00:00\" \/>\n<meta property=\"og:image\" content=\"http:\/\/kunstboer.com\/wp-content\/uploads\/2023\/10\/XG002d.jpg\" \/>\n\t<meta property=\"og:image:width\" content=\"1000\" \/>\n\t<meta property=\"og:image:height\" content=\"1000\" \/>\n\t<meta property=\"og:image:type\" content=\"image\/jpeg\" \/>\n<meta name=\"twitter:card\" content=\"summary_large_image\" \/>\n<meta name=\"twitter:label1\" content=\"Dur\u00e9e de lecture estim\u00e9e\" \/>\n\t<meta name=\"twitter:data1\" content=\"1 minute\" \/>\n<script type=\"application\/ld+json\" class=\"yoast-schema-graph\">{\"@context\":\"https:\/\/schema.org\",\"@graph\":[{\"@type\":\"WebPage\",\"@id\":\"https:\/\/kunstboer.com\/en\/produit\/smallbag-cat\/\",\"url\":\"https:\/\/kunstboer.com\/en\/produit\/smallbag-cat\/\",\"name\":\"Petit sac Chat faire les magasins\",\"isPartOf\":{\"@id\":\"https:\/\/kunstboer.com\/#website\"},\"primaryImageOfPage\":{\"@id\":\"https:\/\/kunstboer.com\/en\/produit\/smallbag-cat\/#primaryimage\"},\"image\":{\"@id\":\"https:\/\/kunstboer.com\/en\/produit\/smallbag-cat\/#primaryimage\"},\"thumbnailUrl\":\"https:\/\/kunstboer.com\/wp-content\/uploads\/2023\/10\/XG002d.jpg\",\"datePublished\":\"2023-08-24T10:53:21+00:00\",\"dateModified\":\"2024-09-16T18:16:19+00:00\",\"description\":\"Petit sac Chat faire les magasins\",\"breadcrumb\":{\"@id\":\"https:\/\/kunstboer.com\/en\/produit\/smallbag-cat\/#breadcrumb\"},\"inLanguage\":\"fr-FR\",\"potentialAction\":[{\"@type\":\"ReadAction\",\"target\":[\"https:\/\/kunstboer.com\/en\/produit\/smallbag-cat\/\"]}]},{\"@type\":\"ImageObject\",\"inLanguage\":\"fr-FR\",\"@id\":\"https:\/\/kunstboer.com\/en\/produit\/smallbag-cat\/#primaryimage\",\"url\":\"https:\/\/kunstboer.com\/wp-content\/uploads\/2023\/10\/XG002d.jpg\",\"contentUrl\":\"https:\/\/kunstboer.com\/wp-content\/uploads\/2023\/10\/XG002d.jpg\",\"width\":1000,\"height\":1000},{\"@type\":\"BreadcrumbList\",\"@id\":\"https:\/\/kunstboer.com\/en\/produit\/smallbag-cat\/#breadcrumb\",\"itemListElement\":[{\"@type\":\"ListItem\",\"position\":1,\"name\":\"Home\",\"item\":\"https:\/\/kunstboer.com\/fr\/\"},{\"@type\":\"ListItem\",\"position\":2,\"name\":\"E-Boutique\",\"item\":\"https:\/\/kunstboer.com\/shop\/\"},{\"@type\":\"ListItem\",\"position\":3,\"name\":\"Petit sac Chat faire les magasins\"}]},{\"@type\":\"WebSite\",\"@id\":\"https:\/\/kunstboer.com\/#website\",\"url\":\"https:\/\/kunstboer.com\/\",\"name\":\"Kunstboer\",\"description\":\"Kleurrijk en verrassend merk\",\"potentialAction\":[{\"@type\":\"SearchAction\",\"target\":{\"@type\":\"EntryPoint\",\"urlTemplate\":\"https:\/\/kunstboer.com\/?s={search_term_string}\"},\"query-input\":{\"@type\":\"PropertyValueSpecification\",\"valueRequired\":true,\"valueName\":\"search_term_string\"}}],\"inLanguage\":\"fr-FR\"}]}<\/script>\n<!-- \/ Yoast SEO plugin. -->","yoast_head_json":{"title":"Petit sac Chat faire les magasins","description":"Petit sac Chat faire les magasins","robots":{"index":"index","follow":"follow","max-snippet":"max-snippet:-1","max-image-preview":"max-image-preview:large","max-video-preview":"max-video-preview:-1"},"canonical":"https:\/\/kunstboer.com\/en\/produit\/smallbag-cat\/","og_locale":"fr_FR","og_type":"article","og_title":"Petit sac Chat faire les magasins","og_description":"Petit sac Chat faire les magasins","og_url":"https:\/\/kunstboer.com\/en\/produit\/smallbag-cat\/","og_site_name":"Kunstboer","article_modified_time":"2024-09-16T18:16:19+00:00","og_image":[{"width":1000,"height":1000,"url":"http:\/\/kunstboer.com\/wp-content\/uploads\/2023\/10\/XG002d.jpg","type":"image\/jpeg"}],"twitter_card":"summary_large_image","twitter_misc":{"Dur\u00e9e de lecture estim\u00e9e":"1 minute"},"schema":{"@context":"https:\/\/schema.org","@graph":[{"@type":"WebPage","@id":"https:\/\/kunstboer.com\/en\/produit\/smallbag-cat\/","url":"https:\/\/kunstboer.com\/en\/produit\/smallbag-cat\/","name":"Petit sac Chat faire les magasins","isPartOf":{"@id":"https:\/\/kunstboer.com\/#website"},"primaryImageOfPage":{"@id":"https:\/\/kunstboer.com\/en\/produit\/smallbag-cat\/#primaryimage"},"image":{"@id":"https:\/\/kunstboer.com\/en\/produit\/smallbag-cat\/#primaryimage"},"thumbnailUrl":"https:\/\/kunstboer.com\/wp-content\/uploads\/2023\/10\/XG002d.jpg","datePublished":"2023-08-24T10:53:21+00:00","dateModified":"2024-09-16T18:16:19+00:00","description":"Petit sac Chat faire les magasins","breadcrumb":{"@id":"https:\/\/kunstboer.com\/en\/produit\/smallbag-cat\/#breadcrumb"},"inLanguage":"fr-FR","potentialAction":[{"@type":"ReadAction","target":["https:\/\/kunstboer.com\/en\/produit\/smallbag-cat\/"]}]},{"@type":"ImageObject","inLanguage":"fr-FR","@id":"https:\/\/kunstboer.com\/en\/produit\/smallbag-cat\/#primaryimage","url":"https:\/\/kunstboer.com\/wp-content\/uploads\/2023\/10\/XG002d.jpg","contentUrl":"https:\/\/kunstboer.com\/wp-content\/uploads\/2023\/10\/XG002d.jpg","width":1000,"height":1000},{"@type":"BreadcrumbList","@id":"https:\/\/kunstboer.com\/en\/produit\/smallbag-cat\/#breadcrumb","itemListElement":[{"@type":"ListItem","position":1,"name":"Home","item":"https:\/\/kunstboer.com\/fr\/"},{"@type":"ListItem","position":2,"name":"E-Boutique","item":"https:\/\/kunstboer.com\/shop\/"},{"@type":"ListItem","position":3,"name":"Petit sac Chat faire les magasins"}]},{"@type":"WebSite","@id":"https:\/\/kunstboer.com\/#website","url":"https:\/\/kunstboer.com\/","name":"Kunstboer","description":"Kleurrijk en verrassend merk","potentialAction":[{"@type":"SearchAction","target":{"@type":"EntryPoint","urlTemplate":"https:\/\/kunstboer.com\/?s={search_term_string}"},"query-input":{"@type":"PropertyValueSpecification","valueRequired":true,"valueName":"search_term_string"}}],"inLanguage":"fr-FR"}]}},"_links":{"self":[{"href":"https:\/\/kunstboer.com\/fr\/wp-json\/wp\/v2\/product\/137584","targetHints":{"allow":["GET"]}}],"collection":[{"href":"https:\/\/kunstboer.com\/fr\/wp-json\/wp\/v2\/product"}],"about":[{"href":"https:\/\/kunstboer.com\/fr\/wp-json\/wp\/v2\/types\/product"}],"replies":[{"embeddable":true,"href":"https:\/\/kunstboer.com\/fr\/wp-json\/wp\/v2\/comments?post=137584"}],"wp:featuredmedia":[{"embeddable":true,"href":"https:\/\/kunstboer.com\/fr\/wp-json\/wp\/v2\/media\/138340"}],"wp:attachment":[{"href":"https:\/\/kunstboer.com\/fr\/wp-json\/wp\/v2\/media?parent=137584"}],"wp:term":[{"taxonomy":"product_brand","embeddable":true,"href":"https:\/\/kunstboer.com\/fr\/wp-json\/wp\/v2\/product_brand?post=137584"},{"taxonomy":"product_cat","embeddable":true,"href":"https:\/\/kunstboer.com\/fr\/wp-json\/wp\/v2\/product_cat?post=137584"},{"taxonomy":"product_tag","embeddable":true,"href":"https:\/\/kunstboer.com\/fr\/wp-json\/wp\/v2\/product_tag?post=137584"}],"curies":[{"name":"wp","href":"https:\/\/api.w.org\/{rel}","templated":true}]}}