{"id":137535,"date":"2023-08-24T09:48:06","date_gmt":"2023-08-24T09:48:10","guid":{"rendered":"https:\/\/kunstboer.com\/?post_type=product&#038;p=137535"},"modified":"2024-09-16T21:55:24","modified_gmt":"2024-09-16T21:55:24","slug":"sac-a-dos-2","status":"publish","type":"product","link":"https:\/\/kunstboer.com\/fr\/produit\/sac-a-dos-2\/","title":{"rendered":"XL Sac \u00e0 dos Chat jaune"},"content":{"rendered":"<p><span class=\"HwtZe\" lang=\"fr\"><span class=\"jCAhz ChMk0b\"><span class=\"ryNqvb\">Grand sac \u00e0 dos tr\u00e8s pratique pour l&#8217;\u00e9cole, le sport, les week-ends et les nuit\u00e9es.<\/span><\/span> <span class=\"jCAhz ChMk0b\"><span class=\"ryNqvb\">Bretelles extra longues avec renforts aux points d&#8217;attache.<\/span><\/span> <span class=\"jCAhz ChMk0b\"><span class=\"ryNqvb\">Ce sac est extr\u00eamement solide.<\/span><\/span> <\/span><\/p>\n<p><span class=\"HwtZe\" lang=\"fr\"><span class=\"jCAhz ChMk0b\"><span class=\"ryNqvb\">\u202245\u00a0x\u00a035\u00a0x\u00a017\u00a0cm<\/span><\/span> <\/span><\/p>\n<p><span class=\"HwtZe\" lang=\"fr\"><span class=\"jCAhz ChMk0b\"><span class=\"ryNqvb\">\u2022 Poche avant 25 x 20 x 8 cm<\/span><\/span> <\/span><\/p>\n<p><span class=\"HwtZe\" lang=\"fr\"><span class=\"jCAhz ChMk0b\"><span class=\"ryNqvb\">\u2022 Bretelles ergonomiques l\u00e9g\u00e8rement rembourr\u00e9es, renforc\u00e9es de nylon<\/span><\/span> <\/span><\/p>\n<p><span class=\"HwtZe\" lang=\"fr\"><span class=\"jCAhz ChMk0b\"><span class=\"ryNqvb\">\u2022 Points de fixation renforc\u00e9s de nylon<\/span><\/span> <\/span><\/p>\n<p><span class=\"HwtZe\" lang=\"fr\"><span class=\"jCAhz ChMk0b\"><span class=\"ryNqvb\">\u2022 Poids 200\u00a0grammes<\/span><\/span> <\/span><\/p>\n<p><span class=\"HwtZe\" lang=\"fr\"><span class=\"jCAhz ChMk0b\"><span class=\"ryNqvb\">\u2022 Fermeture \u00e9clair de la couleur du sac en haut<\/span><\/span><\/span><\/p>\n<p><span class=\"HwtZe\" lang=\"fr\"> <span class=\"jCAhz ChMk0b\"><span class=\"ryNqvb\">\u2022Facile \u00e0 nettoyer<\/span><\/span> <\/span><\/p>\n<p><span class=\"HwtZe\" lang=\"fr\"><span class=\"jCAhz ChMk0b\"><span class=\"ryNqvb\">\u2022 Tr\u00e8s petit \u00e0 plier<\/span><\/span> <\/span><\/p>\n<p><span class=\"HwtZe\" lang=\"fr\"><span class=\"jCAhz ChMk0b\"><span class=\"ryNqvb\">\u2022 Plaque inf\u00e9rieure renforc\u00e9e<\/span><\/span> <\/span><\/p>\n<p><span class=\"HwtZe\" lang=\"fr\"><span class=\"jCAhz ChMk0b\"><span class=\"ryNqvb\">\u2022 Poche portefeuille zipp\u00e9e \u00e0 l&#8217;int\u00e9rieur<\/span><\/span> <\/span><\/p>\n<p><span class=\"HwtZe\" lang=\"fr\"><span class=\"jCAhz ChMk0b\"><span class=\"ryNqvb\">\u2022 Int\u00e9rieur fini en nylon, facile \u00e0 nettoyer<\/span><\/span> <\/span><\/p>\n<p><span class=\"HwtZe\" lang=\"fr\"><span class=\"jCAhz ChMk0b\"><span class=\"ryNqvb\">\u2022 1 an de garantie du fabricant<\/span><\/span> <\/span><\/p>\n<p><span class=\"HwtZe\" lang=\"fr\"><span class=\"jCAhz ChMk0b\"><span class=\"ryNqvb\">Kunstboer propose une vaste collection de sacs, sacs \u00e0 dos, trousses de toilette\u00a0<\/span><\/span><\/span><span class=\"HwtZe\" lang=\"fr\"><span class=\"jCAhz ChMk0b\"><span class=\"ryNqvb\">et bien plus encore pour les filles et les gar\u00e7ons et les adultes branch\u00e9s.<\/span><\/span><\/span><\/p>\n<script language='javascript' type='text\/javascript'>function getWR360PopupSkin(){return 'light_clean';}<\/script>","protected":false},"excerpt":{"rendered":"<p>Grand sac \u00e0 dos tr\u00e8s pratique pour l&#8217;\u00e9cole, le sport, les week-ends et les nuit\u00e9es. Bretelles extra longues avec renforts aux points d&#8217;attache. Ce sac est extr\u00eamement solide. \u202245\u00a0x\u00a035\u00a0x\u00a017\u00a0cm \u2022 Poche avant 25 x 20 x 8 cm \u2022 Bretelles ergonomiques l\u00e9g\u00e8rement rembourr\u00e9es, renforc\u00e9es de nylon \u2022 Points de fixation renforc\u00e9s de nylon \u2022 Poids [&hellip;]<\/p>\n","protected":false},"featured_media":137940,"comment_status":"open","ping_status":"closed","template":"","meta":{"_acf_changed":false},"product_brand":[],"product_cat":[730],"product_tag":[],"class_list":{"0":"post-137535","1":"product","2":"type-product","3":"status-publish","4":"has-post-thumbnail","6":"product_cat-tassen-fr","8":"first","9":"instock","10":"sale","11":"taxable","12":"shipping-taxable","13":"purchasable","14":"product-type-simple"},"composite_virtual":false,"composite_layout":"","composite_add_to_cart_form_location":"","composite_editable_in_cart":false,"composite_sold_individually_context":"","composite_shop_price_calc":"","composite_components":[],"composite_scenarios":[],"bundled_by":[],"bundle_stock_status":"instock","bundle_stock_quantity":55,"bundle_virtual":false,"bundle_layout":"","bundle_add_to_cart_form_location":"","bundle_editable_in_cart":false,"bundle_sold_individually_context":"","bundle_item_grouping":"","bundle_min_size":"","bundle_max_size":"","bundle_price":[],"bundled_items":[],"bundle_sell_ids":[],"acf":[],"yoast_head":"<!-- This site is optimized with the Yoast SEO plugin v26.8 - https:\/\/yoast.com\/product\/yoast-seo-wordpress\/ -->\n<title>XL Sac \u00e0 dos Chat jaune | Kunstboer<\/title>\n<meta name=\"robots\" content=\"index, follow, max-snippet:-1, max-image-preview:large, max-video-preview:-1\" \/>\n<link rel=\"canonical\" href=\"https:\/\/kunstboer.com\/produit\/xl-rugzak-poes-geel-yellow-catblocks\/\" \/>\n<meta property=\"og:locale\" content=\"fr_FR\" \/>\n<meta property=\"og:type\" content=\"article\" \/>\n<meta property=\"og:title\" content=\"XL Sac \u00e0 dos Chat jaune | Kunstboer\" \/>\n<meta property=\"og:description\" content=\"Grand sac \u00e0 dos tr\u00e8s pratique pour l&#8217;\u00e9cole, le sport, les week-ends et les nuit\u00e9es. Bretelles extra longues avec renforts aux points d&#8217;attache. Ce sac est extr\u00eamement solide. \u202245\u00a0x\u00a035\u00a0x\u00a017\u00a0cm \u2022 Poche avant 25 x 20 x 8 cm \u2022 Bretelles ergonomiques l\u00e9g\u00e8rement rembourr\u00e9es, renforc\u00e9es de nylon \u2022 Points de fixation renforc\u00e9s de nylon \u2022 Poids [&hellip;]\" \/>\n<meta property=\"og:url\" content=\"https:\/\/kunstboer.com\/produit\/xl-rugzak-poes-geel-yellow-catblocks\/\" \/>\n<meta property=\"og:site_name\" content=\"Kunstboer\" \/>\n<meta property=\"article:modified_time\" content=\"2024-09-16T21:55:24+00:00\" \/>\n<meta property=\"og:image\" content=\"http:\/\/kunstboer.com\/wp-content\/uploads\/2023\/09\/gr008v.jpg\" \/>\n\t<meta property=\"og:image:width\" content=\"1000\" \/>\n\t<meta property=\"og:image:height\" content=\"1000\" \/>\n\t<meta property=\"og:image:type\" content=\"image\/jpeg\" \/>\n<meta name=\"twitter:card\" content=\"summary_large_image\" \/>\n<meta name=\"twitter:label1\" content=\"Dur\u00e9e de lecture estim\u00e9e\" \/>\n\t<meta name=\"twitter:data1\" content=\"1 minute\" \/>\n<script type=\"application\/ld+json\" class=\"yoast-schema-graph\">{\"@context\":\"https:\/\/schema.org\",\"@graph\":[{\"@type\":\"WebPage\",\"@id\":\"https:\/\/kunstboer.com\/produit\/xl-rugzak-poes-geel-yellow-catblocks\/\",\"url\":\"https:\/\/kunstboer.com\/produit\/xl-rugzak-poes-geel-yellow-catblocks\/\",\"name\":\"XL Sac \u00e0 dos Chat jaune | Kunstboer\",\"isPartOf\":{\"@id\":\"https:\/\/kunstboer.com\/#website\"},\"primaryImageOfPage\":{\"@id\":\"https:\/\/kunstboer.com\/produit\/xl-rugzak-poes-geel-yellow-catblocks\/#primaryimage\"},\"image\":{\"@id\":\"https:\/\/kunstboer.com\/produit\/xl-rugzak-poes-geel-yellow-catblocks\/#primaryimage\"},\"thumbnailUrl\":\"https:\/\/kunstboer.com\/wp-content\/uploads\/2023\/09\/gr008v.jpg\",\"datePublished\":\"2023-08-24T09:48:10+00:00\",\"dateModified\":\"2024-09-16T21:55:24+00:00\",\"breadcrumb\":{\"@id\":\"https:\/\/kunstboer.com\/produit\/xl-rugzak-poes-geel-yellow-catblocks\/#breadcrumb\"},\"inLanguage\":\"fr-FR\",\"potentialAction\":[{\"@type\":\"ReadAction\",\"target\":[\"https:\/\/kunstboer.com\/produit\/xl-rugzak-poes-geel-yellow-catblocks\/\"]}]},{\"@type\":\"ImageObject\",\"inLanguage\":\"fr-FR\",\"@id\":\"https:\/\/kunstboer.com\/produit\/xl-rugzak-poes-geel-yellow-catblocks\/#primaryimage\",\"url\":\"https:\/\/kunstboer.com\/wp-content\/uploads\/2023\/09\/gr008v.jpg\",\"contentUrl\":\"https:\/\/kunstboer.com\/wp-content\/uploads\/2023\/09\/gr008v.jpg\",\"width\":1000,\"height\":1000},{\"@type\":\"BreadcrumbList\",\"@id\":\"https:\/\/kunstboer.com\/produit\/xl-rugzak-poes-geel-yellow-catblocks\/#breadcrumb\",\"itemListElement\":[{\"@type\":\"ListItem\",\"position\":1,\"name\":\"Home\",\"item\":\"https:\/\/kunstboer.com\/fr\/\"},{\"@type\":\"ListItem\",\"position\":2,\"name\":\"E-Boutique\",\"item\":\"https:\/\/kunstboer.com\/shop\/\"},{\"@type\":\"ListItem\",\"position\":3,\"name\":\"XL Sac \u00e0 dos Chat jaune\"}]},{\"@type\":\"WebSite\",\"@id\":\"https:\/\/kunstboer.com\/#website\",\"url\":\"https:\/\/kunstboer.com\/\",\"name\":\"Kunstboer\",\"description\":\"Kleurrijk en verrassend merk\",\"potentialAction\":[{\"@type\":\"SearchAction\",\"target\":{\"@type\":\"EntryPoint\",\"urlTemplate\":\"https:\/\/kunstboer.com\/?s={search_term_string}\"},\"query-input\":{\"@type\":\"PropertyValueSpecification\",\"valueRequired\":true,\"valueName\":\"search_term_string\"}}],\"inLanguage\":\"fr-FR\"}]}<\/script>\n<!-- \/ Yoast SEO plugin. -->","yoast_head_json":{"title":"XL Sac \u00e0 dos Chat jaune | Kunstboer","robots":{"index":"index","follow":"follow","max-snippet":"max-snippet:-1","max-image-preview":"max-image-preview:large","max-video-preview":"max-video-preview:-1"},"canonical":"https:\/\/kunstboer.com\/produit\/xl-rugzak-poes-geel-yellow-catblocks\/","og_locale":"fr_FR","og_type":"article","og_title":"XL Sac \u00e0 dos Chat jaune | Kunstboer","og_description":"Grand sac \u00e0 dos tr\u00e8s pratique pour l&#8217;\u00e9cole, le sport, les week-ends et les nuit\u00e9es. Bretelles extra longues avec renforts aux points d&#8217;attache. Ce sac est extr\u00eamement solide. \u202245\u00a0x\u00a035\u00a0x\u00a017\u00a0cm \u2022 Poche avant 25 x 20 x 8 cm \u2022 Bretelles ergonomiques l\u00e9g\u00e8rement rembourr\u00e9es, renforc\u00e9es de nylon \u2022 Points de fixation renforc\u00e9s de nylon \u2022 Poids [&hellip;]","og_url":"https:\/\/kunstboer.com\/produit\/xl-rugzak-poes-geel-yellow-catblocks\/","og_site_name":"Kunstboer","article_modified_time":"2024-09-16T21:55:24+00:00","og_image":[{"width":1000,"height":1000,"url":"http:\/\/kunstboer.com\/wp-content\/uploads\/2023\/09\/gr008v.jpg","type":"image\/jpeg"}],"twitter_card":"summary_large_image","twitter_misc":{"Dur\u00e9e de lecture estim\u00e9e":"1 minute"},"schema":{"@context":"https:\/\/schema.org","@graph":[{"@type":"WebPage","@id":"https:\/\/kunstboer.com\/produit\/xl-rugzak-poes-geel-yellow-catblocks\/","url":"https:\/\/kunstboer.com\/produit\/xl-rugzak-poes-geel-yellow-catblocks\/","name":"XL Sac \u00e0 dos Chat jaune | Kunstboer","isPartOf":{"@id":"https:\/\/kunstboer.com\/#website"},"primaryImageOfPage":{"@id":"https:\/\/kunstboer.com\/produit\/xl-rugzak-poes-geel-yellow-catblocks\/#primaryimage"},"image":{"@id":"https:\/\/kunstboer.com\/produit\/xl-rugzak-poes-geel-yellow-catblocks\/#primaryimage"},"thumbnailUrl":"https:\/\/kunstboer.com\/wp-content\/uploads\/2023\/09\/gr008v.jpg","datePublished":"2023-08-24T09:48:10+00:00","dateModified":"2024-09-16T21:55:24+00:00","breadcrumb":{"@id":"https:\/\/kunstboer.com\/produit\/xl-rugzak-poes-geel-yellow-catblocks\/#breadcrumb"},"inLanguage":"fr-FR","potentialAction":[{"@type":"ReadAction","target":["https:\/\/kunstboer.com\/produit\/xl-rugzak-poes-geel-yellow-catblocks\/"]}]},{"@type":"ImageObject","inLanguage":"fr-FR","@id":"https:\/\/kunstboer.com\/produit\/xl-rugzak-poes-geel-yellow-catblocks\/#primaryimage","url":"https:\/\/kunstboer.com\/wp-content\/uploads\/2023\/09\/gr008v.jpg","contentUrl":"https:\/\/kunstboer.com\/wp-content\/uploads\/2023\/09\/gr008v.jpg","width":1000,"height":1000},{"@type":"BreadcrumbList","@id":"https:\/\/kunstboer.com\/produit\/xl-rugzak-poes-geel-yellow-catblocks\/#breadcrumb","itemListElement":[{"@type":"ListItem","position":1,"name":"Home","item":"https:\/\/kunstboer.com\/fr\/"},{"@type":"ListItem","position":2,"name":"E-Boutique","item":"https:\/\/kunstboer.com\/shop\/"},{"@type":"ListItem","position":3,"name":"XL Sac \u00e0 dos Chat jaune"}]},{"@type":"WebSite","@id":"https:\/\/kunstboer.com\/#website","url":"https:\/\/kunstboer.com\/","name":"Kunstboer","description":"Kleurrijk en verrassend merk","potentialAction":[{"@type":"SearchAction","target":{"@type":"EntryPoint","urlTemplate":"https:\/\/kunstboer.com\/?s={search_term_string}"},"query-input":{"@type":"PropertyValueSpecification","valueRequired":true,"valueName":"search_term_string"}}],"inLanguage":"fr-FR"}]}},"_links":{"self":[{"href":"https:\/\/kunstboer.com\/fr\/wp-json\/wp\/v2\/product\/137535","targetHints":{"allow":["GET"]}}],"collection":[{"href":"https:\/\/kunstboer.com\/fr\/wp-json\/wp\/v2\/product"}],"about":[{"href":"https:\/\/kunstboer.com\/fr\/wp-json\/wp\/v2\/types\/product"}],"replies":[{"embeddable":true,"href":"https:\/\/kunstboer.com\/fr\/wp-json\/wp\/v2\/comments?post=137535"}],"wp:featuredmedia":[{"embeddable":true,"href":"https:\/\/kunstboer.com\/fr\/wp-json\/wp\/v2\/media\/137940"}],"wp:attachment":[{"href":"https:\/\/kunstboer.com\/fr\/wp-json\/wp\/v2\/media?parent=137535"}],"wp:term":[{"taxonomy":"product_brand","embeddable":true,"href":"https:\/\/kunstboer.com\/fr\/wp-json\/wp\/v2\/product_brand?post=137535"},{"taxonomy":"product_cat","embeddable":true,"href":"https:\/\/kunstboer.com\/fr\/wp-json\/wp\/v2\/product_cat?post=137535"},{"taxonomy":"product_tag","embeddable":true,"href":"https:\/\/kunstboer.com\/fr\/wp-json\/wp\/v2\/product_tag?post=137535"}],"curies":[{"name":"wp","href":"https:\/\/api.w.org\/{rel}","templated":true}]}}