{"id":75250,"date":"2018-03-27T10:08:29","date_gmt":"2018-03-27T10:08:29","guid":{"rendered":"http:\/\/kunstboer.com\/privacy\/"},"modified":"2024-09-16T22:02:47","modified_gmt":"2024-09-16T22:02:47","slug":"privacy","status":"publish","type":"page","link":"https:\/\/kunstboer.com\/fr\/privacy\/","title":{"rendered":"Privacy"},"content":{"rendered":"<p>Ceci est la d\u00e9claration de confidentialit\u00e9 de Kunstboer, situ\u00e9 \u00e0 Boekel, Waterdelweg 8 (ci-apr\u00e8s : Kunstboer), kunstboer.com<\/p>\n<p>Applicabilit\u00e9<\/p>\n<p>Cette d\u00e9claration de confidentialit\u00e9 s&#8217;applique \u00e0 toutes les informations sensibles ou donn\u00e9es personnelles sensibles que vous nous fournissez, par exemple via un formulaire d&#8217;inscription, un formulaire de contact ou des commandes que vous passez. Nous attachons une grande importance \u00e0 la vie priv\u00e9e de nos clients et apportons donc le plus grand soin au traitement et \u00e0 la protection des donn\u00e9es personnelles. Nous traitons les donn\u00e9es conform\u00e9ment aux conditions fix\u00e9es par le R\u00e8glement G\u00e9n\u00e9ral sur la Protection des Donn\u00e9es (RGPD).<\/p>\n<p>Kunstboer est responsable au sens du RGPD du traitement de vos donn\u00e9es personnelles. Cela signifie que nous sommes les seuls \u00e0 d\u00e9terminer quelles donn\u00e9es personnelles sont trait\u00e9es, dans quel but et de quelle mani\u00e8re. Nous sommes responsables de garantir que vos donn\u00e9es personnelles sont trait\u00e9es correctement et soigneusement conform\u00e9ment au RGPD. Dans cette d\u00e9claration de confidentialit\u00e9, nous expliquons quelles donn\u00e9es nous traitons et \u00e0 quelles fins elles sont utilis\u00e9es.<\/p>\n<p>Aper\u00e7u des donn\u00e9es personnelles<\/p>\n<p>Vous trouverez ci-dessous un aper\u00e7u des donn\u00e9es personnelles que nous traitons :<\/p>\n<p>Nom et pr\u00e9nom<br \/>\nGenre<br \/>\nDate de naissance<br \/>\nLieu de naissance<br \/>\nD\u00e9tails de l&#8217;adresse<br \/>\nNum\u00e9ro de t\u00e9l\u00e9phone<br \/>\nAdresse email<br \/>\nD\u00e9tails de la commande<br \/>\nAdresse IP d&#8217;un visiteur du site Web<\/p>\n<p>Finalit\u00e9s et principes du traitement des donn\u00e9es personnelles<\/p>\n<p>En acceptant cette d\u00e9claration de confidentialit\u00e9, vous autorisez explicitement au sens de l&#8217;article 6, paragraphe 1, point a) du RGPD, \u00e0 traiter vos donn\u00e9es personnelles aux fins mentionn\u00e9es ci-dessous. Vous pouvez retirer ce consentement \u00e0 tout moment. Cependant, si vous ne nous fournissez pas certaines informations ou si nous ne les faisons pas traiter, nous ne serons peut-\u00eatre pas en mesure de vous servir correctement.<\/p>\n<p>Si vous ne nous avez pas donn\u00e9 votre consentement explicite pour traiter vos donn\u00e9es personnelles ou si vous avez retir\u00e9 ce consentement, le traitement de vos donn\u00e9es personnelles peut \u00eatre fond\u00e9 sur l&#8217;article 6, paragraphe 1, points b), c) et\/ou f) du le RGPD s\u2019applique. Dans ce cas, le traitement de vos donn\u00e9es personnelles peut avoir lieu sans votre consentement, \u00e0 condition que cela soit n\u00e9cessaire \u00e0 l&#8217;ex\u00e9cution d&#8217;un accord auquel vous \u00eates ou deviendrez partie, ou n\u00e9cessaire \u00e0 la repr\u00e9sentation des int\u00e9r\u00eats l\u00e9gitimes de Kunstboer. Par ailleurs, nous pouvons \u00eatre soumis \u00e0 une obligation l\u00e9gale de traiter vos donn\u00e9es personnelles.<\/p>\n<p>Nous traitons vos donn\u00e9es personnelles aux fins suivantes :<\/p>\n<p>G\u00e9rer votre paiement<br \/>\nEnvoi de notre newsletter et\/ou plaquette publicitaire<br \/>\nPour pouvoir vous appeler ou vous envoyer un e-mail si cela est n\u00e9cessaire pour fournir nos services<br \/>\nPour vous informer des modifications apport\u00e9es \u00e0 nos services et produits<br \/>\nPour vous offrir la possibilit\u00e9 de cr\u00e9er un compte<br \/>\nPour vous livrer des biens et des services<\/p>\n<p>Nous ne stockons pas vos donn\u00e9es personnelles plus longtemps que ce qui est strictement n\u00e9cessaire pour atteindre les finalit\u00e9s pour lesquelles vos donn\u00e9es sont collect\u00e9es.<\/p>\n<p>Divulgation \u00e0 des tiers<\/p>\n<p>Nous pouvons partager vos donn\u00e9es personnelles avec des tiers si cela est compatible avec les finalit\u00e9s mentionn\u00e9es ci-dessus. La mise \u00e0 disposition de tiers peut \u00eatre n\u00e9cessaire \u00e0 l&#8217;ex\u00e9cution de l&#8217;accord que nous concluons avec vous, peut \u00eatre n\u00e9cessaire \u00e0 la repr\u00e9sentation de notre int\u00e9r\u00eat l\u00e9gitime ou peut \u00eatre n\u00e9cessaire pour respecter toute obligation l\u00e9gale \u00e0 laquelle nous sommes soumis. Nous concluons un accord de traitement avec des soci\u00e9t\u00e9s qui traitent vos donn\u00e9es en notre nom pour garantir le m\u00eame niveau de s\u00e9curit\u00e9 et de confidentialit\u00e9 de vos donn\u00e9es. Nous restons responsables de ces processus. En dehors des situations ci-dessus, nous ne transmettons vos donn\u00e9es personnelles \u00e0 d&#8217;autres tiers qu&#8217;avec votre autorisation expresse.<\/p>\n<p>Fins commerciales<\/p>\n<p>Nous pouvons utiliser vos donn\u00e9es personnelles \u00e0 des fins commerciales, par exemple pour vous fournir de plus amples informations sur nos services ou sur des produits ou services pertinents provenant d&#8217;organisations soigneusement s\u00e9lectionn\u00e9es. Dans ce cas, vous ne serez inform\u00e9 qu&#8217;\u00e0 l&#8217;adresse e-mail que vous avez enregistr\u00e9e. Si vous ne souhaitez pas recevoir d&#8217;informations sur des produits ou services pertinents, vous pouvez facilement l&#8217;indiquer en cliquant sur \u00ab\u00a0se d\u00e9sabonner\u00a0\u00bb dans l&#8217;e-mail re\u00e7u.<\/p>\n<p>Nous utilisons \u00e9galement vos donn\u00e9es personnelles \u00e0 des fins d&#8217;\u00e9tudes de march\u00e9 et d&#8217;optimisation de nos services. Dans ce contexte, vos donn\u00e9es personnelles seront anonymis\u00e9es et ne pourront donc plus \u00eatre retrac\u00e9es jusqu&#8217;\u00e0 vous.<\/p>\n<p>Vos donn\u00e9es ne seront ni vendues ni partag\u00e9es avec des tiers \u00e0 des fins commerciales sauf si vous y consentez express\u00e9ment.<\/p>\n<p>Cookies<\/p>\n<p>Un cookie est un petit fichier texte stock\u00e9 sur votre ordinateur, tablette ou smartphone lors de votre premi\u00e8re visite sur ce site Internet. Vous pouvez vous d\u00e9sinscrire de ces cookies en param\u00e9trant votre navigateur internet pour qu&#8217;il ne stocke plus de cookies. De plus, vous pouvez \u00e9galement supprimer toutes les informations pr\u00e9c\u00e9demment stock\u00e9es via les param\u00e8tres de votre navigateur.<\/p>\n<p>honneur.<\/p>\n<p>Nous utilisons les cookies suivants :<\/p>\n<p>Cookies fonctionnels : ce sont des cookies n\u00e9cessaires au fonctionnement technique du site Internet et \u00e0 votre confort d&#8217;utilisation. Ils veillent au bon fonctionnement du site Internet et m\u00e9morisent par exemple vos pr\u00e9f\u00e9rences. Nous pouvons \u00e9galement optimiser notre site Web avec cela. Il s&#8217;agit de cookies analytiques qui ne portent pas atteinte \u00e0 votre vie priv\u00e9e et pour lesquels nous n&#8217;exigeons pas votre autorisation pr\u00e9alable.<\/p>\n<p>Cookies de suivi : nous pla\u00e7ons des cookies qui suivent votre comportement de navigation afin de pouvoir vous proposer des contenus et des publicit\u00e9s personnalis\u00e9s. Lors de votre premi\u00e8re visite sur notre site Internet, nous vous avons d\u00e9j\u00e0 inform\u00e9 de ces cookies et vous avons demand\u00e9 l&#8217;autorisation de les placer. Vous pouvez vous d\u00e9sinscrire des cookies en param\u00e9trant votre navigateur internet pour qu&#8217;il ne stocke plus de cookies. De plus, vous pouvez \u00e9galement supprimer toutes les informations pr\u00e9c\u00e9demment stock\u00e9es via les param\u00e8tres de votre navigateur.<\/p>\n<p>Google Analytics : des cookies de la soci\u00e9t\u00e9 am\u00e9ricaine Google sont d\u00e9pos\u00e9s sur ce site Internet dans le cadre du service \u00ab Analytics \u00bb. Kunstboer utilise ce service pour recevoir des rapports sur la mani\u00e8re dont le site Internet est utilis\u00e9 et pour mesurer sa qualit\u00e9 et son efficacit\u00e9. Nous utilisons Google Analytics de la mani\u00e8re prescrite par l&#8217;autorit\u00e9 n\u00e9erlandaise de protection des donn\u00e9es afin de b\u00e9n\u00e9ficier de l&#8217;exception de la loi sur les cookies, ce qui signifie que nous n&#8217;avons pas besoin de votre autorisation pr\u00e9alable pour utiliser Google Analytics.<\/p>\n<p>Afficher, corriger ou supprimer<\/p>\n<p>Vous avez le droit de consulter, de rectifier ou de supprimer vos donn\u00e9es personnelles. Vous avez \u00e9galement le droit de retirer votre consentement au traitement des donn\u00e9es ou de vous opposer au traitement de vos donn\u00e9es personnelles. Vous avez le droit \u00e0 la portabilit\u00e9 des donn\u00e9es (\u00ab portabilit\u00e9 des donn\u00e9es \u00bb) si nous disposons de donn\u00e9es personnelles num\u00e9riques que nous traitons ou traitons avec votre consentement ou pour ex\u00e9cuter un accord que nous avons conclu avec vous.<br \/>\nCela signifie que vous pouvez nous demander d&#8217;envoyer les donn\u00e9es personnelles num\u00e9riques que nous stockons \u00e0 votre sujet dans un fichier informatique lisible \u00e0 vous ou \u00e0 une autre organisation mentionn\u00e9e par vous.<\/p>\n<p>Vous pouvez envoyer une demande d&#8217;acc\u00e8s, de rectification, de suppression, de transfert de donn\u00e9es de vos donn\u00e9es personnelles ou une demande de retrait de votre consentement ou d&#8217;opposition au traitement de vos donn\u00e9es personnelles \u00e0 info@kunstboer.com.<\/p>\n<p>Afin de garantir que la demande d&#8217;acc\u00e8s a bien \u00e9t\u00e9 effectu\u00e9e par vous, nous vous demandons de joindre \u00e0 la demande une copie de votre justificatif d&#8217;identit\u00e9. Faites en noir sur cette copie votre photo d&#8217;identit\u00e9, votre MRZ (zone lisible par machine, la bande avec les num\u00e9ros au bas du passeport), votre num\u00e9ro de passeport et votre num\u00e9ro de service citoyen (BSN). Il s&#8217;agit de prot\u00e9ger votre vie priv\u00e9e. Nous r\u00e9pondrons \u00e0 votre demande dans les plus brefs d\u00e9lais, mais dans un d\u00e9lai de quatre semaines.<\/p>\n<p>Nous tenons \u00e9galement \u00e0 souligner que vous avez la possibilit\u00e9 de d\u00e9poser une plainte aupr\u00e8s de l&#8217;autorit\u00e9 de contr\u00f4le nationale, l&#8217;autorit\u00e9 n\u00e9erlandaise de protection des donn\u00e9es.<\/p>\n<p>Contact<\/p>\n<p>Nous prenons la protection de vos donn\u00e9es au s\u00e9rieux et prenons les mesures appropri\u00e9es pour emp\u00eacher toute utilisation abusive, perte, acc\u00e8s non autoris\u00e9, divulgation non d\u00e9sir\u00e9e et modification non autoris\u00e9e. Si vous avez l&#8217;impression que vos donn\u00e9es ne sont pas correctement s\u00e9curis\u00e9es ou s&#8217;il existe des indices d&#8217;utilisation abusive, veuillez contacter notre service client ou via info@kunstboer.com.<\/p>\n<script language='javascript' type='text\/javascript'>function getWR360PopupSkin(){return 'light_clean';}<\/script>","protected":false},"excerpt":{"rendered":"<p>Ceci est la d\u00e9claration de confidentialit\u00e9 de Kunstboer, situ\u00e9 \u00e0 Boekel, Waterdelweg 8 (ci-apr\u00e8s : Kunstboer), kunstboer.com Applicabilit\u00e9 Cette d\u00e9claration de confidentialit\u00e9 s&#8217;applique \u00e0 toutes les informations sensibles ou donn\u00e9es personnelles sensibles que vous nous fournissez, par exemple via un formulaire d&#8217;inscription, un formulaire de contact ou des commandes que vous passez. Nous attachons une [&hellip;]<\/p>\n","protected":false},"author":1,"featured_media":0,"parent":0,"menu_order":0,"comment_status":"closed","ping_status":"closed","template":"","meta":{"_acf_changed":false,"footnotes":""},"class_list":["post-75250","page","type-page","status-publish","hentry"],"acf":[],"yoast_head":"<!-- This site is optimized with the Yoast SEO plugin v26.8 - https:\/\/yoast.com\/product\/yoast-seo-wordpress\/ -->\n<title>Privacy | Kunstboer<\/title>\n<meta name=\"robots\" content=\"index, follow, max-snippet:-1, max-image-preview:large, max-video-preview:-1\" \/>\n<link rel=\"canonical\" href=\"https:\/\/kunstboer.com\/fr\/privacy\/\" \/>\n<meta property=\"og:locale\" content=\"fr_FR\" \/>\n<meta property=\"og:type\" content=\"article\" \/>\n<meta property=\"og:title\" content=\"Privacy | Kunstboer\" \/>\n<meta property=\"og:description\" content=\"Ceci est la d\u00e9claration de confidentialit\u00e9 de Kunstboer, situ\u00e9 \u00e0 Boekel, Waterdelweg 8 (ci-apr\u00e8s : Kunstboer), kunstboer.com Applicabilit\u00e9 Cette d\u00e9claration de confidentialit\u00e9 s&#8217;applique \u00e0 toutes les informations sensibles ou donn\u00e9es personnelles sensibles que vous nous fournissez, par exemple via un formulaire d&#8217;inscription, un formulaire de contact ou des commandes que vous passez. Nous attachons une [&hellip;]\" \/>\n<meta property=\"og:url\" content=\"https:\/\/kunstboer.com\/fr\/privacy\/\" \/>\n<meta property=\"og:site_name\" content=\"Kunstboer\" \/>\n<meta property=\"article:modified_time\" content=\"2024-09-16T22:02:47+00:00\" \/>\n<meta name=\"twitter:card\" content=\"summary_large_image\" \/>\n<meta name=\"twitter:label1\" content=\"Dur\u00e9e de lecture estim\u00e9e\" \/>\n\t<meta name=\"twitter:data1\" content=\"7 minutes\" \/>\n<script type=\"application\/ld+json\" class=\"yoast-schema-graph\">{\"@context\":\"https:\/\/schema.org\",\"@graph\":[{\"@type\":\"WebPage\",\"@id\":\"https:\/\/kunstboer.com\/fr\/privacy\/\",\"url\":\"https:\/\/kunstboer.com\/fr\/privacy\/\",\"name\":\"Privacy | Kunstboer\",\"isPartOf\":{\"@id\":\"https:\/\/kunstboer.com\/#website\"},\"datePublished\":\"2018-03-27T10:08:29+00:00\",\"dateModified\":\"2024-09-16T22:02:47+00:00\",\"breadcrumb\":{\"@id\":\"https:\/\/kunstboer.com\/fr\/privacy\/#breadcrumb\"},\"inLanguage\":\"fr-FR\",\"potentialAction\":[{\"@type\":\"ReadAction\",\"target\":[\"https:\/\/kunstboer.com\/fr\/privacy\/\"]}]},{\"@type\":\"BreadcrumbList\",\"@id\":\"https:\/\/kunstboer.com\/fr\/privacy\/#breadcrumb\",\"itemListElement\":[{\"@type\":\"ListItem\",\"position\":1,\"name\":\"Home\",\"item\":\"https:\/\/kunstboer.com\/fr\/\"},{\"@type\":\"ListItem\",\"position\":2,\"name\":\"Privacy\"}]},{\"@type\":\"WebSite\",\"@id\":\"https:\/\/kunstboer.com\/#website\",\"url\":\"https:\/\/kunstboer.com\/\",\"name\":\"Kunstboer\",\"description\":\"Kleurrijk en verrassend merk\",\"potentialAction\":[{\"@type\":\"SearchAction\",\"target\":{\"@type\":\"EntryPoint\",\"urlTemplate\":\"https:\/\/kunstboer.com\/?s={search_term_string}\"},\"query-input\":{\"@type\":\"PropertyValueSpecification\",\"valueRequired\":true,\"valueName\":\"search_term_string\"}}],\"inLanguage\":\"fr-FR\"}]}<\/script>\n<!-- \/ Yoast SEO plugin. -->","yoast_head_json":{"title":"Privacy | Kunstboer","robots":{"index":"index","follow":"follow","max-snippet":"max-snippet:-1","max-image-preview":"max-image-preview:large","max-video-preview":"max-video-preview:-1"},"canonical":"https:\/\/kunstboer.com\/fr\/privacy\/","og_locale":"fr_FR","og_type":"article","og_title":"Privacy | Kunstboer","og_description":"Ceci est la d\u00e9claration de confidentialit\u00e9 de Kunstboer, situ\u00e9 \u00e0 Boekel, Waterdelweg 8 (ci-apr\u00e8s : Kunstboer), kunstboer.com Applicabilit\u00e9 Cette d\u00e9claration de confidentialit\u00e9 s&#8217;applique \u00e0 toutes les informations sensibles ou donn\u00e9es personnelles sensibles que vous nous fournissez, par exemple via un formulaire d&#8217;inscription, un formulaire de contact ou des commandes que vous passez. Nous attachons une [&hellip;]","og_url":"https:\/\/kunstboer.com\/fr\/privacy\/","og_site_name":"Kunstboer","article_modified_time":"2024-09-16T22:02:47+00:00","twitter_card":"summary_large_image","twitter_misc":{"Dur\u00e9e de lecture estim\u00e9e":"7 minutes"},"schema":{"@context":"https:\/\/schema.org","@graph":[{"@type":"WebPage","@id":"https:\/\/kunstboer.com\/fr\/privacy\/","url":"https:\/\/kunstboer.com\/fr\/privacy\/","name":"Privacy | Kunstboer","isPartOf":{"@id":"https:\/\/kunstboer.com\/#website"},"datePublished":"2018-03-27T10:08:29+00:00","dateModified":"2024-09-16T22:02:47+00:00","breadcrumb":{"@id":"https:\/\/kunstboer.com\/fr\/privacy\/#breadcrumb"},"inLanguage":"fr-FR","potentialAction":[{"@type":"ReadAction","target":["https:\/\/kunstboer.com\/fr\/privacy\/"]}]},{"@type":"BreadcrumbList","@id":"https:\/\/kunstboer.com\/fr\/privacy\/#breadcrumb","itemListElement":[{"@type":"ListItem","position":1,"name":"Home","item":"https:\/\/kunstboer.com\/fr\/"},{"@type":"ListItem","position":2,"name":"Privacy"}]},{"@type":"WebSite","@id":"https:\/\/kunstboer.com\/#website","url":"https:\/\/kunstboer.com\/","name":"Kunstboer","description":"Kleurrijk en verrassend merk","potentialAction":[{"@type":"SearchAction","target":{"@type":"EntryPoint","urlTemplate":"https:\/\/kunstboer.com\/?s={search_term_string}"},"query-input":{"@type":"PropertyValueSpecification","valueRequired":true,"valueName":"search_term_string"}}],"inLanguage":"fr-FR"}]}},"_links":{"self":[{"href":"https:\/\/kunstboer.com\/fr\/wp-json\/wp\/v2\/pages\/75250","targetHints":{"allow":["GET"]}}],"collection":[{"href":"https:\/\/kunstboer.com\/fr\/wp-json\/wp\/v2\/pages"}],"about":[{"href":"https:\/\/kunstboer.com\/fr\/wp-json\/wp\/v2\/types\/page"}],"author":[{"embeddable":true,"href":"https:\/\/kunstboer.com\/fr\/wp-json\/wp\/v2\/users\/1"}],"replies":[{"embeddable":true,"href":"https:\/\/kunstboer.com\/fr\/wp-json\/wp\/v2\/comments?post=75250"}],"version-history":[{"count":2,"href":"https:\/\/kunstboer.com\/fr\/wp-json\/wp\/v2\/pages\/75250\/revisions"}],"predecessor-version":[{"id":139678,"href":"https:\/\/kunstboer.com\/fr\/wp-json\/wp\/v2\/pages\/75250\/revisions\/139678"}],"wp:attachment":[{"href":"https:\/\/kunstboer.com\/fr\/wp-json\/wp\/v2\/media?parent=75250"}],"curies":[{"name":"wp","href":"https:\/\/api.w.org\/{rel}","templated":true}]}}