{"id":85803,"date":"2019-10-22T11:27:53","date_gmt":"2019-10-22T11:27:53","guid":{"rendered":"http:\/\/kunstboer.com\/?post_type=product&#038;p=85803"},"modified":"2025-10-20T06:17:22","modified_gmt":"2025-10-20T06:17:22","slug":"guerteltasche-katzen-mit-ohren-einzigartig-und-verrueckt","status":"publish","type":"product","link":"https:\/\/kunstboer.com\/de\/produkt\/guerteltasche-katzen-mit-ohren-einzigartig-und-verrueckt\/","title":{"rendered":"G\u00fcrteltasche Katzen mit Ohren, einzigartig und verr\u00fcckt"},"content":{"rendered":"<div class=\"QFw9Te BLojaf\">\n<div id=\"ow6\"><\/div>\n<\/div>\n<div class=\"DVHrxd\">\n<div id=\"ow13\" data-show-delay-ms=\"250\" data-append-to-body=\"true\" data-propagate-tooltip-mouseover-events=\"true\" data-anchor-corner=\"bottom-left\" data-enable-skip-handler=\"false\" data-popup-corner=\"top-left\">\n<div class=\"dig2sb\">\n<div class=\"VfPpkd-Bz112c-Jh9lGc\"><\/div>\n<p><button class=\"VfPpkd-Bz112c-LgbsSe VfPpkd-Bz112c-LgbsSe-OWXEXe-e5LLRc-SxQuSe yHy1rc eT1oJ mN1ivc ZihNHd GA2I6e VfPpkd-ksKsZd-mWPk3d VfPpkd-ksKsZd-mWPk3d-OWXEXe-ZNMTqd\" data-disable-idom=\"true\" aria-label=\"Brontekst wissen\"><\/button><button class=\"VfPpkd-Bz112c-LgbsSe VfPpkd-Bz112c-LgbsSe-OWXEXe-e5LLRc-SxQuSe yHy1rc eT1oJ mN1ivc ZihNHd GA2I6e VfPpkd-ksKsZd-mWPk3d VfPpkd-ksKsZd-mWPk3d-OWXEXe-ZNMTqd\" data-disable-idom=\"true\" aria-label=\"Brontekst wissen\"><i class=\"material-icons-extended VfPpkd-kBDsod\" lang=\"\" aria-hidden=\"true\">clear<\/i><\/button><\/p>\n<div class=\"VfPpkd-Bz112c-RLmnJb\">\n<p>Originales Kunstboer-Design. Supers\u00fc\u00dfe G\u00fcrteltasche mit scharfem Aufdruck auf der Vorder- und Oberseite und nat\u00fcrlich den s\u00fc\u00dfen Ohren<\/p>\n<\/div>\n<\/div>\n<div class=\"UdTY9 BwTYAc leDWne\" aria-hidden=\"true\" data-location=\"1\">\n<div class=\"ebT7ne sMVRZe\">\n<div class=\"F0pQVc\">\n<div class=\"FFpbKc\">\n<div class=\"xMmqsf\">\n<div class=\"r375lc\">\n<div class=\"aJIq1d\" dir=\"ltr\" data-language-code=\"nl\" data-language-name=\"Nederlands\" data-text=\"\" data-crosslingual-hint=\"undefined\" data-location=\"1\" data-enable-toggle-playback-speed=\"true\">\n<div class=\"m0Qfkd\">\n<div class=\"VfPpkd-Bz112c-Jh9lGc\">\n<p>Extra langer Bund mit Klickverschluss.<\/p>\n<p>Braun\/Beige \u2013 Baumwolle \u2013 24 x 17 (inkl. Ohren) x 6 cm \u2013 Rei\u00dfverschluss<\/p>\n<p>Stehlen Sie die Show auf jedem Festival oder jeder Party und einfach unterwegs<\/p>\n<\/div>\n<\/div>\n<\/div>\n<\/div>\n<\/div>\n<\/div>\n<\/div>\n<\/div>\n<\/div>\n<\/div>\n<\/div>\n<p>&nbsp;<\/p>\n<script language='javascript' type='text\/javascript'>function getWR360PopupSkin(){return 'light_clean';}<\/script>","protected":false},"excerpt":{"rendered":"<p>clear Originales Kunstboer-Design. Supers\u00fc\u00dfe G\u00fcrteltasche mit scharfem Aufdruck auf der Vorder- und Oberseite und nat\u00fcrlich den s\u00fc\u00dfen Ohren Extra langer Bund mit Klickverschluss. Braun\/Beige \u2013 Baumwolle \u2013 24 x 17 (inkl. Ohren) x 6 cm \u2013 Rei\u00dfverschluss Stehlen Sie die Show auf jedem Festival oder jeder Party und einfach unterwegs &nbsp;<\/p>\n","protected":false},"featured_media":85595,"comment_status":"open","ping_status":"closed","template":"","meta":{"_acf_changed":false},"product_brand":[],"product_cat":[694,731],"product_tag":[],"class_list":{"0":"post-85803","1":"product","2":"type-product","3":"status-publish","4":"has-post-thumbnail","6":"product_cat-toilettassen-de","7":"product_cat-tassen-de","9":"first","10":"instock","11":"taxable","12":"shipping-taxable","13":"purchasable","14":"product-type-simple"},"composite_virtual":false,"composite_layout":"","composite_add_to_cart_form_location":"","composite_editable_in_cart":false,"composite_sold_individually_context":"","composite_shop_price_calc":"","composite_components":[],"composite_scenarios":[],"bundled_by":[],"bundle_stock_status":"instock","bundle_stock_quantity":89,"bundle_virtual":false,"bundle_layout":"","bundle_add_to_cart_form_location":"","bundle_editable_in_cart":false,"bundle_sold_individually_context":"","bundle_item_grouping":"","bundle_min_size":"","bundle_max_size":"","bundle_price":[],"bundled_items":[],"bundle_sell_ids":[],"acf":[],"yoast_head":"<!-- This site is optimized with the Yoast SEO plugin v26.8 - https:\/\/yoast.com\/product\/yoast-seo-wordpress\/ -->\n<title>G\u00fcrteltasche Katzen mit Ohren, einzigartig und verr\u00fcckt<\/title>\n<meta name=\"description\" content=\"Einzigartig und Originales Kunstboer-Design. Supers\u00fc\u00dfe G\u00fcrteltasche mit Ohren Stehlen Sie die Show auf jedem Festival oder jeder Party und einfach unterwegs\" \/>\n<meta name=\"robots\" content=\"index, follow, max-snippet:-1, max-image-preview:large, max-video-preview:-1\" \/>\n<link rel=\"canonical\" href=\"https:\/\/kunstboer.com\/en\/produkt\/waist-bag-cat-with-ears-cute-and-quirky\/\" \/>\n<meta property=\"og:locale\" content=\"de_DE\" \/>\n<meta property=\"og:type\" content=\"article\" \/>\n<meta property=\"og:title\" content=\"G\u00fcrteltasche Katzen mit Ohren, einzigartig und verr\u00fcckt\" \/>\n<meta property=\"og:description\" content=\"Einzigartig und Originales Kunstboer-Design. Supers\u00fc\u00dfe G\u00fcrteltasche mit Ohren Stehlen Sie die Show auf jedem Festival oder jeder Party und einfach unterwegs\" \/>\n<meta property=\"og:url\" content=\"https:\/\/kunstboer.com\/en\/produkt\/waist-bag-cat-with-ears-cute-and-quirky\/\" \/>\n<meta property=\"og:site_name\" content=\"Kunstboer\" \/>\n<meta property=\"article:modified_time\" content=\"2025-10-20T06:17:22+00:00\" \/>\n<meta property=\"og:image\" content=\"http:\/\/kunstboer.com\/wp-content\/uploads\/2019\/10\/cb003g.jpg\" \/>\n\t<meta property=\"og:image:width\" content=\"1000\" \/>\n\t<meta property=\"og:image:height\" content=\"1000\" \/>\n\t<meta property=\"og:image:type\" content=\"image\/jpeg\" \/>\n<meta name=\"twitter:card\" content=\"summary_large_image\" \/>\n<meta name=\"twitter:label1\" content=\"Gesch\u00e4tzte Lesezeit\" \/>\n\t<meta name=\"twitter:data1\" content=\"1\u00a0Minute\" \/>\n<script type=\"application\/ld+json\" class=\"yoast-schema-graph\">{\"@context\":\"https:\/\/schema.org\",\"@graph\":[{\"@type\":\"WebPage\",\"@id\":\"https:\/\/kunstboer.com\/en\/produkt\/waist-bag-cat-with-ears-cute-and-quirky\/\",\"url\":\"https:\/\/kunstboer.com\/en\/produkt\/waist-bag-cat-with-ears-cute-and-quirky\/\",\"name\":\"G\u00fcrteltasche Katzen mit Ohren, einzigartig und verr\u00fcckt\",\"isPartOf\":{\"@id\":\"https:\/\/kunstboer.com\/#website\"},\"primaryImageOfPage\":{\"@id\":\"https:\/\/kunstboer.com\/en\/produkt\/waist-bag-cat-with-ears-cute-and-quirky\/#primaryimage\"},\"image\":{\"@id\":\"https:\/\/kunstboer.com\/en\/produkt\/waist-bag-cat-with-ears-cute-and-quirky\/#primaryimage\"},\"thumbnailUrl\":\"https:\/\/kunstboer.com\/wp-content\/uploads\/2019\/10\/cb003g.jpg\",\"datePublished\":\"2019-10-22T11:27:53+00:00\",\"dateModified\":\"2025-10-20T06:17:22+00:00\",\"description\":\"Einzigartig und Originales Kunstboer-Design. Supers\u00fc\u00dfe G\u00fcrteltasche mit Ohren Stehlen Sie die Show auf jedem Festival oder jeder Party und einfach unterwegs\",\"breadcrumb\":{\"@id\":\"https:\/\/kunstboer.com\/en\/produkt\/waist-bag-cat-with-ears-cute-and-quirky\/#breadcrumb\"},\"inLanguage\":\"de\",\"potentialAction\":[{\"@type\":\"ReadAction\",\"target\":[\"https:\/\/kunstboer.com\/en\/produkt\/waist-bag-cat-with-ears-cute-and-quirky\/\"]}]},{\"@type\":\"ImageObject\",\"inLanguage\":\"de\",\"@id\":\"https:\/\/kunstboer.com\/en\/produkt\/waist-bag-cat-with-ears-cute-and-quirky\/#primaryimage\",\"url\":\"https:\/\/kunstboer.com\/wp-content\/uploads\/2019\/10\/cb003g.jpg\",\"contentUrl\":\"https:\/\/kunstboer.com\/wp-content\/uploads\/2019\/10\/cb003g.jpg\",\"width\":1000,\"height\":1000},{\"@type\":\"BreadcrumbList\",\"@id\":\"https:\/\/kunstboer.com\/en\/produkt\/waist-bag-cat-with-ears-cute-and-quirky\/#breadcrumb\",\"itemListElement\":[{\"@type\":\"ListItem\",\"position\":1,\"name\":\"Home\",\"item\":\"https:\/\/kunstboer.com\/de\/\"},{\"@type\":\"ListItem\",\"position\":2,\"name\":\"Shop\",\"item\":\"https:\/\/kunstboer.com\/shop\/\"},{\"@type\":\"ListItem\",\"position\":3,\"name\":\"G\u00fcrteltasche Katzen mit Ohren, einzigartig und verr\u00fcckt\"}]},{\"@type\":\"WebSite\",\"@id\":\"https:\/\/kunstboer.com\/#website\",\"url\":\"https:\/\/kunstboer.com\/\",\"name\":\"Kunstboer\",\"description\":\"Kleurrijk en verrassend merk\",\"potentialAction\":[{\"@type\":\"SearchAction\",\"target\":{\"@type\":\"EntryPoint\",\"urlTemplate\":\"https:\/\/kunstboer.com\/?s={search_term_string}\"},\"query-input\":{\"@type\":\"PropertyValueSpecification\",\"valueRequired\":true,\"valueName\":\"search_term_string\"}}],\"inLanguage\":\"de\"}]}<\/script>\n<!-- \/ Yoast SEO plugin. -->","yoast_head_json":{"title":"G\u00fcrteltasche Katzen mit Ohren, einzigartig und verr\u00fcckt","description":"Einzigartig und Originales Kunstboer-Design. Supers\u00fc\u00dfe G\u00fcrteltasche mit Ohren Stehlen Sie die Show auf jedem Festival oder jeder Party und einfach unterwegs","robots":{"index":"index","follow":"follow","max-snippet":"max-snippet:-1","max-image-preview":"max-image-preview:large","max-video-preview":"max-video-preview:-1"},"canonical":"https:\/\/kunstboer.com\/en\/produkt\/waist-bag-cat-with-ears-cute-and-quirky\/","og_locale":"de_DE","og_type":"article","og_title":"G\u00fcrteltasche Katzen mit Ohren, einzigartig und verr\u00fcckt","og_description":"Einzigartig und Originales Kunstboer-Design. Supers\u00fc\u00dfe G\u00fcrteltasche mit Ohren Stehlen Sie die Show auf jedem Festival oder jeder Party und einfach unterwegs","og_url":"https:\/\/kunstboer.com\/en\/produkt\/waist-bag-cat-with-ears-cute-and-quirky\/","og_site_name":"Kunstboer","article_modified_time":"2025-10-20T06:17:22+00:00","og_image":[{"width":1000,"height":1000,"url":"http:\/\/kunstboer.com\/wp-content\/uploads\/2019\/10\/cb003g.jpg","type":"image\/jpeg"}],"twitter_card":"summary_large_image","twitter_misc":{"Gesch\u00e4tzte Lesezeit":"1\u00a0Minute"},"schema":{"@context":"https:\/\/schema.org","@graph":[{"@type":"WebPage","@id":"https:\/\/kunstboer.com\/en\/produkt\/waist-bag-cat-with-ears-cute-and-quirky\/","url":"https:\/\/kunstboer.com\/en\/produkt\/waist-bag-cat-with-ears-cute-and-quirky\/","name":"G\u00fcrteltasche Katzen mit Ohren, einzigartig und verr\u00fcckt","isPartOf":{"@id":"https:\/\/kunstboer.com\/#website"},"primaryImageOfPage":{"@id":"https:\/\/kunstboer.com\/en\/produkt\/waist-bag-cat-with-ears-cute-and-quirky\/#primaryimage"},"image":{"@id":"https:\/\/kunstboer.com\/en\/produkt\/waist-bag-cat-with-ears-cute-and-quirky\/#primaryimage"},"thumbnailUrl":"https:\/\/kunstboer.com\/wp-content\/uploads\/2019\/10\/cb003g.jpg","datePublished":"2019-10-22T11:27:53+00:00","dateModified":"2025-10-20T06:17:22+00:00","description":"Einzigartig und Originales Kunstboer-Design. Supers\u00fc\u00dfe G\u00fcrteltasche mit Ohren Stehlen Sie die Show auf jedem Festival oder jeder Party und einfach unterwegs","breadcrumb":{"@id":"https:\/\/kunstboer.com\/en\/produkt\/waist-bag-cat-with-ears-cute-and-quirky\/#breadcrumb"},"inLanguage":"de","potentialAction":[{"@type":"ReadAction","target":["https:\/\/kunstboer.com\/en\/produkt\/waist-bag-cat-with-ears-cute-and-quirky\/"]}]},{"@type":"ImageObject","inLanguage":"de","@id":"https:\/\/kunstboer.com\/en\/produkt\/waist-bag-cat-with-ears-cute-and-quirky\/#primaryimage","url":"https:\/\/kunstboer.com\/wp-content\/uploads\/2019\/10\/cb003g.jpg","contentUrl":"https:\/\/kunstboer.com\/wp-content\/uploads\/2019\/10\/cb003g.jpg","width":1000,"height":1000},{"@type":"BreadcrumbList","@id":"https:\/\/kunstboer.com\/en\/produkt\/waist-bag-cat-with-ears-cute-and-quirky\/#breadcrumb","itemListElement":[{"@type":"ListItem","position":1,"name":"Home","item":"https:\/\/kunstboer.com\/de\/"},{"@type":"ListItem","position":2,"name":"Shop","item":"https:\/\/kunstboer.com\/shop\/"},{"@type":"ListItem","position":3,"name":"G\u00fcrteltasche Katzen mit Ohren, einzigartig und verr\u00fcckt"}]},{"@type":"WebSite","@id":"https:\/\/kunstboer.com\/#website","url":"https:\/\/kunstboer.com\/","name":"Kunstboer","description":"Kleurrijk en verrassend merk","potentialAction":[{"@type":"SearchAction","target":{"@type":"EntryPoint","urlTemplate":"https:\/\/kunstboer.com\/?s={search_term_string}"},"query-input":{"@type":"PropertyValueSpecification","valueRequired":true,"valueName":"search_term_string"}}],"inLanguage":"de"}]}},"_links":{"self":[{"href":"https:\/\/kunstboer.com\/de\/wp-json\/wp\/v2\/product\/85803","targetHints":{"allow":["GET"]}}],"collection":[{"href":"https:\/\/kunstboer.com\/de\/wp-json\/wp\/v2\/product"}],"about":[{"href":"https:\/\/kunstboer.com\/de\/wp-json\/wp\/v2\/types\/product"}],"replies":[{"embeddable":true,"href":"https:\/\/kunstboer.com\/de\/wp-json\/wp\/v2\/comments?post=85803"}],"wp:featuredmedia":[{"embeddable":true,"href":"https:\/\/kunstboer.com\/de\/wp-json\/wp\/v2\/media\/85595"}],"wp:attachment":[{"href":"https:\/\/kunstboer.com\/de\/wp-json\/wp\/v2\/media?parent=85803"}],"wp:term":[{"taxonomy":"product_brand","embeddable":true,"href":"https:\/\/kunstboer.com\/de\/wp-json\/wp\/v2\/product_brand?post=85803"},{"taxonomy":"product_cat","embeddable":true,"href":"https:\/\/kunstboer.com\/de\/wp-json\/wp\/v2\/product_cat?post=85803"},{"taxonomy":"product_tag","embeddable":true,"href":"https:\/\/kunstboer.com\/de\/wp-json\/wp\/v2\/product_tag?post=85803"}],"curies":[{"name":"wp","href":"https:\/\/api.w.org\/{rel}","templated":true}]}}