{"id":77604,"date":"2018-12-14T12:55:01","date_gmt":"2018-12-14T12:55:01","guid":{"rendered":"http:\/\/kunstboer.com\/?post_type=product&#038;p=77604"},"modified":"2024-09-16T21:28:18","modified_gmt":"2024-09-16T21:28:18","slug":"kleid-brillenhase-kopie-2","status":"publish","type":"product","link":"https:\/\/kunstboer.com\/de\/produkt\/kleid-brillenhase-kopie-2\/","title":{"rendered":"Kleid Pugs"},"content":{"rendered":"<p>Die Kleider von Kunstboer sind immer fr\u00f6hlich, \u00fcberschw\u00e4nglich und farbenfroh. Entworfen mit Liebe, um M\u00e4dchen zum Leuchten zu bringen. Warum siehst du langweilig aus, wenn es auch \u00fcberschw\u00e4nglich sein kann?<\/p>\n<p>95% schwer 220 gr. Baumwolle<br \/>\n5% Elasthan f\u00fcr bessere Passform und Farbbest\u00e4ndigkeit<br \/>\ngestochen scharfer Druck<\/p>\n<script language='javascript' type='text\/javascript'>function getWR360PopupSkin(){return 'light_clean';}<\/script>","protected":false},"excerpt":{"rendered":"<p>Die Kleider von Kunstboer sind immer fr\u00f6hlich, \u00fcberschw\u00e4nglich und farbenfroh. Entworfen mit Liebe, um M\u00e4dchen zum Leuchten zu bringen. Warum siehst du langweilig aus, wenn es auch \u00fcberschw\u00e4nglich sein kann? 95% schwer 220 gr. Baumwolle 5% Elasthan f\u00fcr bessere Passform und Farbbest\u00e4ndigkeit gestochen scharfer Druck<\/p>\n","protected":false},"featured_media":84948,"comment_status":"open","ping_status":"closed","template":"","meta":{"_acf_changed":false},"product_brand":[],"product_cat":[712,1308],"product_tag":[],"class_list":{"0":"post-77604","1":"product","2":"type-product","3":"status-publish","4":"has-post-thumbnail","6":"product_cat-kleidung","7":"product_cat-sale-de","8":"pa_size-110-116-4-6-jr-de","9":"pa_size-122-128-6-8-jr-de","10":"pa_size-134-140-8-10-jr-de","11":"pa_size-146-152-10-12-jr-de","12":"pa_size-86-92-1-2-jr-de","13":"pa_size-98-104-2-4-jr-de","15":"first","16":"instock","17":"sale","18":"taxable","19":"shipping-taxable","20":"purchasable","21":"product-type-variable"},"composite_virtual":false,"composite_layout":"","composite_add_to_cart_form_location":"","composite_editable_in_cart":false,"composite_sold_individually_context":"","composite_shop_price_calc":"","composite_components":[],"composite_scenarios":[],"bundled_by":[],"bundle_stock_status":"instock","bundle_stock_quantity":null,"bundle_virtual":false,"bundle_layout":"","bundle_add_to_cart_form_location":"","bundle_editable_in_cart":false,"bundle_sold_individually_context":"","bundle_item_grouping":"","bundle_min_size":"","bundle_max_size":"","bundle_price":[],"bundled_items":[],"bundle_sell_ids":[],"acf":[],"yoast_head":"<!-- This site is optimized with the Yoast SEO plugin v26.8 - https:\/\/yoast.com\/product\/yoast-seo-wordpress\/ -->\n<title>Kleide Hase mit Brille Hase kunstboer Kleid, Tiere Kunstboer Kleid Hase<\/title>\n<meta name=\"description\" content=\"Kleide Hase mit Brille Hase kunstboer Kleid, Tiere Kunstboer Kleid Hase\" \/>\n<meta name=\"robots\" content=\"index, follow, max-snippet:-1, max-image-preview:large, max-video-preview:-1\" \/>\n<link rel=\"canonical\" href=\"https:\/\/kunstboer.com\/de\/produkt\/kleid-brillenhase-kopie-2\/\" \/>\n<meta property=\"og:locale\" content=\"de_DE\" \/>\n<meta property=\"og:type\" content=\"article\" \/>\n<meta property=\"og:title\" content=\"Kleide Hase mit Brille Hase kunstboer Kleid, Tiere Kunstboer Kleid Hase\" \/>\n<meta property=\"og:description\" content=\"Kleide Hase mit Brille Hase kunstboer Kleid, Tiere Kunstboer Kleid Hase\" \/>\n<meta property=\"og:url\" content=\"https:\/\/kunstboer.com\/de\/produkt\/kleid-brillenhase-kopie-2\/\" \/>\n<meta property=\"og:site_name\" content=\"Kunstboer\" \/>\n<meta property=\"article:modified_time\" content=\"2024-09-16T21:28:18+00:00\" \/>\n<meta property=\"og:image\" content=\"http:\/\/kunstboer.com\/wp-content\/uploads\/2018\/12\/LX006c.jpg\" \/>\n\t<meta property=\"og:image:width\" content=\"1000\" \/>\n\t<meta property=\"og:image:height\" content=\"1000\" \/>\n\t<meta property=\"og:image:type\" content=\"image\/jpeg\" \/>\n<meta name=\"twitter:card\" content=\"summary_large_image\" \/>\n<script type=\"application\/ld+json\" class=\"yoast-schema-graph\">{\"@context\":\"https:\/\/schema.org\",\"@graph\":[{\"@type\":\"WebPage\",\"@id\":\"https:\/\/kunstboer.com\/de\/produkt\/kleid-brillenhase-kopie-2\/\",\"url\":\"https:\/\/kunstboer.com\/de\/produkt\/kleid-brillenhase-kopie-2\/\",\"name\":\"Kleide Hase mit Brille Hase kunstboer Kleid, Tiere Kunstboer Kleid Hase\",\"isPartOf\":{\"@id\":\"https:\/\/kunstboer.com\/#website\"},\"primaryImageOfPage\":{\"@id\":\"https:\/\/kunstboer.com\/de\/produkt\/kleid-brillenhase-kopie-2\/#primaryimage\"},\"image\":{\"@id\":\"https:\/\/kunstboer.com\/de\/produkt\/kleid-brillenhase-kopie-2\/#primaryimage\"},\"thumbnailUrl\":\"https:\/\/kunstboer.com\/wp-content\/uploads\/2018\/12\/LX006c.jpg\",\"datePublished\":\"2018-12-14T12:55:01+00:00\",\"dateModified\":\"2024-09-16T21:28:18+00:00\",\"description\":\"Kleide Hase mit Brille Hase kunstboer Kleid, Tiere Kunstboer Kleid Hase\",\"breadcrumb\":{\"@id\":\"https:\/\/kunstboer.com\/de\/produkt\/kleid-brillenhase-kopie-2\/#breadcrumb\"},\"inLanguage\":\"de\",\"potentialAction\":[{\"@type\":\"ReadAction\",\"target\":[\"https:\/\/kunstboer.com\/de\/produkt\/kleid-brillenhase-kopie-2\/\"]}]},{\"@type\":\"ImageObject\",\"inLanguage\":\"de\",\"@id\":\"https:\/\/kunstboer.com\/de\/produkt\/kleid-brillenhase-kopie-2\/#primaryimage\",\"url\":\"https:\/\/kunstboer.com\/wp-content\/uploads\/2018\/12\/LX006c.jpg\",\"contentUrl\":\"https:\/\/kunstboer.com\/wp-content\/uploads\/2018\/12\/LX006c.jpg\",\"width\":1000,\"height\":1000},{\"@type\":\"BreadcrumbList\",\"@id\":\"https:\/\/kunstboer.com\/de\/produkt\/kleid-brillenhase-kopie-2\/#breadcrumb\",\"itemListElement\":[{\"@type\":\"ListItem\",\"position\":1,\"name\":\"Home\",\"item\":\"https:\/\/kunstboer.com\/de\/\"},{\"@type\":\"ListItem\",\"position\":2,\"name\":\"Shop\",\"item\":\"https:\/\/kunstboer.com\/shop\/\"},{\"@type\":\"ListItem\",\"position\":3,\"name\":\"Kleid Pugs\"}]},{\"@type\":\"WebSite\",\"@id\":\"https:\/\/kunstboer.com\/#website\",\"url\":\"https:\/\/kunstboer.com\/\",\"name\":\"Kunstboer\",\"description\":\"Kleurrijk en verrassend merk\",\"potentialAction\":[{\"@type\":\"SearchAction\",\"target\":{\"@type\":\"EntryPoint\",\"urlTemplate\":\"https:\/\/kunstboer.com\/?s={search_term_string}\"},\"query-input\":{\"@type\":\"PropertyValueSpecification\",\"valueRequired\":true,\"valueName\":\"search_term_string\"}}],\"inLanguage\":\"de\"}]}<\/script>\n<!-- \/ Yoast SEO plugin. -->","yoast_head_json":{"title":"Kleide Hase mit Brille Hase kunstboer Kleid, Tiere Kunstboer Kleid Hase","description":"Kleide Hase mit Brille Hase kunstboer Kleid, Tiere Kunstboer Kleid Hase","robots":{"index":"index","follow":"follow","max-snippet":"max-snippet:-1","max-image-preview":"max-image-preview:large","max-video-preview":"max-video-preview:-1"},"canonical":"https:\/\/kunstboer.com\/de\/produkt\/kleid-brillenhase-kopie-2\/","og_locale":"de_DE","og_type":"article","og_title":"Kleide Hase mit Brille Hase kunstboer Kleid, Tiere Kunstboer Kleid Hase","og_description":"Kleide Hase mit Brille Hase kunstboer Kleid, Tiere Kunstboer Kleid Hase","og_url":"https:\/\/kunstboer.com\/de\/produkt\/kleid-brillenhase-kopie-2\/","og_site_name":"Kunstboer","article_modified_time":"2024-09-16T21:28:18+00:00","og_image":[{"width":1000,"height":1000,"url":"http:\/\/kunstboer.com\/wp-content\/uploads\/2018\/12\/LX006c.jpg","type":"image\/jpeg"}],"twitter_card":"summary_large_image","schema":{"@context":"https:\/\/schema.org","@graph":[{"@type":"WebPage","@id":"https:\/\/kunstboer.com\/de\/produkt\/kleid-brillenhase-kopie-2\/","url":"https:\/\/kunstboer.com\/de\/produkt\/kleid-brillenhase-kopie-2\/","name":"Kleide Hase mit Brille Hase kunstboer Kleid, Tiere Kunstboer Kleid Hase","isPartOf":{"@id":"https:\/\/kunstboer.com\/#website"},"primaryImageOfPage":{"@id":"https:\/\/kunstboer.com\/de\/produkt\/kleid-brillenhase-kopie-2\/#primaryimage"},"image":{"@id":"https:\/\/kunstboer.com\/de\/produkt\/kleid-brillenhase-kopie-2\/#primaryimage"},"thumbnailUrl":"https:\/\/kunstboer.com\/wp-content\/uploads\/2018\/12\/LX006c.jpg","datePublished":"2018-12-14T12:55:01+00:00","dateModified":"2024-09-16T21:28:18+00:00","description":"Kleide Hase mit Brille Hase kunstboer Kleid, Tiere Kunstboer Kleid Hase","breadcrumb":{"@id":"https:\/\/kunstboer.com\/de\/produkt\/kleid-brillenhase-kopie-2\/#breadcrumb"},"inLanguage":"de","potentialAction":[{"@type":"ReadAction","target":["https:\/\/kunstboer.com\/de\/produkt\/kleid-brillenhase-kopie-2\/"]}]},{"@type":"ImageObject","inLanguage":"de","@id":"https:\/\/kunstboer.com\/de\/produkt\/kleid-brillenhase-kopie-2\/#primaryimage","url":"https:\/\/kunstboer.com\/wp-content\/uploads\/2018\/12\/LX006c.jpg","contentUrl":"https:\/\/kunstboer.com\/wp-content\/uploads\/2018\/12\/LX006c.jpg","width":1000,"height":1000},{"@type":"BreadcrumbList","@id":"https:\/\/kunstboer.com\/de\/produkt\/kleid-brillenhase-kopie-2\/#breadcrumb","itemListElement":[{"@type":"ListItem","position":1,"name":"Home","item":"https:\/\/kunstboer.com\/de\/"},{"@type":"ListItem","position":2,"name":"Shop","item":"https:\/\/kunstboer.com\/shop\/"},{"@type":"ListItem","position":3,"name":"Kleid Pugs"}]},{"@type":"WebSite","@id":"https:\/\/kunstboer.com\/#website","url":"https:\/\/kunstboer.com\/","name":"Kunstboer","description":"Kleurrijk en verrassend merk","potentialAction":[{"@type":"SearchAction","target":{"@type":"EntryPoint","urlTemplate":"https:\/\/kunstboer.com\/?s={search_term_string}"},"query-input":{"@type":"PropertyValueSpecification","valueRequired":true,"valueName":"search_term_string"}}],"inLanguage":"de"}]}},"_links":{"self":[{"href":"https:\/\/kunstboer.com\/de\/wp-json\/wp\/v2\/product\/77604","targetHints":{"allow":["GET"]}}],"collection":[{"href":"https:\/\/kunstboer.com\/de\/wp-json\/wp\/v2\/product"}],"about":[{"href":"https:\/\/kunstboer.com\/de\/wp-json\/wp\/v2\/types\/product"}],"replies":[{"embeddable":true,"href":"https:\/\/kunstboer.com\/de\/wp-json\/wp\/v2\/comments?post=77604"}],"wp:featuredmedia":[{"embeddable":true,"href":"https:\/\/kunstboer.com\/de\/wp-json\/wp\/v2\/media\/84948"}],"wp:attachment":[{"href":"https:\/\/kunstboer.com\/de\/wp-json\/wp\/v2\/media?parent=77604"}],"wp:term":[{"taxonomy":"product_brand","embeddable":true,"href":"https:\/\/kunstboer.com\/de\/wp-json\/wp\/v2\/product_brand?post=77604"},{"taxonomy":"product_cat","embeddable":true,"href":"https:\/\/kunstboer.com\/de\/wp-json\/wp\/v2\/product_cat?post=77604"},{"taxonomy":"product_tag","embeddable":true,"href":"https:\/\/kunstboer.com\/de\/wp-json\/wp\/v2\/product_tag?post=77604"}],"curies":[{"name":"wp","href":"https:\/\/api.w.org\/{rel}","templated":true}]}}