{"id":76230,"date":"2017-01-26T16:37:40","date_gmt":"2018-10-23T10:27:54","guid":{"rendered":"http:\/\/kunstboer.com\/?post_type=product&#038;p=76230"},"modified":"2024-07-15T15:51:10","modified_gmt":"2024-07-15T15:51:10","slug":"schultertasche-einhoerner","status":"publish","type":"product","link":"https:\/\/kunstboer.com\/de\/produkt\/schultertasche-einhoerner\/","title":{"rendered":"Schultertasche Einh\u00f6rner"},"content":{"rendered":"<p><span id=\"result_box\" class=\"\" lang=\"de\">Willst du mit dieser Tasche gl\u00e4nzen, bestelle heute diese coole\u00a0 Tasche online. Mit einem scharfen bunten Druck auf der Vorderseite und hergestellt aus robustem Material eine sehr sch\u00f6ne Tasche f\u00fcr Schule oder Arbeit. <span class=\"\">Geeignet f\u00fcr A4-Artikel und Platz f\u00fcr einen mittelgro\u00dfen Laptop.<\/span> <span class=\"\">Ein Tablet passt perfekt in die Fronttasche.<\/span> Der Inhalt ist dank einer zus\u00e4tzlichen Schaumschicht gut gesch\u00fctzt. Die Schultergurte sind mit Nylon verst\u00e4rkt, so dass du viel mitbringen kannst. <span class=\"\">Weitere Vorteile der Tasche sind die verst\u00e4rkte Bodenplatte und die innenverarbeitung aus Nylon. <\/span><span class=\"\">Der Rei\u00dfverschluss hat auch die gleiche Farbe wie die Tasche und hat einen gro\u00dfen Rei\u00dfverschlussangriff f\u00fcr mehr Grip.<\/span>\u00a0<\/span><\/p>\n<script language='javascript' type='text\/javascript'>function getWR360PopupSkin(){return 'light_clean';}<\/script>","protected":false},"excerpt":{"rendered":"<p>Willst du mit dieser Tasche gl\u00e4nzen, bestelle heute diese coole\u00a0 Tasche online. Mit einem scharfen bunten Druck auf der Vorderseite und hergestellt aus robustem Material eine sehr sch\u00f6ne Tasche f\u00fcr Schule oder Arbeit. Geeignet f\u00fcr A4-Artikel und Platz f\u00fcr einen mittelgro\u00dfen Laptop. Ein Tablet passt perfekt in die Fronttasche. Der Inhalt ist dank einer zus\u00e4tzlichen [&hellip;]<\/p>\n","protected":false},"featured_media":72489,"comment_status":"open","ping_status":"closed","template":"","meta":{"_acf_changed":false},"product_brand":[],"product_cat":[731,283],"product_tag":[],"class_list":{"0":"post-76230","1":"product","2":"type-product","3":"status-publish","4":"has-post-thumbnail","6":"product_cat-tassen-de","7":"product_cat-backpacks","9":"first","10":"instock","11":"taxable","12":"shipping-taxable","13":"purchasable","14":"product-type-simple"},"composite_virtual":false,"composite_layout":"","composite_add_to_cart_form_location":"","composite_editable_in_cart":false,"composite_sold_individually_context":"","composite_shop_price_calc":"","composite_components":[],"composite_scenarios":[],"bundled_by":[],"bundle_stock_status":"instock","bundle_stock_quantity":30,"bundle_virtual":false,"bundle_layout":"","bundle_add_to_cart_form_location":"","bundle_editable_in_cart":false,"bundle_sold_individually_context":"","bundle_item_grouping":"","bundle_min_size":"","bundle_max_size":"","bundle_price":[],"bundled_items":[],"bundle_sell_ids":[],"acf":[],"yoast_head":"<!-- This site is optimized with the Yoast SEO plugin v26.8 - https:\/\/yoast.com\/product\/yoast-seo-wordpress\/ -->\n<title>Schultertasche Einh\u00f6rner | Kunstboer<\/title>\n<meta name=\"robots\" content=\"index, follow, max-snippet:-1, max-image-preview:large, max-video-preview:-1\" \/>\n<link rel=\"canonical\" href=\"https:\/\/kunstboer.com\/en\/produkt\/shoulderbag-unicorns\/\" \/>\n<meta property=\"og:locale\" content=\"de_DE\" \/>\n<meta property=\"og:type\" content=\"article\" \/>\n<meta property=\"og:title\" content=\"Schultertasche Einh\u00f6rner | Kunstboer\" \/>\n<meta property=\"og:description\" content=\"Willst du mit dieser Tasche gl\u00e4nzen, bestelle heute diese coole\u00a0 Tasche online. Mit einem scharfen bunten Druck auf der Vorderseite und hergestellt aus robustem Material eine sehr sch\u00f6ne Tasche f\u00fcr Schule oder Arbeit. Geeignet f\u00fcr A4-Artikel und Platz f\u00fcr einen mittelgro\u00dfen Laptop. Ein Tablet passt perfekt in die Fronttasche. Der Inhalt ist dank einer zus\u00e4tzlichen [&hellip;]\" \/>\n<meta property=\"og:url\" content=\"https:\/\/kunstboer.com\/en\/produkt\/shoulderbag-unicorns\/\" \/>\n<meta property=\"og:site_name\" content=\"Kunstboer\" \/>\n<meta property=\"article:modified_time\" content=\"2024-07-15T15:51:10+00:00\" \/>\n<meta property=\"og:image\" content=\"http:\/\/kunstboer.com\/wp-content\/uploads\/2015\/08\/gb008v.jpg\" \/>\n\t<meta property=\"og:image:width\" content=\"1000\" \/>\n\t<meta property=\"og:image:height\" content=\"1000\" \/>\n\t<meta property=\"og:image:type\" content=\"image\/jpeg\" \/>\n<meta name=\"twitter:card\" content=\"summary_large_image\" \/>\n<meta name=\"twitter:label1\" content=\"Gesch\u00e4tzte Lesezeit\" \/>\n\t<meta name=\"twitter:data1\" content=\"1\u00a0Minute\" \/>\n<script type=\"application\/ld+json\" class=\"yoast-schema-graph\">{\"@context\":\"https:\/\/schema.org\",\"@graph\":[{\"@type\":\"WebPage\",\"@id\":\"https:\/\/kunstboer.com\/en\/produkt\/shoulderbag-unicorns\/\",\"url\":\"https:\/\/kunstboer.com\/en\/produkt\/shoulderbag-unicorns\/\",\"name\":\"Schultertasche Einh\u00f6rner | Kunstboer\",\"isPartOf\":{\"@id\":\"https:\/\/kunstboer.com\/#website\"},\"primaryImageOfPage\":{\"@id\":\"https:\/\/kunstboer.com\/en\/produkt\/shoulderbag-unicorns\/#primaryimage\"},\"image\":{\"@id\":\"https:\/\/kunstboer.com\/en\/produkt\/shoulderbag-unicorns\/#primaryimage\"},\"thumbnailUrl\":\"https:\/\/kunstboer.com\/wp-content\/uploads\/2015\/08\/gb008v.jpg\",\"datePublished\":\"2018-10-23T10:27:54+00:00\",\"dateModified\":\"2024-07-15T15:51:10+00:00\",\"breadcrumb\":{\"@id\":\"https:\/\/kunstboer.com\/en\/produkt\/shoulderbag-unicorns\/#breadcrumb\"},\"inLanguage\":\"de\",\"potentialAction\":[{\"@type\":\"ReadAction\",\"target\":[\"https:\/\/kunstboer.com\/en\/produkt\/shoulderbag-unicorns\/\"]}]},{\"@type\":\"ImageObject\",\"inLanguage\":\"de\",\"@id\":\"https:\/\/kunstboer.com\/en\/produkt\/shoulderbag-unicorns\/#primaryimage\",\"url\":\"https:\/\/kunstboer.com\/wp-content\/uploads\/2015\/08\/gb008v.jpg\",\"contentUrl\":\"https:\/\/kunstboer.com\/wp-content\/uploads\/2015\/08\/gb008v.jpg\",\"width\":1000,\"height\":1000},{\"@type\":\"BreadcrumbList\",\"@id\":\"https:\/\/kunstboer.com\/en\/produkt\/shoulderbag-unicorns\/#breadcrumb\",\"itemListElement\":[{\"@type\":\"ListItem\",\"position\":1,\"name\":\"Home\",\"item\":\"https:\/\/kunstboer.com\/de\/\"},{\"@type\":\"ListItem\",\"position\":2,\"name\":\"Shop\",\"item\":\"https:\/\/kunstboer.com\/shop\/\"},{\"@type\":\"ListItem\",\"position\":3,\"name\":\"Schultertasche Einh\u00f6rner\"}]},{\"@type\":\"WebSite\",\"@id\":\"https:\/\/kunstboer.com\/#website\",\"url\":\"https:\/\/kunstboer.com\/\",\"name\":\"Kunstboer\",\"description\":\"Kleurrijk en verrassend merk\",\"potentialAction\":[{\"@type\":\"SearchAction\",\"target\":{\"@type\":\"EntryPoint\",\"urlTemplate\":\"https:\/\/kunstboer.com\/?s={search_term_string}\"},\"query-input\":{\"@type\":\"PropertyValueSpecification\",\"valueRequired\":true,\"valueName\":\"search_term_string\"}}],\"inLanguage\":\"de\"}]}<\/script>\n<!-- \/ Yoast SEO plugin. -->","yoast_head_json":{"title":"Schultertasche Einh\u00f6rner | Kunstboer","robots":{"index":"index","follow":"follow","max-snippet":"max-snippet:-1","max-image-preview":"max-image-preview:large","max-video-preview":"max-video-preview:-1"},"canonical":"https:\/\/kunstboer.com\/en\/produkt\/shoulderbag-unicorns\/","og_locale":"de_DE","og_type":"article","og_title":"Schultertasche Einh\u00f6rner | Kunstboer","og_description":"Willst du mit dieser Tasche gl\u00e4nzen, bestelle heute diese coole\u00a0 Tasche online. Mit einem scharfen bunten Druck auf der Vorderseite und hergestellt aus robustem Material eine sehr sch\u00f6ne Tasche f\u00fcr Schule oder Arbeit. Geeignet f\u00fcr A4-Artikel und Platz f\u00fcr einen mittelgro\u00dfen Laptop. Ein Tablet passt perfekt in die Fronttasche. Der Inhalt ist dank einer zus\u00e4tzlichen [&hellip;]","og_url":"https:\/\/kunstboer.com\/en\/produkt\/shoulderbag-unicorns\/","og_site_name":"Kunstboer","article_modified_time":"2024-07-15T15:51:10+00:00","og_image":[{"width":1000,"height":1000,"url":"http:\/\/kunstboer.com\/wp-content\/uploads\/2015\/08\/gb008v.jpg","type":"image\/jpeg"}],"twitter_card":"summary_large_image","twitter_misc":{"Gesch\u00e4tzte Lesezeit":"1\u00a0Minute"},"schema":{"@context":"https:\/\/schema.org","@graph":[{"@type":"WebPage","@id":"https:\/\/kunstboer.com\/en\/produkt\/shoulderbag-unicorns\/","url":"https:\/\/kunstboer.com\/en\/produkt\/shoulderbag-unicorns\/","name":"Schultertasche Einh\u00f6rner | Kunstboer","isPartOf":{"@id":"https:\/\/kunstboer.com\/#website"},"primaryImageOfPage":{"@id":"https:\/\/kunstboer.com\/en\/produkt\/shoulderbag-unicorns\/#primaryimage"},"image":{"@id":"https:\/\/kunstboer.com\/en\/produkt\/shoulderbag-unicorns\/#primaryimage"},"thumbnailUrl":"https:\/\/kunstboer.com\/wp-content\/uploads\/2015\/08\/gb008v.jpg","datePublished":"2018-10-23T10:27:54+00:00","dateModified":"2024-07-15T15:51:10+00:00","breadcrumb":{"@id":"https:\/\/kunstboer.com\/en\/produkt\/shoulderbag-unicorns\/#breadcrumb"},"inLanguage":"de","potentialAction":[{"@type":"ReadAction","target":["https:\/\/kunstboer.com\/en\/produkt\/shoulderbag-unicorns\/"]}]},{"@type":"ImageObject","inLanguage":"de","@id":"https:\/\/kunstboer.com\/en\/produkt\/shoulderbag-unicorns\/#primaryimage","url":"https:\/\/kunstboer.com\/wp-content\/uploads\/2015\/08\/gb008v.jpg","contentUrl":"https:\/\/kunstboer.com\/wp-content\/uploads\/2015\/08\/gb008v.jpg","width":1000,"height":1000},{"@type":"BreadcrumbList","@id":"https:\/\/kunstboer.com\/en\/produkt\/shoulderbag-unicorns\/#breadcrumb","itemListElement":[{"@type":"ListItem","position":1,"name":"Home","item":"https:\/\/kunstboer.com\/de\/"},{"@type":"ListItem","position":2,"name":"Shop","item":"https:\/\/kunstboer.com\/shop\/"},{"@type":"ListItem","position":3,"name":"Schultertasche Einh\u00f6rner"}]},{"@type":"WebSite","@id":"https:\/\/kunstboer.com\/#website","url":"https:\/\/kunstboer.com\/","name":"Kunstboer","description":"Kleurrijk en verrassend merk","potentialAction":[{"@type":"SearchAction","target":{"@type":"EntryPoint","urlTemplate":"https:\/\/kunstboer.com\/?s={search_term_string}"},"query-input":{"@type":"PropertyValueSpecification","valueRequired":true,"valueName":"search_term_string"}}],"inLanguage":"de"}]}},"_links":{"self":[{"href":"https:\/\/kunstboer.com\/de\/wp-json\/wp\/v2\/product\/76230","targetHints":{"allow":["GET"]}}],"collection":[{"href":"https:\/\/kunstboer.com\/de\/wp-json\/wp\/v2\/product"}],"about":[{"href":"https:\/\/kunstboer.com\/de\/wp-json\/wp\/v2\/types\/product"}],"replies":[{"embeddable":true,"href":"https:\/\/kunstboer.com\/de\/wp-json\/wp\/v2\/comments?post=76230"}],"wp:featuredmedia":[{"embeddable":true,"href":"https:\/\/kunstboer.com\/de\/wp-json\/wp\/v2\/media\/72489"}],"wp:attachment":[{"href":"https:\/\/kunstboer.com\/de\/wp-json\/wp\/v2\/media?parent=76230"}],"wp:term":[{"taxonomy":"product_brand","embeddable":true,"href":"https:\/\/kunstboer.com\/de\/wp-json\/wp\/v2\/product_brand?post=76230"},{"taxonomy":"product_cat","embeddable":true,"href":"https:\/\/kunstboer.com\/de\/wp-json\/wp\/v2\/product_cat?post=76230"},{"taxonomy":"product_tag","embeddable":true,"href":"https:\/\/kunstboer.com\/de\/wp-json\/wp\/v2\/product_tag?post=76230"}],"curies":[{"name":"wp","href":"https:\/\/api.w.org\/{rel}","templated":true}]}}