{"id":71792,"date":"2017-02-21T13:05:35","date_gmt":"2017-02-21T13:05:35","guid":{"rendered":"http:\/\/kunstboer.com\/product\/postkarte-pegasus\/"},"modified":"2022-10-06T06:52:12","modified_gmt":"2022-10-06T06:52:12","slug":"postkarte-pegasus","status":"publish","type":"product","link":"https:\/\/kunstboer.com\/de\/produkt\/postkarte-pegasus\/","title":{"rendered":"Postkarte Pegasus 10 st."},"content":{"rendered":"<p>Kunstboer Karten sind nat\u00fcrlich eigene Designs mit fast allen Tieren in der Hauptrolle. Schauen Sie auch auf die R\u00fcckseite, eine Briefmarkenecke mit einem gro\u00dfen Augenzwinkern, Adresszeilen und gen\u00fcgend Platz, um eine fr\u00f6hliche Begr\u00fc\u00dfung zu vermitteln.<\/p>\n<script language='javascript' type='text\/javascript'>function getWR360PopupSkin(){return 'light_clean';}<\/script>","protected":false},"excerpt":{"rendered":"<p>Kunstboer Karten sind nat\u00fcrlich eigene Designs mit fast allen Tieren in der Hauptrolle. Schauen Sie auch auf die R\u00fcckseite, eine Briefmarkenecke mit einem gro\u00dfen Augenzwinkern, Adresszeilen und gen\u00fcgend Platz, um eine fr\u00f6hliche Begr\u00fc\u00dfung zu vermitteln.<\/p>\n","protected":false},"featured_media":71790,"comment_status":"open","ping_status":"closed","template":"","meta":{"_acf_changed":false},"product_brand":[],"product_cat":[1298,1308],"product_tag":[],"class_list":{"0":"post-71792","1":"product","2":"type-product","3":"status-publish","4":"has-post-thumbnail","6":"product_cat-postkarten","7":"product_cat-sale-de","9":"first","10":"instock","11":"taxable","12":"shipping-taxable","13":"purchasable","14":"product-type-simple"},"composite_virtual":false,"composite_layout":"","composite_add_to_cart_form_location":"","composite_editable_in_cart":false,"composite_sold_individually_context":"","composite_shop_price_calc":"","composite_components":[],"composite_scenarios":[],"bundled_by":[],"bundle_stock_status":"instock","bundle_stock_quantity":2,"bundle_virtual":false,"bundle_layout":"","bundle_add_to_cart_form_location":"","bundle_editable_in_cart":false,"bundle_sold_individually_context":"","bundle_item_grouping":"","bundle_min_size":"","bundle_max_size":"","bundle_price":[],"bundled_items":[],"bundle_sell_ids":[],"acf":[],"yoast_head":"<!-- This site is optimized with the Yoast SEO plugin v26.8 - https:\/\/yoast.com\/product\/yoast-seo-wordpress\/ -->\n<title>Karte Pegasus | Kunstboer | De Kunstboer Tickets | De Kunstboer Postkarte | Drucken De Kunstboer | Kunstboer Karte | De Kunstboer | Kunstboer Tickets | Kunstboer Postkarte | Drucken Kunstboer | Kunstboer Karte |<\/title>\n<meta name=\"description\" content=\"Karte Pegasus | Kunstboer | De Kunstboer Tickets | De Kunstboer Postkarte | Drucken De Kunstboer | Kunstboer Karte | De Kunstboer | Kunstboer Tickets | Kunstboer Postkarte | Drucken Kunstboer | Kunstboer Karte |\" \/>\n<meta name=\"robots\" content=\"index, follow, max-snippet:-1, max-image-preview:large, max-video-preview:-1\" \/>\n<link rel=\"canonical\" href=\"https:\/\/kunstboer.com\/product\/kaart-pegasus-10-st\/\" \/>\n<meta property=\"og:locale\" content=\"de_DE\" \/>\n<meta property=\"og:type\" content=\"article\" \/>\n<meta property=\"og:title\" content=\"Karte Pegasus | Kunstboer | De Kunstboer Tickets | De Kunstboer Postkarte | Drucken De Kunstboer | Kunstboer Karte | De Kunstboer | Kunstboer Tickets | Kunstboer Postkarte | Drucken Kunstboer | Kunstboer Karte |\" \/>\n<meta property=\"og:description\" content=\"Karte Pegasus | Kunstboer | De Kunstboer Tickets | De Kunstboer Postkarte | Drucken De Kunstboer | Kunstboer Karte | De Kunstboer | Kunstboer Tickets | Kunstboer Postkarte | Drucken Kunstboer | Kunstboer Karte |\" \/>\n<meta property=\"og:url\" content=\"https:\/\/kunstboer.com\/product\/kaart-pegasus-10-st\/\" \/>\n<meta property=\"og:site_name\" content=\"Kunstboer\" \/>\n<meta property=\"article:modified_time\" content=\"2022-10-06T06:52:12+00:00\" \/>\n<meta property=\"og:image\" content=\"http:\/\/kunstboer.com\/wp-content\/uploads\/images\/products\/p-5627-p-5624-Kaart-Pegasus-pc054.jpg\" \/>\n\t<meta property=\"og:image:width\" content=\"1240\" \/>\n\t<meta property=\"og:image:height\" content=\"1748\" \/>\n\t<meta property=\"og:image:type\" content=\"image\/jpeg\" \/>\n<meta name=\"twitter:card\" content=\"summary_large_image\" \/>\n<meta name=\"twitter:label1\" content=\"Gesch\u00e4tzte Lesezeit\" \/>\n\t<meta name=\"twitter:data1\" content=\"1\u00a0Minute\" \/>\n<script type=\"application\/ld+json\" class=\"yoast-schema-graph\">{\"@context\":\"https:\/\/schema.org\",\"@graph\":[{\"@type\":\"WebPage\",\"@id\":\"https:\/\/kunstboer.com\/product\/kaart-pegasus-10-st\/\",\"url\":\"https:\/\/kunstboer.com\/product\/kaart-pegasus-10-st\/\",\"name\":\"Karte Pegasus | Kunstboer | De Kunstboer Tickets | De Kunstboer Postkarte | Drucken De Kunstboer | Kunstboer Karte | De Kunstboer | Kunstboer Tickets | Kunstboer Postkarte | Drucken Kunstboer | Kunstboer Karte |\",\"isPartOf\":{\"@id\":\"https:\/\/kunstboer.com\/#website\"},\"primaryImageOfPage\":{\"@id\":\"https:\/\/kunstboer.com\/product\/kaart-pegasus-10-st\/#primaryimage\"},\"image\":{\"@id\":\"https:\/\/kunstboer.com\/product\/kaart-pegasus-10-st\/#primaryimage\"},\"thumbnailUrl\":\"https:\/\/kunstboer.com\/wp-content\/uploads\/images\/products\/p-5627-p-5624-Kaart-Pegasus-pc054.jpg\",\"datePublished\":\"2017-02-21T13:05:35+00:00\",\"dateModified\":\"2022-10-06T06:52:12+00:00\",\"description\":\"Karte Pegasus | Kunstboer | De Kunstboer Tickets | De Kunstboer Postkarte | Drucken De Kunstboer | Kunstboer Karte | De Kunstboer | Kunstboer Tickets | Kunstboer Postkarte | Drucken Kunstboer | Kunstboer Karte |\",\"breadcrumb\":{\"@id\":\"https:\/\/kunstboer.com\/product\/kaart-pegasus-10-st\/#breadcrumb\"},\"inLanguage\":\"de\",\"potentialAction\":[{\"@type\":\"ReadAction\",\"target\":[\"https:\/\/kunstboer.com\/product\/kaart-pegasus-10-st\/\"]}]},{\"@type\":\"ImageObject\",\"inLanguage\":\"de\",\"@id\":\"https:\/\/kunstboer.com\/product\/kaart-pegasus-10-st\/#primaryimage\",\"url\":\"https:\/\/kunstboer.com\/wp-content\/uploads\/images\/products\/p-5627-p-5624-Kaart-Pegasus-pc054.jpg\",\"contentUrl\":\"https:\/\/kunstboer.com\/wp-content\/uploads\/images\/products\/p-5627-p-5624-Kaart-Pegasus-pc054.jpg\",\"width\":1240,\"height\":1748,\"caption\":\"POSTKARTE PEGASUS\"},{\"@type\":\"BreadcrumbList\",\"@id\":\"https:\/\/kunstboer.com\/product\/kaart-pegasus-10-st\/#breadcrumb\",\"itemListElement\":[{\"@type\":\"ListItem\",\"position\":1,\"name\":\"Home\",\"item\":\"https:\/\/kunstboer.com\/de\/\"},{\"@type\":\"ListItem\",\"position\":2,\"name\":\"Shop\",\"item\":\"https:\/\/kunstboer.com\/shop\/\"},{\"@type\":\"ListItem\",\"position\":3,\"name\":\"Postkarte Pegasus 10 st.\"}]},{\"@type\":\"WebSite\",\"@id\":\"https:\/\/kunstboer.com\/#website\",\"url\":\"https:\/\/kunstboer.com\/\",\"name\":\"Kunstboer\",\"description\":\"Kleurrijk en verrassend merk\",\"potentialAction\":[{\"@type\":\"SearchAction\",\"target\":{\"@type\":\"EntryPoint\",\"urlTemplate\":\"https:\/\/kunstboer.com\/?s={search_term_string}\"},\"query-input\":{\"@type\":\"PropertyValueSpecification\",\"valueRequired\":true,\"valueName\":\"search_term_string\"}}],\"inLanguage\":\"de\"}]}<\/script>\n<!-- \/ Yoast SEO plugin. -->","yoast_head_json":{"title":"Karte Pegasus | Kunstboer | De Kunstboer Tickets | De Kunstboer Postkarte | Drucken De Kunstboer | Kunstboer Karte | De Kunstboer | Kunstboer Tickets | Kunstboer Postkarte | Drucken Kunstboer | Kunstboer Karte |","description":"Karte Pegasus | Kunstboer | De Kunstboer Tickets | De Kunstboer Postkarte | Drucken De Kunstboer | Kunstboer Karte | De Kunstboer | Kunstboer Tickets | Kunstboer Postkarte | Drucken Kunstboer | Kunstboer Karte |","robots":{"index":"index","follow":"follow","max-snippet":"max-snippet:-1","max-image-preview":"max-image-preview:large","max-video-preview":"max-video-preview:-1"},"canonical":"https:\/\/kunstboer.com\/product\/kaart-pegasus-10-st\/","og_locale":"de_DE","og_type":"article","og_title":"Karte Pegasus | Kunstboer | De Kunstboer Tickets | De Kunstboer Postkarte | Drucken De Kunstboer | Kunstboer Karte | De Kunstboer | Kunstboer Tickets | Kunstboer Postkarte | Drucken Kunstboer | Kunstboer Karte |","og_description":"Karte Pegasus | Kunstboer | De Kunstboer Tickets | De Kunstboer Postkarte | Drucken De Kunstboer | Kunstboer Karte | De Kunstboer | Kunstboer Tickets | Kunstboer Postkarte | Drucken Kunstboer | Kunstboer Karte |","og_url":"https:\/\/kunstboer.com\/product\/kaart-pegasus-10-st\/","og_site_name":"Kunstboer","article_modified_time":"2022-10-06T06:52:12+00:00","og_image":[{"width":1240,"height":1748,"url":"http:\/\/kunstboer.com\/wp-content\/uploads\/images\/products\/p-5627-p-5624-Kaart-Pegasus-pc054.jpg","type":"image\/jpeg"}],"twitter_card":"summary_large_image","twitter_misc":{"Gesch\u00e4tzte Lesezeit":"1\u00a0Minute"},"schema":{"@context":"https:\/\/schema.org","@graph":[{"@type":"WebPage","@id":"https:\/\/kunstboer.com\/product\/kaart-pegasus-10-st\/","url":"https:\/\/kunstboer.com\/product\/kaart-pegasus-10-st\/","name":"Karte Pegasus | Kunstboer | De Kunstboer Tickets | De Kunstboer Postkarte | Drucken De Kunstboer | Kunstboer Karte | De Kunstboer | Kunstboer Tickets | Kunstboer Postkarte | Drucken Kunstboer | Kunstboer Karte |","isPartOf":{"@id":"https:\/\/kunstboer.com\/#website"},"primaryImageOfPage":{"@id":"https:\/\/kunstboer.com\/product\/kaart-pegasus-10-st\/#primaryimage"},"image":{"@id":"https:\/\/kunstboer.com\/product\/kaart-pegasus-10-st\/#primaryimage"},"thumbnailUrl":"https:\/\/kunstboer.com\/wp-content\/uploads\/images\/products\/p-5627-p-5624-Kaart-Pegasus-pc054.jpg","datePublished":"2017-02-21T13:05:35+00:00","dateModified":"2022-10-06T06:52:12+00:00","description":"Karte Pegasus | Kunstboer | De Kunstboer Tickets | De Kunstboer Postkarte | Drucken De Kunstboer | Kunstboer Karte | De Kunstboer | Kunstboer Tickets | Kunstboer Postkarte | Drucken Kunstboer | Kunstboer Karte |","breadcrumb":{"@id":"https:\/\/kunstboer.com\/product\/kaart-pegasus-10-st\/#breadcrumb"},"inLanguage":"de","potentialAction":[{"@type":"ReadAction","target":["https:\/\/kunstboer.com\/product\/kaart-pegasus-10-st\/"]}]},{"@type":"ImageObject","inLanguage":"de","@id":"https:\/\/kunstboer.com\/product\/kaart-pegasus-10-st\/#primaryimage","url":"https:\/\/kunstboer.com\/wp-content\/uploads\/images\/products\/p-5627-p-5624-Kaart-Pegasus-pc054.jpg","contentUrl":"https:\/\/kunstboer.com\/wp-content\/uploads\/images\/products\/p-5627-p-5624-Kaart-Pegasus-pc054.jpg","width":1240,"height":1748,"caption":"POSTKARTE PEGASUS"},{"@type":"BreadcrumbList","@id":"https:\/\/kunstboer.com\/product\/kaart-pegasus-10-st\/#breadcrumb","itemListElement":[{"@type":"ListItem","position":1,"name":"Home","item":"https:\/\/kunstboer.com\/de\/"},{"@type":"ListItem","position":2,"name":"Shop","item":"https:\/\/kunstboer.com\/shop\/"},{"@type":"ListItem","position":3,"name":"Postkarte Pegasus 10 st."}]},{"@type":"WebSite","@id":"https:\/\/kunstboer.com\/#website","url":"https:\/\/kunstboer.com\/","name":"Kunstboer","description":"Kleurrijk en verrassend merk","potentialAction":[{"@type":"SearchAction","target":{"@type":"EntryPoint","urlTemplate":"https:\/\/kunstboer.com\/?s={search_term_string}"},"query-input":{"@type":"PropertyValueSpecification","valueRequired":true,"valueName":"search_term_string"}}],"inLanguage":"de"}]}},"_links":{"self":[{"href":"https:\/\/kunstboer.com\/de\/wp-json\/wp\/v2\/product\/71792","targetHints":{"allow":["GET"]}}],"collection":[{"href":"https:\/\/kunstboer.com\/de\/wp-json\/wp\/v2\/product"}],"about":[{"href":"https:\/\/kunstboer.com\/de\/wp-json\/wp\/v2\/types\/product"}],"replies":[{"embeddable":true,"href":"https:\/\/kunstboer.com\/de\/wp-json\/wp\/v2\/comments?post=71792"}],"wp:featuredmedia":[{"embeddable":true,"href":"https:\/\/kunstboer.com\/de\/wp-json\/wp\/v2\/media\/71790"}],"wp:attachment":[{"href":"https:\/\/kunstboer.com\/de\/wp-json\/wp\/v2\/media?parent=71792"}],"wp:term":[{"taxonomy":"product_brand","embeddable":true,"href":"https:\/\/kunstboer.com\/de\/wp-json\/wp\/v2\/product_brand?post=71792"},{"taxonomy":"product_cat","embeddable":true,"href":"https:\/\/kunstboer.com\/de\/wp-json\/wp\/v2\/product_cat?post=71792"},{"taxonomy":"product_tag","embeddable":true,"href":"https:\/\/kunstboer.com\/de\/wp-json\/wp\/v2\/product_tag?post=71792"}],"curies":[{"name":"wp","href":"https:\/\/api.w.org\/{rel}","templated":true}]}}