{"id":71316,"date":"2017-10-17T15:17:20","date_gmt":"2017-10-17T15:17:20","guid":{"rendered":"http:\/\/kunstboer.com\/product\/medium-etui-wilhelmina\/"},"modified":"2022-04-13T00:05:04","modified_gmt":"2022-04-13T00:05:04","slug":"medium-etui-wilhelmina","status":"publish","type":"product","link":"https:\/\/kunstboer.com\/de\/produkt\/medium-etui-wilhelmina\/","title":{"rendered":"Medium Etui Wilhelmina"},"content":{"rendered":"<p>Mit der neuen Marke Marzs hat Kunstboer eine unglaublich coole Kollektion an Kisten. Erh\u00e4ltlich in zwei verschiedenen Gr\u00f6\u00dfen und alle mit einem gestochen scharfen Druck auf der Vorderseite. Der Fall kann f\u00fcr viele Zwecke verwendet werden. Zum Beispiel als Make-up-Tasche, Kulturtasche, Dokumentenmappe oder einfach nur f\u00fcr kleine Grusel. Gef\u00e4llt dir das Original? Die Marzs-Koffer mit einzigartigen Designs sind ein Muss. Der attraktive Preis macht es auch attraktiv, eine Anzahl von Kopien als Vorrat zu kaufen. So hast du immer ein sch\u00f6nes Geschenk f\u00fcr unerwartete Momente. Qualitativ sehr stark durch das Canvas-Material und eine Front, die f\u00fcr zus\u00e4tzlichen Schutz hinzugef\u00fcgt wurde. Die Innenseite ist aus Nylon und daher leicht zu reinigen. \u00dcberraschen Sie sich selbst oder jemand anderen und bestellen Sie heute eine hippe Marzs-Tasche online.<\/p>\n<script language='javascript' type='text\/javascript'>function getWR360PopupSkin(){return 'light_clean';}<\/script>","protected":false},"excerpt":{"rendered":"<p>Mit der neuen Marke Marzs hat Kunstboer eine unglaublich coole Kollektion an Kisten. Erh\u00e4ltlich in zwei verschiedenen Gr\u00f6\u00dfen und alle mit einem gestochen scharfen Druck auf der Vorderseite. Der Fall kann f\u00fcr viele Zwecke verwendet werden. Zum Beispiel als Make-up-Tasche, Kulturtasche, Dokumentenmappe oder einfach nur f\u00fcr kleine Grusel. Gef\u00e4llt dir das Original? Die Marzs-Koffer mit [&hellip;]<\/p>\n","protected":false},"featured_media":75644,"comment_status":"open","ping_status":"closed","template":"","meta":{"_acf_changed":false},"product_brand":[],"product_cat":[693,1308],"product_tag":[],"class_list":{"0":"post-71316","1":"product","2":"type-product","3":"status-publish","4":"has-post-thumbnail","6":"product_cat-portemonnees-de","7":"product_cat-sale-de","9":"first","10":"instock","11":"sale","12":"taxable","13":"shipping-taxable","14":"purchasable","15":"product-type-simple"},"composite_virtual":false,"composite_layout":"","composite_add_to_cart_form_location":"","composite_editable_in_cart":false,"composite_sold_individually_context":"","composite_shop_price_calc":"","composite_components":[],"composite_scenarios":[],"bundled_by":[],"bundle_stock_status":"instock","bundle_stock_quantity":9,"bundle_virtual":false,"bundle_layout":"","bundle_add_to_cart_form_location":"","bundle_editable_in_cart":false,"bundle_sold_individually_context":"","bundle_item_grouping":"","bundle_min_size":"","bundle_max_size":"","bundle_price":[],"bundled_items":[],"bundle_sell_ids":[],"acf":[],"yoast_head":"<!-- This site is optimized with the Yoast SEO plugin v26.8 - https:\/\/yoast.com\/product\/yoast-seo-wordpress\/ -->\n<title>Medium Etui WilhelminaMedium<\/title>\n<meta name=\"description\" content=\"Medium Etui Wilhelmina\" \/>\n<meta name=\"robots\" content=\"index, follow, max-snippet:-1, max-image-preview:large, max-video-preview:-1\" \/>\n<link rel=\"canonical\" href=\"https:\/\/kunstboer.com\/product\/medium-etui-wilhelmina\/\" \/>\n<meta property=\"og:locale\" content=\"de_DE\" \/>\n<meta property=\"og:type\" content=\"article\" \/>\n<meta property=\"og:title\" content=\"Medium Etui WilhelminaMedium\" \/>\n<meta property=\"og:description\" content=\"Medium Etui Wilhelmina\" \/>\n<meta property=\"og:url\" content=\"https:\/\/kunstboer.com\/product\/medium-etui-wilhelmina\/\" \/>\n<meta property=\"og:site_name\" content=\"Kunstboer\" \/>\n<meta property=\"article:modified_time\" content=\"2022-04-13T00:05:04+00:00\" \/>\n<meta property=\"og:image\" content=\"http:\/\/kunstboer.com\/wp-content\/uploads\/2017\/10\/MB010.jpg\" \/>\n\t<meta property=\"og:image:width\" content=\"600\" \/>\n\t<meta property=\"og:image:height\" content=\"800\" \/>\n\t<meta property=\"og:image:type\" content=\"image\/jpeg\" \/>\n<meta name=\"twitter:card\" content=\"summary_large_image\" \/>\n<meta name=\"twitter:label1\" content=\"Gesch\u00e4tzte Lesezeit\" \/>\n\t<meta name=\"twitter:data1\" content=\"1\u00a0Minute\" \/>\n<script type=\"application\/ld+json\" class=\"yoast-schema-graph\">{\"@context\":\"https:\/\/schema.org\",\"@graph\":[{\"@type\":\"WebPage\",\"@id\":\"https:\/\/kunstboer.com\/product\/medium-etui-wilhelmina\/\",\"url\":\"https:\/\/kunstboer.com\/product\/medium-etui-wilhelmina\/\",\"name\":\"Medium Etui WilhelminaMedium\",\"isPartOf\":{\"@id\":\"https:\/\/kunstboer.com\/#website\"},\"primaryImageOfPage\":{\"@id\":\"https:\/\/kunstboer.com\/product\/medium-etui-wilhelmina\/#primaryimage\"},\"image\":{\"@id\":\"https:\/\/kunstboer.com\/product\/medium-etui-wilhelmina\/#primaryimage\"},\"thumbnailUrl\":\"https:\/\/kunstboer.com\/wp-content\/uploads\/2017\/10\/MB010.jpg\",\"datePublished\":\"2017-10-17T15:17:20+00:00\",\"dateModified\":\"2022-04-13T00:05:04+00:00\",\"description\":\"Medium Etui Wilhelmina\",\"breadcrumb\":{\"@id\":\"https:\/\/kunstboer.com\/product\/medium-etui-wilhelmina\/#breadcrumb\"},\"inLanguage\":\"de\",\"potentialAction\":[{\"@type\":\"ReadAction\",\"target\":[\"https:\/\/kunstboer.com\/product\/medium-etui-wilhelmina\/\"]}]},{\"@type\":\"ImageObject\",\"inLanguage\":\"de\",\"@id\":\"https:\/\/kunstboer.com\/product\/medium-etui-wilhelmina\/#primaryimage\",\"url\":\"https:\/\/kunstboer.com\/wp-content\/uploads\/2017\/10\/MB010.jpg\",\"contentUrl\":\"https:\/\/kunstboer.com\/wp-content\/uploads\/2017\/10\/MB010.jpg\",\"width\":600,\"height\":800},{\"@type\":\"BreadcrumbList\",\"@id\":\"https:\/\/kunstboer.com\/product\/medium-etui-wilhelmina\/#breadcrumb\",\"itemListElement\":[{\"@type\":\"ListItem\",\"position\":1,\"name\":\"Home\",\"item\":\"https:\/\/kunstboer.com\/de\/\"},{\"@type\":\"ListItem\",\"position\":2,\"name\":\"Shop\",\"item\":\"https:\/\/kunstboer.com\/shop\/\"},{\"@type\":\"ListItem\",\"position\":3,\"name\":\"Medium Etui Wilhelmina\"}]},{\"@type\":\"WebSite\",\"@id\":\"https:\/\/kunstboer.com\/#website\",\"url\":\"https:\/\/kunstboer.com\/\",\"name\":\"Kunstboer\",\"description\":\"Kleurrijk en verrassend merk\",\"potentialAction\":[{\"@type\":\"SearchAction\",\"target\":{\"@type\":\"EntryPoint\",\"urlTemplate\":\"https:\/\/kunstboer.com\/?s={search_term_string}\"},\"query-input\":{\"@type\":\"PropertyValueSpecification\",\"valueRequired\":true,\"valueName\":\"search_term_string\"}}],\"inLanguage\":\"de\"}]}<\/script>\n<!-- \/ Yoast SEO plugin. -->","yoast_head_json":{"title":"Medium Etui WilhelminaMedium","description":"Medium Etui Wilhelmina","robots":{"index":"index","follow":"follow","max-snippet":"max-snippet:-1","max-image-preview":"max-image-preview:large","max-video-preview":"max-video-preview:-1"},"canonical":"https:\/\/kunstboer.com\/product\/medium-etui-wilhelmina\/","og_locale":"de_DE","og_type":"article","og_title":"Medium Etui WilhelminaMedium","og_description":"Medium Etui Wilhelmina","og_url":"https:\/\/kunstboer.com\/product\/medium-etui-wilhelmina\/","og_site_name":"Kunstboer","article_modified_time":"2022-04-13T00:05:04+00:00","og_image":[{"width":600,"height":800,"url":"http:\/\/kunstboer.com\/wp-content\/uploads\/2017\/10\/MB010.jpg","type":"image\/jpeg"}],"twitter_card":"summary_large_image","twitter_misc":{"Gesch\u00e4tzte Lesezeit":"1\u00a0Minute"},"schema":{"@context":"https:\/\/schema.org","@graph":[{"@type":"WebPage","@id":"https:\/\/kunstboer.com\/product\/medium-etui-wilhelmina\/","url":"https:\/\/kunstboer.com\/product\/medium-etui-wilhelmina\/","name":"Medium Etui WilhelminaMedium","isPartOf":{"@id":"https:\/\/kunstboer.com\/#website"},"primaryImageOfPage":{"@id":"https:\/\/kunstboer.com\/product\/medium-etui-wilhelmina\/#primaryimage"},"image":{"@id":"https:\/\/kunstboer.com\/product\/medium-etui-wilhelmina\/#primaryimage"},"thumbnailUrl":"https:\/\/kunstboer.com\/wp-content\/uploads\/2017\/10\/MB010.jpg","datePublished":"2017-10-17T15:17:20+00:00","dateModified":"2022-04-13T00:05:04+00:00","description":"Medium Etui Wilhelmina","breadcrumb":{"@id":"https:\/\/kunstboer.com\/product\/medium-etui-wilhelmina\/#breadcrumb"},"inLanguage":"de","potentialAction":[{"@type":"ReadAction","target":["https:\/\/kunstboer.com\/product\/medium-etui-wilhelmina\/"]}]},{"@type":"ImageObject","inLanguage":"de","@id":"https:\/\/kunstboer.com\/product\/medium-etui-wilhelmina\/#primaryimage","url":"https:\/\/kunstboer.com\/wp-content\/uploads\/2017\/10\/MB010.jpg","contentUrl":"https:\/\/kunstboer.com\/wp-content\/uploads\/2017\/10\/MB010.jpg","width":600,"height":800},{"@type":"BreadcrumbList","@id":"https:\/\/kunstboer.com\/product\/medium-etui-wilhelmina\/#breadcrumb","itemListElement":[{"@type":"ListItem","position":1,"name":"Home","item":"https:\/\/kunstboer.com\/de\/"},{"@type":"ListItem","position":2,"name":"Shop","item":"https:\/\/kunstboer.com\/shop\/"},{"@type":"ListItem","position":3,"name":"Medium Etui Wilhelmina"}]},{"@type":"WebSite","@id":"https:\/\/kunstboer.com\/#website","url":"https:\/\/kunstboer.com\/","name":"Kunstboer","description":"Kleurrijk en verrassend merk","potentialAction":[{"@type":"SearchAction","target":{"@type":"EntryPoint","urlTemplate":"https:\/\/kunstboer.com\/?s={search_term_string}"},"query-input":{"@type":"PropertyValueSpecification","valueRequired":true,"valueName":"search_term_string"}}],"inLanguage":"de"}]}},"_links":{"self":[{"href":"https:\/\/kunstboer.com\/de\/wp-json\/wp\/v2\/product\/71316","targetHints":{"allow":["GET"]}}],"collection":[{"href":"https:\/\/kunstboer.com\/de\/wp-json\/wp\/v2\/product"}],"about":[{"href":"https:\/\/kunstboer.com\/de\/wp-json\/wp\/v2\/types\/product"}],"replies":[{"embeddable":true,"href":"https:\/\/kunstboer.com\/de\/wp-json\/wp\/v2\/comments?post=71316"}],"wp:featuredmedia":[{"embeddable":true,"href":"https:\/\/kunstboer.com\/de\/wp-json\/wp\/v2\/media\/75644"}],"wp:attachment":[{"href":"https:\/\/kunstboer.com\/de\/wp-json\/wp\/v2\/media?parent=71316"}],"wp:term":[{"taxonomy":"product_brand","embeddable":true,"href":"https:\/\/kunstboer.com\/de\/wp-json\/wp\/v2\/product_brand?post=71316"},{"taxonomy":"product_cat","embeddable":true,"href":"https:\/\/kunstboer.com\/de\/wp-json\/wp\/v2\/product_cat?post=71316"},{"taxonomy":"product_tag","embeddable":true,"href":"https:\/\/kunstboer.com\/de\/wp-json\/wp\/v2\/product_tag?post=71316"}],"curies":[{"name":"wp","href":"https:\/\/api.w.org\/{rel}","templated":true}]}}