{"id":52275,"date":"2018-07-17T14:01:00","date_gmt":"2018-07-17T14:01:00","guid":{"rendered":"http:\/\/kunstboer.com\/product\/squarebag-unicorns\/"},"modified":"2023-11-16T21:08:26","modified_gmt":"2023-11-16T21:08:26","slug":"squarebag-unicorns","status":"publish","type":"product","link":"https:\/\/kunstboer.com\/de\/produkt\/squarebag-unicorns\/","title":{"rendered":"Squarebag Einhorner"},"content":{"rendered":"<p>Design Kunstboer: Trendige Kindertasche f\u00fcr trendige Girls<\/p>\n<p>Sie k\u00f6nnen diesen neuen Trend nicht verpassen. Die Squarebag Unicorns f\u00fcr trendige Girls. Wirst du bald mit dieser neuen Schultertasche auf dem Schulhof gl\u00e4nzen? Wetten das jeder wissen will, wo du diesen tollen Sack gekauft hast. Mit dem auff\u00e4lligen Print und fr\u00f6hlichen Farben ist diese Tasche nicht schnell langweilig. Neben einem sch\u00f6nen Aussehen auch von sehr guter Qualit\u00e4t. Die Umh\u00e4ngetasche besteht aus robustem Kunstleder und der Riemen, mit dem Sie die Tasche \u00fcber Ihre Schulter tragen, ist mit Nylon verst\u00e4rkt. Da Kindertaschen manchmal etwas aushalten m\u00fcssen, ist der Schultergurt extra fest an der Seite der Tasche angebracht. Bemerkenswerte Details sind die Chromschnallen und das passende Nylonfutter auf der Innenseite. Die Tasche stammt aus unserer eigenen Kollektion und Kunstboer geht nicht zur halben Arbeit. Alles passt wirklich auf diese Tasche. Das Design, aber auch die Benutzerfreundlichkeit. Nichts ist \u00e4rgerlicher als ein Rei\u00dfverschluss, der nicht gut l\u00e4uft. Der Squarebag Unicorn hat einen sch\u00f6nen gro\u00dfen Rei\u00dfverschluss. Es ist aus Metall, mit Relief und viel Grip. Die Tasche bietet Platz f\u00fcr zwei Lunch-Boxen und einen Trinkbecher.<\/p>\n<p>Produktdaten und allgemeine Informationen<\/p>\n<p>Die Tasche hat eine mehrfarbige Vorderseite, die anderen Seiten sind weich grau. Das Material ist Kunstleder mit Nylon und die Tasche ist 25 Zentimeter breit und 25 Zentimeter hoch. Die Tiefe betr\u00e4gt 10 Zentimeter. Der Rei\u00dfverschluss ist in der gleichen Farbe wie die Tasche und ein nettes Extra ist die kleine Innentasche mit Rei\u00dfverschluss.<\/p>\n<script language='javascript' type='text\/javascript'>function getWR360PopupSkin(){return 'light_clean';}<\/script>","protected":false},"excerpt":{"rendered":"<p>Design Kunstboer: Trendige Kindertasche f\u00fcr trendige Girls Sie k\u00f6nnen diesen neuen Trend nicht verpassen. Die Squarebag Unicorns f\u00fcr trendige Girls. Wirst du bald mit dieser neuen Schultertasche auf dem Schulhof gl\u00e4nzen? Wetten das jeder wissen will, wo du diesen tollen Sack gekauft hast. Mit dem auff\u00e4lligen Print und fr\u00f6hlichen Farben ist diese Tasche nicht schnell [&hellip;]<\/p>\n","protected":false},"featured_media":72924,"comment_status":"open","ping_status":"closed","template":"","meta":{"_acf_changed":false},"product_brand":[],"product_cat":[283],"product_tag":[],"class_list":{"0":"post-52275","1":"product","2":"type-product","3":"status-publish","4":"has-post-thumbnail","6":"product_cat-backpacks","8":"first","9":"instock","10":"taxable","11":"shipping-taxable","12":"purchasable","13":"product-type-simple"},"composite_virtual":false,"composite_layout":"","composite_add_to_cart_form_location":"","composite_editable_in_cart":false,"composite_sold_individually_context":"","composite_shop_price_calc":"","composite_components":[],"composite_scenarios":[],"bundled_by":[],"bundle_stock_status":"instock","bundle_stock_quantity":30,"bundle_virtual":false,"bundle_layout":"","bundle_add_to_cart_form_location":"","bundle_editable_in_cart":false,"bundle_sold_individually_context":"","bundle_item_grouping":"","bundle_min_size":"","bundle_max_size":"","bundle_price":[],"bundled_items":[],"bundle_sell_ids":[],"acf":[],"yoast_head":"<!-- This site is optimized with the Yoast SEO plugin v26.8 - https:\/\/yoast.com\/product\/yoast-seo-wordpress\/ -->\n<title>SQUAREBAG EINHORN | Quadratische Tasche mit Einhorn | Die Kunst Bauer Einhorn Tasche | Die Kunst Bauer Einhorn Tasche | Einhorn Tasche<\/title>\n<meta name=\"description\" content=\"SQUAREBAG EINHORN | Quadratische Tasche mit Einhorn | Die Kunst Bauer Einhorn Tasche | Die Kunst Bauer Einhorn Tasche | Einhorn Tasche\" \/>\n<meta name=\"robots\" content=\"index, follow, max-snippet:-1, max-image-preview:large, max-video-preview:-1\" \/>\n<link rel=\"canonical\" href=\"https:\/\/kunstboer.com\/en\/produkt\/squarebag-unicorn-kopie\/\" \/>\n<meta property=\"og:locale\" content=\"de_DE\" \/>\n<meta property=\"og:type\" content=\"article\" \/>\n<meta property=\"og:title\" content=\"SQUAREBAG EINHORN | Quadratische Tasche mit Einhorn | Die Kunst Bauer Einhorn Tasche | Die Kunst Bauer Einhorn Tasche | Einhorn Tasche\" \/>\n<meta property=\"og:description\" content=\"SQUAREBAG EINHORN | Quadratische Tasche mit Einhorn | Die Kunst Bauer Einhorn Tasche | Die Kunst Bauer Einhorn Tasche | Einhorn Tasche\" \/>\n<meta property=\"og:url\" content=\"https:\/\/kunstboer.com\/en\/produkt\/squarebag-unicorn-kopie\/\" \/>\n<meta property=\"og:site_name\" content=\"Kunstboer\" \/>\n<meta property=\"article:modified_time\" content=\"2023-11-16T21:08:26+00:00\" \/>\n<meta property=\"og:image\" content=\"http:\/\/kunstboer.com\/wp-content\/uploads\/2017\/02\/sb025v.jpg\" \/>\n\t<meta property=\"og:image:width\" content=\"1000\" \/>\n\t<meta property=\"og:image:height\" content=\"1000\" \/>\n\t<meta property=\"og:image:type\" content=\"image\/jpeg\" \/>\n<meta name=\"twitter:card\" content=\"summary_large_image\" \/>\n<meta name=\"twitter:label1\" content=\"Gesch\u00e4tzte Lesezeit\" \/>\n\t<meta name=\"twitter:data1\" content=\"2\u00a0Minuten\" \/>\n<script type=\"application\/ld+json\" class=\"yoast-schema-graph\">{\"@context\":\"https:\/\/schema.org\",\"@graph\":[{\"@type\":\"WebPage\",\"@id\":\"https:\/\/kunstboer.com\/en\/produkt\/squarebag-unicorn-kopie\/\",\"url\":\"https:\/\/kunstboer.com\/en\/produkt\/squarebag-unicorn-kopie\/\",\"name\":\"SQUAREBAG EINHORN | Quadratische Tasche mit Einhorn | Die Kunst Bauer Einhorn Tasche | Die Kunst Bauer Einhorn Tasche | Einhorn Tasche\",\"isPartOf\":{\"@id\":\"https:\/\/kunstboer.com\/#website\"},\"primaryImageOfPage\":{\"@id\":\"https:\/\/kunstboer.com\/en\/produkt\/squarebag-unicorn-kopie\/#primaryimage\"},\"image\":{\"@id\":\"https:\/\/kunstboer.com\/en\/produkt\/squarebag-unicorn-kopie\/#primaryimage\"},\"thumbnailUrl\":\"https:\/\/kunstboer.com\/wp-content\/uploads\/2017\/02\/sb025v.jpg\",\"datePublished\":\"2018-07-17T14:01:00+00:00\",\"dateModified\":\"2023-11-16T21:08:26+00:00\",\"description\":\"SQUAREBAG EINHORN | Quadratische Tasche mit Einhorn | Die Kunst Bauer Einhorn Tasche | Die Kunst Bauer Einhorn Tasche | Einhorn Tasche\",\"breadcrumb\":{\"@id\":\"https:\/\/kunstboer.com\/en\/produkt\/squarebag-unicorn-kopie\/#breadcrumb\"},\"inLanguage\":\"de\",\"potentialAction\":[{\"@type\":\"ReadAction\",\"target\":[\"https:\/\/kunstboer.com\/en\/produkt\/squarebag-unicorn-kopie\/\"]}]},{\"@type\":\"ImageObject\",\"inLanguage\":\"de\",\"@id\":\"https:\/\/kunstboer.com\/en\/produkt\/squarebag-unicorn-kopie\/#primaryimage\",\"url\":\"https:\/\/kunstboer.com\/wp-content\/uploads\/2017\/02\/sb025v.jpg\",\"contentUrl\":\"https:\/\/kunstboer.com\/wp-content\/uploads\/2017\/02\/sb025v.jpg\",\"width\":1000,\"height\":1000},{\"@type\":\"BreadcrumbList\",\"@id\":\"https:\/\/kunstboer.com\/en\/produkt\/squarebag-unicorn-kopie\/#breadcrumb\",\"itemListElement\":[{\"@type\":\"ListItem\",\"position\":1,\"name\":\"Home\",\"item\":\"https:\/\/kunstboer.com\/de\/\"},{\"@type\":\"ListItem\",\"position\":2,\"name\":\"Shop\",\"item\":\"https:\/\/kunstboer.com\/shop\/\"},{\"@type\":\"ListItem\",\"position\":3,\"name\":\"Squarebag Einhorner\"}]},{\"@type\":\"WebSite\",\"@id\":\"https:\/\/kunstboer.com\/#website\",\"url\":\"https:\/\/kunstboer.com\/\",\"name\":\"Kunstboer\",\"description\":\"Kleurrijk en verrassend merk\",\"potentialAction\":[{\"@type\":\"SearchAction\",\"target\":{\"@type\":\"EntryPoint\",\"urlTemplate\":\"https:\/\/kunstboer.com\/?s={search_term_string}\"},\"query-input\":{\"@type\":\"PropertyValueSpecification\",\"valueRequired\":true,\"valueName\":\"search_term_string\"}}],\"inLanguage\":\"de\"}]}<\/script>\n<!-- \/ Yoast SEO plugin. -->","yoast_head_json":{"title":"SQUAREBAG EINHORN | Quadratische Tasche mit Einhorn | Die Kunst Bauer Einhorn Tasche | Die Kunst Bauer Einhorn Tasche | Einhorn Tasche","description":"SQUAREBAG EINHORN | Quadratische Tasche mit Einhorn | Die Kunst Bauer Einhorn Tasche | Die Kunst Bauer Einhorn Tasche | Einhorn Tasche","robots":{"index":"index","follow":"follow","max-snippet":"max-snippet:-1","max-image-preview":"max-image-preview:large","max-video-preview":"max-video-preview:-1"},"canonical":"https:\/\/kunstboer.com\/en\/produkt\/squarebag-unicorn-kopie\/","og_locale":"de_DE","og_type":"article","og_title":"SQUAREBAG EINHORN | Quadratische Tasche mit Einhorn | Die Kunst Bauer Einhorn Tasche | Die Kunst Bauer Einhorn Tasche | Einhorn Tasche","og_description":"SQUAREBAG EINHORN | Quadratische Tasche mit Einhorn | Die Kunst Bauer Einhorn Tasche | Die Kunst Bauer Einhorn Tasche | Einhorn Tasche","og_url":"https:\/\/kunstboer.com\/en\/produkt\/squarebag-unicorn-kopie\/","og_site_name":"Kunstboer","article_modified_time":"2023-11-16T21:08:26+00:00","og_image":[{"width":1000,"height":1000,"url":"http:\/\/kunstboer.com\/wp-content\/uploads\/2017\/02\/sb025v.jpg","type":"image\/jpeg"}],"twitter_card":"summary_large_image","twitter_misc":{"Gesch\u00e4tzte Lesezeit":"2\u00a0Minuten"},"schema":{"@context":"https:\/\/schema.org","@graph":[{"@type":"WebPage","@id":"https:\/\/kunstboer.com\/en\/produkt\/squarebag-unicorn-kopie\/","url":"https:\/\/kunstboer.com\/en\/produkt\/squarebag-unicorn-kopie\/","name":"SQUAREBAG EINHORN | Quadratische Tasche mit Einhorn | Die Kunst Bauer Einhorn Tasche | Die Kunst Bauer Einhorn Tasche | Einhorn Tasche","isPartOf":{"@id":"https:\/\/kunstboer.com\/#website"},"primaryImageOfPage":{"@id":"https:\/\/kunstboer.com\/en\/produkt\/squarebag-unicorn-kopie\/#primaryimage"},"image":{"@id":"https:\/\/kunstboer.com\/en\/produkt\/squarebag-unicorn-kopie\/#primaryimage"},"thumbnailUrl":"https:\/\/kunstboer.com\/wp-content\/uploads\/2017\/02\/sb025v.jpg","datePublished":"2018-07-17T14:01:00+00:00","dateModified":"2023-11-16T21:08:26+00:00","description":"SQUAREBAG EINHORN | Quadratische Tasche mit Einhorn | Die Kunst Bauer Einhorn Tasche | Die Kunst Bauer Einhorn Tasche | Einhorn Tasche","breadcrumb":{"@id":"https:\/\/kunstboer.com\/en\/produkt\/squarebag-unicorn-kopie\/#breadcrumb"},"inLanguage":"de","potentialAction":[{"@type":"ReadAction","target":["https:\/\/kunstboer.com\/en\/produkt\/squarebag-unicorn-kopie\/"]}]},{"@type":"ImageObject","inLanguage":"de","@id":"https:\/\/kunstboer.com\/en\/produkt\/squarebag-unicorn-kopie\/#primaryimage","url":"https:\/\/kunstboer.com\/wp-content\/uploads\/2017\/02\/sb025v.jpg","contentUrl":"https:\/\/kunstboer.com\/wp-content\/uploads\/2017\/02\/sb025v.jpg","width":1000,"height":1000},{"@type":"BreadcrumbList","@id":"https:\/\/kunstboer.com\/en\/produkt\/squarebag-unicorn-kopie\/#breadcrumb","itemListElement":[{"@type":"ListItem","position":1,"name":"Home","item":"https:\/\/kunstboer.com\/de\/"},{"@type":"ListItem","position":2,"name":"Shop","item":"https:\/\/kunstboer.com\/shop\/"},{"@type":"ListItem","position":3,"name":"Squarebag Einhorner"}]},{"@type":"WebSite","@id":"https:\/\/kunstboer.com\/#website","url":"https:\/\/kunstboer.com\/","name":"Kunstboer","description":"Kleurrijk en verrassend merk","potentialAction":[{"@type":"SearchAction","target":{"@type":"EntryPoint","urlTemplate":"https:\/\/kunstboer.com\/?s={search_term_string}"},"query-input":{"@type":"PropertyValueSpecification","valueRequired":true,"valueName":"search_term_string"}}],"inLanguage":"de"}]}},"_links":{"self":[{"href":"https:\/\/kunstboer.com\/de\/wp-json\/wp\/v2\/product\/52275","targetHints":{"allow":["GET"]}}],"collection":[{"href":"https:\/\/kunstboer.com\/de\/wp-json\/wp\/v2\/product"}],"about":[{"href":"https:\/\/kunstboer.com\/de\/wp-json\/wp\/v2\/types\/product"}],"replies":[{"embeddable":true,"href":"https:\/\/kunstboer.com\/de\/wp-json\/wp\/v2\/comments?post=52275"}],"wp:featuredmedia":[{"embeddable":true,"href":"https:\/\/kunstboer.com\/de\/wp-json\/wp\/v2\/media\/72924"}],"wp:attachment":[{"href":"https:\/\/kunstboer.com\/de\/wp-json\/wp\/v2\/media?parent=52275"}],"wp:term":[{"taxonomy":"product_brand","embeddable":true,"href":"https:\/\/kunstboer.com\/de\/wp-json\/wp\/v2\/product_brand?post=52275"},{"taxonomy":"product_cat","embeddable":true,"href":"https:\/\/kunstboer.com\/de\/wp-json\/wp\/v2\/product_cat?post=52275"},{"taxonomy":"product_tag","embeddable":true,"href":"https:\/\/kunstboer.com\/de\/wp-json\/wp\/v2\/product_tag?post=52275"}],"curies":[{"name":"wp","href":"https:\/\/api.w.org\/{rel}","templated":true}]}}