{"id":142062,"date":"2025-11-25T21:17:44","date_gmt":"2025-11-25T21:17:44","guid":{"rendered":"https:\/\/kunstboer.com\/?post_type=product&#038;p=142062"},"modified":"2025-11-25T21:22:36","modified_gmt":"2025-11-25T21:22:36","slug":"pre-order-rucksack-katze-mit-brille-blau-gruen","status":"publish","type":"product","link":"https:\/\/kunstboer.com\/de\/produkt\/pre-order-rucksack-katze-mit-brille-blau-gruen\/","title":{"rendered":"Pre-order : Rucksack Katze mit Brille blau gr\u00fcn"},"content":{"rendered":"<p>Sehr praktischer mittelgro\u00dfer Rucksack f\u00fcr Schule, Sport, Wochenendausfl\u00fcge und \u00dcbernachtungen. Extra lange Schultergurte mit Verst\u00e4rkungen an den Befestigungspunkten.<\/p>\n<p>-35 x 25 x 15 cm<br \/>\n&#8211; Weich gepolsterte, ergonomische Schultergurte, verst\u00e4rkt mit Nylon<br \/>\n-Befestigungspunkte mit Nylon verst\u00e4rkt<br \/>\n-Gewicht 350 Gramm<br \/>\n-Aufh\u00e4nge\u00f6se auf der R\u00fcckseite<br \/>\n-Rei\u00dfverschluss oben in der Farbe der Tasche<br \/>\n-Leicht zu reinigen<br \/>\n-Verst\u00e4rkte Kunststoffgrundplatte<br \/>\n-Gro\u00dfe Fronttasche mit Rei\u00dfverschluss 25 x 23 x 5 cm<br \/>\n-Brieftasche mit Rei\u00dfverschluss innen<br \/>\n&#8211; Getr\u00e4nkehalter mit elastischem Innenteil<br \/>\n-Sto\u00dfstange (Keder) rundherum<br \/>\n-Innenseite mit Nylon beschichtet, leicht zu reinigen<br \/>\n-Sicherer und schneller Versand durch Kunstboer<br \/>\n-1 Jahr Herstellergarantie<\/p>\n<script language='javascript' type='text\/javascript'>function getWR360PopupSkin(){return 'light_clean';}<\/script>","protected":false},"excerpt":{"rendered":"<p>Sehr praktischer mittelgro\u00dfer Rucksack f\u00fcr Schule, Sport, Wochenendausfl\u00fcge und \u00dcbernachtungen. Extra lange Schultergurte mit Verst\u00e4rkungen an den Befestigungspunkten. -35 x 25 x 15 cm &#8211; Weich gepolsterte, ergonomische Schultergurte, verst\u00e4rkt mit Nylon -Befestigungspunkte mit Nylon verst\u00e4rkt -Gewicht 350 Gramm -Aufh\u00e4nge\u00f6se auf der R\u00fcckseite -Rei\u00dfverschluss oben in der Farbe der Tasche -Leicht zu reinigen -Verst\u00e4rkte Kunststoffgrundplatte [&hellip;]<\/p>\n","protected":false},"featured_media":140556,"comment_status":"open","ping_status":"closed","template":"","meta":{"_acf_changed":false},"product_brand":[],"product_cat":[731],"product_tag":[],"class_list":{"0":"post-142062","1":"product","2":"type-product","3":"status-publish","4":"has-post-thumbnail","6":"product_cat-tassen-de","8":"first","9":"instock","10":"taxable","11":"shipping-taxable","12":"purchasable","13":"product-type-simple"},"composite_virtual":false,"composite_layout":"","composite_add_to_cart_form_location":"","composite_editable_in_cart":false,"composite_sold_individually_context":"","composite_shop_price_calc":"","composite_components":[],"composite_scenarios":[],"bundled_by":[],"bundle_stock_status":"instock","bundle_stock_quantity":10,"bundle_virtual":false,"bundle_layout":"","bundle_add_to_cart_form_location":"","bundle_editable_in_cart":false,"bundle_sold_individually_context":"","bundle_item_grouping":"","bundle_min_size":"","bundle_max_size":"","bundle_price":[],"bundled_items":[],"bundle_sell_ids":[],"acf":[],"yoast_head":"<!-- This site is optimized with the Yoast SEO plugin v26.8 - https:\/\/yoast.com\/product\/yoast-seo-wordpress\/ -->\n<title>Pre-order : Rucksack Katze mit Brille blau gr\u00fcn | Kunstboer<\/title>\n<meta name=\"description\" content=\"Rucksackkatze mit Brille, Auf der Suche nach einem Rucksack? Kaufen mit diesem Rucksack von Kunstboer stehlen einer starke Rucksack im Katzendesign.\" \/>\n<meta name=\"robots\" content=\"index, follow, max-snippet:-1, max-image-preview:large, max-video-preview:-1\" \/>\n<link rel=\"canonical\" href=\"https:\/\/kunstboer.com\/de\/produkt\/pre-order-rucksack-katze-mit-brille-blau-gruen\/\" \/>\n<meta property=\"og:locale\" content=\"de_DE\" \/>\n<meta property=\"og:type\" content=\"article\" \/>\n<meta property=\"og:title\" content=\"Pre-order : Rucksack Katze mit Brille blau gr\u00fcn | Kunstboer\" \/>\n<meta property=\"og:description\" content=\"Rucksackkatze mit Brille, Auf der Suche nach einem Rucksack? Kaufen mit diesem Rucksack von Kunstboer stehlen einer starke Rucksack im Katzendesign.\" \/>\n<meta property=\"og:url\" content=\"https:\/\/kunstboer.com\/de\/produkt\/pre-order-rucksack-katze-mit-brille-blau-gruen\/\" \/>\n<meta property=\"og:site_name\" content=\"Kunstboer\" \/>\n<meta property=\"article:modified_time\" content=\"2025-11-25T21:22:36+00:00\" \/>\n<meta name=\"twitter:card\" content=\"summary_large_image\" \/>\n<meta name=\"twitter:label1\" content=\"Gesch\u00e4tzte Lesezeit\" \/>\n\t<meta name=\"twitter:data1\" content=\"1\u00a0Minute\" \/>\n<script type=\"application\/ld+json\" class=\"yoast-schema-graph\">{\"@context\":\"https:\/\/schema.org\",\"@graph\":[{\"@type\":\"WebPage\",\"@id\":\"https:\/\/kunstboer.com\/de\/produkt\/pre-order-rucksack-katze-mit-brille-blau-gruen\/\",\"url\":\"https:\/\/kunstboer.com\/de\/produkt\/pre-order-rucksack-katze-mit-brille-blau-gruen\/\",\"name\":\"Pre-order : Rucksack Katze mit Brille blau gr\u00fcn | Kunstboer\",\"isPartOf\":{\"@id\":\"https:\/\/kunstboer.com\/#website\"},\"primaryImageOfPage\":{\"@id\":\"https:\/\/kunstboer.com\/de\/produkt\/pre-order-rucksack-katze-mit-brille-blau-gruen\/#primaryimage\"},\"image\":{\"@id\":\"https:\/\/kunstboer.com\/de\/produkt\/pre-order-rucksack-katze-mit-brille-blau-gruen\/#primaryimage\"},\"thumbnailUrl\":\"https:\/\/kunstboer.com\/wp-content\/uploads\/2024\/10\/xx010za.jpg\",\"datePublished\":\"2025-11-25T21:17:44+00:00\",\"dateModified\":\"2025-11-25T21:22:36+00:00\",\"description\":\"Rucksackkatze mit Brille, Auf der Suche nach einem Rucksack? Kaufen mit diesem Rucksack von Kunstboer stehlen einer starke Rucksack im Katzendesign.\",\"breadcrumb\":{\"@id\":\"https:\/\/kunstboer.com\/de\/produkt\/pre-order-rucksack-katze-mit-brille-blau-gruen\/#breadcrumb\"},\"inLanguage\":\"de\",\"potentialAction\":[{\"@type\":\"ReadAction\",\"target\":[\"https:\/\/kunstboer.com\/de\/produkt\/pre-order-rucksack-katze-mit-brille-blau-gruen\/\"]}]},{\"@type\":\"ImageObject\",\"inLanguage\":\"de\",\"@id\":\"https:\/\/kunstboer.com\/de\/produkt\/pre-order-rucksack-katze-mit-brille-blau-gruen\/#primaryimage\",\"url\":\"https:\/\/kunstboer.com\/wp-content\/uploads\/2024\/10\/xx010za.jpg\",\"contentUrl\":\"https:\/\/kunstboer.com\/wp-content\/uploads\/2024\/10\/xx010za.jpg\",\"width\":1000,\"height\":1000},{\"@type\":\"BreadcrumbList\",\"@id\":\"https:\/\/kunstboer.com\/de\/produkt\/pre-order-rucksack-katze-mit-brille-blau-gruen\/#breadcrumb\",\"itemListElement\":[{\"@type\":\"ListItem\",\"position\":1,\"name\":\"Home\",\"item\":\"https:\/\/kunstboer.com\/de\/\"},{\"@type\":\"ListItem\",\"position\":2,\"name\":\"Shop\",\"item\":\"https:\/\/kunstboer.com\/shop\/\"},{\"@type\":\"ListItem\",\"position\":3,\"name\":\"Pre-order : Rucksack Katze mit Brille blau gr\u00fcn\"}]},{\"@type\":\"WebSite\",\"@id\":\"https:\/\/kunstboer.com\/#website\",\"url\":\"https:\/\/kunstboer.com\/\",\"name\":\"Kunstboer\",\"description\":\"Kleurrijk en verrassend merk\",\"potentialAction\":[{\"@type\":\"SearchAction\",\"target\":{\"@type\":\"EntryPoint\",\"urlTemplate\":\"https:\/\/kunstboer.com\/?s={search_term_string}\"},\"query-input\":{\"@type\":\"PropertyValueSpecification\",\"valueRequired\":true,\"valueName\":\"search_term_string\"}}],\"inLanguage\":\"de\"}]}<\/script>\n<!-- \/ Yoast SEO plugin. -->","yoast_head_json":{"title":"Pre-order : Rucksack Katze mit Brille blau gr\u00fcn | Kunstboer","description":"Rucksackkatze mit Brille, Auf der Suche nach einem Rucksack? Kaufen mit diesem Rucksack von Kunstboer stehlen einer starke Rucksack im Katzendesign.","robots":{"index":"index","follow":"follow","max-snippet":"max-snippet:-1","max-image-preview":"max-image-preview:large","max-video-preview":"max-video-preview:-1"},"canonical":"https:\/\/kunstboer.com\/de\/produkt\/pre-order-rucksack-katze-mit-brille-blau-gruen\/","og_locale":"de_DE","og_type":"article","og_title":"Pre-order : Rucksack Katze mit Brille blau gr\u00fcn | Kunstboer","og_description":"Rucksackkatze mit Brille, Auf der Suche nach einem Rucksack? Kaufen mit diesem Rucksack von Kunstboer stehlen einer starke Rucksack im Katzendesign.","og_url":"https:\/\/kunstboer.com\/de\/produkt\/pre-order-rucksack-katze-mit-brille-blau-gruen\/","og_site_name":"Kunstboer","article_modified_time":"2025-11-25T21:22:36+00:00","twitter_card":"summary_large_image","twitter_misc":{"Gesch\u00e4tzte Lesezeit":"1\u00a0Minute"},"schema":{"@context":"https:\/\/schema.org","@graph":[{"@type":"WebPage","@id":"https:\/\/kunstboer.com\/de\/produkt\/pre-order-rucksack-katze-mit-brille-blau-gruen\/","url":"https:\/\/kunstboer.com\/de\/produkt\/pre-order-rucksack-katze-mit-brille-blau-gruen\/","name":"Pre-order : Rucksack Katze mit Brille blau gr\u00fcn | Kunstboer","isPartOf":{"@id":"https:\/\/kunstboer.com\/#website"},"primaryImageOfPage":{"@id":"https:\/\/kunstboer.com\/de\/produkt\/pre-order-rucksack-katze-mit-brille-blau-gruen\/#primaryimage"},"image":{"@id":"https:\/\/kunstboer.com\/de\/produkt\/pre-order-rucksack-katze-mit-brille-blau-gruen\/#primaryimage"},"thumbnailUrl":"https:\/\/kunstboer.com\/wp-content\/uploads\/2024\/10\/xx010za.jpg","datePublished":"2025-11-25T21:17:44+00:00","dateModified":"2025-11-25T21:22:36+00:00","description":"Rucksackkatze mit Brille, Auf der Suche nach einem Rucksack? Kaufen mit diesem Rucksack von Kunstboer stehlen einer starke Rucksack im Katzendesign.","breadcrumb":{"@id":"https:\/\/kunstboer.com\/de\/produkt\/pre-order-rucksack-katze-mit-brille-blau-gruen\/#breadcrumb"},"inLanguage":"de","potentialAction":[{"@type":"ReadAction","target":["https:\/\/kunstboer.com\/de\/produkt\/pre-order-rucksack-katze-mit-brille-blau-gruen\/"]}]},{"@type":"ImageObject","inLanguage":"de","@id":"https:\/\/kunstboer.com\/de\/produkt\/pre-order-rucksack-katze-mit-brille-blau-gruen\/#primaryimage","url":"https:\/\/kunstboer.com\/wp-content\/uploads\/2024\/10\/xx010za.jpg","contentUrl":"https:\/\/kunstboer.com\/wp-content\/uploads\/2024\/10\/xx010za.jpg","width":1000,"height":1000},{"@type":"BreadcrumbList","@id":"https:\/\/kunstboer.com\/de\/produkt\/pre-order-rucksack-katze-mit-brille-blau-gruen\/#breadcrumb","itemListElement":[{"@type":"ListItem","position":1,"name":"Home","item":"https:\/\/kunstboer.com\/de\/"},{"@type":"ListItem","position":2,"name":"Shop","item":"https:\/\/kunstboer.com\/shop\/"},{"@type":"ListItem","position":3,"name":"Pre-order : Rucksack Katze mit Brille blau gr\u00fcn"}]},{"@type":"WebSite","@id":"https:\/\/kunstboer.com\/#website","url":"https:\/\/kunstboer.com\/","name":"Kunstboer","description":"Kleurrijk en verrassend merk","potentialAction":[{"@type":"SearchAction","target":{"@type":"EntryPoint","urlTemplate":"https:\/\/kunstboer.com\/?s={search_term_string}"},"query-input":{"@type":"PropertyValueSpecification","valueRequired":true,"valueName":"search_term_string"}}],"inLanguage":"de"}]}},"_links":{"self":[{"href":"https:\/\/kunstboer.com\/de\/wp-json\/wp\/v2\/product\/142062","targetHints":{"allow":["GET"]}}],"collection":[{"href":"https:\/\/kunstboer.com\/de\/wp-json\/wp\/v2\/product"}],"about":[{"href":"https:\/\/kunstboer.com\/de\/wp-json\/wp\/v2\/types\/product"}],"replies":[{"embeddable":true,"href":"https:\/\/kunstboer.com\/de\/wp-json\/wp\/v2\/comments?post=142062"}],"wp:featuredmedia":[{"embeddable":true,"href":"https:\/\/kunstboer.com\/de\/wp-json\/wp\/v2\/media\/140556"}],"wp:attachment":[{"href":"https:\/\/kunstboer.com\/de\/wp-json\/wp\/v2\/media?parent=142062"}],"wp:term":[{"taxonomy":"product_brand","embeddable":true,"href":"https:\/\/kunstboer.com\/de\/wp-json\/wp\/v2\/product_brand?post=142062"},{"taxonomy":"product_cat","embeddable":true,"href":"https:\/\/kunstboer.com\/de\/wp-json\/wp\/v2\/product_cat?post=142062"},{"taxonomy":"product_tag","embeddable":true,"href":"https:\/\/kunstboer.com\/de\/wp-json\/wp\/v2\/product_tag?post=142062"}],"curies":[{"name":"wp","href":"https:\/\/api.w.org\/{rel}","templated":true}]}}