{"id":142058,"date":"2025-11-25T21:08:29","date_gmt":"2025-11-25T21:08:29","guid":{"rendered":"https:\/\/kunstboer.com\/?post_type=product&#038;p=142058"},"modified":"2025-11-25T21:12:59","modified_gmt":"2025-11-25T21:12:59","slug":"pre-order-kulturtasche-katze-brille-blau-gruen","status":"publish","type":"product","link":"https:\/\/kunstboer.com\/de\/produkt\/pre-order-kulturtasche-katze-brille-blau-gruen\/","title":{"rendered":"Pre-order &#8211; Kulturtasche Katze Brille blau gr\u00fcn"},"content":{"rendered":"<p><span class=\"Y2IQFc\" lang=\"de\">Praktischer Kulturbeutel aus gl\u00e4nzendem Kunstleder mit fr\u00f6hlichem Fantasy-Print von Kunstboer. <\/span><\/p>\n<ul>\n<li><span class=\"Y2IQFc\" lang=\"de\">Leicht zu reinigen und innen mit Nylon beschichtet. <\/span><\/li>\n<li><span class=\"Y2IQFc\" lang=\"de\">23 x 16 x 9 cm <\/span><\/li>\n<li><span class=\"Y2IQFc\" lang=\"de\">Sto\u00dfstangen rundherum <\/span><\/li>\n<li><span class=\"Y2IQFc\" lang=\"de\">Gro\u00dfe Aufh\u00e4nge\u00f6se an der Seite <\/span><\/li>\n<li><span class=\"Y2IQFc\" lang=\"de\">Rei\u00dfverschluss in der Farbe des Kulturbeutels<\/span><\/li>\n<li><span class=\"Y2IQFc\" lang=\"de\">Rei\u00dfverschlusszieher mit Profil f\u00fcr viel Halt <\/span><\/li>\n<li><span class=\"Y2IQFc\" lang=\"de\">150 Gramm <\/span><\/li>\n<li><span class=\"Y2IQFc\" lang=\"de\">Leicht zu reinigen, sowohl au\u00dfen als auch innen <\/span><\/li>\n<li><span class=\"Y2IQFc\" lang=\"de\">Sicherer und schneller Versand durch Kunstboer <\/span><\/li>\n<li><span class=\"Y2IQFc\" lang=\"de\">1 Jahr Herstellergarantie<br \/>\n<\/span><\/li>\n<\/ul>\n<p><span class=\"Y2IQFc\" lang=\"de\">Kunstboer bietet eine riesige Sammlung an Taschen, Rucks\u00e4cken, Toilettenartikeln und vielem mehr f\u00fcr M\u00e4dchen, Jungen und hippe junge Erwachsene.<\/span><\/p>\n<script language='javascript' type='text\/javascript'>function getWR360PopupSkin(){return 'light_clean';}<\/script>","protected":false},"excerpt":{"rendered":"<p>Praktischer Kulturbeutel aus gl\u00e4nzendem Kunstleder mit fr\u00f6hlichem Fantasy-Print von Kunstboer. Leicht zu reinigen und innen mit Nylon beschichtet. 23 x 16 x 9 cm Sto\u00dfstangen rundherum Gro\u00dfe Aufh\u00e4nge\u00f6se an der Seite Rei\u00dfverschluss in der Farbe des Kulturbeutels Rei\u00dfverschlusszieher mit Profil f\u00fcr viel Halt 150 Gramm Leicht zu reinigen, sowohl au\u00dfen als auch innen Sicherer und [&hellip;]<\/p>\n","protected":false},"featured_media":140540,"comment_status":"open","ping_status":"closed","template":"","meta":{"_acf_changed":false},"product_brand":[],"product_cat":[694],"product_tag":[],"class_list":{"0":"post-142058","1":"product","2":"type-product","3":"status-publish","4":"has-post-thumbnail","6":"product_cat-toilettassen-de","8":"first","9":"instock","10":"taxable","11":"shipping-taxable","12":"purchasable","13":"product-type-simple"},"composite_virtual":false,"composite_layout":"","composite_add_to_cart_form_location":"","composite_editable_in_cart":false,"composite_sold_individually_context":"","composite_shop_price_calc":"","composite_components":[],"composite_scenarios":[],"bundled_by":[],"bundle_stock_status":"instock","bundle_stock_quantity":10,"bundle_virtual":false,"bundle_layout":"","bundle_add_to_cart_form_location":"","bundle_editable_in_cart":false,"bundle_sold_individually_context":"","bundle_item_grouping":"","bundle_min_size":"","bundle_max_size":"","bundle_price":[],"bundled_items":[],"bundle_sell_ids":[],"acf":[],"yoast_head":"<!-- This site is optimized with the Yoast SEO plugin v26.8 - https:\/\/yoast.com\/product\/yoast-seo-wordpress\/ -->\n<title>Kulturtasche Katze rosa Brille<\/title>\n<meta name=\"description\" content=\"Kulturtasche Katze rosa Brille\" \/>\n<meta name=\"robots\" content=\"index, follow, max-snippet:-1, max-image-preview:large, max-video-preview:-1\" \/>\n<link rel=\"canonical\" href=\"https:\/\/kunstboer.com\/de\/produkt\/pre-order-kulturtasche-katze-brille-blau-gruen\/\" \/>\n<meta property=\"og:locale\" content=\"de_DE\" \/>\n<meta property=\"og:type\" content=\"article\" \/>\n<meta property=\"og:title\" content=\"Kulturtasche Katze rosa Brille\" \/>\n<meta property=\"og:description\" content=\"Kulturtasche Katze rosa Brille\" \/>\n<meta property=\"og:url\" content=\"https:\/\/kunstboer.com\/de\/produkt\/pre-order-kulturtasche-katze-brille-blau-gruen\/\" \/>\n<meta property=\"og:site_name\" content=\"Kunstboer\" \/>\n<meta property=\"article:modified_time\" content=\"2025-11-25T21:12:59+00:00\" \/>\n<meta property=\"og:image\" content=\"http:\/\/kunstboer.com\/wp-content\/uploads\/2024\/10\/tt040v.jpg\" \/>\n\t<meta property=\"og:image:width\" content=\"1000\" \/>\n\t<meta property=\"og:image:height\" content=\"1000\" \/>\n\t<meta property=\"og:image:type\" content=\"image\/jpeg\" \/>\n<meta name=\"twitter:card\" content=\"summary_large_image\" \/>\n<meta name=\"twitter:label1\" content=\"Gesch\u00e4tzte Lesezeit\" \/>\n\t<meta name=\"twitter:data1\" content=\"1\u00a0Minute\" \/>\n<script type=\"application\/ld+json\" class=\"yoast-schema-graph\">{\"@context\":\"https:\/\/schema.org\",\"@graph\":[{\"@type\":\"WebPage\",\"@id\":\"https:\/\/kunstboer.com\/de\/produkt\/pre-order-kulturtasche-katze-brille-blau-gruen\/\",\"url\":\"https:\/\/kunstboer.com\/de\/produkt\/pre-order-kulturtasche-katze-brille-blau-gruen\/\",\"name\":\"Kulturtasche Katze rosa Brille\",\"isPartOf\":{\"@id\":\"https:\/\/kunstboer.com\/#website\"},\"primaryImageOfPage\":{\"@id\":\"https:\/\/kunstboer.com\/de\/produkt\/pre-order-kulturtasche-katze-brille-blau-gruen\/#primaryimage\"},\"image\":{\"@id\":\"https:\/\/kunstboer.com\/de\/produkt\/pre-order-kulturtasche-katze-brille-blau-gruen\/#primaryimage\"},\"thumbnailUrl\":\"https:\/\/kunstboer.com\/wp-content\/uploads\/2024\/10\/tt040v.jpg\",\"datePublished\":\"2025-11-25T21:08:29+00:00\",\"dateModified\":\"2025-11-25T21:12:59+00:00\",\"description\":\"Kulturtasche Katze rosa Brille\",\"breadcrumb\":{\"@id\":\"https:\/\/kunstboer.com\/de\/produkt\/pre-order-kulturtasche-katze-brille-blau-gruen\/#breadcrumb\"},\"inLanguage\":\"de\",\"potentialAction\":[{\"@type\":\"ReadAction\",\"target\":[\"https:\/\/kunstboer.com\/de\/produkt\/pre-order-kulturtasche-katze-brille-blau-gruen\/\"]}]},{\"@type\":\"ImageObject\",\"inLanguage\":\"de\",\"@id\":\"https:\/\/kunstboer.com\/de\/produkt\/pre-order-kulturtasche-katze-brille-blau-gruen\/#primaryimage\",\"url\":\"https:\/\/kunstboer.com\/wp-content\/uploads\/2024\/10\/tt040v.jpg\",\"contentUrl\":\"https:\/\/kunstboer.com\/wp-content\/uploads\/2024\/10\/tt040v.jpg\",\"width\":1000,\"height\":1000},{\"@type\":\"BreadcrumbList\",\"@id\":\"https:\/\/kunstboer.com\/de\/produkt\/pre-order-kulturtasche-katze-brille-blau-gruen\/#breadcrumb\",\"itemListElement\":[{\"@type\":\"ListItem\",\"position\":1,\"name\":\"Home\",\"item\":\"https:\/\/kunstboer.com\/de\/\"},{\"@type\":\"ListItem\",\"position\":2,\"name\":\"Shop\",\"item\":\"https:\/\/kunstboer.com\/shop\/\"},{\"@type\":\"ListItem\",\"position\":3,\"name\":\"Pre-order &#8211; Kulturtasche Katze Brille blau gr\u00fcn\"}]},{\"@type\":\"WebSite\",\"@id\":\"https:\/\/kunstboer.com\/#website\",\"url\":\"https:\/\/kunstboer.com\/\",\"name\":\"Kunstboer\",\"description\":\"Kleurrijk en verrassend merk\",\"potentialAction\":[{\"@type\":\"SearchAction\",\"target\":{\"@type\":\"EntryPoint\",\"urlTemplate\":\"https:\/\/kunstboer.com\/?s={search_term_string}\"},\"query-input\":{\"@type\":\"PropertyValueSpecification\",\"valueRequired\":true,\"valueName\":\"search_term_string\"}}],\"inLanguage\":\"de\"}]}<\/script>\n<!-- \/ Yoast SEO plugin. -->","yoast_head_json":{"title":"Kulturtasche Katze rosa Brille","description":"Kulturtasche Katze rosa Brille","robots":{"index":"index","follow":"follow","max-snippet":"max-snippet:-1","max-image-preview":"max-image-preview:large","max-video-preview":"max-video-preview:-1"},"canonical":"https:\/\/kunstboer.com\/de\/produkt\/pre-order-kulturtasche-katze-brille-blau-gruen\/","og_locale":"de_DE","og_type":"article","og_title":"Kulturtasche Katze rosa Brille","og_description":"Kulturtasche Katze rosa Brille","og_url":"https:\/\/kunstboer.com\/de\/produkt\/pre-order-kulturtasche-katze-brille-blau-gruen\/","og_site_name":"Kunstboer","article_modified_time":"2025-11-25T21:12:59+00:00","og_image":[{"width":1000,"height":1000,"url":"http:\/\/kunstboer.com\/wp-content\/uploads\/2024\/10\/tt040v.jpg","type":"image\/jpeg"}],"twitter_card":"summary_large_image","twitter_misc":{"Gesch\u00e4tzte Lesezeit":"1\u00a0Minute"},"schema":{"@context":"https:\/\/schema.org","@graph":[{"@type":"WebPage","@id":"https:\/\/kunstboer.com\/de\/produkt\/pre-order-kulturtasche-katze-brille-blau-gruen\/","url":"https:\/\/kunstboer.com\/de\/produkt\/pre-order-kulturtasche-katze-brille-blau-gruen\/","name":"Kulturtasche Katze rosa Brille","isPartOf":{"@id":"https:\/\/kunstboer.com\/#website"},"primaryImageOfPage":{"@id":"https:\/\/kunstboer.com\/de\/produkt\/pre-order-kulturtasche-katze-brille-blau-gruen\/#primaryimage"},"image":{"@id":"https:\/\/kunstboer.com\/de\/produkt\/pre-order-kulturtasche-katze-brille-blau-gruen\/#primaryimage"},"thumbnailUrl":"https:\/\/kunstboer.com\/wp-content\/uploads\/2024\/10\/tt040v.jpg","datePublished":"2025-11-25T21:08:29+00:00","dateModified":"2025-11-25T21:12:59+00:00","description":"Kulturtasche Katze rosa Brille","breadcrumb":{"@id":"https:\/\/kunstboer.com\/de\/produkt\/pre-order-kulturtasche-katze-brille-blau-gruen\/#breadcrumb"},"inLanguage":"de","potentialAction":[{"@type":"ReadAction","target":["https:\/\/kunstboer.com\/de\/produkt\/pre-order-kulturtasche-katze-brille-blau-gruen\/"]}]},{"@type":"ImageObject","inLanguage":"de","@id":"https:\/\/kunstboer.com\/de\/produkt\/pre-order-kulturtasche-katze-brille-blau-gruen\/#primaryimage","url":"https:\/\/kunstboer.com\/wp-content\/uploads\/2024\/10\/tt040v.jpg","contentUrl":"https:\/\/kunstboer.com\/wp-content\/uploads\/2024\/10\/tt040v.jpg","width":1000,"height":1000},{"@type":"BreadcrumbList","@id":"https:\/\/kunstboer.com\/de\/produkt\/pre-order-kulturtasche-katze-brille-blau-gruen\/#breadcrumb","itemListElement":[{"@type":"ListItem","position":1,"name":"Home","item":"https:\/\/kunstboer.com\/de\/"},{"@type":"ListItem","position":2,"name":"Shop","item":"https:\/\/kunstboer.com\/shop\/"},{"@type":"ListItem","position":3,"name":"Pre-order &#8211; Kulturtasche Katze Brille blau gr\u00fcn"}]},{"@type":"WebSite","@id":"https:\/\/kunstboer.com\/#website","url":"https:\/\/kunstboer.com\/","name":"Kunstboer","description":"Kleurrijk en verrassend merk","potentialAction":[{"@type":"SearchAction","target":{"@type":"EntryPoint","urlTemplate":"https:\/\/kunstboer.com\/?s={search_term_string}"},"query-input":{"@type":"PropertyValueSpecification","valueRequired":true,"valueName":"search_term_string"}}],"inLanguage":"de"}]}},"_links":{"self":[{"href":"https:\/\/kunstboer.com\/de\/wp-json\/wp\/v2\/product\/142058","targetHints":{"allow":["GET"]}}],"collection":[{"href":"https:\/\/kunstboer.com\/de\/wp-json\/wp\/v2\/product"}],"about":[{"href":"https:\/\/kunstboer.com\/de\/wp-json\/wp\/v2\/types\/product"}],"replies":[{"embeddable":true,"href":"https:\/\/kunstboer.com\/de\/wp-json\/wp\/v2\/comments?post=142058"}],"wp:featuredmedia":[{"embeddable":true,"href":"https:\/\/kunstboer.com\/de\/wp-json\/wp\/v2\/media\/140540"}],"wp:attachment":[{"href":"https:\/\/kunstboer.com\/de\/wp-json\/wp\/v2\/media?parent=142058"}],"wp:term":[{"taxonomy":"product_brand","embeddable":true,"href":"https:\/\/kunstboer.com\/de\/wp-json\/wp\/v2\/product_brand?post=142058"},{"taxonomy":"product_cat","embeddable":true,"href":"https:\/\/kunstboer.com\/de\/wp-json\/wp\/v2\/product_cat?post=142058"},{"taxonomy":"product_tag","embeddable":true,"href":"https:\/\/kunstboer.com\/de\/wp-json\/wp\/v2\/product_tag?post=142058"}],"curies":[{"name":"wp","href":"https:\/\/api.w.org\/{rel}","templated":true}]}}