{"id":141027,"date":"2025-07-12T20:32:14","date_gmt":"2025-07-12T20:32:14","guid":{"rendered":"https:\/\/kunstboer.com\/?post_type=product&#038;p=141027"},"modified":"2025-07-16T21:05:32","modified_gmt":"2025-07-16T21:05:32","slug":"rucksack-weltraum-panda-kopie-2","status":"publish","type":"product","link":"https:\/\/kunstboer.com\/de\/produkt\/rucksack-weltraum-panda-kopie-2\/","title":{"rendered":"Rucksack Other worlds"},"content":{"rendered":"<p>Sehr praktischer mittelgro\u00dfer Rucksack f\u00fcr Schule, Sport, Wochenendausfl\u00fcge und \u00dcbernachtungen. Extra lange Schultergurte mit Verst\u00e4rkungen an den Befestigungspunkten. Diese Tasche ist extrem stark.<\/p>\n<p>-33 x 25 x 10 cm<br \/>\n&#8211; Weich gepolsterte, ergonomische Schultergurte, verst\u00e4rkt mit Nylon<br \/>\n-Befestigungspunkte mit Nylon verst\u00e4rkt<br \/>\n-Gewicht 250 Gramm<br \/>\n-Aufh\u00e4nge\u00f6se auf der R\u00fcckseite<br \/>\n-Rei\u00dfverschluss in der Farbe der Tasche oben<br \/>\n-Leicht zu reinigen<br \/>\n-Verst\u00e4rkte Kunststoffgrundplatte<br \/>\n-Brieftasche mit Rei\u00dfverschluss innen<br \/>\n-Reflektierender Sto\u00dff\u00e4nger (Keder) rundum<br \/>\n-Innenseite mit Nylon beschichtet, leicht zu reinigen<br \/>\n-Sicherer und schneller Versand durch Kunstboer<\/p>\n<p>Kunstboer bietet eine riesige Sammlung an Taschen, Rucks\u00e4cken, Toilettenartikeln und vielem mehr f\u00fcr M\u00e4dchen, Jungen und hippe Erwachsene.<\/p>\n<script language='javascript' type='text\/javascript'>function getWR360PopupSkin(){return 'light_clean';}<\/script>","protected":false},"excerpt":{"rendered":"<p>Sehr praktischer mittelgro\u00dfer Rucksack f\u00fcr Schule, Sport, Wochenendausfl\u00fcge und \u00dcbernachtungen. Extra lange Schultergurte mit Verst\u00e4rkungen an den Befestigungspunkten. Diese Tasche ist extrem stark. -33 x 25 x 10 cm &#8211; Weich gepolsterte, ergonomische Schultergurte, verst\u00e4rkt mit Nylon -Befestigungspunkte mit Nylon verst\u00e4rkt -Gewicht 250 Gramm -Aufh\u00e4nge\u00f6se auf der R\u00fcckseite -Rei\u00dfverschluss in der Farbe der Tasche oben [&hellip;]<\/p>\n","protected":false},"featured_media":134853,"comment_status":"open","ping_status":"closed","template":"","meta":{"_acf_changed":false},"product_brand":[],"product_cat":[731],"product_tag":[],"class_list":{"0":"post-141027","1":"product","2":"type-product","3":"status-publish","4":"has-post-thumbnail","6":"product_cat-tassen-de","8":"first","9":"outofstock","10":"taxable","11":"shipping-taxable","12":"purchasable","13":"product-type-simple"},"composite_virtual":false,"composite_layout":"","composite_add_to_cart_form_location":"","composite_editable_in_cart":false,"composite_sold_individually_context":"","composite_shop_price_calc":"","composite_components":[],"composite_scenarios":[],"bundled_by":[],"bundle_stock_status":"outofstock","bundle_stock_quantity":0,"bundle_virtual":false,"bundle_layout":"","bundle_add_to_cart_form_location":"","bundle_editable_in_cart":false,"bundle_sold_individually_context":"","bundle_item_grouping":"","bundle_min_size":"","bundle_max_size":"","bundle_price":[],"bundled_items":[],"bundle_sell_ids":[],"acf":[],"yoast_head":"<!-- This site is optimized with the Yoast SEO plugin v26.8 - https:\/\/yoast.com\/product\/yoast-seo-wordpress\/ -->\n<title>Rucksack FOX Rucksack FOX Harter Rucksack Fester Fuchs Rucksack Rucksack De Kunstboer | Rucksack De Kunstboer Fuchs<\/title>\n<meta name=\"description\" content=\"Rucksack FOX Rucksack FOX Harter Rucksack Fester Fuchs Rucksack Rucksack De Kunstboer | Rucksack De Kunstboer Fuchs\" \/>\n<meta name=\"robots\" content=\"index, follow, max-snippet:-1, max-image-preview:large, max-video-preview:-1\" \/>\n<link rel=\"canonical\" href=\"https:\/\/kunstboer.com\/de\/produkt\/rucksack-weltraum-panda-kopie-2\/\" \/>\n<meta property=\"og:locale\" content=\"de_DE\" \/>\n<meta property=\"og:type\" content=\"article\" \/>\n<meta property=\"og:title\" content=\"Rucksack FOX Rucksack FOX Harter Rucksack Fester Fuchs Rucksack Rucksack De Kunstboer | Rucksack De Kunstboer Fuchs\" \/>\n<meta property=\"og:description\" content=\"Rucksack FOX Rucksack FOX Harter Rucksack Fester Fuchs Rucksack Rucksack De Kunstboer | Rucksack De Kunstboer Fuchs\" \/>\n<meta property=\"og:url\" content=\"https:\/\/kunstboer.com\/de\/produkt\/rucksack-weltraum-panda-kopie-2\/\" \/>\n<meta property=\"og:site_name\" content=\"Kunstboer\" \/>\n<meta property=\"article:modified_time\" content=\"2025-07-16T21:05:32+00:00\" \/>\n<meta property=\"og:image\" content=\"http:\/\/kunstboer.com\/wp-content\/uploads\/2022\/09\/vb026z.jpg\" \/>\n\t<meta property=\"og:image:width\" content=\"1000\" \/>\n\t<meta property=\"og:image:height\" content=\"1000\" \/>\n\t<meta property=\"og:image:type\" content=\"image\/jpeg\" \/>\n<meta name=\"twitter:card\" content=\"summary_large_image\" \/>\n<meta name=\"twitter:label1\" content=\"Gesch\u00e4tzte Lesezeit\" \/>\n\t<meta name=\"twitter:data1\" content=\"1\u00a0Minute\" \/>\n<script type=\"application\/ld+json\" class=\"yoast-schema-graph\">{\"@context\":\"https:\/\/schema.org\",\"@graph\":[{\"@type\":\"WebPage\",\"@id\":\"https:\/\/kunstboer.com\/de\/produkt\/rucksack-weltraum-panda-kopie-2\/\",\"url\":\"https:\/\/kunstboer.com\/de\/produkt\/rucksack-weltraum-panda-kopie-2\/\",\"name\":\"Rucksack FOX Rucksack FOX Harter Rucksack Fester Fuchs Rucksack Rucksack De Kunstboer | Rucksack De Kunstboer Fuchs\",\"isPartOf\":{\"@id\":\"https:\/\/kunstboer.com\/#website\"},\"primaryImageOfPage\":{\"@id\":\"https:\/\/kunstboer.com\/de\/produkt\/rucksack-weltraum-panda-kopie-2\/#primaryimage\"},\"image\":{\"@id\":\"https:\/\/kunstboer.com\/de\/produkt\/rucksack-weltraum-panda-kopie-2\/#primaryimage\"},\"thumbnailUrl\":\"https:\/\/kunstboer.com\/wp-content\/uploads\/2022\/09\/vb026z.jpg\",\"datePublished\":\"2025-07-12T20:32:14+00:00\",\"dateModified\":\"2025-07-16T21:05:32+00:00\",\"description\":\"Rucksack FOX Rucksack FOX Harter Rucksack Fester Fuchs Rucksack Rucksack De Kunstboer | Rucksack De Kunstboer Fuchs\",\"breadcrumb\":{\"@id\":\"https:\/\/kunstboer.com\/de\/produkt\/rucksack-weltraum-panda-kopie-2\/#breadcrumb\"},\"inLanguage\":\"de\",\"potentialAction\":[{\"@type\":\"ReadAction\",\"target\":[\"https:\/\/kunstboer.com\/de\/produkt\/rucksack-weltraum-panda-kopie-2\/\"]}]},{\"@type\":\"ImageObject\",\"inLanguage\":\"de\",\"@id\":\"https:\/\/kunstboer.com\/de\/produkt\/rucksack-weltraum-panda-kopie-2\/#primaryimage\",\"url\":\"https:\/\/kunstboer.com\/wp-content\/uploads\/2022\/09\/vb026z.jpg\",\"contentUrl\":\"https:\/\/kunstboer.com\/wp-content\/uploads\/2022\/09\/vb026z.jpg\",\"width\":1000,\"height\":1000},{\"@type\":\"BreadcrumbList\",\"@id\":\"https:\/\/kunstboer.com\/de\/produkt\/rucksack-weltraum-panda-kopie-2\/#breadcrumb\",\"itemListElement\":[{\"@type\":\"ListItem\",\"position\":1,\"name\":\"Home\",\"item\":\"https:\/\/kunstboer.com\/de\/\"},{\"@type\":\"ListItem\",\"position\":2,\"name\":\"Shop\",\"item\":\"https:\/\/kunstboer.com\/shop\/\"},{\"@type\":\"ListItem\",\"position\":3,\"name\":\"Rucksack Other worlds\"}]},{\"@type\":\"WebSite\",\"@id\":\"https:\/\/kunstboer.com\/#website\",\"url\":\"https:\/\/kunstboer.com\/\",\"name\":\"Kunstboer\",\"description\":\"Kleurrijk en verrassend merk\",\"potentialAction\":[{\"@type\":\"SearchAction\",\"target\":{\"@type\":\"EntryPoint\",\"urlTemplate\":\"https:\/\/kunstboer.com\/?s={search_term_string}\"},\"query-input\":{\"@type\":\"PropertyValueSpecification\",\"valueRequired\":true,\"valueName\":\"search_term_string\"}}],\"inLanguage\":\"de\"}]}<\/script>\n<!-- \/ Yoast SEO plugin. -->","yoast_head_json":{"title":"Rucksack FOX Rucksack FOX Harter Rucksack Fester Fuchs Rucksack Rucksack De Kunstboer | Rucksack De Kunstboer Fuchs","description":"Rucksack FOX Rucksack FOX Harter Rucksack Fester Fuchs Rucksack Rucksack De Kunstboer | Rucksack De Kunstboer Fuchs","robots":{"index":"index","follow":"follow","max-snippet":"max-snippet:-1","max-image-preview":"max-image-preview:large","max-video-preview":"max-video-preview:-1"},"canonical":"https:\/\/kunstboer.com\/de\/produkt\/rucksack-weltraum-panda-kopie-2\/","og_locale":"de_DE","og_type":"article","og_title":"Rucksack FOX Rucksack FOX Harter Rucksack Fester Fuchs Rucksack Rucksack De Kunstboer | Rucksack De Kunstboer Fuchs","og_description":"Rucksack FOX Rucksack FOX Harter Rucksack Fester Fuchs Rucksack Rucksack De Kunstboer | Rucksack De Kunstboer Fuchs","og_url":"https:\/\/kunstboer.com\/de\/produkt\/rucksack-weltraum-panda-kopie-2\/","og_site_name":"Kunstboer","article_modified_time":"2025-07-16T21:05:32+00:00","og_image":[{"width":1000,"height":1000,"url":"http:\/\/kunstboer.com\/wp-content\/uploads\/2022\/09\/vb026z.jpg","type":"image\/jpeg"}],"twitter_card":"summary_large_image","twitter_misc":{"Gesch\u00e4tzte Lesezeit":"1\u00a0Minute"},"schema":{"@context":"https:\/\/schema.org","@graph":[{"@type":"WebPage","@id":"https:\/\/kunstboer.com\/de\/produkt\/rucksack-weltraum-panda-kopie-2\/","url":"https:\/\/kunstboer.com\/de\/produkt\/rucksack-weltraum-panda-kopie-2\/","name":"Rucksack FOX Rucksack FOX Harter Rucksack Fester Fuchs Rucksack Rucksack De Kunstboer | Rucksack De Kunstboer Fuchs","isPartOf":{"@id":"https:\/\/kunstboer.com\/#website"},"primaryImageOfPage":{"@id":"https:\/\/kunstboer.com\/de\/produkt\/rucksack-weltraum-panda-kopie-2\/#primaryimage"},"image":{"@id":"https:\/\/kunstboer.com\/de\/produkt\/rucksack-weltraum-panda-kopie-2\/#primaryimage"},"thumbnailUrl":"https:\/\/kunstboer.com\/wp-content\/uploads\/2022\/09\/vb026z.jpg","datePublished":"2025-07-12T20:32:14+00:00","dateModified":"2025-07-16T21:05:32+00:00","description":"Rucksack FOX Rucksack FOX Harter Rucksack Fester Fuchs Rucksack Rucksack De Kunstboer | Rucksack De Kunstboer Fuchs","breadcrumb":{"@id":"https:\/\/kunstboer.com\/de\/produkt\/rucksack-weltraum-panda-kopie-2\/#breadcrumb"},"inLanguage":"de","potentialAction":[{"@type":"ReadAction","target":["https:\/\/kunstboer.com\/de\/produkt\/rucksack-weltraum-panda-kopie-2\/"]}]},{"@type":"ImageObject","inLanguage":"de","@id":"https:\/\/kunstboer.com\/de\/produkt\/rucksack-weltraum-panda-kopie-2\/#primaryimage","url":"https:\/\/kunstboer.com\/wp-content\/uploads\/2022\/09\/vb026z.jpg","contentUrl":"https:\/\/kunstboer.com\/wp-content\/uploads\/2022\/09\/vb026z.jpg","width":1000,"height":1000},{"@type":"BreadcrumbList","@id":"https:\/\/kunstboer.com\/de\/produkt\/rucksack-weltraum-panda-kopie-2\/#breadcrumb","itemListElement":[{"@type":"ListItem","position":1,"name":"Home","item":"https:\/\/kunstboer.com\/de\/"},{"@type":"ListItem","position":2,"name":"Shop","item":"https:\/\/kunstboer.com\/shop\/"},{"@type":"ListItem","position":3,"name":"Rucksack Other worlds"}]},{"@type":"WebSite","@id":"https:\/\/kunstboer.com\/#website","url":"https:\/\/kunstboer.com\/","name":"Kunstboer","description":"Kleurrijk en verrassend merk","potentialAction":[{"@type":"SearchAction","target":{"@type":"EntryPoint","urlTemplate":"https:\/\/kunstboer.com\/?s={search_term_string}"},"query-input":{"@type":"PropertyValueSpecification","valueRequired":true,"valueName":"search_term_string"}}],"inLanguage":"de"}]}},"_links":{"self":[{"href":"https:\/\/kunstboer.com\/de\/wp-json\/wp\/v2\/product\/141027","targetHints":{"allow":["GET"]}}],"collection":[{"href":"https:\/\/kunstboer.com\/de\/wp-json\/wp\/v2\/product"}],"about":[{"href":"https:\/\/kunstboer.com\/de\/wp-json\/wp\/v2\/types\/product"}],"replies":[{"embeddable":true,"href":"https:\/\/kunstboer.com\/de\/wp-json\/wp\/v2\/comments?post=141027"}],"wp:featuredmedia":[{"embeddable":true,"href":"https:\/\/kunstboer.com\/de\/wp-json\/wp\/v2\/media\/134853"}],"wp:attachment":[{"href":"https:\/\/kunstboer.com\/de\/wp-json\/wp\/v2\/media?parent=141027"}],"wp:term":[{"taxonomy":"product_brand","embeddable":true,"href":"https:\/\/kunstboer.com\/de\/wp-json\/wp\/v2\/product_brand?post=141027"},{"taxonomy":"product_cat","embeddable":true,"href":"https:\/\/kunstboer.com\/de\/wp-json\/wp\/v2\/product_cat?post=141027"},{"taxonomy":"product_tag","embeddable":true,"href":"https:\/\/kunstboer.com\/de\/wp-json\/wp\/v2\/product_tag?post=141027"}],"curies":[{"name":"wp","href":"https:\/\/api.w.org\/{rel}","templated":true}]}}