{"id":140959,"date":"2025-07-11T07:24:11","date_gmt":"2025-07-11T07:24:11","guid":{"rendered":"https:\/\/kunstboer.com\/?post_type=product&#038;p=140959"},"modified":"2025-08-22T19:12:50","modified_gmt":"2025-08-22T19:12:50","slug":"mittlere-umhaenge-tasche-retro-kassettenband","status":"publish","type":"product","link":"https:\/\/kunstboer.com\/de\/produkt\/mittlere-umhaenge-tasche-retro-kassettenband\/","title":{"rendered":"Mittlere Umh\u00e4nge Tasche retro Kassettenband"},"content":{"rendered":"<p>Sehr praktische mittelgro\u00dfe Umh\u00e4ngetasche. Extra langer Schultergurt mit Verst\u00e4rkungen an den Befestigungspunkten.<\/p>\n<p>-30x22x8cm<br \/>\n-Nylonverst\u00e4rkter, extra langer Schultergurt<br \/>\n-Innentasche mit Rei\u00dfverschluss<br \/>\n-Gewicht 300 Gramm<br \/>\n-Rei\u00dfverschluss in der Farbe der Tasche oben<br \/>\n-Leicht zu reinigen<br \/>\n-Innenseite mit Nylon beschichtet, leicht zu reinigen<br \/>\n-Sto\u00dfstange (Keder) rundherum<\/p>\n<p>Kunstboer bietet eine riesige Sammlung an Taschen, Rucks\u00e4cken, Toilettenartikeln und vielem mehr f\u00fcr M\u00e4dchen, Jungen und hippe junge Erwachsene.<\/p>\n<script language='javascript' type='text\/javascript'>function getWR360PopupSkin(){return 'light_clean';}<\/script>","protected":false},"excerpt":{"rendered":"<p>Sehr praktische mittelgro\u00dfe Umh\u00e4ngetasche. Extra langer Schultergurt mit Verst\u00e4rkungen an den Befestigungspunkten. -30x22x8cm -Nylonverst\u00e4rkter, extra langer Schultergurt -Innentasche mit Rei\u00dfverschluss -Gewicht 300 Gramm -Rei\u00dfverschluss in der Farbe der Tasche oben -Leicht zu reinigen -Innenseite mit Nylon beschichtet, leicht zu reinigen -Sto\u00dfstange (Keder) rundherum Kunstboer bietet eine riesige Sammlung an Taschen, Rucks\u00e4cken, Toilettenartikeln und vielem mehr [&hellip;]<\/p>\n","protected":false},"featured_media":141392,"comment_status":"open","ping_status":"closed","template":"","meta":{"_acf_changed":false},"product_brand":[],"product_cat":[283],"product_tag":[],"class_list":{"0":"post-140959","1":"product","2":"type-product","3":"status-publish","4":"has-post-thumbnail","6":"product_cat-backpacks","8":"first","9":"instock","10":"taxable","11":"shipping-taxable","12":"purchasable","13":"product-type-simple"},"composite_virtual":false,"composite_layout":"","composite_add_to_cart_form_location":"","composite_editable_in_cart":false,"composite_sold_individually_context":"","composite_shop_price_calc":"","composite_components":[],"composite_scenarios":[],"bundled_by":[],"bundle_stock_status":"instock","bundle_stock_quantity":7,"bundle_virtual":false,"bundle_layout":"","bundle_add_to_cart_form_location":"","bundle_editable_in_cart":false,"bundle_sold_individually_context":"","bundle_item_grouping":"","bundle_min_size":"","bundle_max_size":"","bundle_price":[],"bundled_items":[],"bundle_sell_ids":[134334],"acf":[],"yoast_head":"<!-- This site is optimized with the Yoast SEO plugin v26.8 - https:\/\/yoast.com\/product\/yoast-seo-wordpress\/ -->\n<title>Mittlere Umh\u00e4nge Tasche retro Blumen rosa<\/title>\n<meta name=\"description\" content=\"Mittlere Umh\u00e4nge Tasche retro Blumen rosa\" \/>\n<meta name=\"robots\" content=\"index, follow, max-snippet:-1, max-image-preview:large, max-video-preview:-1\" \/>\n<link rel=\"canonical\" href=\"https:\/\/kunstboer.com\/en\/produkt\/shoulderbag-medium-retro-cassette-tape\/\" \/>\n<meta property=\"og:locale\" content=\"de_DE\" \/>\n<meta property=\"og:type\" content=\"article\" \/>\n<meta property=\"og:title\" content=\"Mittlere Umh\u00e4nge Tasche retro Blumen rosa\" \/>\n<meta property=\"og:description\" content=\"Mittlere Umh\u00e4nge Tasche retro Blumen rosa\" \/>\n<meta property=\"og:url\" content=\"https:\/\/kunstboer.com\/en\/produkt\/shoulderbag-medium-retro-cassette-tape\/\" \/>\n<meta property=\"og:site_name\" content=\"Kunstboer\" \/>\n<meta property=\"article:modified_time\" content=\"2025-08-22T19:12:50+00:00\" \/>\n<meta property=\"og:image\" content=\"http:\/\/kunstboer.com\/wp-content\/uploads\/2025\/07\/schouder-cassette-3-scaled.jpg\" \/>\n\t<meta property=\"og:image:width\" content=\"2560\" \/>\n\t<meta property=\"og:image:height\" content=\"2560\" \/>\n\t<meta property=\"og:image:type\" content=\"image\/jpeg\" \/>\n<meta name=\"twitter:card\" content=\"summary_large_image\" \/>\n<meta name=\"twitter:label1\" content=\"Gesch\u00e4tzte Lesezeit\" \/>\n\t<meta name=\"twitter:data1\" content=\"1\u00a0Minute\" \/>\n<script type=\"application\/ld+json\" class=\"yoast-schema-graph\">{\"@context\":\"https:\/\/schema.org\",\"@graph\":[{\"@type\":\"WebPage\",\"@id\":\"https:\/\/kunstboer.com\/en\/produkt\/shoulderbag-medium-retro-cassette-tape\/\",\"url\":\"https:\/\/kunstboer.com\/en\/produkt\/shoulderbag-medium-retro-cassette-tape\/\",\"name\":\"Mittlere Umh\u00e4nge Tasche retro Blumen rosa\",\"isPartOf\":{\"@id\":\"https:\/\/kunstboer.com\/#website\"},\"primaryImageOfPage\":{\"@id\":\"https:\/\/kunstboer.com\/en\/produkt\/shoulderbag-medium-retro-cassette-tape\/#primaryimage\"},\"image\":{\"@id\":\"https:\/\/kunstboer.com\/en\/produkt\/shoulderbag-medium-retro-cassette-tape\/#primaryimage\"},\"thumbnailUrl\":\"https:\/\/kunstboer.com\/wp-content\/uploads\/2025\/07\/schouder-cassette-3-scaled.jpg\",\"datePublished\":\"2025-07-11T07:24:11+00:00\",\"dateModified\":\"2025-08-22T19:12:50+00:00\",\"description\":\"Mittlere Umh\u00e4nge Tasche retro Blumen rosa\",\"breadcrumb\":{\"@id\":\"https:\/\/kunstboer.com\/en\/produkt\/shoulderbag-medium-retro-cassette-tape\/#breadcrumb\"},\"inLanguage\":\"de\",\"potentialAction\":[{\"@type\":\"ReadAction\",\"target\":[\"https:\/\/kunstboer.com\/en\/produkt\/shoulderbag-medium-retro-cassette-tape\/\"]}]},{\"@type\":\"ImageObject\",\"inLanguage\":\"de\",\"@id\":\"https:\/\/kunstboer.com\/en\/produkt\/shoulderbag-medium-retro-cassette-tape\/#primaryimage\",\"url\":\"https:\/\/kunstboer.com\/wp-content\/uploads\/2025\/07\/schouder-cassette-3-scaled.jpg\",\"contentUrl\":\"https:\/\/kunstboer.com\/wp-content\/uploads\/2025\/07\/schouder-cassette-3-scaled.jpg\",\"width\":2560,\"height\":2560},{\"@type\":\"BreadcrumbList\",\"@id\":\"https:\/\/kunstboer.com\/en\/produkt\/shoulderbag-medium-retro-cassette-tape\/#breadcrumb\",\"itemListElement\":[{\"@type\":\"ListItem\",\"position\":1,\"name\":\"Home\",\"item\":\"https:\/\/kunstboer.com\/de\/\"},{\"@type\":\"ListItem\",\"position\":2,\"name\":\"Shop\",\"item\":\"https:\/\/kunstboer.com\/shop\/\"},{\"@type\":\"ListItem\",\"position\":3,\"name\":\"Mittlere Umh\u00e4nge Tasche retro Kassettenband\"}]},{\"@type\":\"WebSite\",\"@id\":\"https:\/\/kunstboer.com\/#website\",\"url\":\"https:\/\/kunstboer.com\/\",\"name\":\"Kunstboer\",\"description\":\"Kleurrijk en verrassend merk\",\"potentialAction\":[{\"@type\":\"SearchAction\",\"target\":{\"@type\":\"EntryPoint\",\"urlTemplate\":\"https:\/\/kunstboer.com\/?s={search_term_string}\"},\"query-input\":{\"@type\":\"PropertyValueSpecification\",\"valueRequired\":true,\"valueName\":\"search_term_string\"}}],\"inLanguage\":\"de\"}]}<\/script>\n<!-- \/ Yoast SEO plugin. -->","yoast_head_json":{"title":"Mittlere Umh\u00e4nge Tasche retro Blumen rosa","description":"Mittlere Umh\u00e4nge Tasche retro Blumen rosa","robots":{"index":"index","follow":"follow","max-snippet":"max-snippet:-1","max-image-preview":"max-image-preview:large","max-video-preview":"max-video-preview:-1"},"canonical":"https:\/\/kunstboer.com\/en\/produkt\/shoulderbag-medium-retro-cassette-tape\/","og_locale":"de_DE","og_type":"article","og_title":"Mittlere Umh\u00e4nge Tasche retro Blumen rosa","og_description":"Mittlere Umh\u00e4nge Tasche retro Blumen rosa","og_url":"https:\/\/kunstboer.com\/en\/produkt\/shoulderbag-medium-retro-cassette-tape\/","og_site_name":"Kunstboer","article_modified_time":"2025-08-22T19:12:50+00:00","og_image":[{"width":2560,"height":2560,"url":"http:\/\/kunstboer.com\/wp-content\/uploads\/2025\/07\/schouder-cassette-3-scaled.jpg","type":"image\/jpeg"}],"twitter_card":"summary_large_image","twitter_misc":{"Gesch\u00e4tzte Lesezeit":"1\u00a0Minute"},"schema":{"@context":"https:\/\/schema.org","@graph":[{"@type":"WebPage","@id":"https:\/\/kunstboer.com\/en\/produkt\/shoulderbag-medium-retro-cassette-tape\/","url":"https:\/\/kunstboer.com\/en\/produkt\/shoulderbag-medium-retro-cassette-tape\/","name":"Mittlere Umh\u00e4nge Tasche retro Blumen rosa","isPartOf":{"@id":"https:\/\/kunstboer.com\/#website"},"primaryImageOfPage":{"@id":"https:\/\/kunstboer.com\/en\/produkt\/shoulderbag-medium-retro-cassette-tape\/#primaryimage"},"image":{"@id":"https:\/\/kunstboer.com\/en\/produkt\/shoulderbag-medium-retro-cassette-tape\/#primaryimage"},"thumbnailUrl":"https:\/\/kunstboer.com\/wp-content\/uploads\/2025\/07\/schouder-cassette-3-scaled.jpg","datePublished":"2025-07-11T07:24:11+00:00","dateModified":"2025-08-22T19:12:50+00:00","description":"Mittlere Umh\u00e4nge Tasche retro Blumen rosa","breadcrumb":{"@id":"https:\/\/kunstboer.com\/en\/produkt\/shoulderbag-medium-retro-cassette-tape\/#breadcrumb"},"inLanguage":"de","potentialAction":[{"@type":"ReadAction","target":["https:\/\/kunstboer.com\/en\/produkt\/shoulderbag-medium-retro-cassette-tape\/"]}]},{"@type":"ImageObject","inLanguage":"de","@id":"https:\/\/kunstboer.com\/en\/produkt\/shoulderbag-medium-retro-cassette-tape\/#primaryimage","url":"https:\/\/kunstboer.com\/wp-content\/uploads\/2025\/07\/schouder-cassette-3-scaled.jpg","contentUrl":"https:\/\/kunstboer.com\/wp-content\/uploads\/2025\/07\/schouder-cassette-3-scaled.jpg","width":2560,"height":2560},{"@type":"BreadcrumbList","@id":"https:\/\/kunstboer.com\/en\/produkt\/shoulderbag-medium-retro-cassette-tape\/#breadcrumb","itemListElement":[{"@type":"ListItem","position":1,"name":"Home","item":"https:\/\/kunstboer.com\/de\/"},{"@type":"ListItem","position":2,"name":"Shop","item":"https:\/\/kunstboer.com\/shop\/"},{"@type":"ListItem","position":3,"name":"Mittlere Umh\u00e4nge Tasche retro Kassettenband"}]},{"@type":"WebSite","@id":"https:\/\/kunstboer.com\/#website","url":"https:\/\/kunstboer.com\/","name":"Kunstboer","description":"Kleurrijk en verrassend merk","potentialAction":[{"@type":"SearchAction","target":{"@type":"EntryPoint","urlTemplate":"https:\/\/kunstboer.com\/?s={search_term_string}"},"query-input":{"@type":"PropertyValueSpecification","valueRequired":true,"valueName":"search_term_string"}}],"inLanguage":"de"}]}},"_links":{"self":[{"href":"https:\/\/kunstboer.com\/de\/wp-json\/wp\/v2\/product\/140959","targetHints":{"allow":["GET"]}}],"collection":[{"href":"https:\/\/kunstboer.com\/de\/wp-json\/wp\/v2\/product"}],"about":[{"href":"https:\/\/kunstboer.com\/de\/wp-json\/wp\/v2\/types\/product"}],"replies":[{"embeddable":true,"href":"https:\/\/kunstboer.com\/de\/wp-json\/wp\/v2\/comments?post=140959"}],"wp:featuredmedia":[{"embeddable":true,"href":"https:\/\/kunstboer.com\/de\/wp-json\/wp\/v2\/media\/141392"}],"wp:attachment":[{"href":"https:\/\/kunstboer.com\/de\/wp-json\/wp\/v2\/media?parent=140959"}],"wp:term":[{"taxonomy":"product_brand","embeddable":true,"href":"https:\/\/kunstboer.com\/de\/wp-json\/wp\/v2\/product_brand?post=140959"},{"taxonomy":"product_cat","embeddable":true,"href":"https:\/\/kunstboer.com\/de\/wp-json\/wp\/v2\/product_cat?post=140959"},{"taxonomy":"product_tag","embeddable":true,"href":"https:\/\/kunstboer.com\/de\/wp-json\/wp\/v2\/product_tag?post=140959"}],"curies":[{"name":"wp","href":"https:\/\/api.w.org\/{rel}","templated":true}]}}