{"id":140598,"date":"2025-04-09T17:21:12","date_gmt":"2025-04-09T17:21:12","guid":{"rendered":"https:\/\/kunstboer.com\/?post_type=product&#038;p=140598"},"modified":"2025-08-31T20:02:31","modified_gmt":"2025-08-31T20:02:31","slug":"shopper-katze","status":"publish","type":"product","link":"https:\/\/kunstboer.com\/de\/produkt\/shopper-katze\/","title":{"rendered":"Shopper Katze"},"content":{"rendered":"<p>Sehr praktischer Shopper f\u00fcr den Alltag! L\u00e4sst sich sch\u00f6n weit \u00f6ffnen und hat stabile Schultergurte, gerade lang genug, um sie \u00fcber der Schulter zu tragen, aber auch locker in der Hand.<\/p>\n<p>40 x 42 x 9 cm<\/p>\n<p>Mit Nylon verst\u00e4rkte Griffe mit Rei\u00dfverschluss<\/p>\n<p>Langer Rei\u00dfverschluss in der Farbe der Tasche oben<\/p>\n<p>Innen mit Nylon verkleidet, leicht zu reinigen<\/p>\n<p>&nbsp;<\/p>\n<p>Kunstboer bietet eine riesige Kollektion an Taschen, Rucks\u00e4cken, Kulturbeuteln und vielem mehr f\u00fcr M\u00e4dchen und Jungen sowie hippe junge Erwachsene.<\/p>\n<script language='javascript' type='text\/javascript'>function getWR360PopupSkin(){return 'light_clean';}<\/script>","protected":false},"excerpt":{"rendered":"<p>Sehr praktischer Shopper f\u00fcr den Alltag! L\u00e4sst sich sch\u00f6n weit \u00f6ffnen und hat stabile Schultergurte, gerade lang genug, um sie \u00fcber der Schulter zu tragen, aber auch locker in der Hand. 40 x 42 x 9 cm Mit Nylon verst\u00e4rkte Griffe mit Rei\u00dfverschluss Langer Rei\u00dfverschluss in der Farbe der Tasche oben Innen mit Nylon verkleidet, [&hellip;]<\/p>\n","protected":false},"featured_media":140608,"comment_status":"open","ping_status":"closed","template":"","meta":{"_acf_changed":false},"product_brand":[],"product_cat":[731],"product_tag":[],"class_list":{"0":"post-140598","1":"product","2":"type-product","3":"status-publish","4":"has-post-thumbnail","6":"product_cat-tassen-de","8":"first","9":"instock","10":"taxable","11":"shipping-taxable","12":"purchasable","13":"product-type-simple"},"composite_virtual":false,"composite_layout":"","composite_add_to_cart_form_location":"","composite_editable_in_cart":false,"composite_sold_individually_context":"","composite_shop_price_calc":"","composite_components":[],"composite_scenarios":[],"bundled_by":[],"bundle_stock_status":"instock","bundle_stock_quantity":1,"bundle_virtual":false,"bundle_layout":"","bundle_add_to_cart_form_location":"","bundle_editable_in_cart":false,"bundle_sold_individually_context":"","bundle_item_grouping":"","bundle_min_size":"","bundle_max_size":"","bundle_price":[],"bundled_items":[],"bundle_sell_ids":[],"acf":[],"yoast_head":"<!-- This site is optimized with the Yoast SEO plugin v26.8 - https:\/\/yoast.com\/product\/yoast-seo-wordpress\/ -->\n<title>Umhangetasche Blume retro<\/title>\n<meta name=\"description\" content=\"Umh\u00e4ngetasche Blume retro\" \/>\n<meta name=\"robots\" content=\"index, follow, max-snippet:-1, max-image-preview:large, max-video-preview:-1\" \/>\n<link rel=\"canonical\" href=\"https:\/\/kunstboer.com\/produkt\/shopper-kat-poes-gezicht\/\" \/>\n<meta property=\"og:locale\" content=\"de_DE\" \/>\n<meta property=\"og:type\" content=\"article\" \/>\n<meta property=\"og:title\" content=\"Umhangetasche Blume retro\" \/>\n<meta property=\"og:description\" content=\"Umh\u00e4ngetasche Blume retro\" \/>\n<meta property=\"og:url\" content=\"https:\/\/kunstboer.com\/produkt\/shopper-kat-poes-gezicht\/\" \/>\n<meta property=\"og:site_name\" content=\"Kunstboer\" \/>\n<meta property=\"article:modified_time\" content=\"2025-08-31T20:02:31+00:00\" \/>\n<meta property=\"og:image\" content=\"http:\/\/kunstboer.com\/wp-content\/uploads\/2025\/04\/IMG_2719-scaled.jpeg\" \/>\n\t<meta property=\"og:image:width\" content=\"1920\" \/>\n\t<meta property=\"og:image:height\" content=\"2560\" \/>\n\t<meta property=\"og:image:type\" content=\"image\/jpeg\" \/>\n<meta name=\"twitter:card\" content=\"summary_large_image\" \/>\n<meta name=\"twitter:label1\" content=\"Gesch\u00e4tzte Lesezeit\" \/>\n\t<meta name=\"twitter:data1\" content=\"1\u00a0Minute\" \/>\n<script type=\"application\/ld+json\" class=\"yoast-schema-graph\">{\"@context\":\"https:\/\/schema.org\",\"@graph\":[{\"@type\":\"WebPage\",\"@id\":\"https:\/\/kunstboer.com\/produkt\/shopper-kat-poes-gezicht\/\",\"url\":\"https:\/\/kunstboer.com\/produkt\/shopper-kat-poes-gezicht\/\",\"name\":\"Umhangetasche Blume retro\",\"isPartOf\":{\"@id\":\"https:\/\/kunstboer.com\/#website\"},\"primaryImageOfPage\":{\"@id\":\"https:\/\/kunstboer.com\/produkt\/shopper-kat-poes-gezicht\/#primaryimage\"},\"image\":{\"@id\":\"https:\/\/kunstboer.com\/produkt\/shopper-kat-poes-gezicht\/#primaryimage\"},\"thumbnailUrl\":\"https:\/\/kunstboer.com\/wp-content\/uploads\/2025\/04\/IMG_2719-scaled.jpeg\",\"datePublished\":\"2025-04-09T17:21:12+00:00\",\"dateModified\":\"2025-08-31T20:02:31+00:00\",\"description\":\"Umh\u00e4ngetasche Blume retro\",\"breadcrumb\":{\"@id\":\"https:\/\/kunstboer.com\/produkt\/shopper-kat-poes-gezicht\/#breadcrumb\"},\"inLanguage\":\"de\",\"potentialAction\":[{\"@type\":\"ReadAction\",\"target\":[\"https:\/\/kunstboer.com\/produkt\/shopper-kat-poes-gezicht\/\"]}]},{\"@type\":\"ImageObject\",\"inLanguage\":\"de\",\"@id\":\"https:\/\/kunstboer.com\/produkt\/shopper-kat-poes-gezicht\/#primaryimage\",\"url\":\"https:\/\/kunstboer.com\/wp-content\/uploads\/2025\/04\/IMG_2719-scaled.jpeg\",\"contentUrl\":\"https:\/\/kunstboer.com\/wp-content\/uploads\/2025\/04\/IMG_2719-scaled.jpeg\",\"width\":1920,\"height\":2560},{\"@type\":\"BreadcrumbList\",\"@id\":\"https:\/\/kunstboer.com\/produkt\/shopper-kat-poes-gezicht\/#breadcrumb\",\"itemListElement\":[{\"@type\":\"ListItem\",\"position\":1,\"name\":\"Home\",\"item\":\"https:\/\/kunstboer.com\/de\/\"},{\"@type\":\"ListItem\",\"position\":2,\"name\":\"Shop\",\"item\":\"https:\/\/kunstboer.com\/shop\/\"},{\"@type\":\"ListItem\",\"position\":3,\"name\":\"Shopper Katze\"}]},{\"@type\":\"WebSite\",\"@id\":\"https:\/\/kunstboer.com\/#website\",\"url\":\"https:\/\/kunstboer.com\/\",\"name\":\"Kunstboer\",\"description\":\"Kleurrijk en verrassend merk\",\"potentialAction\":[{\"@type\":\"SearchAction\",\"target\":{\"@type\":\"EntryPoint\",\"urlTemplate\":\"https:\/\/kunstboer.com\/?s={search_term_string}\"},\"query-input\":{\"@type\":\"PropertyValueSpecification\",\"valueRequired\":true,\"valueName\":\"search_term_string\"}}],\"inLanguage\":\"de\"}]}<\/script>\n<!-- \/ Yoast SEO plugin. -->","yoast_head_json":{"title":"Umhangetasche Blume retro","description":"Umh\u00e4ngetasche Blume retro","robots":{"index":"index","follow":"follow","max-snippet":"max-snippet:-1","max-image-preview":"max-image-preview:large","max-video-preview":"max-video-preview:-1"},"canonical":"https:\/\/kunstboer.com\/produkt\/shopper-kat-poes-gezicht\/","og_locale":"de_DE","og_type":"article","og_title":"Umhangetasche Blume retro","og_description":"Umh\u00e4ngetasche Blume retro","og_url":"https:\/\/kunstboer.com\/produkt\/shopper-kat-poes-gezicht\/","og_site_name":"Kunstboer","article_modified_time":"2025-08-31T20:02:31+00:00","og_image":[{"width":1920,"height":2560,"url":"http:\/\/kunstboer.com\/wp-content\/uploads\/2025\/04\/IMG_2719-scaled.jpeg","type":"image\/jpeg"}],"twitter_card":"summary_large_image","twitter_misc":{"Gesch\u00e4tzte Lesezeit":"1\u00a0Minute"},"schema":{"@context":"https:\/\/schema.org","@graph":[{"@type":"WebPage","@id":"https:\/\/kunstboer.com\/produkt\/shopper-kat-poes-gezicht\/","url":"https:\/\/kunstboer.com\/produkt\/shopper-kat-poes-gezicht\/","name":"Umhangetasche Blume retro","isPartOf":{"@id":"https:\/\/kunstboer.com\/#website"},"primaryImageOfPage":{"@id":"https:\/\/kunstboer.com\/produkt\/shopper-kat-poes-gezicht\/#primaryimage"},"image":{"@id":"https:\/\/kunstboer.com\/produkt\/shopper-kat-poes-gezicht\/#primaryimage"},"thumbnailUrl":"https:\/\/kunstboer.com\/wp-content\/uploads\/2025\/04\/IMG_2719-scaled.jpeg","datePublished":"2025-04-09T17:21:12+00:00","dateModified":"2025-08-31T20:02:31+00:00","description":"Umh\u00e4ngetasche Blume retro","breadcrumb":{"@id":"https:\/\/kunstboer.com\/produkt\/shopper-kat-poes-gezicht\/#breadcrumb"},"inLanguage":"de","potentialAction":[{"@type":"ReadAction","target":["https:\/\/kunstboer.com\/produkt\/shopper-kat-poes-gezicht\/"]}]},{"@type":"ImageObject","inLanguage":"de","@id":"https:\/\/kunstboer.com\/produkt\/shopper-kat-poes-gezicht\/#primaryimage","url":"https:\/\/kunstboer.com\/wp-content\/uploads\/2025\/04\/IMG_2719-scaled.jpeg","contentUrl":"https:\/\/kunstboer.com\/wp-content\/uploads\/2025\/04\/IMG_2719-scaled.jpeg","width":1920,"height":2560},{"@type":"BreadcrumbList","@id":"https:\/\/kunstboer.com\/produkt\/shopper-kat-poes-gezicht\/#breadcrumb","itemListElement":[{"@type":"ListItem","position":1,"name":"Home","item":"https:\/\/kunstboer.com\/de\/"},{"@type":"ListItem","position":2,"name":"Shop","item":"https:\/\/kunstboer.com\/shop\/"},{"@type":"ListItem","position":3,"name":"Shopper Katze"}]},{"@type":"WebSite","@id":"https:\/\/kunstboer.com\/#website","url":"https:\/\/kunstboer.com\/","name":"Kunstboer","description":"Kleurrijk en verrassend merk","potentialAction":[{"@type":"SearchAction","target":{"@type":"EntryPoint","urlTemplate":"https:\/\/kunstboer.com\/?s={search_term_string}"},"query-input":{"@type":"PropertyValueSpecification","valueRequired":true,"valueName":"search_term_string"}}],"inLanguage":"de"}]}},"_links":{"self":[{"href":"https:\/\/kunstboer.com\/de\/wp-json\/wp\/v2\/product\/140598","targetHints":{"allow":["GET"]}}],"collection":[{"href":"https:\/\/kunstboer.com\/de\/wp-json\/wp\/v2\/product"}],"about":[{"href":"https:\/\/kunstboer.com\/de\/wp-json\/wp\/v2\/types\/product"}],"replies":[{"embeddable":true,"href":"https:\/\/kunstboer.com\/de\/wp-json\/wp\/v2\/comments?post=140598"}],"wp:featuredmedia":[{"embeddable":true,"href":"https:\/\/kunstboer.com\/de\/wp-json\/wp\/v2\/media\/140608"}],"wp:attachment":[{"href":"https:\/\/kunstboer.com\/de\/wp-json\/wp\/v2\/media?parent=140598"}],"wp:term":[{"taxonomy":"product_brand","embeddable":true,"href":"https:\/\/kunstboer.com\/de\/wp-json\/wp\/v2\/product_brand?post=140598"},{"taxonomy":"product_cat","embeddable":true,"href":"https:\/\/kunstboer.com\/de\/wp-json\/wp\/v2\/product_cat?post=140598"},{"taxonomy":"product_tag","embeddable":true,"href":"https:\/\/kunstboer.com\/de\/wp-json\/wp\/v2\/product_tag?post=140598"}],"curies":[{"name":"wp","href":"https:\/\/api.w.org\/{rel}","templated":true}]}}