{"id":139909,"date":"2024-11-08T15:54:00","date_gmt":"2024-11-08T15:54:01","guid":{"rendered":"https:\/\/kunstboer.com\/?post_type=product&#038;p=139909"},"modified":"2024-11-08T16:18:45","modified_gmt":"2024-11-08T16:18:45","slug":"federmaeppchen-katze-in-ufo-raumschiff","status":"publish","type":"product","link":"https:\/\/kunstboer.com\/de\/produkt\/federmaeppchen-katze-in-ufo-raumschiff\/","title":{"rendered":"Federm\u00e4ppchen Katze  in UFO \/ Raumschiff."},"content":{"rendered":"<p>Sehr praktisches, flexibles, mittelgro\u00dfes Federm\u00e4ppchen mit einem skurrilen Kunstboer-Aufdruck einer Katze \u00a0in einem UFO \/ Raumschiff.<\/p>\n<p>24 x 17 cm ( unterseite 5cm)<\/p>\n<p>Praktisch f\u00fcr Stifte, Spielzeugautos, Kleinteile, N\u00e4harbeiten, Damenbinden.<\/p>\n<p>Faltbar, um es in die Tasche zu stecken, wenn das Geh\u00e4use nicht verwendet wird.<\/p>\n<p>Mit Nylon gef\u00fcttert<\/p>\n<script language='javascript' type='text\/javascript'>function getWR360PopupSkin(){return 'light_clean';}<\/script>","protected":false},"excerpt":{"rendered":"<p>Sehr praktisches, flexibles, mittelgro\u00dfes Federm\u00e4ppchen mit einem skurrilen Kunstboer-Aufdruck einer Katze \u00a0in einem UFO \/ Raumschiff. 24 x 17 cm ( unterseite 5cm) Praktisch f\u00fcr Stifte, Spielzeugautos, Kleinteile, N\u00e4harbeiten, Damenbinden. Faltbar, um es in die Tasche zu stecken, wenn das Geh\u00e4use nicht verwendet wird. Mit Nylon gef\u00fcttert<\/p>\n","protected":false},"featured_media":139931,"comment_status":"open","ping_status":"closed","template":"","meta":{"_acf_changed":false},"product_brand":[],"product_cat":[693,694],"product_tag":[],"class_list":{"0":"post-139909","1":"product","2":"type-product","3":"status-publish","4":"has-post-thumbnail","6":"product_cat-portemonnees-de","7":"product_cat-toilettassen-de","9":"first","10":"instock","11":"taxable","12":"shipping-taxable","13":"purchasable","14":"product-type-simple"},"composite_virtual":false,"composite_layout":"","composite_add_to_cart_form_location":"","composite_editable_in_cart":false,"composite_sold_individually_context":"","composite_shop_price_calc":"","composite_components":[],"composite_scenarios":[],"bundled_by":[],"bundle_stock_status":"instock","bundle_stock_quantity":16,"bundle_virtual":false,"bundle_layout":"","bundle_add_to_cart_form_location":"","bundle_editable_in_cart":false,"bundle_sold_individually_context":"","bundle_item_grouping":"","bundle_min_size":"","bundle_max_size":"","bundle_price":[],"bundled_items":[],"bundle_sell_ids":[],"acf":[],"yoast_head":"<!-- This site is optimized with the Yoast SEO plugin v26.8 - https:\/\/yoast.com\/product\/yoast-seo-wordpress\/ -->\n<title>Federm\u00e4ppchen Katze in UFO \/ Raumschiff. | Kunstboer<\/title>\n<meta name=\"description\" content=\"Rucksackkatze mit Brille, Auf der Suche nach einem Rucksack? Kaufen mit diesem Rucksack von Kunstboer stehlen einer starke Rucksack im Katzendesign.\" \/>\n<meta name=\"robots\" content=\"index, follow, max-snippet:-1, max-image-preview:large, max-video-preview:-1\" \/>\n<link rel=\"canonical\" href=\"https:\/\/kunstboer.com\/de\/produkt\/federmaeppchen-katze-in-ufo-raumschiff\/\" \/>\n<meta property=\"og:locale\" content=\"de_DE\" \/>\n<meta property=\"og:type\" content=\"article\" \/>\n<meta property=\"og:title\" content=\"Federm\u00e4ppchen Katze in UFO \/ Raumschiff. | Kunstboer\" \/>\n<meta property=\"og:description\" content=\"Rucksackkatze mit Brille, Auf der Suche nach einem Rucksack? Kaufen mit diesem Rucksack von Kunstboer stehlen einer starke Rucksack im Katzendesign.\" \/>\n<meta property=\"og:url\" content=\"https:\/\/kunstboer.com\/de\/produkt\/federmaeppchen-katze-in-ufo-raumschiff\/\" \/>\n<meta property=\"og:site_name\" content=\"Kunstboer\" \/>\n<meta property=\"article:modified_time\" content=\"2024-11-08T16:18:45+00:00\" \/>\n<meta property=\"og:image\" content=\"http:\/\/kunstboer.com\/wp-content\/uploads\/2024\/11\/IMG_9156.jpeg\" \/>\n\t<meta property=\"og:image:width\" content=\"706\" \/>\n\t<meta property=\"og:image:height\" content=\"641\" \/>\n\t<meta property=\"og:image:type\" content=\"image\/jpeg\" \/>\n<meta name=\"twitter:card\" content=\"summary_large_image\" \/>\n<meta name=\"twitter:label1\" content=\"Gesch\u00e4tzte Lesezeit\" \/>\n\t<meta name=\"twitter:data1\" content=\"1\u00a0Minute\" \/>\n<script type=\"application\/ld+json\" class=\"yoast-schema-graph\">{\"@context\":\"https:\/\/schema.org\",\"@graph\":[{\"@type\":\"WebPage\",\"@id\":\"https:\/\/kunstboer.com\/de\/produkt\/federmaeppchen-katze-in-ufo-raumschiff\/\",\"url\":\"https:\/\/kunstboer.com\/de\/produkt\/federmaeppchen-katze-in-ufo-raumschiff\/\",\"name\":\"Federm\u00e4ppchen Katze in UFO \/ Raumschiff. | Kunstboer\",\"isPartOf\":{\"@id\":\"https:\/\/kunstboer.com\/#website\"},\"primaryImageOfPage\":{\"@id\":\"https:\/\/kunstboer.com\/de\/produkt\/federmaeppchen-katze-in-ufo-raumschiff\/#primaryimage\"},\"image\":{\"@id\":\"https:\/\/kunstboer.com\/de\/produkt\/federmaeppchen-katze-in-ufo-raumschiff\/#primaryimage\"},\"thumbnailUrl\":\"https:\/\/kunstboer.com\/wp-content\/uploads\/2024\/11\/IMG_9156.jpeg\",\"datePublished\":\"2024-11-08T15:54:01+00:00\",\"dateModified\":\"2024-11-08T16:18:45+00:00\",\"description\":\"Rucksackkatze mit Brille, Auf der Suche nach einem Rucksack? Kaufen mit diesem Rucksack von Kunstboer stehlen einer starke Rucksack im Katzendesign.\",\"breadcrumb\":{\"@id\":\"https:\/\/kunstboer.com\/de\/produkt\/federmaeppchen-katze-in-ufo-raumschiff\/#breadcrumb\"},\"inLanguage\":\"de\",\"potentialAction\":[{\"@type\":\"ReadAction\",\"target\":[\"https:\/\/kunstboer.com\/de\/produkt\/federmaeppchen-katze-in-ufo-raumschiff\/\"]}]},{\"@type\":\"ImageObject\",\"inLanguage\":\"de\",\"@id\":\"https:\/\/kunstboer.com\/de\/produkt\/federmaeppchen-katze-in-ufo-raumschiff\/#primaryimage\",\"url\":\"https:\/\/kunstboer.com\/wp-content\/uploads\/2024\/11\/IMG_9156.jpeg\",\"contentUrl\":\"https:\/\/kunstboer.com\/wp-content\/uploads\/2024\/11\/IMG_9156.jpeg\",\"width\":706,\"height\":641},{\"@type\":\"BreadcrumbList\",\"@id\":\"https:\/\/kunstboer.com\/de\/produkt\/federmaeppchen-katze-in-ufo-raumschiff\/#breadcrumb\",\"itemListElement\":[{\"@type\":\"ListItem\",\"position\":1,\"name\":\"Home\",\"item\":\"https:\/\/kunstboer.com\/de\/\"},{\"@type\":\"ListItem\",\"position\":2,\"name\":\"Shop\",\"item\":\"https:\/\/kunstboer.com\/shop\/\"},{\"@type\":\"ListItem\",\"position\":3,\"name\":\"Federm\u00e4ppchen Katze in UFO \/ Raumschiff.\"}]},{\"@type\":\"WebSite\",\"@id\":\"https:\/\/kunstboer.com\/#website\",\"url\":\"https:\/\/kunstboer.com\/\",\"name\":\"Kunstboer\",\"description\":\"Kleurrijk en verrassend merk\",\"potentialAction\":[{\"@type\":\"SearchAction\",\"target\":{\"@type\":\"EntryPoint\",\"urlTemplate\":\"https:\/\/kunstboer.com\/?s={search_term_string}\"},\"query-input\":{\"@type\":\"PropertyValueSpecification\",\"valueRequired\":true,\"valueName\":\"search_term_string\"}}],\"inLanguage\":\"de\"}]}<\/script>\n<!-- \/ Yoast SEO plugin. -->","yoast_head_json":{"title":"Federm\u00e4ppchen Katze in UFO \/ Raumschiff. | Kunstboer","description":"Rucksackkatze mit Brille, Auf der Suche nach einem Rucksack? Kaufen mit diesem Rucksack von Kunstboer stehlen einer starke Rucksack im Katzendesign.","robots":{"index":"index","follow":"follow","max-snippet":"max-snippet:-1","max-image-preview":"max-image-preview:large","max-video-preview":"max-video-preview:-1"},"canonical":"https:\/\/kunstboer.com\/de\/produkt\/federmaeppchen-katze-in-ufo-raumschiff\/","og_locale":"de_DE","og_type":"article","og_title":"Federm\u00e4ppchen Katze in UFO \/ Raumschiff. | Kunstboer","og_description":"Rucksackkatze mit Brille, Auf der Suche nach einem Rucksack? Kaufen mit diesem Rucksack von Kunstboer stehlen einer starke Rucksack im Katzendesign.","og_url":"https:\/\/kunstboer.com\/de\/produkt\/federmaeppchen-katze-in-ufo-raumschiff\/","og_site_name":"Kunstboer","article_modified_time":"2024-11-08T16:18:45+00:00","og_image":[{"width":706,"height":641,"url":"http:\/\/kunstboer.com\/wp-content\/uploads\/2024\/11\/IMG_9156.jpeg","type":"image\/jpeg"}],"twitter_card":"summary_large_image","twitter_misc":{"Gesch\u00e4tzte Lesezeit":"1\u00a0Minute"},"schema":{"@context":"https:\/\/schema.org","@graph":[{"@type":"WebPage","@id":"https:\/\/kunstboer.com\/de\/produkt\/federmaeppchen-katze-in-ufo-raumschiff\/","url":"https:\/\/kunstboer.com\/de\/produkt\/federmaeppchen-katze-in-ufo-raumschiff\/","name":"Federm\u00e4ppchen Katze in UFO \/ Raumschiff. | Kunstboer","isPartOf":{"@id":"https:\/\/kunstboer.com\/#website"},"primaryImageOfPage":{"@id":"https:\/\/kunstboer.com\/de\/produkt\/federmaeppchen-katze-in-ufo-raumschiff\/#primaryimage"},"image":{"@id":"https:\/\/kunstboer.com\/de\/produkt\/federmaeppchen-katze-in-ufo-raumschiff\/#primaryimage"},"thumbnailUrl":"https:\/\/kunstboer.com\/wp-content\/uploads\/2024\/11\/IMG_9156.jpeg","datePublished":"2024-11-08T15:54:01+00:00","dateModified":"2024-11-08T16:18:45+00:00","description":"Rucksackkatze mit Brille, Auf der Suche nach einem Rucksack? Kaufen mit diesem Rucksack von Kunstboer stehlen einer starke Rucksack im Katzendesign.","breadcrumb":{"@id":"https:\/\/kunstboer.com\/de\/produkt\/federmaeppchen-katze-in-ufo-raumschiff\/#breadcrumb"},"inLanguage":"de","potentialAction":[{"@type":"ReadAction","target":["https:\/\/kunstboer.com\/de\/produkt\/federmaeppchen-katze-in-ufo-raumschiff\/"]}]},{"@type":"ImageObject","inLanguage":"de","@id":"https:\/\/kunstboer.com\/de\/produkt\/federmaeppchen-katze-in-ufo-raumschiff\/#primaryimage","url":"https:\/\/kunstboer.com\/wp-content\/uploads\/2024\/11\/IMG_9156.jpeg","contentUrl":"https:\/\/kunstboer.com\/wp-content\/uploads\/2024\/11\/IMG_9156.jpeg","width":706,"height":641},{"@type":"BreadcrumbList","@id":"https:\/\/kunstboer.com\/de\/produkt\/federmaeppchen-katze-in-ufo-raumschiff\/#breadcrumb","itemListElement":[{"@type":"ListItem","position":1,"name":"Home","item":"https:\/\/kunstboer.com\/de\/"},{"@type":"ListItem","position":2,"name":"Shop","item":"https:\/\/kunstboer.com\/shop\/"},{"@type":"ListItem","position":3,"name":"Federm\u00e4ppchen Katze in UFO \/ Raumschiff."}]},{"@type":"WebSite","@id":"https:\/\/kunstboer.com\/#website","url":"https:\/\/kunstboer.com\/","name":"Kunstboer","description":"Kleurrijk en verrassend merk","potentialAction":[{"@type":"SearchAction","target":{"@type":"EntryPoint","urlTemplate":"https:\/\/kunstboer.com\/?s={search_term_string}"},"query-input":{"@type":"PropertyValueSpecification","valueRequired":true,"valueName":"search_term_string"}}],"inLanguage":"de"}]}},"_links":{"self":[{"href":"https:\/\/kunstboer.com\/de\/wp-json\/wp\/v2\/product\/139909","targetHints":{"allow":["GET"]}}],"collection":[{"href":"https:\/\/kunstboer.com\/de\/wp-json\/wp\/v2\/product"}],"about":[{"href":"https:\/\/kunstboer.com\/de\/wp-json\/wp\/v2\/types\/product"}],"replies":[{"embeddable":true,"href":"https:\/\/kunstboer.com\/de\/wp-json\/wp\/v2\/comments?post=139909"}],"wp:featuredmedia":[{"embeddable":true,"href":"https:\/\/kunstboer.com\/de\/wp-json\/wp\/v2\/media\/139931"}],"wp:attachment":[{"href":"https:\/\/kunstboer.com\/de\/wp-json\/wp\/v2\/media?parent=139909"}],"wp:term":[{"taxonomy":"product_brand","embeddable":true,"href":"https:\/\/kunstboer.com\/de\/wp-json\/wp\/v2\/product_brand?post=139909"},{"taxonomy":"product_cat","embeddable":true,"href":"https:\/\/kunstboer.com\/de\/wp-json\/wp\/v2\/product_cat?post=139909"},{"taxonomy":"product_tag","embeddable":true,"href":"https:\/\/kunstboer.com\/de\/wp-json\/wp\/v2\/product_tag?post=139909"}],"curies":[{"name":"wp","href":"https:\/\/api.w.org\/{rel}","templated":true}]}}