{"id":139865,"date":"2024-10-09T20:49:13","date_gmt":"2024-10-09T20:49:13","guid":{"rendered":"https:\/\/kunstboer.com\/?post_type=product&#038;p=139865"},"modified":"2024-10-09T20:56:06","modified_gmt":"2024-10-09T20:56:06","slug":"mittlere-umhaenge-tasche-retro-violett","status":"publish","type":"product","link":"https:\/\/kunstboer.com\/de\/produkt\/mittlere-umhaenge-tasche-retro-violett\/","title":{"rendered":"Mittlere Umh\u00e4nge Tasche retro Violett"},"content":{"rendered":"<p>Sehr praktische mittelgro\u00dfe Umh\u00e4ngetasche f\u00fcr Schule, Sport, Wochenendausfl\u00fcge und \u00dcbernachtungen. Extra langer Schultergurt mit Verst\u00e4rkungen an den Befestigungspunkten.<\/p>\n<p>-30x22x8cm<br \/>\n-Nylonverst\u00e4rkter, extra langer Schultergurt<br \/>\n-Innentasche mit Rei\u00dfverschluss<br \/>\n-Gewicht 300 Gramm<br \/>\n-Rei\u00dfverschluss in der Farbe der Tasche oben<br \/>\n-Leicht zu reinigen<br \/>\n-Innenseite mit Nylon beschichtet, leicht zu reinigen<br \/>\n-Sto\u00dfstange (Keder) rundherum<\/p>\n<p>Kunstboer bietet eine riesige Sammlung an Taschen, Rucks\u00e4cken, Toilettenartikeln und vielem mehr f\u00fcr M\u00e4dchen, Jungen und hippe junge Erwachsene.<\/p>\n<script language='javascript' type='text\/javascript'>function getWR360PopupSkin(){return 'light_clean';}<\/script>","protected":false},"excerpt":{"rendered":"<p>Sehr praktische mittelgro\u00dfe Umh\u00e4ngetasche f\u00fcr Schule, Sport, Wochenendausfl\u00fcge und \u00dcbernachtungen. Extra langer Schultergurt mit Verst\u00e4rkungen an den Befestigungspunkten. -30x22x8cm -Nylonverst\u00e4rkter, extra langer Schultergurt -Innentasche mit Rei\u00dfverschluss -Gewicht 300 Gramm -Rei\u00dfverschluss in der Farbe der Tasche oben -Leicht zu reinigen -Innenseite mit Nylon beschichtet, leicht zu reinigen -Sto\u00dfstange (Keder) rundherum Kunstboer bietet eine riesige Sammlung an [&hellip;]<\/p>\n","protected":false},"featured_media":140129,"comment_status":"open","ping_status":"closed","template":"","meta":{"_acf_changed":false},"product_brand":[],"product_cat":[283],"product_tag":[],"class_list":{"0":"post-139865","1":"product","2":"type-product","3":"status-publish","4":"has-post-thumbnail","6":"product_cat-backpacks","8":"first","9":"instock","10":"taxable","11":"shipping-taxable","12":"purchasable","13":"product-type-simple"},"composite_virtual":false,"composite_layout":"","composite_add_to_cart_form_location":"","composite_editable_in_cart":false,"composite_sold_individually_context":"","composite_shop_price_calc":"","composite_components":[],"composite_scenarios":[],"bundled_by":[],"bundle_stock_status":"instock","bundle_stock_quantity":1,"bundle_virtual":false,"bundle_layout":"","bundle_add_to_cart_form_location":"","bundle_editable_in_cart":false,"bundle_sold_individually_context":"","bundle_item_grouping":"","bundle_min_size":"","bundle_max_size":"","bundle_price":[],"bundled_items":[],"bundle_sell_ids":[134334],"acf":[],"yoast_head":"<!-- This site is optimized with the Yoast SEO plugin v26.8 - https:\/\/yoast.com\/product\/yoast-seo-wordpress\/ -->\n<title>Mittlere Umh\u00e4nge Tasche retro Violett<\/title>\n<meta name=\"description\" content=\"Mittlere Umh\u00e4nge Tasche retro Violett\" \/>\n<meta name=\"robots\" content=\"index, follow, max-snippet:-1, max-image-preview:large, max-video-preview:-1\" \/>\n<link rel=\"canonical\" href=\"https:\/\/kunstboer.com\/en\/produkt\/shoulderbag-medium-retro-purple-graphic\/\" \/>\n<meta property=\"og:locale\" content=\"de_DE\" \/>\n<meta property=\"og:type\" content=\"article\" \/>\n<meta property=\"og:title\" content=\"Mittlere Umh\u00e4nge Tasche retro Violett\" \/>\n<meta property=\"og:description\" content=\"Mittlere Umh\u00e4nge Tasche retro Violett\" \/>\n<meta property=\"og:url\" content=\"https:\/\/kunstboer.com\/en\/produkt\/shoulderbag-medium-retro-purple-graphic\/\" \/>\n<meta property=\"og:site_name\" content=\"Kunstboer\" \/>\n<meta property=\"article:modified_time\" content=\"2024-10-09T20:56:06+00:00\" \/>\n<meta property=\"og:image\" content=\"http:\/\/kunstboer.com\/wp-content\/uploads\/2024\/10\/paar4-1024x683.png\" \/>\n\t<meta property=\"og:image:width\" content=\"1024\" \/>\n\t<meta property=\"og:image:height\" content=\"683\" \/>\n\t<meta property=\"og:image:type\" content=\"image\/png\" \/>\n<meta name=\"twitter:card\" content=\"summary_large_image\" \/>\n<meta name=\"twitter:label1\" content=\"Gesch\u00e4tzte Lesezeit\" \/>\n\t<meta name=\"twitter:data1\" content=\"1\u00a0Minute\" \/>\n<script type=\"application\/ld+json\" class=\"yoast-schema-graph\">{\"@context\":\"https:\/\/schema.org\",\"@graph\":[{\"@type\":\"WebPage\",\"@id\":\"https:\/\/kunstboer.com\/en\/produkt\/shoulderbag-medium-retro-purple-graphic\/\",\"url\":\"https:\/\/kunstboer.com\/en\/produkt\/shoulderbag-medium-retro-purple-graphic\/\",\"name\":\"Mittlere Umh\u00e4nge Tasche retro Violett\",\"isPartOf\":{\"@id\":\"https:\/\/kunstboer.com\/#website\"},\"primaryImageOfPage\":{\"@id\":\"https:\/\/kunstboer.com\/en\/produkt\/shoulderbag-medium-retro-purple-graphic\/#primaryimage\"},\"image\":{\"@id\":\"https:\/\/kunstboer.com\/en\/produkt\/shoulderbag-medium-retro-purple-graphic\/#primaryimage\"},\"thumbnailUrl\":\"https:\/\/kunstboer.com\/wp-content\/uploads\/2024\/10\/paar4.png\",\"datePublished\":\"2024-10-09T20:49:13+00:00\",\"dateModified\":\"2024-10-09T20:56:06+00:00\",\"description\":\"Mittlere Umh\u00e4nge Tasche retro Violett\",\"breadcrumb\":{\"@id\":\"https:\/\/kunstboer.com\/en\/produkt\/shoulderbag-medium-retro-purple-graphic\/#breadcrumb\"},\"inLanguage\":\"de\",\"potentialAction\":[{\"@type\":\"ReadAction\",\"target\":[\"https:\/\/kunstboer.com\/en\/produkt\/shoulderbag-medium-retro-purple-graphic\/\"]}]},{\"@type\":\"ImageObject\",\"inLanguage\":\"de\",\"@id\":\"https:\/\/kunstboer.com\/en\/produkt\/shoulderbag-medium-retro-purple-graphic\/#primaryimage\",\"url\":\"https:\/\/kunstboer.com\/wp-content\/uploads\/2024\/10\/paar4.png\",\"contentUrl\":\"https:\/\/kunstboer.com\/wp-content\/uploads\/2024\/10\/paar4.png\",\"width\":6000,\"height\":4000},{\"@type\":\"BreadcrumbList\",\"@id\":\"https:\/\/kunstboer.com\/en\/produkt\/shoulderbag-medium-retro-purple-graphic\/#breadcrumb\",\"itemListElement\":[{\"@type\":\"ListItem\",\"position\":1,\"name\":\"Home\",\"item\":\"https:\/\/kunstboer.com\/de\/\"},{\"@type\":\"ListItem\",\"position\":2,\"name\":\"Shop\",\"item\":\"https:\/\/kunstboer.com\/shop\/\"},{\"@type\":\"ListItem\",\"position\":3,\"name\":\"Mittlere Umh\u00e4nge Tasche retro Violett\"}]},{\"@type\":\"WebSite\",\"@id\":\"https:\/\/kunstboer.com\/#website\",\"url\":\"https:\/\/kunstboer.com\/\",\"name\":\"Kunstboer\",\"description\":\"Kleurrijk en verrassend merk\",\"potentialAction\":[{\"@type\":\"SearchAction\",\"target\":{\"@type\":\"EntryPoint\",\"urlTemplate\":\"https:\/\/kunstboer.com\/?s={search_term_string}\"},\"query-input\":{\"@type\":\"PropertyValueSpecification\",\"valueRequired\":true,\"valueName\":\"search_term_string\"}}],\"inLanguage\":\"de\"}]}<\/script>\n<!-- \/ Yoast SEO plugin. -->","yoast_head_json":{"title":"Mittlere Umh\u00e4nge Tasche retro Violett","description":"Mittlere Umh\u00e4nge Tasche retro Violett","robots":{"index":"index","follow":"follow","max-snippet":"max-snippet:-1","max-image-preview":"max-image-preview:large","max-video-preview":"max-video-preview:-1"},"canonical":"https:\/\/kunstboer.com\/en\/produkt\/shoulderbag-medium-retro-purple-graphic\/","og_locale":"de_DE","og_type":"article","og_title":"Mittlere Umh\u00e4nge Tasche retro Violett","og_description":"Mittlere Umh\u00e4nge Tasche retro Violett","og_url":"https:\/\/kunstboer.com\/en\/produkt\/shoulderbag-medium-retro-purple-graphic\/","og_site_name":"Kunstboer","article_modified_time":"2024-10-09T20:56:06+00:00","og_image":[{"width":1024,"height":683,"url":"http:\/\/kunstboer.com\/wp-content\/uploads\/2024\/10\/paar4-1024x683.png","type":"image\/png"}],"twitter_card":"summary_large_image","twitter_misc":{"Gesch\u00e4tzte Lesezeit":"1\u00a0Minute"},"schema":{"@context":"https:\/\/schema.org","@graph":[{"@type":"WebPage","@id":"https:\/\/kunstboer.com\/en\/produkt\/shoulderbag-medium-retro-purple-graphic\/","url":"https:\/\/kunstboer.com\/en\/produkt\/shoulderbag-medium-retro-purple-graphic\/","name":"Mittlere Umh\u00e4nge Tasche retro Violett","isPartOf":{"@id":"https:\/\/kunstboer.com\/#website"},"primaryImageOfPage":{"@id":"https:\/\/kunstboer.com\/en\/produkt\/shoulderbag-medium-retro-purple-graphic\/#primaryimage"},"image":{"@id":"https:\/\/kunstboer.com\/en\/produkt\/shoulderbag-medium-retro-purple-graphic\/#primaryimage"},"thumbnailUrl":"https:\/\/kunstboer.com\/wp-content\/uploads\/2024\/10\/paar4.png","datePublished":"2024-10-09T20:49:13+00:00","dateModified":"2024-10-09T20:56:06+00:00","description":"Mittlere Umh\u00e4nge Tasche retro Violett","breadcrumb":{"@id":"https:\/\/kunstboer.com\/en\/produkt\/shoulderbag-medium-retro-purple-graphic\/#breadcrumb"},"inLanguage":"de","potentialAction":[{"@type":"ReadAction","target":["https:\/\/kunstboer.com\/en\/produkt\/shoulderbag-medium-retro-purple-graphic\/"]}]},{"@type":"ImageObject","inLanguage":"de","@id":"https:\/\/kunstboer.com\/en\/produkt\/shoulderbag-medium-retro-purple-graphic\/#primaryimage","url":"https:\/\/kunstboer.com\/wp-content\/uploads\/2024\/10\/paar4.png","contentUrl":"https:\/\/kunstboer.com\/wp-content\/uploads\/2024\/10\/paar4.png","width":6000,"height":4000},{"@type":"BreadcrumbList","@id":"https:\/\/kunstboer.com\/en\/produkt\/shoulderbag-medium-retro-purple-graphic\/#breadcrumb","itemListElement":[{"@type":"ListItem","position":1,"name":"Home","item":"https:\/\/kunstboer.com\/de\/"},{"@type":"ListItem","position":2,"name":"Shop","item":"https:\/\/kunstboer.com\/shop\/"},{"@type":"ListItem","position":3,"name":"Mittlere Umh\u00e4nge Tasche retro Violett"}]},{"@type":"WebSite","@id":"https:\/\/kunstboer.com\/#website","url":"https:\/\/kunstboer.com\/","name":"Kunstboer","description":"Kleurrijk en verrassend merk","potentialAction":[{"@type":"SearchAction","target":{"@type":"EntryPoint","urlTemplate":"https:\/\/kunstboer.com\/?s={search_term_string}"},"query-input":{"@type":"PropertyValueSpecification","valueRequired":true,"valueName":"search_term_string"}}],"inLanguage":"de"}]}},"_links":{"self":[{"href":"https:\/\/kunstboer.com\/de\/wp-json\/wp\/v2\/product\/139865","targetHints":{"allow":["GET"]}}],"collection":[{"href":"https:\/\/kunstboer.com\/de\/wp-json\/wp\/v2\/product"}],"about":[{"href":"https:\/\/kunstboer.com\/de\/wp-json\/wp\/v2\/types\/product"}],"replies":[{"embeddable":true,"href":"https:\/\/kunstboer.com\/de\/wp-json\/wp\/v2\/comments?post=139865"}],"wp:featuredmedia":[{"embeddable":true,"href":"https:\/\/kunstboer.com\/de\/wp-json\/wp\/v2\/media\/140129"}],"wp:attachment":[{"href":"https:\/\/kunstboer.com\/de\/wp-json\/wp\/v2\/media?parent=139865"}],"wp:term":[{"taxonomy":"product_brand","embeddable":true,"href":"https:\/\/kunstboer.com\/de\/wp-json\/wp\/v2\/product_brand?post=139865"},{"taxonomy":"product_cat","embeddable":true,"href":"https:\/\/kunstboer.com\/de\/wp-json\/wp\/v2\/product_cat?post=139865"},{"taxonomy":"product_tag","embeddable":true,"href":"https:\/\/kunstboer.com\/de\/wp-json\/wp\/v2\/product_tag?post=139865"}],"curies":[{"name":"wp","href":"https:\/\/api.w.org\/{rel}","templated":true}]}}