{"id":139845,"date":"2024-10-09T19:52:19","date_gmt":"2024-10-09T19:52:19","guid":{"rendered":"https:\/\/kunstboer.com\/?post_type=product&#038;p=139845"},"modified":"2024-10-09T20:06:09","modified_gmt":"2024-10-09T20:06:09","slug":"umhangetasche-hirsch-retro","status":"publish","type":"product","link":"https:\/\/kunstboer.com\/de\/produkt\/umhangetasche-hirsch-retro\/","title":{"rendered":"Umhangetasche Hirsch retro"},"content":{"rendered":"<p>&nbsp;<\/p>\n<p>Die Tasche hat eine mehrfarbige Vorderseite<\/p>\n<p>Die Tasche ist 25 Zentimeter breit und 25 Zentimeter hoch. Die Tiefe betr\u00e4gt 10 Zentimeter.<\/p>\n<p>Der Rei\u00dfverschluss ist in der gleichen Farbe wie die Tasche und ein nettes Extra ist die kleine Innentasche mit Rei\u00dfverschluss.<\/p>\n<script language='javascript' type='text\/javascript'>function getWR360PopupSkin(){return 'light_clean';}<\/script>","protected":false},"excerpt":{"rendered":"<p>&nbsp; Die Tasche hat eine mehrfarbige Vorderseite Die Tasche ist 25 Zentimeter breit und 25 Zentimeter hoch. Die Tiefe betr\u00e4gt 10 Zentimeter. Der Rei\u00dfverschluss ist in der gleichen Farbe wie die Tasche und ein nettes Extra ist die kleine Innentasche mit Rei\u00dfverschluss.<\/p>\n","protected":false},"featured_media":140033,"comment_status":"open","ping_status":"closed","template":"","meta":{"_acf_changed":false},"product_brand":[],"product_cat":[283],"product_tag":[],"class_list":{"0":"post-139845","1":"product","2":"type-product","3":"status-publish","4":"has-post-thumbnail","6":"product_cat-backpacks","8":"first","9":"outofstock","10":"taxable","11":"shipping-taxable","12":"purchasable","13":"product-type-simple"},"composite_virtual":false,"composite_layout":"","composite_add_to_cart_form_location":"","composite_editable_in_cart":false,"composite_sold_individually_context":"","composite_shop_price_calc":"","composite_components":[],"composite_scenarios":[],"bundled_by":[],"bundle_stock_status":"outofstock","bundle_stock_quantity":0,"bundle_virtual":false,"bundle_layout":"","bundle_add_to_cart_form_location":"","bundle_editable_in_cart":false,"bundle_sold_individually_context":"","bundle_item_grouping":"","bundle_min_size":"","bundle_max_size":"","bundle_price":[],"bundled_items":[],"bundle_sell_ids":[],"acf":[],"yoast_head":"<!-- This site is optimized with the Yoast SEO plugin v26.8 - https:\/\/yoast.com\/product\/yoast-seo-wordpress\/ -->\n<title>Umhangetasche Hirsch retro<\/title>\n<meta name=\"description\" content=\"Umhangetasche Hirsch retro\" \/>\n<meta name=\"robots\" content=\"index, follow, max-snippet:-1, max-image-preview:large, max-video-preview:-1\" \/>\n<link rel=\"canonical\" href=\"https:\/\/kunstboer.com\/en\/produkt\/shoulderbag-square-ooh-deer-retro\/\" \/>\n<meta property=\"og:locale\" content=\"de_DE\" \/>\n<meta property=\"og:type\" content=\"article\" \/>\n<meta property=\"og:title\" content=\"Umhangetasche Hirsch retro\" \/>\n<meta property=\"og:description\" content=\"Umhangetasche Hirsch retro\" \/>\n<meta property=\"og:url\" content=\"https:\/\/kunstboer.com\/en\/produkt\/shoulderbag-square-ooh-deer-retro\/\" \/>\n<meta property=\"og:site_name\" content=\"Kunstboer\" \/>\n<meta property=\"article:modified_time\" content=\"2024-10-09T20:06:09+00:00\" \/>\n<meta property=\"og:image\" content=\"http:\/\/kunstboer.com\/wp-content\/uploads\/2024\/10\/Scherm\u00adafbeelding-2025-01-09-om-16.26.10.png\" \/>\n\t<meta property=\"og:image:width\" content=\"386\" \/>\n\t<meta property=\"og:image:height\" content=\"286\" \/>\n\t<meta property=\"og:image:type\" content=\"image\/png\" \/>\n<meta name=\"twitter:card\" content=\"summary_large_image\" \/>\n<meta name=\"twitter:label1\" content=\"Gesch\u00e4tzte Lesezeit\" \/>\n\t<meta name=\"twitter:data1\" content=\"1\u00a0Minute\" \/>\n<script type=\"application\/ld+json\" class=\"yoast-schema-graph\">{\"@context\":\"https:\/\/schema.org\",\"@graph\":[{\"@type\":\"WebPage\",\"@id\":\"https:\/\/kunstboer.com\/en\/produkt\/shoulderbag-square-ooh-deer-retro\/\",\"url\":\"https:\/\/kunstboer.com\/en\/produkt\/shoulderbag-square-ooh-deer-retro\/\",\"name\":\"Umhangetasche Hirsch retro\",\"isPartOf\":{\"@id\":\"https:\/\/kunstboer.com\/#website\"},\"primaryImageOfPage\":{\"@id\":\"https:\/\/kunstboer.com\/en\/produkt\/shoulderbag-square-ooh-deer-retro\/#primaryimage\"},\"image\":{\"@id\":\"https:\/\/kunstboer.com\/en\/produkt\/shoulderbag-square-ooh-deer-retro\/#primaryimage\"},\"thumbnailUrl\":\"https:\/\/kunstboer.com\/wp-content\/uploads\/2024\/10\/Scherm\u00adafbeelding-2025-01-09-om-16.26.10.png\",\"datePublished\":\"2024-10-09T19:52:19+00:00\",\"dateModified\":\"2024-10-09T20:06:09+00:00\",\"description\":\"Umhangetasche Hirsch retro\",\"breadcrumb\":{\"@id\":\"https:\/\/kunstboer.com\/en\/produkt\/shoulderbag-square-ooh-deer-retro\/#breadcrumb\"},\"inLanguage\":\"de\",\"potentialAction\":[{\"@type\":\"ReadAction\",\"target\":[\"https:\/\/kunstboer.com\/en\/produkt\/shoulderbag-square-ooh-deer-retro\/\"]}]},{\"@type\":\"ImageObject\",\"inLanguage\":\"de\",\"@id\":\"https:\/\/kunstboer.com\/en\/produkt\/shoulderbag-square-ooh-deer-retro\/#primaryimage\",\"url\":\"https:\/\/kunstboer.com\/wp-content\/uploads\/2024\/10\/Scherm\u00adafbeelding-2025-01-09-om-16.26.10.png\",\"contentUrl\":\"https:\/\/kunstboer.com\/wp-content\/uploads\/2024\/10\/Scherm\u00adafbeelding-2025-01-09-om-16.26.10.png\",\"width\":386,\"height\":286},{\"@type\":\"BreadcrumbList\",\"@id\":\"https:\/\/kunstboer.com\/en\/produkt\/shoulderbag-square-ooh-deer-retro\/#breadcrumb\",\"itemListElement\":[{\"@type\":\"ListItem\",\"position\":1,\"name\":\"Home\",\"item\":\"https:\/\/kunstboer.com\/de\/\"},{\"@type\":\"ListItem\",\"position\":2,\"name\":\"Shop\",\"item\":\"https:\/\/kunstboer.com\/shop\/\"},{\"@type\":\"ListItem\",\"position\":3,\"name\":\"Umhangetasche Hirsch retro\"}]},{\"@type\":\"WebSite\",\"@id\":\"https:\/\/kunstboer.com\/#website\",\"url\":\"https:\/\/kunstboer.com\/\",\"name\":\"Kunstboer\",\"description\":\"Kleurrijk en verrassend merk\",\"potentialAction\":[{\"@type\":\"SearchAction\",\"target\":{\"@type\":\"EntryPoint\",\"urlTemplate\":\"https:\/\/kunstboer.com\/?s={search_term_string}\"},\"query-input\":{\"@type\":\"PropertyValueSpecification\",\"valueRequired\":true,\"valueName\":\"search_term_string\"}}],\"inLanguage\":\"de\"}]}<\/script>\n<!-- \/ Yoast SEO plugin. -->","yoast_head_json":{"title":"Umhangetasche Hirsch retro","description":"Umhangetasche Hirsch retro","robots":{"index":"index","follow":"follow","max-snippet":"max-snippet:-1","max-image-preview":"max-image-preview:large","max-video-preview":"max-video-preview:-1"},"canonical":"https:\/\/kunstboer.com\/en\/produkt\/shoulderbag-square-ooh-deer-retro\/","og_locale":"de_DE","og_type":"article","og_title":"Umhangetasche Hirsch retro","og_description":"Umhangetasche Hirsch retro","og_url":"https:\/\/kunstboer.com\/en\/produkt\/shoulderbag-square-ooh-deer-retro\/","og_site_name":"Kunstboer","article_modified_time":"2024-10-09T20:06:09+00:00","og_image":[{"width":386,"height":286,"url":"http:\/\/kunstboer.com\/wp-content\/uploads\/2024\/10\/Scherm\u00adafbeelding-2025-01-09-om-16.26.10.png","type":"image\/png"}],"twitter_card":"summary_large_image","twitter_misc":{"Gesch\u00e4tzte Lesezeit":"1\u00a0Minute"},"schema":{"@context":"https:\/\/schema.org","@graph":[{"@type":"WebPage","@id":"https:\/\/kunstboer.com\/en\/produkt\/shoulderbag-square-ooh-deer-retro\/","url":"https:\/\/kunstboer.com\/en\/produkt\/shoulderbag-square-ooh-deer-retro\/","name":"Umhangetasche Hirsch retro","isPartOf":{"@id":"https:\/\/kunstboer.com\/#website"},"primaryImageOfPage":{"@id":"https:\/\/kunstboer.com\/en\/produkt\/shoulderbag-square-ooh-deer-retro\/#primaryimage"},"image":{"@id":"https:\/\/kunstboer.com\/en\/produkt\/shoulderbag-square-ooh-deer-retro\/#primaryimage"},"thumbnailUrl":"https:\/\/kunstboer.com\/wp-content\/uploads\/2024\/10\/Scherm\u00adafbeelding-2025-01-09-om-16.26.10.png","datePublished":"2024-10-09T19:52:19+00:00","dateModified":"2024-10-09T20:06:09+00:00","description":"Umhangetasche Hirsch retro","breadcrumb":{"@id":"https:\/\/kunstboer.com\/en\/produkt\/shoulderbag-square-ooh-deer-retro\/#breadcrumb"},"inLanguage":"de","potentialAction":[{"@type":"ReadAction","target":["https:\/\/kunstboer.com\/en\/produkt\/shoulderbag-square-ooh-deer-retro\/"]}]},{"@type":"ImageObject","inLanguage":"de","@id":"https:\/\/kunstboer.com\/en\/produkt\/shoulderbag-square-ooh-deer-retro\/#primaryimage","url":"https:\/\/kunstboer.com\/wp-content\/uploads\/2024\/10\/Scherm\u00adafbeelding-2025-01-09-om-16.26.10.png","contentUrl":"https:\/\/kunstboer.com\/wp-content\/uploads\/2024\/10\/Scherm\u00adafbeelding-2025-01-09-om-16.26.10.png","width":386,"height":286},{"@type":"BreadcrumbList","@id":"https:\/\/kunstboer.com\/en\/produkt\/shoulderbag-square-ooh-deer-retro\/#breadcrumb","itemListElement":[{"@type":"ListItem","position":1,"name":"Home","item":"https:\/\/kunstboer.com\/de\/"},{"@type":"ListItem","position":2,"name":"Shop","item":"https:\/\/kunstboer.com\/shop\/"},{"@type":"ListItem","position":3,"name":"Umhangetasche Hirsch retro"}]},{"@type":"WebSite","@id":"https:\/\/kunstboer.com\/#website","url":"https:\/\/kunstboer.com\/","name":"Kunstboer","description":"Kleurrijk en verrassend merk","potentialAction":[{"@type":"SearchAction","target":{"@type":"EntryPoint","urlTemplate":"https:\/\/kunstboer.com\/?s={search_term_string}"},"query-input":{"@type":"PropertyValueSpecification","valueRequired":true,"valueName":"search_term_string"}}],"inLanguage":"de"}]}},"_links":{"self":[{"href":"https:\/\/kunstboer.com\/de\/wp-json\/wp\/v2\/product\/139845","targetHints":{"allow":["GET"]}}],"collection":[{"href":"https:\/\/kunstboer.com\/de\/wp-json\/wp\/v2\/product"}],"about":[{"href":"https:\/\/kunstboer.com\/de\/wp-json\/wp\/v2\/types\/product"}],"replies":[{"embeddable":true,"href":"https:\/\/kunstboer.com\/de\/wp-json\/wp\/v2\/comments?post=139845"}],"wp:featuredmedia":[{"embeddable":true,"href":"https:\/\/kunstboer.com\/de\/wp-json\/wp\/v2\/media\/140033"}],"wp:attachment":[{"href":"https:\/\/kunstboer.com\/de\/wp-json\/wp\/v2\/media?parent=139845"}],"wp:term":[{"taxonomy":"product_brand","embeddable":true,"href":"https:\/\/kunstboer.com\/de\/wp-json\/wp\/v2\/product_brand?post=139845"},{"taxonomy":"product_cat","embeddable":true,"href":"https:\/\/kunstboer.com\/de\/wp-json\/wp\/v2\/product_cat?post=139845"},{"taxonomy":"product_tag","embeddable":true,"href":"https:\/\/kunstboer.com\/de\/wp-json\/wp\/v2\/product_tag?post=139845"}],"curies":[{"name":"wp","href":"https:\/\/api.w.org\/{rel}","templated":true}]}}