{"id":139525,"date":"2024-09-06T20:24:40","date_gmt":"2024-09-06T20:24:40","guid":{"rendered":"https:\/\/kunstboer.com\/?post_type=product&#038;p=139525"},"modified":"2024-09-16T22:19:22","modified_gmt":"2024-09-16T22:19:22","slug":"schultertasche-bambi-hirsch","status":"publish","type":"product","link":"https:\/\/kunstboer.com\/de\/produkt\/schultertasche-bambi-hirsch\/","title":{"rendered":"Schultertasche Bambi Hirsch"},"content":{"rendered":"<p>Rucks\u00e4cke und Taschen von Kunstboer \u2013 fr\u00f6hlich und farbenfroh<\/p>\n<p>Sehr praktische, gro\u00dfe Umh\u00e4ngetasche f\u00fcr Schule, Sport, \u00dcbernachtung oder Wochenendausflug. Ein extra langer, verstellbarer Schultergurt, verst\u00e4rkt mit Canvas. Diese Tasche ist extrem stark.<\/p>\n<p>-34 x 27 x 14 cm<br \/>\n-Nylonverst\u00e4rkter, extra langer Schultergurt<br \/>\n-Auch f\u00fcr Erwachsene geeignet<br \/>\n-2 gro\u00dfe F\u00e4cher<br \/>\n-Befestigungspunkte mit Leinwand und N\u00e4geln verst\u00e4rkt<br \/>\n-Gewicht 350 gr.<br \/>\n-Sto\u00dfstange (Keder) rundherum<br \/>\n-Hauptfach mit Rei\u00dfverschluss in der Farbe der Tasche<br \/>\n-Brieftaschenfach mit Rei\u00dfverschluss im Hauptfach<br \/>\n&#8211; Getr\u00e4nkehalter mit elastischem Innenteil<br \/>\n-Geeignet f\u00fcr das A4-Format<br \/>\n-Gro\u00dfe gesch\u00e4umte Tasche \u00fcber die gesamte Taschengr\u00f6\u00dfe auf der R\u00fcckseite, mit Rei\u00dfverschluss<\/p>\n<p>Kunstboer bietet eine riesige Sammlung an Taschen, Rucks\u00e4cken, Kulturbeuteln und vielem mehr f\u00fcr M\u00e4dchen, Jungen und hippe junge Erwachsene.<\/p>\n<script language='javascript' type='text\/javascript'>function getWR360PopupSkin(){return 'light_clean';}<\/script>","protected":false},"excerpt":{"rendered":"<p>Rucks\u00e4cke und Taschen von Kunstboer \u2013 fr\u00f6hlich und farbenfroh Sehr praktische, gro\u00dfe Umh\u00e4ngetasche f\u00fcr Schule, Sport, \u00dcbernachtung oder Wochenendausflug. Ein extra langer, verstellbarer Schultergurt, verst\u00e4rkt mit Canvas. Diese Tasche ist extrem stark. -34 x 27 x 14 cm -Nylonverst\u00e4rkter, extra langer Schultergurt -Auch f\u00fcr Erwachsene geeignet -2 gro\u00dfe F\u00e4cher -Befestigungspunkte mit Leinwand und N\u00e4geln verst\u00e4rkt [&hellip;]<\/p>\n","protected":false},"featured_media":139531,"comment_status":"open","ping_status":"closed","template":"","meta":{"_acf_changed":false},"product_brand":[],"product_cat":[283],"product_tag":[],"class_list":{"0":"post-139525","1":"product","2":"type-product","3":"status-publish","4":"has-post-thumbnail","6":"product_cat-backpacks","8":"first","9":"instock","10":"taxable","11":"shipping-taxable","12":"purchasable","13":"product-type-simple"},"composite_virtual":false,"composite_layout":"","composite_add_to_cart_form_location":"","composite_editable_in_cart":false,"composite_sold_individually_context":"","composite_shop_price_calc":"","composite_components":[],"composite_scenarios":[],"bundled_by":[],"bundle_stock_status":"instock","bundle_stock_quantity":4,"bundle_virtual":false,"bundle_layout":"","bundle_add_to_cart_form_location":"","bundle_editable_in_cart":false,"bundle_sold_individually_context":"","bundle_item_grouping":"","bundle_min_size":"","bundle_max_size":"","bundle_price":[],"bundled_items":[],"bundle_sell_ids":[],"acf":[],"yoast_head":"<!-- This site is optimized with the Yoast SEO plugin v26.8 - https:\/\/yoast.com\/product\/yoast-seo-wordpress\/ -->\n<title>Schultertasche Bambi Hirsch | Kunstboer<\/title>\n<meta name=\"description\" content=\"bambi hirsch\" \/>\n<meta name=\"robots\" content=\"index, follow, max-snippet:-1, max-image-preview:large, max-video-preview:-1\" \/>\n<link rel=\"canonical\" href=\"https:\/\/kunstboer.com\/en\/produkt\/shoulderbag-deer-bambi\/\" \/>\n<meta property=\"og:locale\" content=\"de_DE\" \/>\n<meta property=\"og:type\" content=\"article\" \/>\n<meta property=\"og:title\" content=\"Schultertasche Bambi Hirsch | Kunstboer\" \/>\n<meta property=\"og:description\" content=\"bambi hirsch\" \/>\n<meta property=\"og:url\" content=\"https:\/\/kunstboer.com\/en\/produkt\/shoulderbag-deer-bambi\/\" \/>\n<meta property=\"og:site_name\" content=\"Kunstboer\" \/>\n<meta property=\"article:modified_time\" content=\"2024-09-16T22:19:22+00:00\" \/>\n<meta property=\"og:image\" content=\"http:\/\/kunstboer.com\/wp-content\/uploads\/2024\/09\/Schermafbeelding-2024-09-06-om-22.27.02.png\" \/>\n\t<meta property=\"og:image:width\" content=\"1420\" \/>\n\t<meta property=\"og:image:height\" content=\"936\" \/>\n\t<meta property=\"og:image:type\" content=\"image\/png\" \/>\n<meta name=\"twitter:card\" content=\"summary_large_image\" \/>\n<meta name=\"twitter:label1\" content=\"Gesch\u00e4tzte Lesezeit\" \/>\n\t<meta name=\"twitter:data1\" content=\"1\u00a0Minute\" \/>\n<script type=\"application\/ld+json\" class=\"yoast-schema-graph\">{\"@context\":\"https:\/\/schema.org\",\"@graph\":[{\"@type\":\"WebPage\",\"@id\":\"https:\/\/kunstboer.com\/en\/produkt\/shoulderbag-deer-bambi\/\",\"url\":\"https:\/\/kunstboer.com\/en\/produkt\/shoulderbag-deer-bambi\/\",\"name\":\"Schultertasche Bambi Hirsch | Kunstboer\",\"isPartOf\":{\"@id\":\"https:\/\/kunstboer.com\/#website\"},\"primaryImageOfPage\":{\"@id\":\"https:\/\/kunstboer.com\/en\/produkt\/shoulderbag-deer-bambi\/#primaryimage\"},\"image\":{\"@id\":\"https:\/\/kunstboer.com\/en\/produkt\/shoulderbag-deer-bambi\/#primaryimage\"},\"thumbnailUrl\":\"https:\/\/kunstboer.com\/wp-content\/uploads\/2024\/09\/Schermafbeelding-2024-09-06-om-22.27.02.png\",\"datePublished\":\"2024-09-06T20:24:40+00:00\",\"dateModified\":\"2024-09-16T22:19:22+00:00\",\"description\":\"bambi hirsch\",\"breadcrumb\":{\"@id\":\"https:\/\/kunstboer.com\/en\/produkt\/shoulderbag-deer-bambi\/#breadcrumb\"},\"inLanguage\":\"de\",\"potentialAction\":[{\"@type\":\"ReadAction\",\"target\":[\"https:\/\/kunstboer.com\/en\/produkt\/shoulderbag-deer-bambi\/\"]}]},{\"@type\":\"ImageObject\",\"inLanguage\":\"de\",\"@id\":\"https:\/\/kunstboer.com\/en\/produkt\/shoulderbag-deer-bambi\/#primaryimage\",\"url\":\"https:\/\/kunstboer.com\/wp-content\/uploads\/2024\/09\/Schermafbeelding-2024-09-06-om-22.27.02.png\",\"contentUrl\":\"https:\/\/kunstboer.com\/wp-content\/uploads\/2024\/09\/Schermafbeelding-2024-09-06-om-22.27.02.png\",\"width\":1420,\"height\":936},{\"@type\":\"BreadcrumbList\",\"@id\":\"https:\/\/kunstboer.com\/en\/produkt\/shoulderbag-deer-bambi\/#breadcrumb\",\"itemListElement\":[{\"@type\":\"ListItem\",\"position\":1,\"name\":\"Home\",\"item\":\"https:\/\/kunstboer.com\/de\/\"},{\"@type\":\"ListItem\",\"position\":2,\"name\":\"Shop\",\"item\":\"https:\/\/kunstboer.com\/shop\/\"},{\"@type\":\"ListItem\",\"position\":3,\"name\":\"Schultertasche Bambi Hirsch\"}]},{\"@type\":\"WebSite\",\"@id\":\"https:\/\/kunstboer.com\/#website\",\"url\":\"https:\/\/kunstboer.com\/\",\"name\":\"Kunstboer\",\"description\":\"Kleurrijk en verrassend merk\",\"potentialAction\":[{\"@type\":\"SearchAction\",\"target\":{\"@type\":\"EntryPoint\",\"urlTemplate\":\"https:\/\/kunstboer.com\/?s={search_term_string}\"},\"query-input\":{\"@type\":\"PropertyValueSpecification\",\"valueRequired\":true,\"valueName\":\"search_term_string\"}}],\"inLanguage\":\"de\"}]}<\/script>\n<!-- \/ Yoast SEO plugin. -->","yoast_head_json":{"title":"Schultertasche Bambi Hirsch | Kunstboer","description":"bambi hirsch","robots":{"index":"index","follow":"follow","max-snippet":"max-snippet:-1","max-image-preview":"max-image-preview:large","max-video-preview":"max-video-preview:-1"},"canonical":"https:\/\/kunstboer.com\/en\/produkt\/shoulderbag-deer-bambi\/","og_locale":"de_DE","og_type":"article","og_title":"Schultertasche Bambi Hirsch | Kunstboer","og_description":"bambi hirsch","og_url":"https:\/\/kunstboer.com\/en\/produkt\/shoulderbag-deer-bambi\/","og_site_name":"Kunstboer","article_modified_time":"2024-09-16T22:19:22+00:00","og_image":[{"width":1420,"height":936,"url":"http:\/\/kunstboer.com\/wp-content\/uploads\/2024\/09\/Schermafbeelding-2024-09-06-om-22.27.02.png","type":"image\/png"}],"twitter_card":"summary_large_image","twitter_misc":{"Gesch\u00e4tzte Lesezeit":"1\u00a0Minute"},"schema":{"@context":"https:\/\/schema.org","@graph":[{"@type":"WebPage","@id":"https:\/\/kunstboer.com\/en\/produkt\/shoulderbag-deer-bambi\/","url":"https:\/\/kunstboer.com\/en\/produkt\/shoulderbag-deer-bambi\/","name":"Schultertasche Bambi Hirsch | Kunstboer","isPartOf":{"@id":"https:\/\/kunstboer.com\/#website"},"primaryImageOfPage":{"@id":"https:\/\/kunstboer.com\/en\/produkt\/shoulderbag-deer-bambi\/#primaryimage"},"image":{"@id":"https:\/\/kunstboer.com\/en\/produkt\/shoulderbag-deer-bambi\/#primaryimage"},"thumbnailUrl":"https:\/\/kunstboer.com\/wp-content\/uploads\/2024\/09\/Schermafbeelding-2024-09-06-om-22.27.02.png","datePublished":"2024-09-06T20:24:40+00:00","dateModified":"2024-09-16T22:19:22+00:00","description":"bambi hirsch","breadcrumb":{"@id":"https:\/\/kunstboer.com\/en\/produkt\/shoulderbag-deer-bambi\/#breadcrumb"},"inLanguage":"de","potentialAction":[{"@type":"ReadAction","target":["https:\/\/kunstboer.com\/en\/produkt\/shoulderbag-deer-bambi\/"]}]},{"@type":"ImageObject","inLanguage":"de","@id":"https:\/\/kunstboer.com\/en\/produkt\/shoulderbag-deer-bambi\/#primaryimage","url":"https:\/\/kunstboer.com\/wp-content\/uploads\/2024\/09\/Schermafbeelding-2024-09-06-om-22.27.02.png","contentUrl":"https:\/\/kunstboer.com\/wp-content\/uploads\/2024\/09\/Schermafbeelding-2024-09-06-om-22.27.02.png","width":1420,"height":936},{"@type":"BreadcrumbList","@id":"https:\/\/kunstboer.com\/en\/produkt\/shoulderbag-deer-bambi\/#breadcrumb","itemListElement":[{"@type":"ListItem","position":1,"name":"Home","item":"https:\/\/kunstboer.com\/de\/"},{"@type":"ListItem","position":2,"name":"Shop","item":"https:\/\/kunstboer.com\/shop\/"},{"@type":"ListItem","position":3,"name":"Schultertasche Bambi Hirsch"}]},{"@type":"WebSite","@id":"https:\/\/kunstboer.com\/#website","url":"https:\/\/kunstboer.com\/","name":"Kunstboer","description":"Kleurrijk en verrassend merk","potentialAction":[{"@type":"SearchAction","target":{"@type":"EntryPoint","urlTemplate":"https:\/\/kunstboer.com\/?s={search_term_string}"},"query-input":{"@type":"PropertyValueSpecification","valueRequired":true,"valueName":"search_term_string"}}],"inLanguage":"de"}]}},"_links":{"self":[{"href":"https:\/\/kunstboer.com\/de\/wp-json\/wp\/v2\/product\/139525","targetHints":{"allow":["GET"]}}],"collection":[{"href":"https:\/\/kunstboer.com\/de\/wp-json\/wp\/v2\/product"}],"about":[{"href":"https:\/\/kunstboer.com\/de\/wp-json\/wp\/v2\/types\/product"}],"replies":[{"embeddable":true,"href":"https:\/\/kunstboer.com\/de\/wp-json\/wp\/v2\/comments?post=139525"}],"wp:featuredmedia":[{"embeddable":true,"href":"https:\/\/kunstboer.com\/de\/wp-json\/wp\/v2\/media\/139531"}],"wp:attachment":[{"href":"https:\/\/kunstboer.com\/de\/wp-json\/wp\/v2\/media?parent=139525"}],"wp:term":[{"taxonomy":"product_brand","embeddable":true,"href":"https:\/\/kunstboer.com\/de\/wp-json\/wp\/v2\/product_brand?post=139525"},{"taxonomy":"product_cat","embeddable":true,"href":"https:\/\/kunstboer.com\/de\/wp-json\/wp\/v2\/product_cat?post=139525"},{"taxonomy":"product_tag","embeddable":true,"href":"https:\/\/kunstboer.com\/de\/wp-json\/wp\/v2\/product_tag?post=139525"}],"curies":[{"name":"wp","href":"https:\/\/api.w.org\/{rel}","templated":true}]}}