{"id":139494,"date":"2024-08-26T18:35:03","date_gmt":"2024-08-26T18:35:07","guid":{"rendered":"https:\/\/kunstboer.com\/?post_type=product&#038;p=139494"},"modified":"2024-09-16T16:40:40","modified_gmt":"2024-09-16T16:40:40","slug":"umhangetasche-pferde-kopie","status":"publish","type":"product","link":"https:\/\/kunstboer.com\/de\/produkt\/umhangetasche-pferde-kopie\/","title":{"rendered":"Umh\u00e4ngetasche Weltraum Astronaut"},"content":{"rendered":"<p>Sehr praktische, gro\u00dfe Umh\u00e4ngetasche f\u00fcr Schule, Sport, \u00dcbernachtung oder Wochenendausflug. Ein extra langer, verstellbarer Schultergurt, verst\u00e4rkt mit Canvas. Diese Tasche ist extrem stark.<\/p>\n<p>&nbsp;<\/p>\n<ul>\n<li>Nylonverst\u00e4rkter, extra langer Schultergurt<\/li>\n<li>Auch f\u00fcr Erwachsene geeignet<\/li>\n<li>2 gro\u00dfe F\u00e4cher<\/li>\n<li>Befestigungspunkte verst\u00e4rkt<\/li>\n<li>Gewicht 350 gr.<\/li>\n<li>Sto\u00dfstange (Keder) rundherum<\/li>\n<li>Hauptfach mit Rei\u00dfverschluss in der Farbe der Tasche<\/li>\n<li>Portemonnaiefach mit Rei\u00dfverschluss im Hauptfach<\/li>\n<li>Geeignet f\u00fcr das A4-Format<\/li>\n<\/ul>\n<p>Kunstboer bietet eine riesige Sammlung an Taschen, Rucks\u00e4cken, Toilettenartikeln und vielem mehr f\u00fcr M\u00e4dchen, Jungen und hippe junge Erwachsene.<\/p>\n<script language='javascript' type='text\/javascript'>function getWR360PopupSkin(){return 'light_clean';}<\/script>","protected":false},"excerpt":{"rendered":"<p>Sehr praktische, gro\u00dfe Umh\u00e4ngetasche f\u00fcr Schule, Sport, \u00dcbernachtung oder Wochenendausflug. Ein extra langer, verstellbarer Schultergurt, verst\u00e4rkt mit Canvas. Diese Tasche ist extrem stark. &nbsp; Nylonverst\u00e4rkter, extra langer Schultergurt Auch f\u00fcr Erwachsene geeignet 2 gro\u00dfe F\u00e4cher Befestigungspunkte verst\u00e4rkt Gewicht 350 gr. Sto\u00dfstange (Keder) rundherum Hauptfach mit Rei\u00dfverschluss in der Farbe der Tasche Portemonnaiefach mit Rei\u00dfverschluss im [&hellip;]<\/p>\n","protected":false},"featured_media":139427,"comment_status":"open","ping_status":"closed","template":"","meta":{"_acf_changed":false},"product_brand":[],"product_cat":[731],"product_tag":[],"class_list":{"0":"post-139494","1":"product","2":"type-product","3":"status-publish","4":"has-post-thumbnail","6":"product_cat-tassen-de","8":"first","9":"outofstock","10":"taxable","11":"shipping-taxable","12":"purchasable","13":"product-type-simple"},"composite_virtual":false,"composite_layout":"","composite_add_to_cart_form_location":"","composite_editable_in_cart":false,"composite_sold_individually_context":"","composite_shop_price_calc":"","composite_components":[],"composite_scenarios":[],"bundled_by":[],"bundle_stock_status":"outofstock","bundle_stock_quantity":0,"bundle_virtual":false,"bundle_layout":"","bundle_add_to_cart_form_location":"","bundle_editable_in_cart":false,"bundle_sold_individually_context":"","bundle_item_grouping":"","bundle_min_size":"","bundle_max_size":"","bundle_price":[],"bundled_items":[],"bundle_sell_ids":[],"acf":[],"yoast_head":"<!-- This site is optimized with the Yoast SEO plugin v26.8 - https:\/\/yoast.com\/product\/yoast-seo-wordpress\/ -->\n<title>Umh\u00e4ngetasche Weltraum Astronaut<\/title>\n<meta name=\"description\" content=\"Umh\u00e4ngetasche Weltraum Astronaut\" \/>\n<meta name=\"robots\" content=\"index, follow, max-snippet:-1, max-image-preview:large, max-video-preview:-1\" \/>\n<link rel=\"canonical\" href=\"https:\/\/kunstboer.com\/de\/produkt\/umhangetasche-pferde-kopie\/\" \/>\n<meta property=\"og:locale\" content=\"de_DE\" \/>\n<meta property=\"og:type\" content=\"article\" \/>\n<meta property=\"og:title\" content=\"Umh\u00e4ngetasche Weltraum Astronaut\" \/>\n<meta property=\"og:description\" content=\"Umh\u00e4ngetasche Weltraum Astronaut\" \/>\n<meta property=\"og:url\" content=\"https:\/\/kunstboer.com\/de\/produkt\/umhangetasche-pferde-kopie\/\" \/>\n<meta property=\"og:site_name\" content=\"Kunstboer\" \/>\n<meta property=\"article:modified_time\" content=\"2024-09-16T16:40:40+00:00\" \/>\n<meta property=\"og:image\" content=\"http:\/\/kunstboer.com\/wp-content\/uploads\/2024\/08\/image00014.jpeg\" \/>\n\t<meta property=\"og:image:width\" content=\"700\" \/>\n\t<meta property=\"og:image:height\" content=\"700\" \/>\n\t<meta property=\"og:image:type\" content=\"image\/jpeg\" \/>\n<meta name=\"twitter:card\" content=\"summary_large_image\" \/>\n<script type=\"application\/ld+json\" class=\"yoast-schema-graph\">{\"@context\":\"https:\/\/schema.org\",\"@graph\":[{\"@type\":\"WebPage\",\"@id\":\"https:\/\/kunstboer.com\/de\/produkt\/umhangetasche-pferde-kopie\/\",\"url\":\"https:\/\/kunstboer.com\/de\/produkt\/umhangetasche-pferde-kopie\/\",\"name\":\"Umh\u00e4ngetasche Weltraum Astronaut\",\"isPartOf\":{\"@id\":\"https:\/\/kunstboer.com\/#website\"},\"primaryImageOfPage\":{\"@id\":\"https:\/\/kunstboer.com\/de\/produkt\/umhangetasche-pferde-kopie\/#primaryimage\"},\"image\":{\"@id\":\"https:\/\/kunstboer.com\/de\/produkt\/umhangetasche-pferde-kopie\/#primaryimage\"},\"thumbnailUrl\":\"https:\/\/kunstboer.com\/wp-content\/uploads\/2024\/08\/image00014.jpeg\",\"datePublished\":\"2024-08-26T18:35:07+00:00\",\"dateModified\":\"2024-09-16T16:40:40+00:00\",\"description\":\"Umh\u00e4ngetasche Weltraum Astronaut\",\"breadcrumb\":{\"@id\":\"https:\/\/kunstboer.com\/de\/produkt\/umhangetasche-pferde-kopie\/#breadcrumb\"},\"inLanguage\":\"de\",\"potentialAction\":[{\"@type\":\"ReadAction\",\"target\":[\"https:\/\/kunstboer.com\/de\/produkt\/umhangetasche-pferde-kopie\/\"]}]},{\"@type\":\"ImageObject\",\"inLanguage\":\"de\",\"@id\":\"https:\/\/kunstboer.com\/de\/produkt\/umhangetasche-pferde-kopie\/#primaryimage\",\"url\":\"https:\/\/kunstboer.com\/wp-content\/uploads\/2024\/08\/image00014.jpeg\",\"contentUrl\":\"https:\/\/kunstboer.com\/wp-content\/uploads\/2024\/08\/image00014.jpeg\",\"width\":700,\"height\":700},{\"@type\":\"BreadcrumbList\",\"@id\":\"https:\/\/kunstboer.com\/de\/produkt\/umhangetasche-pferde-kopie\/#breadcrumb\",\"itemListElement\":[{\"@type\":\"ListItem\",\"position\":1,\"name\":\"Home\",\"item\":\"https:\/\/kunstboer.com\/de\/\"},{\"@type\":\"ListItem\",\"position\":2,\"name\":\"Shop\",\"item\":\"https:\/\/kunstboer.com\/shop\/\"},{\"@type\":\"ListItem\",\"position\":3,\"name\":\"Umh\u00e4ngetasche Weltraum Astronaut\"}]},{\"@type\":\"WebSite\",\"@id\":\"https:\/\/kunstboer.com\/#website\",\"url\":\"https:\/\/kunstboer.com\/\",\"name\":\"Kunstboer\",\"description\":\"Kleurrijk en verrassend merk\",\"potentialAction\":[{\"@type\":\"SearchAction\",\"target\":{\"@type\":\"EntryPoint\",\"urlTemplate\":\"https:\/\/kunstboer.com\/?s={search_term_string}\"},\"query-input\":{\"@type\":\"PropertyValueSpecification\",\"valueRequired\":true,\"valueName\":\"search_term_string\"}}],\"inLanguage\":\"de\"}]}<\/script>\n<!-- \/ Yoast SEO plugin. -->","yoast_head_json":{"title":"Umh\u00e4ngetasche Weltraum Astronaut","description":"Umh\u00e4ngetasche Weltraum Astronaut","robots":{"index":"index","follow":"follow","max-snippet":"max-snippet:-1","max-image-preview":"max-image-preview:large","max-video-preview":"max-video-preview:-1"},"canonical":"https:\/\/kunstboer.com\/de\/produkt\/umhangetasche-pferde-kopie\/","og_locale":"de_DE","og_type":"article","og_title":"Umh\u00e4ngetasche Weltraum Astronaut","og_description":"Umh\u00e4ngetasche Weltraum Astronaut","og_url":"https:\/\/kunstboer.com\/de\/produkt\/umhangetasche-pferde-kopie\/","og_site_name":"Kunstboer","article_modified_time":"2024-09-16T16:40:40+00:00","og_image":[{"width":700,"height":700,"url":"http:\/\/kunstboer.com\/wp-content\/uploads\/2024\/08\/image00014.jpeg","type":"image\/jpeg"}],"twitter_card":"summary_large_image","schema":{"@context":"https:\/\/schema.org","@graph":[{"@type":"WebPage","@id":"https:\/\/kunstboer.com\/de\/produkt\/umhangetasche-pferde-kopie\/","url":"https:\/\/kunstboer.com\/de\/produkt\/umhangetasche-pferde-kopie\/","name":"Umh\u00e4ngetasche Weltraum Astronaut","isPartOf":{"@id":"https:\/\/kunstboer.com\/#website"},"primaryImageOfPage":{"@id":"https:\/\/kunstboer.com\/de\/produkt\/umhangetasche-pferde-kopie\/#primaryimage"},"image":{"@id":"https:\/\/kunstboer.com\/de\/produkt\/umhangetasche-pferde-kopie\/#primaryimage"},"thumbnailUrl":"https:\/\/kunstboer.com\/wp-content\/uploads\/2024\/08\/image00014.jpeg","datePublished":"2024-08-26T18:35:07+00:00","dateModified":"2024-09-16T16:40:40+00:00","description":"Umh\u00e4ngetasche Weltraum Astronaut","breadcrumb":{"@id":"https:\/\/kunstboer.com\/de\/produkt\/umhangetasche-pferde-kopie\/#breadcrumb"},"inLanguage":"de","potentialAction":[{"@type":"ReadAction","target":["https:\/\/kunstboer.com\/de\/produkt\/umhangetasche-pferde-kopie\/"]}]},{"@type":"ImageObject","inLanguage":"de","@id":"https:\/\/kunstboer.com\/de\/produkt\/umhangetasche-pferde-kopie\/#primaryimage","url":"https:\/\/kunstboer.com\/wp-content\/uploads\/2024\/08\/image00014.jpeg","contentUrl":"https:\/\/kunstboer.com\/wp-content\/uploads\/2024\/08\/image00014.jpeg","width":700,"height":700},{"@type":"BreadcrumbList","@id":"https:\/\/kunstboer.com\/de\/produkt\/umhangetasche-pferde-kopie\/#breadcrumb","itemListElement":[{"@type":"ListItem","position":1,"name":"Home","item":"https:\/\/kunstboer.com\/de\/"},{"@type":"ListItem","position":2,"name":"Shop","item":"https:\/\/kunstboer.com\/shop\/"},{"@type":"ListItem","position":3,"name":"Umh\u00e4ngetasche Weltraum Astronaut"}]},{"@type":"WebSite","@id":"https:\/\/kunstboer.com\/#website","url":"https:\/\/kunstboer.com\/","name":"Kunstboer","description":"Kleurrijk en verrassend merk","potentialAction":[{"@type":"SearchAction","target":{"@type":"EntryPoint","urlTemplate":"https:\/\/kunstboer.com\/?s={search_term_string}"},"query-input":{"@type":"PropertyValueSpecification","valueRequired":true,"valueName":"search_term_string"}}],"inLanguage":"de"}]}},"_links":{"self":[{"href":"https:\/\/kunstboer.com\/de\/wp-json\/wp\/v2\/product\/139494","targetHints":{"allow":["GET"]}}],"collection":[{"href":"https:\/\/kunstboer.com\/de\/wp-json\/wp\/v2\/product"}],"about":[{"href":"https:\/\/kunstboer.com\/de\/wp-json\/wp\/v2\/types\/product"}],"replies":[{"embeddable":true,"href":"https:\/\/kunstboer.com\/de\/wp-json\/wp\/v2\/comments?post=139494"}],"wp:featuredmedia":[{"embeddable":true,"href":"https:\/\/kunstboer.com\/de\/wp-json\/wp\/v2\/media\/139427"}],"wp:attachment":[{"href":"https:\/\/kunstboer.com\/de\/wp-json\/wp\/v2\/media?parent=139494"}],"wp:term":[{"taxonomy":"product_brand","embeddable":true,"href":"https:\/\/kunstboer.com\/de\/wp-json\/wp\/v2\/product_brand?post=139494"},{"taxonomy":"product_cat","embeddable":true,"href":"https:\/\/kunstboer.com\/de\/wp-json\/wp\/v2\/product_cat?post=139494"},{"taxonomy":"product_tag","embeddable":true,"href":"https:\/\/kunstboer.com\/de\/wp-json\/wp\/v2\/product_tag?post=139494"}],"curies":[{"name":"wp","href":"https:\/\/api.w.org\/{rel}","templated":true}]}}