{"id":137582,"date":"2023-08-24T10:53:21","date_gmt":"2023-08-24T10:53:21","guid":{"rendered":"https:\/\/kunstboer.com\/?post_type=product&#038;p=137582"},"modified":"2024-09-16T17:32:13","modified_gmt":"2024-09-16T17:32:13","slug":"smallbag-retro-katze-kopie","status":"publish","type":"product","link":"https:\/\/kunstboer.com\/de\/produkt\/smallbag-retro-katze-kopie\/","title":{"rendered":"Umh\u00e4nge Tasche einkaufende Katze"},"content":{"rendered":"<p><span class=\"Y2IQFc\" lang=\"de\">Sehr praktische kleine Umh\u00e4ngetasche f\u00fcr Schule, Sport und \u00dcbernachtungen. Extra langer Schultergurt mit Verst\u00e4rkungen an den Befestigungspunkten. <\/span><\/p>\n<ul>\n<li><span class=\"Y2IQFc\" lang=\"de\">23 x 16 x 9 cm <\/span><\/li>\n<li><span class=\"Y2IQFc\" lang=\"de\">Nylonverst\u00e4rkter, extra langer Schultergurt <\/span><\/li>\n<li><span class=\"Y2IQFc\" lang=\"de\">Innentasche mit Rei\u00dfverschluss <\/span><\/li>\n<li><span class=\"Y2IQFc\" lang=\"de\">Gewicht 300 Gramm<\/span><\/li>\n<li><span class=\"Y2IQFc\" lang=\"de\">Rei\u00dfverschluss in der Farbe der Tasche oben <\/span><\/li>\n<li><span class=\"Y2IQFc\" lang=\"de\">Leicht zu reinigen <\/span><\/li>\n<li><span class=\"Y2IQFc\" lang=\"de\">Innen mit Nylon beschichtet, leicht zu reinigen<\/span><\/li>\n<li><span class=\"Y2IQFc\" lang=\"de\">Sto\u00dfstange (Keder) rundherum <\/span><\/li>\n<li><span class=\"Y2IQFc\" lang=\"de\">Sicherer und schneller Versand durch Kunstboer <\/span><\/li>\n<li><span class=\"Y2IQFc\" lang=\"de\">1 Jahr Herstellergarantie <\/span><\/li>\n<\/ul>\n<p><span class=\"Y2IQFc\" lang=\"de\">Kunstboer bietet eine riesige Sammlung an Taschen, Rucks\u00e4cken, Toilettenartikeln und vielem mehr f\u00fcr M\u00e4dchen, Jungen und hippe junge Erwachsene.<\/span><\/p>\n<script language='javascript' type='text\/javascript'>function getWR360PopupSkin(){return 'light_clean';}<\/script>","protected":false},"excerpt":{"rendered":"<p>Sehr praktische kleine Umh\u00e4ngetasche f\u00fcr Schule, Sport und \u00dcbernachtungen. Extra langer Schultergurt mit Verst\u00e4rkungen an den Befestigungspunkten. 23 x 16 x 9 cm Nylonverst\u00e4rkter, extra langer Schultergurt Innentasche mit Rei\u00dfverschluss Gewicht 300 Gramm Rei\u00dfverschluss in der Farbe der Tasche oben Leicht zu reinigen Innen mit Nylon beschichtet, leicht zu reinigen Sto\u00dfstange (Keder) rundherum Sicherer und [&hellip;]<\/p>\n","protected":false},"featured_media":138341,"comment_status":"open","ping_status":"closed","template":"","meta":{"_acf_changed":false},"product_brand":[],"product_cat":[283],"product_tag":[],"class_list":{"0":"post-137582","1":"product","2":"type-product","3":"status-publish","4":"has-post-thumbnail","6":"product_cat-backpacks","8":"first","9":"instock","10":"taxable","11":"shipping-taxable","12":"purchasable","13":"product-type-simple"},"composite_virtual":false,"composite_layout":"","composite_add_to_cart_form_location":"","composite_editable_in_cart":false,"composite_sold_individually_context":"","composite_shop_price_calc":"","composite_components":[],"composite_scenarios":[],"bundled_by":[],"bundle_stock_status":"instock","bundle_stock_quantity":24,"bundle_virtual":false,"bundle_layout":"","bundle_add_to_cart_form_location":"","bundle_editable_in_cart":false,"bundle_sold_individually_context":"","bundle_item_grouping":"","bundle_min_size":"","bundle_max_size":"","bundle_price":[],"bundled_items":[],"bundle_sell_ids":[134487],"acf":[],"yoast_head":"<!-- This site is optimized with the Yoast SEO plugin v26.8 - https:\/\/yoast.com\/product\/yoast-seo-wordpress\/ -->\n<title>Umh\u00e4nge Tasche einkaufende Katze<\/title>\n<meta name=\"description\" content=\"Umh\u00e4nge Tasche einkaufende Katze\" \/>\n<meta name=\"robots\" content=\"index, follow, max-snippet:-1, max-image-preview:large, max-video-preview:-1\" \/>\n<link rel=\"canonical\" href=\"https:\/\/kunstboer.com\/en\/produkt\/smallbag-cat\/\" \/>\n<meta property=\"og:locale\" content=\"de_DE\" \/>\n<meta property=\"og:type\" content=\"article\" \/>\n<meta property=\"og:title\" content=\"Umh\u00e4nge Tasche einkaufende Katze\" \/>\n<meta property=\"og:description\" content=\"Umh\u00e4nge Tasche einkaufende Katze\" \/>\n<meta property=\"og:url\" content=\"https:\/\/kunstboer.com\/en\/produkt\/smallbag-cat\/\" \/>\n<meta property=\"og:site_name\" content=\"Kunstboer\" \/>\n<meta property=\"article:modified_time\" content=\"2024-09-16T17:32:13+00:00\" \/>\n<meta property=\"og:image\" content=\"http:\/\/kunstboer.com\/wp-content\/uploads\/2023\/10\/XG002d.jpg\" \/>\n\t<meta property=\"og:image:width\" content=\"1000\" \/>\n\t<meta property=\"og:image:height\" content=\"1000\" \/>\n\t<meta property=\"og:image:type\" content=\"image\/jpeg\" \/>\n<meta name=\"twitter:card\" content=\"summary_large_image\" \/>\n<meta name=\"twitter:label1\" content=\"Gesch\u00e4tzte Lesezeit\" \/>\n\t<meta name=\"twitter:data1\" content=\"1\u00a0Minute\" \/>\n<script type=\"application\/ld+json\" class=\"yoast-schema-graph\">{\"@context\":\"https:\/\/schema.org\",\"@graph\":[{\"@type\":\"WebPage\",\"@id\":\"https:\/\/kunstboer.com\/en\/produkt\/smallbag-cat\/\",\"url\":\"https:\/\/kunstboer.com\/en\/produkt\/smallbag-cat\/\",\"name\":\"Umh\u00e4nge Tasche einkaufende Katze\",\"isPartOf\":{\"@id\":\"https:\/\/kunstboer.com\/#website\"},\"primaryImageOfPage\":{\"@id\":\"https:\/\/kunstboer.com\/en\/produkt\/smallbag-cat\/#primaryimage\"},\"image\":{\"@id\":\"https:\/\/kunstboer.com\/en\/produkt\/smallbag-cat\/#primaryimage\"},\"thumbnailUrl\":\"https:\/\/kunstboer.com\/wp-content\/uploads\/2023\/10\/XG002d.jpg\",\"datePublished\":\"2023-08-24T10:53:21+00:00\",\"dateModified\":\"2024-09-16T17:32:13+00:00\",\"description\":\"Umh\u00e4nge Tasche einkaufende Katze\",\"breadcrumb\":{\"@id\":\"https:\/\/kunstboer.com\/en\/produkt\/smallbag-cat\/#breadcrumb\"},\"inLanguage\":\"de\",\"potentialAction\":[{\"@type\":\"ReadAction\",\"target\":[\"https:\/\/kunstboer.com\/en\/produkt\/smallbag-cat\/\"]}]},{\"@type\":\"ImageObject\",\"inLanguage\":\"de\",\"@id\":\"https:\/\/kunstboer.com\/en\/produkt\/smallbag-cat\/#primaryimage\",\"url\":\"https:\/\/kunstboer.com\/wp-content\/uploads\/2023\/10\/XG002d.jpg\",\"contentUrl\":\"https:\/\/kunstboer.com\/wp-content\/uploads\/2023\/10\/XG002d.jpg\",\"width\":1000,\"height\":1000},{\"@type\":\"BreadcrumbList\",\"@id\":\"https:\/\/kunstboer.com\/en\/produkt\/smallbag-cat\/#breadcrumb\",\"itemListElement\":[{\"@type\":\"ListItem\",\"position\":1,\"name\":\"Home\",\"item\":\"https:\/\/kunstboer.com\/de\/\"},{\"@type\":\"ListItem\",\"position\":2,\"name\":\"Shop\",\"item\":\"https:\/\/kunstboer.com\/shop\/\"},{\"@type\":\"ListItem\",\"position\":3,\"name\":\"Umh\u00e4nge Tasche einkaufende Katze\"}]},{\"@type\":\"WebSite\",\"@id\":\"https:\/\/kunstboer.com\/#website\",\"url\":\"https:\/\/kunstboer.com\/\",\"name\":\"Kunstboer\",\"description\":\"Kleurrijk en verrassend merk\",\"potentialAction\":[{\"@type\":\"SearchAction\",\"target\":{\"@type\":\"EntryPoint\",\"urlTemplate\":\"https:\/\/kunstboer.com\/?s={search_term_string}\"},\"query-input\":{\"@type\":\"PropertyValueSpecification\",\"valueRequired\":true,\"valueName\":\"search_term_string\"}}],\"inLanguage\":\"de\"}]}<\/script>\n<!-- \/ Yoast SEO plugin. -->","yoast_head_json":{"title":"Umh\u00e4nge Tasche einkaufende Katze","description":"Umh\u00e4nge Tasche einkaufende Katze","robots":{"index":"index","follow":"follow","max-snippet":"max-snippet:-1","max-image-preview":"max-image-preview:large","max-video-preview":"max-video-preview:-1"},"canonical":"https:\/\/kunstboer.com\/en\/produkt\/smallbag-cat\/","og_locale":"de_DE","og_type":"article","og_title":"Umh\u00e4nge Tasche einkaufende Katze","og_description":"Umh\u00e4nge Tasche einkaufende Katze","og_url":"https:\/\/kunstboer.com\/en\/produkt\/smallbag-cat\/","og_site_name":"Kunstboer","article_modified_time":"2024-09-16T17:32:13+00:00","og_image":[{"width":1000,"height":1000,"url":"http:\/\/kunstboer.com\/wp-content\/uploads\/2023\/10\/XG002d.jpg","type":"image\/jpeg"}],"twitter_card":"summary_large_image","twitter_misc":{"Gesch\u00e4tzte Lesezeit":"1\u00a0Minute"},"schema":{"@context":"https:\/\/schema.org","@graph":[{"@type":"WebPage","@id":"https:\/\/kunstboer.com\/en\/produkt\/smallbag-cat\/","url":"https:\/\/kunstboer.com\/en\/produkt\/smallbag-cat\/","name":"Umh\u00e4nge Tasche einkaufende Katze","isPartOf":{"@id":"https:\/\/kunstboer.com\/#website"},"primaryImageOfPage":{"@id":"https:\/\/kunstboer.com\/en\/produkt\/smallbag-cat\/#primaryimage"},"image":{"@id":"https:\/\/kunstboer.com\/en\/produkt\/smallbag-cat\/#primaryimage"},"thumbnailUrl":"https:\/\/kunstboer.com\/wp-content\/uploads\/2023\/10\/XG002d.jpg","datePublished":"2023-08-24T10:53:21+00:00","dateModified":"2024-09-16T17:32:13+00:00","description":"Umh\u00e4nge Tasche einkaufende Katze","breadcrumb":{"@id":"https:\/\/kunstboer.com\/en\/produkt\/smallbag-cat\/#breadcrumb"},"inLanguage":"de","potentialAction":[{"@type":"ReadAction","target":["https:\/\/kunstboer.com\/en\/produkt\/smallbag-cat\/"]}]},{"@type":"ImageObject","inLanguage":"de","@id":"https:\/\/kunstboer.com\/en\/produkt\/smallbag-cat\/#primaryimage","url":"https:\/\/kunstboer.com\/wp-content\/uploads\/2023\/10\/XG002d.jpg","contentUrl":"https:\/\/kunstboer.com\/wp-content\/uploads\/2023\/10\/XG002d.jpg","width":1000,"height":1000},{"@type":"BreadcrumbList","@id":"https:\/\/kunstboer.com\/en\/produkt\/smallbag-cat\/#breadcrumb","itemListElement":[{"@type":"ListItem","position":1,"name":"Home","item":"https:\/\/kunstboer.com\/de\/"},{"@type":"ListItem","position":2,"name":"Shop","item":"https:\/\/kunstboer.com\/shop\/"},{"@type":"ListItem","position":3,"name":"Umh\u00e4nge Tasche einkaufende Katze"}]},{"@type":"WebSite","@id":"https:\/\/kunstboer.com\/#website","url":"https:\/\/kunstboer.com\/","name":"Kunstboer","description":"Kleurrijk en verrassend merk","potentialAction":[{"@type":"SearchAction","target":{"@type":"EntryPoint","urlTemplate":"https:\/\/kunstboer.com\/?s={search_term_string}"},"query-input":{"@type":"PropertyValueSpecification","valueRequired":true,"valueName":"search_term_string"}}],"inLanguage":"de"}]}},"_links":{"self":[{"href":"https:\/\/kunstboer.com\/de\/wp-json\/wp\/v2\/product\/137582","targetHints":{"allow":["GET"]}}],"collection":[{"href":"https:\/\/kunstboer.com\/de\/wp-json\/wp\/v2\/product"}],"about":[{"href":"https:\/\/kunstboer.com\/de\/wp-json\/wp\/v2\/types\/product"}],"replies":[{"embeddable":true,"href":"https:\/\/kunstboer.com\/de\/wp-json\/wp\/v2\/comments?post=137582"}],"wp:featuredmedia":[{"embeddable":true,"href":"https:\/\/kunstboer.com\/de\/wp-json\/wp\/v2\/media\/138341"}],"wp:attachment":[{"href":"https:\/\/kunstboer.com\/de\/wp-json\/wp\/v2\/media?parent=137582"}],"wp:term":[{"taxonomy":"product_brand","embeddable":true,"href":"https:\/\/kunstboer.com\/de\/wp-json\/wp\/v2\/product_brand?post=137582"},{"taxonomy":"product_cat","embeddable":true,"href":"https:\/\/kunstboer.com\/de\/wp-json\/wp\/v2\/product_cat?post=137582"},{"taxonomy":"product_tag","embeddable":true,"href":"https:\/\/kunstboer.com\/de\/wp-json\/wp\/v2\/product_tag?post=137582"}],"curies":[{"name":"wp","href":"https:\/\/api.w.org\/{rel}","templated":true}]}}