{"id":134922,"date":"2022-11-22T19:33:32","date_gmt":"2022-11-22T19:33:32","guid":{"rendered":"https:\/\/kunstboer.com\/?post_type=product&#038;p=134922"},"modified":"2024-09-16T19:15:01","modified_gmt":"2024-09-16T19:15:01","slug":"rucksack-mops-ufo-kopie-6","status":"publish","type":"product","link":"https:\/\/kunstboer.com\/de\/produkt\/rucksack-mops-ufo-kopie-6\/","title":{"rendered":"Rucksack Hawaii Katzen"},"content":{"rendered":"<p>Sehr praktischer Rucksack f\u00fcr Schule, Sport, Wochenendausfl\u00fcge und \u00dcbernachtungen. Extra lange Schultergurte mit Verst\u00e4rkungen an den Befestigungspunkten.<\/p>\n<ul>\n<li>35 x 25 x 15 cm<\/li>\n<li>Weich gepolsterte, ergonomische Schultergurte, verst\u00e4rkt mit Nylon<\/li>\n<li>Befestigungspunkte mit Nylon verst\u00e4rkt<\/li>\n<li>Gewicht 350 Gramm<\/li>\n<li>Aufh\u00e4nge\u00f6se auf der R\u00fcckseite<\/li>\n<li>Rei\u00dfverschluss oben in der Farbe der Tasche<\/li>\n<li>Leicht zu reinigen<\/li>\n<li>Verst\u00e4rkte Kunststoffgrundplatte<\/li>\n<li>Gro\u00dfe Fronttasche mit Rei\u00dfverschluss 25 x 23 x 5 cm<\/li>\n<li>Innentasche mit Rei\u00dfverschluss<\/li>\n<li>Trinkbecherhalter mit elastischem Innenteil<\/li>\n<li>Sto\u00dfstange (Keder) rundherum<\/li>\n<li>Innen mit Nylon beschichtet, leicht zu reinigen<\/li>\n<li>Sicherer und schneller Versand durch Kunstboer<\/li>\n<li>1 Jahr Herstellergarantie<\/li>\n<\/ul>\n<script language='javascript' type='text\/javascript'>function getWR360PopupSkin(){return 'light_clean';}<\/script>","protected":false},"excerpt":{"rendered":"<p>Sehr praktischer Rucksack f\u00fcr Schule, Sport, Wochenendausfl\u00fcge und \u00dcbernachtungen. Extra lange Schultergurte mit Verst\u00e4rkungen an den Befestigungspunkten. 35 x 25 x 15 cm Weich gepolsterte, ergonomische Schultergurte, verst\u00e4rkt mit Nylon Befestigungspunkte mit Nylon verst\u00e4rkt Gewicht 350 Gramm Aufh\u00e4nge\u00f6se auf der R\u00fcckseite Rei\u00dfverschluss oben in der Farbe der Tasche Leicht zu reinigen Verst\u00e4rkte Kunststoffgrundplatte Gro\u00dfe Fronttasche [&hellip;]<\/p>\n","protected":false},"featured_media":135178,"comment_status":"open","ping_status":"closed","template":"","meta":{"_acf_changed":false},"product_brand":[],"product_cat":[731],"product_tag":[],"class_list":{"0":"post-134922","1":"product","2":"type-product","3":"status-publish","4":"has-post-thumbnail","6":"product_cat-tassen-de","8":"first","9":"instock","10":"taxable","11":"shipping-taxable","12":"purchasable","13":"product-type-simple"},"composite_virtual":false,"composite_layout":"","composite_add_to_cart_form_location":"","composite_editable_in_cart":false,"composite_sold_individually_context":"","composite_shop_price_calc":"","composite_components":[],"composite_scenarios":[],"bundled_by":[],"bundle_stock_status":"instock","bundle_stock_quantity":12,"bundle_virtual":false,"bundle_layout":"","bundle_add_to_cart_form_location":"","bundle_editable_in_cart":false,"bundle_sold_individually_context":"","bundle_item_grouping":"","bundle_min_size":"","bundle_max_size":"","bundle_price":[],"bundled_items":[],"bundle_sell_ids":[],"acf":[],"yoast_head":"<!-- This site is optimized with the Yoast SEO plugin v26.8 - https:\/\/yoast.com\/product\/yoast-seo-wordpress\/ -->\n<title>Rucksack Hawaii Katzen | Kunstboer<\/title>\n<meta name=\"robots\" content=\"index, follow, max-snippet:-1, max-image-preview:large, max-video-preview:-1\" \/>\n<link rel=\"canonical\" href=\"https:\/\/kunstboer.com\/produkt\/rugzak-hawaii-katten\/\" \/>\n<meta property=\"og:locale\" content=\"de_DE\" \/>\n<meta property=\"og:type\" content=\"article\" \/>\n<meta property=\"og:title\" content=\"Rucksack Hawaii Katzen | Kunstboer\" \/>\n<meta property=\"og:description\" content=\"Sehr praktischer Rucksack f\u00fcr Schule, Sport, Wochenendausfl\u00fcge und \u00dcbernachtungen. Extra lange Schultergurte mit Verst\u00e4rkungen an den Befestigungspunkten. 35 x 25 x 15 cm Weich gepolsterte, ergonomische Schultergurte, verst\u00e4rkt mit Nylon Befestigungspunkte mit Nylon verst\u00e4rkt Gewicht 350 Gramm Aufh\u00e4nge\u00f6se auf der R\u00fcckseite Rei\u00dfverschluss oben in der Farbe der Tasche Leicht zu reinigen Verst\u00e4rkte Kunststoffgrundplatte Gro\u00dfe Fronttasche [&hellip;]\" \/>\n<meta property=\"og:url\" content=\"https:\/\/kunstboer.com\/produkt\/rugzak-hawaii-katten\/\" \/>\n<meta property=\"og:site_name\" content=\"Kunstboer\" \/>\n<meta property=\"article:modified_time\" content=\"2024-09-16T19:15:01+00:00\" \/>\n<meta property=\"og:image\" content=\"http:\/\/kunstboer.com\/wp-content\/uploads\/2022\/11\/xx020Bv.jpg\" \/>\n\t<meta property=\"og:image:width\" content=\"1000\" \/>\n\t<meta property=\"og:image:height\" content=\"1000\" \/>\n\t<meta property=\"og:image:type\" content=\"image\/jpeg\" \/>\n<meta name=\"twitter:card\" content=\"summary_large_image\" \/>\n<meta name=\"twitter:label1\" content=\"Gesch\u00e4tzte Lesezeit\" \/>\n\t<meta name=\"twitter:data1\" content=\"2\u00a0Minuten\" \/>\n<script type=\"application\/ld+json\" class=\"yoast-schema-graph\">{\"@context\":\"https:\/\/schema.org\",\"@graph\":[{\"@type\":\"WebPage\",\"@id\":\"https:\/\/kunstboer.com\/produkt\/rugzak-hawaii-katten\/\",\"url\":\"https:\/\/kunstboer.com\/produkt\/rugzak-hawaii-katten\/\",\"name\":\"Rucksack Hawaii Katzen | Kunstboer\",\"isPartOf\":{\"@id\":\"https:\/\/kunstboer.com\/#website\"},\"primaryImageOfPage\":{\"@id\":\"https:\/\/kunstboer.com\/produkt\/rugzak-hawaii-katten\/#primaryimage\"},\"image\":{\"@id\":\"https:\/\/kunstboer.com\/produkt\/rugzak-hawaii-katten\/#primaryimage\"},\"thumbnailUrl\":\"https:\/\/kunstboer.com\/wp-content\/uploads\/2022\/11\/xx020Bv.jpg\",\"datePublished\":\"2022-11-22T19:33:32+00:00\",\"dateModified\":\"2024-09-16T19:15:01+00:00\",\"breadcrumb\":{\"@id\":\"https:\/\/kunstboer.com\/produkt\/rugzak-hawaii-katten\/#breadcrumb\"},\"inLanguage\":\"de\",\"potentialAction\":[{\"@type\":\"ReadAction\",\"target\":[\"https:\/\/kunstboer.com\/produkt\/rugzak-hawaii-katten\/\"]}]},{\"@type\":\"ImageObject\",\"inLanguage\":\"de\",\"@id\":\"https:\/\/kunstboer.com\/produkt\/rugzak-hawaii-katten\/#primaryimage\",\"url\":\"https:\/\/kunstboer.com\/wp-content\/uploads\/2022\/11\/xx020Bv.jpg\",\"contentUrl\":\"https:\/\/kunstboer.com\/wp-content\/uploads\/2022\/11\/xx020Bv.jpg\",\"width\":1000,\"height\":1000},{\"@type\":\"BreadcrumbList\",\"@id\":\"https:\/\/kunstboer.com\/produkt\/rugzak-hawaii-katten\/#breadcrumb\",\"itemListElement\":[{\"@type\":\"ListItem\",\"position\":1,\"name\":\"Home\",\"item\":\"https:\/\/kunstboer.com\/de\/\"},{\"@type\":\"ListItem\",\"position\":2,\"name\":\"Shop\",\"item\":\"https:\/\/kunstboer.com\/shop\/\"},{\"@type\":\"ListItem\",\"position\":3,\"name\":\"Rucksack Hawaii Katzen\"}]},{\"@type\":\"WebSite\",\"@id\":\"https:\/\/kunstboer.com\/#website\",\"url\":\"https:\/\/kunstboer.com\/\",\"name\":\"Kunstboer\",\"description\":\"Kleurrijk en verrassend merk\",\"potentialAction\":[{\"@type\":\"SearchAction\",\"target\":{\"@type\":\"EntryPoint\",\"urlTemplate\":\"https:\/\/kunstboer.com\/?s={search_term_string}\"},\"query-input\":{\"@type\":\"PropertyValueSpecification\",\"valueRequired\":true,\"valueName\":\"search_term_string\"}}],\"inLanguage\":\"de\"}]}<\/script>\n<!-- \/ Yoast SEO plugin. -->","yoast_head_json":{"title":"Rucksack Hawaii Katzen | Kunstboer","robots":{"index":"index","follow":"follow","max-snippet":"max-snippet:-1","max-image-preview":"max-image-preview:large","max-video-preview":"max-video-preview:-1"},"canonical":"https:\/\/kunstboer.com\/produkt\/rugzak-hawaii-katten\/","og_locale":"de_DE","og_type":"article","og_title":"Rucksack Hawaii Katzen | Kunstboer","og_description":"Sehr praktischer Rucksack f\u00fcr Schule, Sport, Wochenendausfl\u00fcge und \u00dcbernachtungen. Extra lange Schultergurte mit Verst\u00e4rkungen an den Befestigungspunkten. 35 x 25 x 15 cm Weich gepolsterte, ergonomische Schultergurte, verst\u00e4rkt mit Nylon Befestigungspunkte mit Nylon verst\u00e4rkt Gewicht 350 Gramm Aufh\u00e4nge\u00f6se auf der R\u00fcckseite Rei\u00dfverschluss oben in der Farbe der Tasche Leicht zu reinigen Verst\u00e4rkte Kunststoffgrundplatte Gro\u00dfe Fronttasche [&hellip;]","og_url":"https:\/\/kunstboer.com\/produkt\/rugzak-hawaii-katten\/","og_site_name":"Kunstboer","article_modified_time":"2024-09-16T19:15:01+00:00","og_image":[{"width":1000,"height":1000,"url":"http:\/\/kunstboer.com\/wp-content\/uploads\/2022\/11\/xx020Bv.jpg","type":"image\/jpeg"}],"twitter_card":"summary_large_image","twitter_misc":{"Gesch\u00e4tzte Lesezeit":"2\u00a0Minuten"},"schema":{"@context":"https:\/\/schema.org","@graph":[{"@type":"WebPage","@id":"https:\/\/kunstboer.com\/produkt\/rugzak-hawaii-katten\/","url":"https:\/\/kunstboer.com\/produkt\/rugzak-hawaii-katten\/","name":"Rucksack Hawaii Katzen | Kunstboer","isPartOf":{"@id":"https:\/\/kunstboer.com\/#website"},"primaryImageOfPage":{"@id":"https:\/\/kunstboer.com\/produkt\/rugzak-hawaii-katten\/#primaryimage"},"image":{"@id":"https:\/\/kunstboer.com\/produkt\/rugzak-hawaii-katten\/#primaryimage"},"thumbnailUrl":"https:\/\/kunstboer.com\/wp-content\/uploads\/2022\/11\/xx020Bv.jpg","datePublished":"2022-11-22T19:33:32+00:00","dateModified":"2024-09-16T19:15:01+00:00","breadcrumb":{"@id":"https:\/\/kunstboer.com\/produkt\/rugzak-hawaii-katten\/#breadcrumb"},"inLanguage":"de","potentialAction":[{"@type":"ReadAction","target":["https:\/\/kunstboer.com\/produkt\/rugzak-hawaii-katten\/"]}]},{"@type":"ImageObject","inLanguage":"de","@id":"https:\/\/kunstboer.com\/produkt\/rugzak-hawaii-katten\/#primaryimage","url":"https:\/\/kunstboer.com\/wp-content\/uploads\/2022\/11\/xx020Bv.jpg","contentUrl":"https:\/\/kunstboer.com\/wp-content\/uploads\/2022\/11\/xx020Bv.jpg","width":1000,"height":1000},{"@type":"BreadcrumbList","@id":"https:\/\/kunstboer.com\/produkt\/rugzak-hawaii-katten\/#breadcrumb","itemListElement":[{"@type":"ListItem","position":1,"name":"Home","item":"https:\/\/kunstboer.com\/de\/"},{"@type":"ListItem","position":2,"name":"Shop","item":"https:\/\/kunstboer.com\/shop\/"},{"@type":"ListItem","position":3,"name":"Rucksack Hawaii Katzen"}]},{"@type":"WebSite","@id":"https:\/\/kunstboer.com\/#website","url":"https:\/\/kunstboer.com\/","name":"Kunstboer","description":"Kleurrijk en verrassend merk","potentialAction":[{"@type":"SearchAction","target":{"@type":"EntryPoint","urlTemplate":"https:\/\/kunstboer.com\/?s={search_term_string}"},"query-input":{"@type":"PropertyValueSpecification","valueRequired":true,"valueName":"search_term_string"}}],"inLanguage":"de"}]}},"_links":{"self":[{"href":"https:\/\/kunstboer.com\/de\/wp-json\/wp\/v2\/product\/134922","targetHints":{"allow":["GET"]}}],"collection":[{"href":"https:\/\/kunstboer.com\/de\/wp-json\/wp\/v2\/product"}],"about":[{"href":"https:\/\/kunstboer.com\/de\/wp-json\/wp\/v2\/types\/product"}],"replies":[{"embeddable":true,"href":"https:\/\/kunstboer.com\/de\/wp-json\/wp\/v2\/comments?post=134922"}],"wp:featuredmedia":[{"embeddable":true,"href":"https:\/\/kunstboer.com\/de\/wp-json\/wp\/v2\/media\/135178"}],"wp:attachment":[{"href":"https:\/\/kunstboer.com\/de\/wp-json\/wp\/v2\/media?parent=134922"}],"wp:term":[{"taxonomy":"product_brand","embeddable":true,"href":"https:\/\/kunstboer.com\/de\/wp-json\/wp\/v2\/product_brand?post=134922"},{"taxonomy":"product_cat","embeddable":true,"href":"https:\/\/kunstboer.com\/de\/wp-json\/wp\/v2\/product_cat?post=134922"},{"taxonomy":"product_tag","embeddable":true,"href":"https:\/\/kunstboer.com\/de\/wp-json\/wp\/v2\/product_tag?post=134922"}],"curies":[{"name":"wp","href":"https:\/\/api.w.org\/{rel}","templated":true}]}}