{"id":125878,"date":"2021-03-12T07:45:40","date_gmt":"2021-03-12T07:45:41","guid":{"rendered":"http:\/\/kunstboer.com\/?post_type=product&#038;p=125878"},"modified":"2024-09-16T21:09:44","modified_gmt":"2024-09-16T21:09:44","slug":"postcard-mix-10-pcs","status":"publish","type":"product","link":"https:\/\/kunstboer.com\/de\/produkt\/postcard-mix-10-pcs\/","title":{"rendered":"Postcard mix 10 pcs."},"content":{"rendered":"<p>Kunstboer Karten 10x\u00a0 sind nat\u00fcrlich eigene Designs mit fast allen Tieren in der Hauptrolle. Schauen Sie auch auf die R\u00fcckseite, eine Briefmarkenecke mit einem gro\u00dfen Augenzwinkern, Adresszeilen und gen\u00fcgend Platz, um eine fr\u00f6hliche Begr\u00fc\u00dfung zu vermitteln.<\/p>\n<p>Robustes 220 Gramm Papier, A6 Gr\u00f6\u00dfe 10,5 x 14,8 cm<\/p>\n<script language='javascript' type='text\/javascript'>function getWR360PopupSkin(){return 'light_clean';}<\/script>","protected":false},"excerpt":{"rendered":"<p>Kunstboer Karten 10x\u00a0 sind nat\u00fcrlich eigene Designs mit fast allen Tieren in der Hauptrolle. Schauen Sie auch auf die R\u00fcckseite, eine Briefmarkenecke mit einem gro\u00dfen Augenzwinkern, Adresszeilen und gen\u00fcgend Platz, um eine fr\u00f6hliche Begr\u00fc\u00dfung zu vermitteln. Robustes 220 Gramm Papier, A6 Gr\u00f6\u00dfe 10,5 x 14,8 cm<\/p>\n","protected":false},"featured_media":135747,"comment_status":"open","ping_status":"closed","template":"","meta":{"_acf_changed":false},"product_brand":[],"product_cat":[1298],"product_tag":[],"class_list":{"0":"post-125878","1":"product","2":"type-product","3":"status-publish","4":"has-post-thumbnail","6":"product_cat-postkarten","8":"first","9":"instock","10":"taxable","11":"shipping-taxable","12":"purchasable","13":"product-type-simple"},"composite_virtual":false,"composite_layout":"","composite_add_to_cart_form_location":"","composite_editable_in_cart":false,"composite_sold_individually_context":"","composite_shop_price_calc":"","composite_components":[],"composite_scenarios":[],"bundled_by":[],"bundle_stock_status":"instock","bundle_stock_quantity":9,"bundle_virtual":false,"bundle_layout":"","bundle_add_to_cart_form_location":"","bundle_editable_in_cart":false,"bundle_sold_individually_context":"","bundle_item_grouping":"","bundle_min_size":"","bundle_max_size":"","bundle_price":[],"bundled_items":[],"bundle_sell_ids":[135735],"acf":[],"yoast_head":"<!-- This site is optimized with the Yoast SEO plugin v26.8 - https:\/\/yoast.com\/product\/yoast-seo-wordpress\/ -->\n<title>Postcard mix 10 pcs.<\/title>\n<meta name=\"description\" content=\"Postcard mix 10 pcs.\" \/>\n<meta name=\"robots\" content=\"index, follow, max-snippet:-1, max-image-preview:large, max-video-preview:-1\" \/>\n<link rel=\"canonical\" href=\"https:\/\/kunstboer.com\/de\/produkt\/postcard-mix-10-pcs\/\" \/>\n<meta property=\"og:locale\" content=\"de_DE\" \/>\n<meta property=\"og:type\" content=\"article\" \/>\n<meta property=\"og:title\" content=\"Postcard mix 10 pcs.\" \/>\n<meta property=\"og:description\" content=\"Postcard mix 10 pcs.\" \/>\n<meta property=\"og:url\" content=\"https:\/\/kunstboer.com\/de\/produkt\/postcard-mix-10-pcs\/\" \/>\n<meta property=\"og:site_name\" content=\"Kunstboer\" \/>\n<meta property=\"article:modified_time\" content=\"2024-09-16T21:09:44+00:00\" \/>\n<meta property=\"og:image\" content=\"http:\/\/kunstboer.com\/wp-content\/uploads\/2021\/03\/set-of-postcards-scaled-copy-742x1024.jpg\" \/>\n\t<meta property=\"og:image:width\" content=\"742\" \/>\n\t<meta property=\"og:image:height\" content=\"1024\" \/>\n\t<meta property=\"og:image:type\" content=\"image\/jpeg\" \/>\n<meta name=\"twitter:card\" content=\"summary_large_image\" \/>\n<script type=\"application\/ld+json\" class=\"yoast-schema-graph\">{\"@context\":\"https:\/\/schema.org\",\"@graph\":[{\"@type\":\"WebPage\",\"@id\":\"https:\/\/kunstboer.com\/de\/produkt\/postcard-mix-10-pcs\/\",\"url\":\"https:\/\/kunstboer.com\/de\/produkt\/postcard-mix-10-pcs\/\",\"name\":\"Postcard mix 10 pcs.\",\"isPartOf\":{\"@id\":\"https:\/\/kunstboer.com\/#website\"},\"primaryImageOfPage\":{\"@id\":\"https:\/\/kunstboer.com\/de\/produkt\/postcard-mix-10-pcs\/#primaryimage\"},\"image\":{\"@id\":\"https:\/\/kunstboer.com\/de\/produkt\/postcard-mix-10-pcs\/#primaryimage\"},\"thumbnailUrl\":\"https:\/\/kunstboer.com\/wp-content\/uploads\/2021\/03\/set-of-postcards-scaled-copy.jpg\",\"datePublished\":\"2021-03-12T07:45:41+00:00\",\"dateModified\":\"2024-09-16T21:09:44+00:00\",\"description\":\"Postcard mix 10 pcs.\",\"breadcrumb\":{\"@id\":\"https:\/\/kunstboer.com\/de\/produkt\/postcard-mix-10-pcs\/#breadcrumb\"},\"inLanguage\":\"de\",\"potentialAction\":[{\"@type\":\"ReadAction\",\"target\":[\"https:\/\/kunstboer.com\/de\/produkt\/postcard-mix-10-pcs\/\"]}]},{\"@type\":\"ImageObject\",\"inLanguage\":\"de\",\"@id\":\"https:\/\/kunstboer.com\/de\/produkt\/postcard-mix-10-pcs\/#primaryimage\",\"url\":\"https:\/\/kunstboer.com\/wp-content\/uploads\/2021\/03\/set-of-postcards-scaled-copy.jpg\",\"contentUrl\":\"https:\/\/kunstboer.com\/wp-content\/uploads\/2021\/03\/set-of-postcards-scaled-copy.jpg\",\"width\":1854,\"height\":2560},{\"@type\":\"BreadcrumbList\",\"@id\":\"https:\/\/kunstboer.com\/de\/produkt\/postcard-mix-10-pcs\/#breadcrumb\",\"itemListElement\":[{\"@type\":\"ListItem\",\"position\":1,\"name\":\"Home\",\"item\":\"https:\/\/kunstboer.com\/de\/\"},{\"@type\":\"ListItem\",\"position\":2,\"name\":\"Shop\",\"item\":\"https:\/\/kunstboer.com\/shop\/\"},{\"@type\":\"ListItem\",\"position\":3,\"name\":\"Postcard mix 10 pcs.\"}]},{\"@type\":\"WebSite\",\"@id\":\"https:\/\/kunstboer.com\/#website\",\"url\":\"https:\/\/kunstboer.com\/\",\"name\":\"Kunstboer\",\"description\":\"Kleurrijk en verrassend merk\",\"potentialAction\":[{\"@type\":\"SearchAction\",\"target\":{\"@type\":\"EntryPoint\",\"urlTemplate\":\"https:\/\/kunstboer.com\/?s={search_term_string}\"},\"query-input\":{\"@type\":\"PropertyValueSpecification\",\"valueRequired\":true,\"valueName\":\"search_term_string\"}}],\"inLanguage\":\"de\"}]}<\/script>\n<!-- \/ Yoast SEO plugin. -->","yoast_head_json":{"title":"Postcard mix 10 pcs.","description":"Postcard mix 10 pcs.","robots":{"index":"index","follow":"follow","max-snippet":"max-snippet:-1","max-image-preview":"max-image-preview:large","max-video-preview":"max-video-preview:-1"},"canonical":"https:\/\/kunstboer.com\/de\/produkt\/postcard-mix-10-pcs\/","og_locale":"de_DE","og_type":"article","og_title":"Postcard mix 10 pcs.","og_description":"Postcard mix 10 pcs.","og_url":"https:\/\/kunstboer.com\/de\/produkt\/postcard-mix-10-pcs\/","og_site_name":"Kunstboer","article_modified_time":"2024-09-16T21:09:44+00:00","og_image":[{"width":742,"height":1024,"url":"http:\/\/kunstboer.com\/wp-content\/uploads\/2021\/03\/set-of-postcards-scaled-copy-742x1024.jpg","type":"image\/jpeg"}],"twitter_card":"summary_large_image","schema":{"@context":"https:\/\/schema.org","@graph":[{"@type":"WebPage","@id":"https:\/\/kunstboer.com\/de\/produkt\/postcard-mix-10-pcs\/","url":"https:\/\/kunstboer.com\/de\/produkt\/postcard-mix-10-pcs\/","name":"Postcard mix 10 pcs.","isPartOf":{"@id":"https:\/\/kunstboer.com\/#website"},"primaryImageOfPage":{"@id":"https:\/\/kunstboer.com\/de\/produkt\/postcard-mix-10-pcs\/#primaryimage"},"image":{"@id":"https:\/\/kunstboer.com\/de\/produkt\/postcard-mix-10-pcs\/#primaryimage"},"thumbnailUrl":"https:\/\/kunstboer.com\/wp-content\/uploads\/2021\/03\/set-of-postcards-scaled-copy.jpg","datePublished":"2021-03-12T07:45:41+00:00","dateModified":"2024-09-16T21:09:44+00:00","description":"Postcard mix 10 pcs.","breadcrumb":{"@id":"https:\/\/kunstboer.com\/de\/produkt\/postcard-mix-10-pcs\/#breadcrumb"},"inLanguage":"de","potentialAction":[{"@type":"ReadAction","target":["https:\/\/kunstboer.com\/de\/produkt\/postcard-mix-10-pcs\/"]}]},{"@type":"ImageObject","inLanguage":"de","@id":"https:\/\/kunstboer.com\/de\/produkt\/postcard-mix-10-pcs\/#primaryimage","url":"https:\/\/kunstboer.com\/wp-content\/uploads\/2021\/03\/set-of-postcards-scaled-copy.jpg","contentUrl":"https:\/\/kunstboer.com\/wp-content\/uploads\/2021\/03\/set-of-postcards-scaled-copy.jpg","width":1854,"height":2560},{"@type":"BreadcrumbList","@id":"https:\/\/kunstboer.com\/de\/produkt\/postcard-mix-10-pcs\/#breadcrumb","itemListElement":[{"@type":"ListItem","position":1,"name":"Home","item":"https:\/\/kunstboer.com\/de\/"},{"@type":"ListItem","position":2,"name":"Shop","item":"https:\/\/kunstboer.com\/shop\/"},{"@type":"ListItem","position":3,"name":"Postcard mix 10 pcs."}]},{"@type":"WebSite","@id":"https:\/\/kunstboer.com\/#website","url":"https:\/\/kunstboer.com\/","name":"Kunstboer","description":"Kleurrijk en verrassend merk","potentialAction":[{"@type":"SearchAction","target":{"@type":"EntryPoint","urlTemplate":"https:\/\/kunstboer.com\/?s={search_term_string}"},"query-input":{"@type":"PropertyValueSpecification","valueRequired":true,"valueName":"search_term_string"}}],"inLanguage":"de"}]}},"_links":{"self":[{"href":"https:\/\/kunstboer.com\/de\/wp-json\/wp\/v2\/product\/125878","targetHints":{"allow":["GET"]}}],"collection":[{"href":"https:\/\/kunstboer.com\/de\/wp-json\/wp\/v2\/product"}],"about":[{"href":"https:\/\/kunstboer.com\/de\/wp-json\/wp\/v2\/types\/product"}],"replies":[{"embeddable":true,"href":"https:\/\/kunstboer.com\/de\/wp-json\/wp\/v2\/comments?post=125878"}],"wp:featuredmedia":[{"embeddable":true,"href":"https:\/\/kunstboer.com\/de\/wp-json\/wp\/v2\/media\/135747"}],"wp:attachment":[{"href":"https:\/\/kunstboer.com\/de\/wp-json\/wp\/v2\/media?parent=125878"}],"wp:term":[{"taxonomy":"product_brand","embeddable":true,"href":"https:\/\/kunstboer.com\/de\/wp-json\/wp\/v2\/product_brand?post=125878"},{"taxonomy":"product_cat","embeddable":true,"href":"https:\/\/kunstboer.com\/de\/wp-json\/wp\/v2\/product_cat?post=125878"},{"taxonomy":"product_tag","embeddable":true,"href":"https:\/\/kunstboer.com\/de\/wp-json\/wp\/v2\/product_tag?post=125878"}],"curies":[{"name":"wp","href":"https:\/\/api.w.org\/{rel}","templated":true}]}}