{"id":75251,"date":"2018-03-27T10:08:29","date_gmt":"2018-03-27T10:08:29","guid":{"rendered":"http:\/\/kunstboer.com\/privacy\/"},"modified":"2024-09-16T22:04:00","modified_gmt":"2024-09-16T22:04:00","slug":"privacy","status":"publish","type":"page","link":"https:\/\/kunstboer.com\/de\/privacy\/","title":{"rendered":"Privacy"},"content":{"rendered":"<p>Dies ist die Datenschutzerkl\u00e4rung von Kunstboer mit Sitz in Boekel, Waterdelweg 8 (im Folgenden: Kunstboer), kunstboer.com<\/p>\n<p>Anwendbarkeit<\/p>\n<p>Diese Datenschutzerkl\u00e4rung gilt f\u00fcr alle datenschutzrelevanten Informationen oder personenbezogenen Daten, die Sie uns beispielsweise \u00fcber ein Registrierungsformular, ein Kontaktformular oder Bestellungen mitteilen. Wir legen gro\u00dfen Wert auf die Privatsph\u00e4re unserer Kunden und lassen daher h\u00f6chste Sorgfalt im Umgang und Schutz personenbezogener Daten walten. Wir verarbeiten Daten im Einklang mit den Bestimmungen der Datenschutz-Grundverordnung (DSGVO).<\/p>\n<p>Kunstboer ist Verantwortlicher im Sinne der DSGVO hinsichtlich der Verarbeitung Ihrer personenbezogenen Daten. Das bedeutet, dass nur wir bestimmen, welche personenbezogenen Daten zu welchem \u200b\u200bZweck und auf welche Weise verarbeitet werden. Wir sind daf\u00fcr verantwortlich, dass Ihre personenbezogenen Daten ordnungsgem\u00e4\u00df und sorgf\u00e4ltig im Einklang mit der DSGVO verarbeitet werden. In dieser Datenschutzerkl\u00e4rung erl\u00e4utern wir, welche Daten wir verarbeiten und zu welchen Zwecken sie genutzt werden.<\/p>\n<p>\u00dcbersicht \u00fcber personenbezogene Daten<\/p>\n<p>Nachfolgend finden Sie eine \u00dcbersicht \u00fcber die von uns verarbeiteten personenbezogenen Daten:<\/p>\n<p>Vor- und Nachname<br \/>\nGeschlecht<br \/>\nGeburtsdatum<br \/>\nGeburtsort<br \/>\nAdressdetails<br \/>\nTelefonnummer<br \/>\nE-Mail-Adresse<br \/>\nBestelldetails<br \/>\nIP-Adresse eines Website-Besuchers<\/p>\n<p>Zweck und Grunds\u00e4tze der Verarbeitung personenbezogener Daten<\/p>\n<p>Mit der Zustimmung zu dieser Datenschutzerkl\u00e4rung erteilen Sie Ihre ausdr\u00fcckliche Einwilligung im Sinne von Art. 6 Abs. 1 lit. a DSGVO zur Verarbeitung Ihrer personenbezogenen Daten zu den nachfolgend genannten Zwecken. Diese Einwilligung k\u00f6nnen Sie jederzeit widerrufen. Wenn Sie uns jedoch bestimmte Informationen nicht zur Verf\u00fcgung stellen oder diese nicht von uns verarbeiten lassen, k\u00f6nnen wir Sie m\u00f6glicherweise nicht ordnungsgem\u00e4\u00df bedienen.<\/p>\n<p>Wenn Sie uns keine ausdr\u00fcckliche Einwilligung zur Verarbeitung Ihrer personenbezogenen Daten erteilt haben oder diese Einwilligung widerrufen haben, kann die Verarbeitung Ihrer personenbezogenen Daten auf Artikel 6 Absatz 1 Buchstaben b, c und\/oder f beruhen Es gelten die DSGVO. In diesem Fall kann die Verarbeitung Ihrer personenbezogenen Daten ohne Ihre Einwilligung erfolgen, sofern dies f\u00fcr die Durchf\u00fchrung eines Vertrags, dessen Vertragspartei Sie sind oder werden, oder f\u00fcr die Wahrnehmung der berechtigten Interessen von Kunstboer erforderlich ist. Dar\u00fcber hinaus kann f\u00fcr uns eine gesetzliche Verpflichtung zur Verarbeitung Ihrer personenbezogenen Daten bestehen.<\/p>\n<p>Wir verarbeiten Ihre personenbezogenen Daten zu folgenden Zwecken:<\/p>\n<p>Abwicklung Ihrer Zahlung<br \/>\nVersenden unseres Newsletters und\/oder unserer Werbebrosch\u00fcre<br \/>\nUm Sie anrufen oder Ihnen eine E-Mail senden zu k\u00f6nnen, wenn dies f\u00fcr die Erbringung unserer Dienstleistungen erforderlich ist<br \/>\nUm Sie \u00fcber \u00c4nderungen unserer Dienstleistungen und Produkte zu informieren<br \/>\nUm Ihnen die M\u00f6glichkeit zu bieten, ein Konto zu erstellen<br \/>\nUm Ihnen Waren und Dienstleistungen zu liefern<\/p>\n<p>Wir speichern Ihre personenbezogenen Daten nicht l\u00e4nger als unbedingt erforderlich, um die Zwecke zu erreichen, f\u00fcr die Ihre Daten erhoben werden.<\/p>\n<p>Weitergabe an Dritte<\/p>\n<p>Wir k\u00f6nnen Ihre personenbezogenen Daten an Dritte weitergeben, sofern dies mit den oben genannten Zwecken vereinbar ist. Die Bereitstellung an Dritte kann f\u00fcr die Ausf\u00fchrung des mit Ihnen geschlossenen Vertrags erforderlich sein, kann zur Wahrung eines berechtigten Interesses von uns erforderlich sein oder kann zur Einhaltung einer rechtlichen Verpflichtung erforderlich sein, der wir unterliegen. Wir schlie\u00dfen einen Verarbeitungsvertrag mit Unternehmen ab, die Ihre Daten in unserem Auftrag verarbeiten, um das gleiche Ma\u00df an Sicherheit und Vertraulichkeit Ihrer Daten zu gew\u00e4hrleisten. Wir bleiben f\u00fcr diese Prozesse verantwortlich. Abgesehen von den oben genannten F\u00e4llen geben wir Ihre personenbezogenen Daten nur mit Ihrer ausdr\u00fccklichen Zustimmung an Dritte weiter.<\/p>\n<p>Kommerzielle Zwecke<\/p>\n<p>Wir k\u00f6nnen Ihre personenbezogenen Daten f\u00fcr kommerzielle Zwecke nutzen, beispielsweise um Ihnen weitere Informationen \u00fcber unsere Dienstleistungen oder relevante Produkte oder Dienstleistungen sorgf\u00e4ltig ausgew\u00e4hlter Organisationen zukommen zu lassen. In diesem Fall werden Sie ausschlie\u00dflich \u00fcber die von Ihnen registrierte E-Mail-Adresse benachrichtigt. Wenn Sie keine Informationen \u00fcber relevante Produkte oder Dienstleistungen erhalten m\u00f6chten, k\u00f6nnen Sie dies ganz einfach angeben, indem Sie in der erhaltenen E-Mail auf \u201eAbbestellen\u201c klicken.<\/p>\n<p>Dar\u00fcber hinaus nutzen wir Ihre personenbezogenen Daten zur Marktforschung und zur Optimierung unserer Dienstleistungen. Ihre personenbezogenen Daten werden in diesem Zusammenhang anonymisiert und k\u00f6nnen somit nicht mehr auf Sie zur\u00fcckgef\u00fchrt werden.<\/p>\n<p>Ein Verkauf oder eine Weitergabe Ihrer Daten an Dritte zu kommerziellen Zwecken erfolgt nicht, sofern Sie dem nicht ausdr\u00fccklich zustimmen.<\/p>\n<p>Kekse<\/p>\n<p>Ein Cookie ist eine kleine Textdatei, die beim ersten Besuch dieser Website auf Ihrem Computer, Tablet oder Smartphone gespeichert wird. Sie k\u00f6nnen sich von diesen Cookies abmelden, indem Sie Ihren Internetbrowser so einstellen, dass er keine Cookies mehr speichert. Dar\u00fcber hinaus k\u00f6nnen Sie \u00fcber Ihre Browsereinstellungen auch alle zuvor gespeicherten Informationen l\u00f6schen<\/p>\n<p>Ehre.<\/p>\n<p>Wir verwenden folgende Cookies:<\/p>\n<p>Funktionale Cookies: Dies sind Cookies, die f\u00fcr den technischen Betrieb der Website und Ihre Benutzerfreundlichkeit erforderlich sind. Sie stellen sicher, dass die Website ordnungsgem\u00e4\u00df funktioniert, und merken sich beispielsweise Ihre Pr\u00e4ferenzeinstellungen. Auch unsere Website k\u00f6nnen wir damit optimieren. Hierbei handelt es sich um analytische Cookies, die Ihre Privatsph\u00e4re nicht verletzen und f\u00fcr die wir keine vorherige Zustimmung von Ihnen ben\u00f6tigen.<\/p>\n<p>Tracking-Cookies: Wir platzieren Cookies, die Ihr Surfverhalten verfolgen, damit wir personalisierte Inhalte und Werbung anbieten k\u00f6nnen. Bei Ihrem ersten Besuch auf unserer Website haben wir Sie bereits \u00fcber diese Cookies informiert und um Erlaubnis f\u00fcr deren Platzierung gebeten. Sie k\u00f6nnen sich von Cookies abmelden, indem Sie Ihren Internetbrowser so einstellen, dass er keine Cookies mehr speichert. Dar\u00fcber hinaus k\u00f6nnen Sie \u00fcber die Einstellungen Ihres Browsers auch alle zuvor gespeicherten Informationen l\u00f6schen.<\/p>\n<p>Google Analytics: Auf dieser Website werden im Rahmen des Dienstes \u201eAnalytics\u201c Cookies des amerikanischen Unternehmens Google platziert. Kunstboer nutzt diesen Dienst, um Berichte \u00fcber die Nutzung der Website zu erhalten und deren Qualit\u00e4t und Wirksamkeit zu messen. Wir verwenden Google Analytics in der von der niederl\u00e4ndischen Datenschutzbeh\u00f6rde vorgeschriebenen Weise, um unter die Ausnahme im Cookie-Gesetz zu fallen, was bedeutet, dass wir f\u00fcr die Verwendung von Google Analytics keine vorherige Genehmigung von Ihnen ben\u00f6tigen.<\/p>\n<p>Anzeigen, korrigieren oder l\u00f6schen<\/p>\n<p>Sie haben das Recht, Ihre personenbezogenen Daten einzusehen, zu korrigieren oder zu l\u00f6schen. Sie haben au\u00dferdem das Recht, Ihre Einwilligung zur Datenverarbeitung zu widerrufen oder der Verarbeitung Ihrer personenbezogenen Daten zu widersprechen. Sie haben das Recht auf Daten\u00fcbertragbarkeit (\u201eDaten\u00fcbertragbarkeit\u201c), wenn wir \u00fcber digitale personenbezogene Daten verf\u00fcgen, die wir entweder mit Ihrer Einwilligung oder zur Durchf\u00fchrung eines mit Ihnen geschlossenen Vertrags verarbeiten oder verarbeiten.<br \/>\nDies bedeutet, dass Sie bei uns einen Antrag stellen k\u00f6nnen, die digitalen personenbezogenen Daten, die wir \u00fcber Sie speichern, in einer lesbaren Computerdatei an Sie oder eine andere von Ihnen genannte Organisation zu senden.<\/p>\n<p>Sie k\u00f6nnen einen Antrag auf Zugriff, Berichtigung, L\u00f6schung, Daten\u00fcbertragung Ihrer personenbezogenen Daten oder einen Antrag auf Widerruf Ihrer Einwilligung oder Widerspruch gegen die Verarbeitung Ihrer personenbezogenen Daten an info@kunstboer.com senden.<\/p>\n<p>Um sicherzustellen, dass die Zugangsanfrage von Ihnen stammt, bitten wir Sie, der Anfrage eine Kopie Ihres Identit\u00e4tsnachweises beizuf\u00fcgen. Machen Sie in dieser Kopie Ihr Passfoto, die MRZ (maschinenlesbare Zone, der Streifen mit den Zahlen am unteren Rand des Passes), die Passnummer und die B\u00fcrgerservicenummer (BSN) schwarz. Dies dient dem Schutz Ihrer Privatsph\u00e4re. Wir werden Ihre Anfrage schnellstm\u00f6glich, jedoch innerhalb von vier Wochen, beantworten.<\/p>\n<p>Wir m\u00f6chten Sie au\u00dferdem darauf hinweisen, dass Sie die M\u00f6glichkeit haben, eine Beschwerde bei der nationalen Aufsichtsbeh\u00f6rde, der niederl\u00e4ndischen Datenschutzbeh\u00f6rde, einzureichen.<\/p>\n<p>Kontakt<\/p>\n<p>Wir nehmen den Schutz Ihrer Daten ernst und ergreifen geeignete Ma\u00dfnahmen, um Missbrauch, Verlust, unbefugten Zugriff, unerw\u00fcnschte Offenlegung und unbefugte \u00c4nderung zu verhindern. Sollten Sie den Eindruck haben, dass Ihre Daten nicht ausreichend gesichert sind oder Anhaltspunkte f\u00fcr einen Missbrauch vorliegen, wenden Sie sich bitte an unseren Kundenservice oder \u00fcber info@kunstboer.com.<\/p>\n<script language='javascript' type='text\/javascript'>function getWR360PopupSkin(){return 'light_clean';}<\/script>","protected":false},"excerpt":{"rendered":"<p>Dies ist die Datenschutzerkl\u00e4rung von Kunstboer mit Sitz in Boekel, Waterdelweg 8 (im Folgenden: Kunstboer), kunstboer.com Anwendbarkeit Diese Datenschutzerkl\u00e4rung gilt f\u00fcr alle datenschutzrelevanten Informationen oder personenbezogenen Daten, die Sie uns beispielsweise \u00fcber ein Registrierungsformular, ein Kontaktformular oder Bestellungen mitteilen. Wir legen gro\u00dfen Wert auf die Privatsph\u00e4re unserer Kunden und lassen daher h\u00f6chste Sorgfalt im Umgang [&hellip;]<\/p>\n","protected":false},"author":1,"featured_media":0,"parent":0,"menu_order":0,"comment_status":"closed","ping_status":"closed","template":"","meta":{"_acf_changed":false,"footnotes":""},"class_list":["post-75251","page","type-page","status-publish","hentry"],"acf":[],"yoast_head":"<!-- This site is optimized with the Yoast SEO plugin v26.8 - https:\/\/yoast.com\/product\/yoast-seo-wordpress\/ -->\n<title>Privacy | Kunstboer<\/title>\n<meta name=\"robots\" content=\"index, follow, max-snippet:-1, max-image-preview:large, max-video-preview:-1\" \/>\n<link rel=\"canonical\" href=\"https:\/\/kunstboer.com\/de\/privacy\/\" \/>\n<meta property=\"og:locale\" content=\"de_DE\" \/>\n<meta property=\"og:type\" content=\"article\" \/>\n<meta property=\"og:title\" content=\"Privacy | Kunstboer\" \/>\n<meta property=\"og:description\" content=\"Dies ist die Datenschutzerkl\u00e4rung von Kunstboer mit Sitz in Boekel, Waterdelweg 8 (im Folgenden: Kunstboer), kunstboer.com Anwendbarkeit Diese Datenschutzerkl\u00e4rung gilt f\u00fcr alle datenschutzrelevanten Informationen oder personenbezogenen Daten, die Sie uns beispielsweise \u00fcber ein Registrierungsformular, ein Kontaktformular oder Bestellungen mitteilen. Wir legen gro\u00dfen Wert auf die Privatsph\u00e4re unserer Kunden und lassen daher h\u00f6chste Sorgfalt im Umgang [&hellip;]\" \/>\n<meta property=\"og:url\" content=\"https:\/\/kunstboer.com\/de\/privacy\/\" \/>\n<meta property=\"og:site_name\" content=\"Kunstboer\" \/>\n<meta property=\"article:modified_time\" content=\"2024-09-16T22:04:00+00:00\" \/>\n<meta name=\"twitter:card\" content=\"summary_large_image\" \/>\n<meta name=\"twitter:label1\" content=\"Gesch\u00e4tzte Lesezeit\" \/>\n\t<meta name=\"twitter:data1\" content=\"6\u00a0Minuten\" \/>\n<script type=\"application\/ld+json\" class=\"yoast-schema-graph\">{\"@context\":\"https:\/\/schema.org\",\"@graph\":[{\"@type\":\"WebPage\",\"@id\":\"https:\/\/kunstboer.com\/de\/privacy\/\",\"url\":\"https:\/\/kunstboer.com\/de\/privacy\/\",\"name\":\"Privacy | Kunstboer\",\"isPartOf\":{\"@id\":\"https:\/\/kunstboer.com\/#website\"},\"datePublished\":\"2018-03-27T10:08:29+00:00\",\"dateModified\":\"2024-09-16T22:04:00+00:00\",\"breadcrumb\":{\"@id\":\"https:\/\/kunstboer.com\/de\/privacy\/#breadcrumb\"},\"inLanguage\":\"de\",\"potentialAction\":[{\"@type\":\"ReadAction\",\"target\":[\"https:\/\/kunstboer.com\/de\/privacy\/\"]}]},{\"@type\":\"BreadcrumbList\",\"@id\":\"https:\/\/kunstboer.com\/de\/privacy\/#breadcrumb\",\"itemListElement\":[{\"@type\":\"ListItem\",\"position\":1,\"name\":\"Home\",\"item\":\"https:\/\/kunstboer.com\/de\/\"},{\"@type\":\"ListItem\",\"position\":2,\"name\":\"Privacy\"}]},{\"@type\":\"WebSite\",\"@id\":\"https:\/\/kunstboer.com\/#website\",\"url\":\"https:\/\/kunstboer.com\/\",\"name\":\"Kunstboer\",\"description\":\"Kleurrijk en verrassend merk\",\"potentialAction\":[{\"@type\":\"SearchAction\",\"target\":{\"@type\":\"EntryPoint\",\"urlTemplate\":\"https:\/\/kunstboer.com\/?s={search_term_string}\"},\"query-input\":{\"@type\":\"PropertyValueSpecification\",\"valueRequired\":true,\"valueName\":\"search_term_string\"}}],\"inLanguage\":\"de\"}]}<\/script>\n<!-- \/ Yoast SEO plugin. -->","yoast_head_json":{"title":"Privacy | Kunstboer","robots":{"index":"index","follow":"follow","max-snippet":"max-snippet:-1","max-image-preview":"max-image-preview:large","max-video-preview":"max-video-preview:-1"},"canonical":"https:\/\/kunstboer.com\/de\/privacy\/","og_locale":"de_DE","og_type":"article","og_title":"Privacy | Kunstboer","og_description":"Dies ist die Datenschutzerkl\u00e4rung von Kunstboer mit Sitz in Boekel, Waterdelweg 8 (im Folgenden: Kunstboer), kunstboer.com Anwendbarkeit Diese Datenschutzerkl\u00e4rung gilt f\u00fcr alle datenschutzrelevanten Informationen oder personenbezogenen Daten, die Sie uns beispielsweise \u00fcber ein Registrierungsformular, ein Kontaktformular oder Bestellungen mitteilen. Wir legen gro\u00dfen Wert auf die Privatsph\u00e4re unserer Kunden und lassen daher h\u00f6chste Sorgfalt im Umgang [&hellip;]","og_url":"https:\/\/kunstboer.com\/de\/privacy\/","og_site_name":"Kunstboer","article_modified_time":"2024-09-16T22:04:00+00:00","twitter_card":"summary_large_image","twitter_misc":{"Gesch\u00e4tzte Lesezeit":"6\u00a0Minuten"},"schema":{"@context":"https:\/\/schema.org","@graph":[{"@type":"WebPage","@id":"https:\/\/kunstboer.com\/de\/privacy\/","url":"https:\/\/kunstboer.com\/de\/privacy\/","name":"Privacy | Kunstboer","isPartOf":{"@id":"https:\/\/kunstboer.com\/#website"},"datePublished":"2018-03-27T10:08:29+00:00","dateModified":"2024-09-16T22:04:00+00:00","breadcrumb":{"@id":"https:\/\/kunstboer.com\/de\/privacy\/#breadcrumb"},"inLanguage":"de","potentialAction":[{"@type":"ReadAction","target":["https:\/\/kunstboer.com\/de\/privacy\/"]}]},{"@type":"BreadcrumbList","@id":"https:\/\/kunstboer.com\/de\/privacy\/#breadcrumb","itemListElement":[{"@type":"ListItem","position":1,"name":"Home","item":"https:\/\/kunstboer.com\/de\/"},{"@type":"ListItem","position":2,"name":"Privacy"}]},{"@type":"WebSite","@id":"https:\/\/kunstboer.com\/#website","url":"https:\/\/kunstboer.com\/","name":"Kunstboer","description":"Kleurrijk en verrassend merk","potentialAction":[{"@type":"SearchAction","target":{"@type":"EntryPoint","urlTemplate":"https:\/\/kunstboer.com\/?s={search_term_string}"},"query-input":{"@type":"PropertyValueSpecification","valueRequired":true,"valueName":"search_term_string"}}],"inLanguage":"de"}]}},"_links":{"self":[{"href":"https:\/\/kunstboer.com\/de\/wp-json\/wp\/v2\/pages\/75251","targetHints":{"allow":["GET"]}}],"collection":[{"href":"https:\/\/kunstboer.com\/de\/wp-json\/wp\/v2\/pages"}],"about":[{"href":"https:\/\/kunstboer.com\/de\/wp-json\/wp\/v2\/types\/page"}],"author":[{"embeddable":true,"href":"https:\/\/kunstboer.com\/de\/wp-json\/wp\/v2\/users\/1"}],"replies":[{"embeddable":true,"href":"https:\/\/kunstboer.com\/de\/wp-json\/wp\/v2\/comments?post=75251"}],"version-history":[{"count":1,"href":"https:\/\/kunstboer.com\/de\/wp-json\/wp\/v2\/pages\/75251\/revisions"}],"predecessor-version":[{"id":139679,"href":"https:\/\/kunstboer.com\/de\/wp-json\/wp\/v2\/pages\/75251\/revisions\/139679"}],"wp:attachment":[{"href":"https:\/\/kunstboer.com\/de\/wp-json\/wp\/v2\/media?parent=75251"}],"curies":[{"name":"wp","href":"https:\/\/api.w.org\/{rel}","templated":true}]}}